{"id":133413,"date":"2024-11-13T09:05:27","date_gmt":"2024-11-13T07:05:27","guid":{"rendered":"https:\/\/www.zoner.fi\/tuki\/?page_id=133413"},"modified":"2025-09-25T16:42:30","modified_gmt":"2025-09-25T13:42:30","slug":"kuinka-luon-alennuksen-verkkokauppaani","status":"publish","type":"page","link":"https:\/\/www.zoner.fi\/tuki\/kotisivukone\/zoner\/kuinka-luon-alennuksen-verkkokauppaani\/","title":{"rendered":"Kuinka luon alennuksen verkkokauppaani?"},"content":{"rendered":"\n<p>T\u00e4ss\u00e4 ohjeessa kerromme, miten voit luoda alennuskoodin Zoner Kotisivukone -verkkokauppaan.<\/p>\n\n\n\n<p>Asiakkaat voivat sy\u00f6tt\u00e4\u00e4 alennuskoodin kassalla saadakseen ilmaisen toimituksen tai alennuksen ostoksistaan.<\/p>\n\n\n\n<h2 class=\"wp-block-heading\" id=\"step-2\">1. Avaa Alennuskoodit-sivu<\/h2>\n\n\n\n<ol class=\"wp-block-list\">\n<li>Siirry\u00a0<strong>Verkkokaupan hallintapaneeliin<\/strong>\u00a0ja valitse vasemmanpuoleisesta valikosta\u00a0<strong>Markkinointi<\/strong>.<\/li>\n\n\n\n<li>Valitse\u00a0<strong>Alennukset<\/strong>.<\/li>\n<\/ol>\n\n\n\n<figure class=\"wp-block-image size-large\"><img loading=\"lazy\" decoding=\"async\" width=\"1024\" height=\"644\" src=\"https:\/\/www.zoner.fi\/tuki\/wp-content\/uploads\/2024\/10\/alennuksen-luominen-1-1024x644.png\" alt=\"\" class=\"wp-image-133477\" srcset=\"https:\/\/www.zoner.fi\/tuki\/wp-content\/uploads\/2024\/10\/alennuksen-luominen-1-1024x644.png 1024w, https:\/\/www.zoner.fi\/tuki\/wp-content\/uploads\/2024\/10\/alennuksen-luominen-1-300x189.png 300w, https:\/\/www.zoner.fi\/tuki\/wp-content\/uploads\/2024\/10\/alennuksen-luominen-1-768x483.png 768w, https:\/\/www.zoner.fi\/tuki\/wp-content\/uploads\/2024\/10\/alennuksen-luominen-1.png 1502w\" sizes=\"auto, (max-width: 1024px) 100vw, 1024px\" \/><\/figure>\n\n\n\n<h2 class=\"wp-block-heading\" id=\"step-3\">2. Lis\u00e4\u00e4 alennus<\/h2>\n\n\n\n<p>N\u00e4et nyt yleiskatsauksen kaikista luomistasi alennuskoodeista. Napsauta&nbsp;<strong>Lis\u00e4\u00e4 alennus<\/strong>&nbsp;-painiketta luodaksesi uuden.<\/p>\n\n\n\n<p><strong>Vinkki:<\/strong>\u00a0Voit my\u00f6s muokata olemassa olevaa alennuskoodia, jos haluat esimerkiksi aktivoida sen uudelleen. Voit poistaa koodin pysyv\u00e4sti valitsemalla sen valintaruudun ja napsauttamalla oikeassa yl\u00e4kulmassa<strong>\u00a0Toiminnot -> Poista<\/strong>\u00a0.<\/p>\n\n\n\n<figure class=\"wp-block-image size-large\"><img loading=\"lazy\" decoding=\"async\" width=\"1024\" height=\"644\" src=\"https:\/\/www.zoner.fi\/tuki\/wp-content\/uploads\/2024\/10\/alennuksen-luominen-2-1024x644.png\" alt=\"\" class=\"wp-image-133478\" srcset=\"https:\/\/www.zoner.fi\/tuki\/wp-content\/uploads\/2024\/10\/alennuksen-luominen-2-1024x644.png 1024w, https:\/\/www.zoner.fi\/tuki\/wp-content\/uploads\/2024\/10\/alennuksen-luominen-2-300x189.png 300w, https:\/\/www.zoner.fi\/tuki\/wp-content\/uploads\/2024\/10\/alennuksen-luominen-2-768x483.png 768w, https:\/\/www.zoner.fi\/tuki\/wp-content\/uploads\/2024\/10\/alennuksen-luominen-2.png 1502w\" sizes=\"auto, (max-width: 1024px) 100vw, 1024px\" \/><\/figure>\n\n\n\n<h2 class=\"wp-block-heading\" id=\"step-4\">3. M\u00e4\u00e4rit\u00e4 alennus<\/h2>\n\n\n\n<p>M\u00e4\u00e4rit\u00e4 seuraavat tiedot:<\/p>\n\n\n\n<p><strong>Alennuksen tiedot:<\/strong><\/p>\n\n\n\n<ul class=\"wp-block-list\">\n<li>\u00a0<strong>Alennustyyppi<\/strong>\u00a0&#8211; Valitse, haluatko luoda\u00a0<strong>alennuskoodin<\/strong>\u00a0vai\u00a0<strong>automaattisen alennuksen<\/strong>. Alennuskoodi on koodi, jonka asiakkaasi voivat sy\u00f6tt\u00e4\u00e4 kassalla lunastaakseen alennuksen. Automaattinen alennus (esimerkiksi &#8221;20 % alennus kaikista housuista&#8221;) lis\u00e4t\u00e4\u00e4n automaattisesti tilaukseen kassalla. Sinulla voi olla yksi automaattinen alennus liittyen tilaukseen, yksi liittyen toimitukseen ja yksi tietty\u00e4 kategoriaa tai kategoriayhdistelm\u00e4\u00e4 kohti.<\/li>\n\n\n\n<li>\u00a0<strong>Alennuksen nimi<\/strong>\u00a0&#8211; T\u00e4m\u00e4 on alennuksesi nimi. Alennuskoodien tapauksessa t\u00e4m\u00e4 on my\u00f6s se on my\u00f6s koodi, joka asiakkaidesi on annettava lunastaakseen alennuksen. T\u00e4ss\u00e4 ei saa olla v\u00e4lily\u00f6ntej\u00e4.<\/li>\n\n\n\n<li>\u00a0<strong>Alennustyyppi<\/strong>\u00a0&#8211; Valitse, tarjoaako koodi prosenttialennuksen vai ilmaisen toimituksen. Jos olet valinnut prosenttialennuksen, sinun on m\u00e4\u00e4ritett\u00e4v\u00e4 alennuksen m\u00e4\u00e4r\u00e4.\u00a0<\/li>\n\n\n\n<li>\u00a0<strong>K\u00e4ytt\u00f6kohde\u00a0<\/strong>&#8211; Valitse, koskeeko alennus koko tilausta vai vain tiettyj\u00e4 tuotteita tai tuotekategorioita.<\/li>\n\n\n\n<li>\u00a0<strong>Voimassa<\/strong>\u00a0&#8211; T\u00e4ss\u00e4 voit m\u00e4\u00e4ritt\u00e4\u00e4 ajanjakson, jolloin koodi on voimassa. Jos et aseta p\u00e4\u00e4ttymisp\u00e4iv\u00e4\u00e4, koodi on voimassa toistaiseksi tai kunnes k\u00e4ytt\u00f6raja on saavutettu.<\/li>\n\n\n\n<li>\u00a0<strong>Pienin osto<\/strong>\u00a0&#8211; Voit valita v\u00e4himm\u00e4issumman tai v\u00e4himm\u00e4ism\u00e4\u00e4r\u00e4n tuotteita, johon alennuskoodia voi k\u00e4ytt\u00e4\u00e4.<\/li>\n\n\n\n<li>\u00a0<strong>Rajoitukset<\/strong>\u00a0&#8211; Voit rajoittaa alennuskoodin k\u00e4ytt\u00f6kertoja. Rajoitus ei ole asiakaskohtainen, eli sama asiakas voi k\u00e4ytt\u00e4\u00e4 koodia useita kertoja.<\/li>\n<\/ul>\n\n\n\n<p><strong>Huomaa:<\/strong>\u00a0Voit yhdist\u00e4\u00e4 kaksi tai useampia alennuksia (manuaalisia ja automaattisia), jotta asiakkaasi voivat saada lis\u00e4alennuksen kassalla. N\u00e4m\u00e4 voivat olla esimerkiksi 10 % alennus tilauksesta yhdistettyn\u00e4 ilmaiseen toimitukseen. Huomaa, ett\u00e4 n\u00e4ihin tapauksiin p\u00e4tee muutamia rajoituksia:<\/p>\n\n\n\n<ul class=\"wp-block-list\">\n<li>Kun saman tyyppiseen tuotteeseen sovelletaan useita alennuksia (esim. 10 % paita-alennus + 20 % paita-alennus), vain parempaa alennusta sovelletaan. Alennuksia ei siis t\u00e4ss\u00e4 tapauksessa yhdistet\u00e4.<\/li>\n\n\n\n<li>Useampia toimitusalennuksia ei voi soveltaa samaan tilaukseen.<\/li>\n<\/ul>\n\n\n\n<figure class=\"wp-block-image size-large\"><img loading=\"lazy\" decoding=\"async\" width=\"1024\" height=\"641\" src=\"https:\/\/www.zoner.fi\/tuki\/wp-content\/uploads\/2024\/10\/alennuksen-luominen-3-1024x641.png\" alt=\"\" class=\"wp-image-133479\" srcset=\"https:\/\/www.zoner.fi\/tuki\/wp-content\/uploads\/2024\/10\/alennuksen-luominen-3-1024x641.png 1024w, https:\/\/www.zoner.fi\/tuki\/wp-content\/uploads\/2024\/10\/alennuksen-luominen-3-300x188.png 300w, https:\/\/www.zoner.fi\/tuki\/wp-content\/uploads\/2024\/10\/alennuksen-luominen-3-768x481.png 768w, https:\/\/www.zoner.fi\/tuki\/wp-content\/uploads\/2024\/10\/alennuksen-luominen-3.png 1502w\" sizes=\"auto, (max-width: 1024px) 100vw, 1024px\" \/><\/figure>\n\n\n\n<h2 class=\"wp-block-heading\" id=\"step-5\">4. Tarkista alennus<\/h2>\n\n\n\n<p>Kun olet sy\u00f6tt\u00e4nyt koodisi tiedot, n\u00e4et yhteenvedon alennuksesta n\u00e4yt\u00f6n oikealla puolella. Tarkista, ett\u00e4 kaikki on kuten pit\u00e4\u00e4kin.<br><br>Napsauta&nbsp;<strong>Tallenna<\/strong>-painiketta sivun alareunassa, kun olet valmis.<\/p>\n\n\n\n<figure class=\"wp-block-image size-large\"><img loading=\"lazy\" decoding=\"async\" width=\"1024\" height=\"643\" src=\"https:\/\/www.zoner.fi\/tuki\/wp-content\/uploads\/2024\/10\/alennuksen-luominen-4-1024x643.png\" alt=\"\" class=\"wp-image-133480\" srcset=\"https:\/\/www.zoner.fi\/tuki\/wp-content\/uploads\/2024\/10\/alennuksen-luominen-4-1024x643.png 1024w, https:\/\/www.zoner.fi\/tuki\/wp-content\/uploads\/2024\/10\/alennuksen-luominen-4-300x188.png 300w, https:\/\/www.zoner.fi\/tuki\/wp-content\/uploads\/2024\/10\/alennuksen-luominen-4-768x482.png 768w, https:\/\/www.zoner.fi\/tuki\/wp-content\/uploads\/2024\/10\/alennuksen-luominen-4.png 1500w\" sizes=\"auto, (max-width: 1024px) 100vw, 1024px\" \/><\/figure>\n\n\n\n<h2 class=\"wp-block-heading\" id=\"step-6\">5. Valmista tuli!<\/h2>\n\n\n\n<p>Luomasi alennukset ovat nyt asiakkaiden k\u00e4ytett\u00e4viss\u00e4 verkkokaupassasi. Huomaa, ett\u00e4 automaattiset alennukset n\u00e4kyv\u00e4t vasta, kun asiakkaasi saapuvat kassalle &#8211; ne eiv\u00e4t siis n\u00e4y viel\u00e4 ostoskorissa.<\/p>\n\n\n\n<p>Alennuskoodin voi lunastaa kassasivulla. Jos koodi on kelvollinen, se n\u00e4kyy heti maksun yleiskatsauksessa.<\/p>\n\n\n\n<figure class=\"wp-block-image size-large\"><img loading=\"lazy\" decoding=\"async\" width=\"1024\" height=\"682\" src=\"https:\/\/www.zoner.fi\/tuki\/wp-content\/uploads\/2024\/10\/alennuksen-luominen-5-1024x682.png\" alt=\"\" class=\"wp-image-133481\" srcset=\"https:\/\/www.zoner.fi\/tuki\/wp-content\/uploads\/2024\/10\/alennuksen-luominen-5-1024x682.png 1024w, https:\/\/www.zoner.fi\/tuki\/wp-content\/uploads\/2024\/10\/alennuksen-luominen-5-300x200.png 300w, https:\/\/www.zoner.fi\/tuki\/wp-content\/uploads\/2024\/10\/alennuksen-luominen-5-768x512.png 768w, https:\/\/www.zoner.fi\/tuki\/wp-content\/uploads\/2024\/10\/alennuksen-luominen-5.png 1502w\" sizes=\"auto, (max-width: 1024px) 100vw, 1024px\" \/><\/figure>\n","protected":false},"excerpt":{"rendered":"<p>T\u00e4ss\u00e4 ohjeessa kerromme, miten voit luoda alennuskoodin Zoner Kotisivukone -verkkokauppaan. Asiakkaat voivat sy\u00f6tt\u00e4\u00e4 alennuskoodin kassalla saadakseen ilmaisen toimituksen tai alennuksen ostoksistaan. 1. Avaa Alennuskoodit-sivu 2. Lis\u00e4\u00e4 alennus N\u00e4et nyt yleiskatsauksen kaikista luomistasi alennuskoodeista. Napsauta&nbsp;Lis\u00e4\u00e4 alennus&nbsp;-painiketta luodaksesi uuden. Vinkki:\u00a0Voit my\u00f6s muokata olemassa olevaa alennuskoodia, jos haluat esimerkiksi aktivoida sen uudelleen. Voit poistaa koodin pysyv\u00e4sti valitsemalla sen &#8230; <a title=\"Kuinka luon alennuksen verkkokauppaani?\" class=\"read-more\" href=\"https:\/\/www.zoner.fi\/tuki\/kotisivukone\/zoner\/kuinka-luon-alennuksen-verkkokauppaani\/\" aria-label=\"Lue lis\u00e4\u00e4 aiheesta Kuinka luon alennuksen verkkokauppaani?\">Lue lis\u00e4\u00e4<\/a><\/p>\n","protected":false},"author":18,"featured_media":0,"parent":137385,"menu_order":0,"comment_status":"closed","ping_status":"closed","template":"","meta":{"_relevanssi_hide_post":"","_relevanssi_hide_content":"","_relevanssi_pin_for_all":"","_relevanssi_pin_keywords":"","_relevanssi_unpin_keywords":"","_relevanssi_related_keywords":"","_relevanssi_related_include_ids":"","_relevanssi_related_exclude_ids":"","_relevanssi_related_no_append":"","_relevanssi_related_not_related":"","_relevanssi_related_posts":"1066,132080,130424,131888,132336,130667","_relevanssi_noindex_reason":"","footnotes":""},"categories":[166],"tags":[163],"wf_page_folders":[],"class_list":{"0":"post-133413","1":"page","2":"type-page","3":"status-publish","5":"category-zoner-kotisivukone","6":"tag-verkkokauppa"},"_links":{"self":[{"href":"https:\/\/www.zoner.fi\/tuki\/wp-json\/wp\/v2\/pages\/133413","targetHints":{"allow":["GET"]}}],"collection":[{"href":"https:\/\/www.zoner.fi\/tuki\/wp-json\/wp\/v2\/pages"}],"about":[{"href":"https:\/\/www.zoner.fi\/tuki\/wp-json\/wp\/v2\/types\/page"}],"author":[{"embeddable":true,"href":"https:\/\/www.zoner.fi\/tuki\/wp-json\/wp\/v2\/users\/18"}],"replies":[{"embeddable":true,"href":"https:\/\/www.zoner.fi\/tuki\/wp-json\/wp\/v2\/comments?post=133413"}],"version-history":[{"count":4,"href":"https:\/\/www.zoner.fi\/tuki\/wp-json\/wp\/v2\/pages\/133413\/revisions"}],"predecessor-version":[{"id":133484,"href":"https:\/\/www.zoner.fi\/tuki\/wp-json\/wp\/v2\/pages\/133413\/revisions\/133484"}],"up":[{"embeddable":true,"href":"https:\/\/www.zoner.fi\/tuki\/wp-json\/wp\/v2\/pages\/137385"}],"wp:attachment":[{"href":"https:\/\/www.zoner.fi\/tuki\/wp-json\/wp\/v2\/media?parent=133413"}],"wp:term":[{"taxonomy":"category","embeddable":true,"href":"https:\/\/www.zoner.fi\/tuki\/wp-json\/wp\/v2\/categories?post=133413"},{"taxonomy":"post_tag","embeddable":true,"href":"https:\/\/www.zoner.fi\/tuki\/wp-json\/wp\/v2\/tags?post=133413"},{"taxonomy":"wf_page_folders","embeddable":true,"href":"https:\/\/www.zoner.fi\/tuki\/wp-json\/wp\/v2\/wf_page_folders?post=133413"}],"curies":[{"name":"wp","href":"https:\/\/api.w.org\/{rel}","templated":true}]}}