{"id":133415,"date":"2024-11-13T09:51:57","date_gmt":"2024-11-13T07:51:57","guid":{"rendered":"https:\/\/www.zoner.fi\/tuki\/?page_id=133415"},"modified":"2025-09-25T16:43:05","modified_gmt":"2025-09-25T13:43:05","slug":"miten-otan-paypal-maksutavan-kayttoon-verkkokaupassani","status":"publish","type":"page","link":"https:\/\/www.zoner.fi\/tuki\/kotisivukone\/zoner\/miten-otan-paypal-maksutavan-kayttoon-verkkokaupassani\/","title":{"rendered":"Miten otan PayPal-maksutavan k\u00e4ytt\u00f6\u00f6n verkkokaupassani?"},"content":{"rendered":"\n<p><strong>Huomaa:<\/strong>&nbsp;Jos olet jo yhdist\u00e4nyt yksityisen PayPal-tilisi, sinun on ensin katkaistava yhteys siihen ja muodostettava yhteys uudelleen k\u00e4ytt\u00e4m\u00e4ll\u00e4 toista vaihtoehtoa&nbsp;vaiheessa 2.<\/p>\n\n\n\n<h2 class=\"wp-block-heading\" id=\"step-1\">1. Ota PayPal k\u00e4ytt\u00f6\u00f6n verkkokaupan hallintapaneelissa<\/h2>\n\n\n\n<ol class=\"wp-block-list\">\n<li>Siirry verkkokaupan hallintapaneeliin.<\/li>\n\n\n\n<li>Siirry vasemmalla olevan valikon kohtaan&nbsp;<strong>Asetukset<\/strong>&nbsp;ja valitse&nbsp;<strong>Maksut<\/strong>.<\/li>\n\n\n\n<li>Liu&#8217;uta&nbsp;<strong>PayPal-kytkin<\/strong> p\u00e4\u00e4lle.&nbsp;<\/li>\n<\/ol>\n\n\n\n<figure class=\"wp-block-image size-large\"><img loading=\"lazy\" decoding=\"async\" width=\"1024\" height=\"612\" src=\"https:\/\/www.zoner.fi\/tuki\/wp-content\/uploads\/2024\/10\/paypal-maksutapa-1-1024x612.png\" alt=\"\" class=\"wp-image-133926\" srcset=\"https:\/\/www.zoner.fi\/tuki\/wp-content\/uploads\/2024\/10\/paypal-maksutapa-1-1024x612.png 1024w, https:\/\/www.zoner.fi\/tuki\/wp-content\/uploads\/2024\/10\/paypal-maksutapa-1-300x179.png 300w, https:\/\/www.zoner.fi\/tuki\/wp-content\/uploads\/2024\/10\/paypal-maksutapa-1-768x459.png 768w, https:\/\/www.zoner.fi\/tuki\/wp-content\/uploads\/2024\/10\/paypal-maksutapa-1-1536x918.png 1536w, https:\/\/www.zoner.fi\/tuki\/wp-content\/uploads\/2024\/10\/paypal-maksutapa-1.png 1875w\" sizes=\"auto, (max-width: 1024px) 100vw, 1024px\" \/><\/figure>\n\n\n\n<h2 class=\"wp-block-heading\" id=\"step-2\">2. Yhdist\u00e4 PayPal-tilisi<\/h2>\n\n\n\n<p>Yhdist\u00e4 seuraavaksi olemassa oleva PayPal-tilisi <strong>tai<\/strong> luo uusi tili. Valitse yksi kolmesta vaihtoehdosta alta sen mukaan, onko sinulla jo PayPal-tili, ja onko se yksityinen vai yritystili.<\/p>\n\n\n\n<h3 class=\"wp-block-heading\" id=\"01H8HA80YJB8K3VS47XS3SD1Q0\">Luo ja yhdist\u00e4 uusi PayPal-tili<\/h3>\n\n\n\n<ol class=\"wp-block-list\">\n<li>Napsauta n\u00e4kyviin tulevassa ikkunassa&nbsp;<strong>Yhdist\u00e4<\/strong>.<\/li>\n\n\n\n<li>PayPal avautuu uuteen ikkunaan. Kirjoita&nbsp;<strong>s\u00e4hk\u00f6postiosoite,<\/strong>&nbsp;jota haluat k\u00e4ytt\u00e4\u00e4 PayPal-tilill\u00e4si.<\/li>\n\n\n\n<li>Seuraa asennusprosessia n\u00e4yt\u00f6ll\u00e4. Sinua pyydet\u00e4\u00e4n antamaan perustiedot yrityksest\u00e4si.<\/li>\n\n\n\n<li>Kun olet suorittanut prosessin ja luonut tilisi, napsauta&nbsp;<strong>Siirry takaisin osoitteeseen zoner.fi.<\/strong><\/li>\n\n\n\n<li><strong>Aktivoi PayPal<\/strong>-tilisi&nbsp;<strong>linkill\u00e4,<\/strong>&nbsp;jonka olet saanut PayPalilta s\u00e4hk\u00f6postiisi. Voit aktivoida tilisi my\u00f6s&nbsp;<a href=\"https:\/\/paypal.com\/\" target=\"_blank\" rel=\"noopener\">PayPal<\/a>-sivuston kautta.&nbsp;<\/li>\n<\/ol>\n\n\n\n<h3 class=\"wp-block-heading\" id=\"h_01HM6AKA5KF3Y9KZ0XCW0FMJKM\">Yhdist\u00e4 olemassa oleva PayPal-tili (yksityinen tili)<\/h3>\n\n\n\n<p><strong>Huomaa<\/strong>: Voit yhdist\u00e4\u00e4 vain PayPal-yritystilin verkkokauppaasi. Seuraavissa vaiheissa kerromme, kuinka voit muuntaa yksityisen tilin yritystiliksi yhteyden muodostamisen aikana.<\/p>\n\n\n\n<ol class=\"wp-block-list\">\n<li>Napsauta n\u00e4kyviin tulevassa ikkunassa&nbsp;<strong>Yhdist\u00e4<\/strong>.<\/li>\n\n\n\n<li>N\u00e4et kaksi vaihtoehtoa. Voit joko<strong>&nbsp;k\u00e4ytt\u00e4\u00e4 uutta s\u00e4hk\u00f6postiosoitetta yritystilill\u00e4si<\/strong>&nbsp;tai&nbsp;<strong>k\u00e4ytt\u00e4\u00e4 nykyist\u00e4 s\u00e4hk\u00f6postiosoitetta vaihtaaksesi yritystiliin<\/strong>. Ensimm\u00e4inen vaihtoehto vie sinut uuden PayPal-tilin m\u00e4\u00e4ritysprosessin l\u00e4pi&nbsp;yll\u00e4 kuvatulla tavalla. J\u00e4lkimm\u00e4inen vaihtoehto muuttaa nykyisen PayPal-tilisi yritystiliksi.<\/li>\n\n\n\n<li>Seuraa n\u00e4yt\u00f6ll\u00e4 n\u00e4kyvi\u00e4 asennusohjeita.<\/li>\n\n\n\n<li>Lue yhdist\u00e4misehdot ja napsauta&nbsp;<strong>Hyv\u00e4ksy ja yhdist\u00e4,<\/strong>&nbsp;kun olet valmis.<\/li>\n\n\n\n<li>Napsauta&nbsp;<strong>Siirry takaisin osoitteeseen zoner.fi,<\/strong>&nbsp;kun saavut prosessin loppuun. T\u00e4m\u00e4 vie sinut takaisin verkkokauppaan.<\/li>\n<\/ol>\n\n\n\n<h3 class=\"wp-block-heading\" id=\"01H8HA2XWKG2BAHW4HWAT7B42K\">Yhdist\u00e4 olemassa oleva PayPal-tili (yritystili)<\/h3>\n\n\n\n<ol class=\"wp-block-list\">\n<li>Napsauta n\u00e4kyviin tulevassa ikkunassa&nbsp;<strong>Yhdist\u00e4<\/strong>.<\/li>\n\n\n\n<li>PayPal avautuu uuteen ikkunaan. Anna sen&nbsp;<strong>PayPal-k\u00e4ytt\u00e4j\u00e4n s\u00e4hk\u00f6postiosoite<\/strong>, johon maksut tulee suorittaa.<\/li>\n\n\n\n<li><strong>Anna tilin salasana<\/strong>&nbsp;ja vahvista henkil\u00f6llisyytesi jollakin valituista tavoista.<\/li>\n\n\n\n<li>Lue yhdist\u00e4misehdot ja napsauta&nbsp;<strong>Hyv\u00e4ksy ja yhdist\u00e4,<\/strong>&nbsp;kun olet valmis.<\/li>\n\n\n\n<li>Napsauta<strong>&nbsp;Siirry takaisin osoitteeseen zoner.fi<\/strong>.<\/li>\n<\/ol>\n\n\n\n<p><strong>Huomaa:<\/strong>&nbsp;PayPal voi pyyt\u00e4\u00e4 sinua antamaan lis\u00e4tietoja yrityksest\u00e4si alkum\u00e4\u00e4rityksen j\u00e4lkeen. Saat t\u00e4ll\u00f6in erillisen s\u00e4hk\u00f6postiviestin, jossa on linkki sivulle, jossa voit lis\u00e4t\u00e4 tiedot.<\/p>\n\n\n\n<figure class=\"wp-block-image size-large\"><img loading=\"lazy\" decoding=\"async\" width=\"1024\" height=\"682\" src=\"https:\/\/www.zoner.fi\/tuki\/wp-content\/uploads\/2024\/10\/paypal-maksutapa-2-1024x682.png\" alt=\"\" class=\"wp-image-133927\" srcset=\"https:\/\/www.zoner.fi\/tuki\/wp-content\/uploads\/2024\/10\/paypal-maksutapa-2-1024x682.png 1024w, https:\/\/www.zoner.fi\/tuki\/wp-content\/uploads\/2024\/10\/paypal-maksutapa-2-300x200.png 300w, https:\/\/www.zoner.fi\/tuki\/wp-content\/uploads\/2024\/10\/paypal-maksutapa-2-768x511.png 768w, https:\/\/www.zoner.fi\/tuki\/wp-content\/uploads\/2024\/10\/paypal-maksutapa-2-1536x1022.png 1536w, https:\/\/www.zoner.fi\/tuki\/wp-content\/uploads\/2024\/10\/paypal-maksutapa-2.png 1875w\" sizes=\"auto, (max-width: 1024px) 100vw, 1024px\" \/><\/figure>\n\n\n\n<p>PayPal on nyt yksi verkkokauppasi maksuvaihtoehdoista ja sen kuvake n\u00e4kyy kaupan kassasivulla.<\/p>\n","protected":false},"excerpt":{"rendered":"<p>Huomaa:&nbsp;Jos olet jo yhdist\u00e4nyt yksityisen PayPal-tilisi, sinun on ensin katkaistava yhteys siihen ja muodostettava yhteys uudelleen k\u00e4ytt\u00e4m\u00e4ll\u00e4 toista vaihtoehtoa&nbsp;vaiheessa 2. 1. Ota PayPal k\u00e4ytt\u00f6\u00f6n verkkokaupan hallintapaneelissa 2. Yhdist\u00e4 PayPal-tilisi Yhdist\u00e4 seuraavaksi olemassa oleva PayPal-tilisi tai luo uusi tili. Valitse yksi kolmesta vaihtoehdosta alta sen mukaan, onko sinulla jo PayPal-tili, ja onko se yksityinen vai yritystili. &#8230; <a title=\"Miten otan PayPal-maksutavan k\u00e4ytt\u00f6\u00f6n verkkokaupassani?\" class=\"read-more\" href=\"https:\/\/www.zoner.fi\/tuki\/kotisivukone\/zoner\/miten-otan-paypal-maksutavan-kayttoon-verkkokaupassani\/\" aria-label=\"Lue lis\u00e4\u00e4 aiheesta Miten otan PayPal-maksutavan k\u00e4ytt\u00f6\u00f6n verkkokaupassani?\">Lue lis\u00e4\u00e4<\/a><\/p>\n","protected":false},"author":18,"featured_media":0,"parent":137385,"menu_order":0,"comment_status":"closed","ping_status":"closed","template":"","meta":{"_relevanssi_hide_post":"","_relevanssi_hide_content":"","_relevanssi_pin_for_all":"","_relevanssi_pin_keywords":"","_relevanssi_unpin_keywords":"","_relevanssi_related_keywords":"","_relevanssi_related_include_ids":"","_relevanssi_related_exclude_ids":"","_relevanssi_related_no_append":"","_relevanssi_related_not_related":"","_relevanssi_related_posts":"131535,130397,132250,130578,130779,131888","_relevanssi_noindex_reason":"","footnotes":""},"categories":[166],"tags":[163],"wf_page_folders":[],"class_list":{"0":"post-133415","1":"page","2":"type-page","3":"status-publish","5":"category-zoner-kotisivukone","6":"tag-verkkokauppa"},"_links":{"self":[{"href":"https:\/\/www.zoner.fi\/tuki\/wp-json\/wp\/v2\/pages\/133415","targetHints":{"allow":["GET"]}}],"collection":[{"href":"https:\/\/www.zoner.fi\/tuki\/wp-json\/wp\/v2\/pages"}],"about":[{"href":"https:\/\/www.zoner.fi\/tuki\/wp-json\/wp\/v2\/types\/page"}],"author":[{"embeddable":true,"href":"https:\/\/www.zoner.fi\/tuki\/wp-json\/wp\/v2\/users\/18"}],"replies":[{"embeddable":true,"href":"https:\/\/www.zoner.fi\/tuki\/wp-json\/wp\/v2\/comments?post=133415"}],"version-history":[{"count":3,"href":"https:\/\/www.zoner.fi\/tuki\/wp-json\/wp\/v2\/pages\/133415\/revisions"}],"predecessor-version":[{"id":134661,"href":"https:\/\/www.zoner.fi\/tuki\/wp-json\/wp\/v2\/pages\/133415\/revisions\/134661"}],"up":[{"embeddable":true,"href":"https:\/\/www.zoner.fi\/tuki\/wp-json\/wp\/v2\/pages\/137385"}],"wp:attachment":[{"href":"https:\/\/www.zoner.fi\/tuki\/wp-json\/wp\/v2\/media?parent=133415"}],"wp:term":[{"taxonomy":"category","embeddable":true,"href":"https:\/\/www.zoner.fi\/tuki\/wp-json\/wp\/v2\/categories?post=133415"},{"taxonomy":"post_tag","embeddable":true,"href":"https:\/\/www.zoner.fi\/tuki\/wp-json\/wp\/v2\/tags?post=133415"},{"taxonomy":"wf_page_folders","embeddable":true,"href":"https:\/\/www.zoner.fi\/tuki\/wp-json\/wp\/v2\/wf_page_folders?post=133415"}],"curies":[{"name":"wp","href":"https:\/\/api.w.org\/{rel}","templated":true}]}}