{"id":133419,"date":"2025-04-30T09:05:22","date_gmt":"2025-04-30T06:05:22","guid":{"rendered":"https:\/\/www.zoner.fi\/tuki\/?page_id=133419"},"modified":"2025-09-25T16:42:30","modified_gmt":"2025-09-25T13:42:30","slug":"kuinka-naytan-facebook-syotteen-kotisivuillani","status":"publish","type":"page","link":"https:\/\/www.zoner.fi\/tuki\/kotisivukone\/zoner\/kuinka-naytan-facebook-syotteen-kotisivuillani\/","title":{"rendered":"Kuinka n\u00e4yt\u00e4n Facebook-sy\u00f6tteen kotisivuillani?"},"content":{"rendered":"\n<p><em>Huom! T\u00e4m\u00e4 ominaisuus ei ole t\u00e4ll\u00e4 hetkell\u00e4 k\u00e4ytett\u00e4viss\u00e4. Pyrimme korjaamaan yhteytemme Facebookiin. Poista sill\u00e4 v\u00e4lin t\u00e4m\u00e4 komponentti, jotta voit julkaista verkkosivustosi. Pahoittelemme h\u00e4iri\u00f6t\u00e4.<\/em><\/p>\n\n\n\n<p>Voit n\u00e4ytt\u00e4\u00e4 Facebook-feedin Zoner Kotisivukone -sivustolla k\u00e4ytt\u00e4m\u00e4ll\u00e4 Facebook-galleria -komponenttia. Jos k\u00e4yt\u00f6ss\u00e4si on\u00a0Premium-paketti, l\u00f6yd\u00e4t sen vasemmalla olevasta valikosta kohdasta <strong>Sosiaalinen media<\/strong>. Kun k\u00e4yt\u00e4t komponenttia ensimm\u00e4ist\u00e4 kertaa, sinun on yhdistett\u00e4v\u00e4 se Facebook-tiliin.<\/p>\n\n\n\n<ol class=\"wp-block-list\">\n<li>Avaa Zoner Kotisivukone.<\/li>\n\n\n\n<li>Siirry sivulle, jolla haluat n\u00e4ytt\u00e4\u00e4 Facebook-feedin.<\/li>\n\n\n\n<li>Valitse vasemmalla olevasta valikosta kohta\u00a0<strong>Sosiaalinen media<\/strong>\u00a0ja ved\u00e4\u00a0<strong>Facebook-feedigalleria<\/strong>-komponentti sivulle.<\/li>\n\n\n\n<li>Valitse, haluatko yhdist\u00e4\u00e4 henkil\u00f6kohtaisen vai yritystilin.<\/li>\n\n\n\n<li>Yhdist\u00e4 Facebook-tili kirjoittamalla sis\u00e4\u00e4nkirjautumistietosi ja sallimalla Zonerille vaadittu k\u00e4ytt\u00f6oikeus.<\/li>\n\n\n\n<li>Aseta sarakkeiden ja rivien m\u00e4\u00e4r\u00e4 sek\u00e4 kuvien v\u00e4liin j\u00e4\u00e4v\u00e4n tilan koko.<\/li>\n\n\n\n<li>Napsauta\u00a0<strong>Tallenna<\/strong>\u00a0ja\u00a0<strong>Julkaise<\/strong>\u00a0vied\u00e4ksesi muutokset verkkoon.<\/li>\n<\/ol>\n\n\n\n<p>Kotisivujen Facebook-feedigalleria p\u00e4ivittyy automaattisesti, kun lis\u00e4\u00e4t uusia julkaisuja Facebook-tilillesi. Jos olet yhdist\u00e4nyt henkil\u00f6kohtaisen tilin, sinun on yhdistett\u00e4v\u00e4 Facebook-tilisi uudelleen 60 p\u00e4iv\u00e4n kuluttua.<\/p>\n\n\n\n<p><strong>Vinkki:<\/strong>\u00a0Voit lis\u00e4t\u00e4 profiilikuvan, joka n\u00e4ytet\u00e4\u00e4n, jos Facebook-julkaisussasi ei ole kuvaa. Lis\u00e4\u00e4 kuva valitsemalla\u00a0<strong>Asetukset<\/strong>\u00a0>\u00a0<strong>Profiilikuva<\/strong>.<\/p>\n","protected":false},"excerpt":{"rendered":"<p>Huom! T\u00e4m\u00e4 ominaisuus ei ole t\u00e4ll\u00e4 hetkell\u00e4 k\u00e4ytett\u00e4viss\u00e4. Pyrimme korjaamaan yhteytemme Facebookiin. Poista sill\u00e4 v\u00e4lin t\u00e4m\u00e4 komponentti, jotta voit julkaista verkkosivustosi. Pahoittelemme h\u00e4iri\u00f6t\u00e4. Voit n\u00e4ytt\u00e4\u00e4 Facebook-feedin Zoner Kotisivukone -sivustolla k\u00e4ytt\u00e4m\u00e4ll\u00e4 Facebook-galleria -komponenttia. Jos k\u00e4yt\u00f6ss\u00e4si on\u00a0Premium-paketti, l\u00f6yd\u00e4t sen vasemmalla olevasta valikosta kohdasta Sosiaalinen media. Kun k\u00e4yt\u00e4t komponenttia ensimm\u00e4ist\u00e4 kertaa, sinun on yhdistett\u00e4v\u00e4 se Facebook-tiliin. Kotisivujen Facebook-feedigalleria &#8230; <a title=\"Kuinka n\u00e4yt\u00e4n Facebook-sy\u00f6tteen kotisivuillani?\" class=\"read-more\" href=\"https:\/\/www.zoner.fi\/tuki\/kotisivukone\/zoner\/kuinka-naytan-facebook-syotteen-kotisivuillani\/\" aria-label=\"Lue lis\u00e4\u00e4 aiheesta Kuinka n\u00e4yt\u00e4n Facebook-sy\u00f6tteen kotisivuillani?\">Lue lis\u00e4\u00e4<\/a><\/p>\n","protected":false},"author":18,"featured_media":0,"parent":137385,"menu_order":0,"comment_status":"closed","ping_status":"closed","template":"","meta":{"_relevanssi_hide_post":"","_relevanssi_hide_content":"","_relevanssi_pin_for_all":"","_relevanssi_pin_keywords":"","_relevanssi_unpin_keywords":"","_relevanssi_related_keywords":"","_relevanssi_related_include_ids":"","_relevanssi_related_exclude_ids":"","_relevanssi_related_no_append":"","_relevanssi_related_not_related":"","_relevanssi_related_posts":"132894,133233,132393,130450,130641,130667","_relevanssi_noindex_reason":"","footnotes":""},"categories":[166],"tags":[164,162],"wf_page_folders":[],"class_list":{"0":"post-133419","1":"page","2":"type-page","3":"status-publish","5":"category-zoner-kotisivukone","6":"tag-kuvat","7":"tag-upotus-ja-koodi"},"_links":{"self":[{"href":"https:\/\/www.zoner.fi\/tuki\/wp-json\/wp\/v2\/pages\/133419","targetHints":{"allow":["GET"]}}],"collection":[{"href":"https:\/\/www.zoner.fi\/tuki\/wp-json\/wp\/v2\/pages"}],"about":[{"href":"https:\/\/www.zoner.fi\/tuki\/wp-json\/wp\/v2\/types\/page"}],"author":[{"embeddable":true,"href":"https:\/\/www.zoner.fi\/tuki\/wp-json\/wp\/v2\/users\/18"}],"replies":[{"embeddable":true,"href":"https:\/\/www.zoner.fi\/tuki\/wp-json\/wp\/v2\/comments?post=133419"}],"version-history":[{"count":2,"href":"https:\/\/www.zoner.fi\/tuki\/wp-json\/wp\/v2\/pages\/133419\/revisions"}],"predecessor-version":[{"id":134727,"href":"https:\/\/www.zoner.fi\/tuki\/wp-json\/wp\/v2\/pages\/133419\/revisions\/134727"}],"up":[{"embeddable":true,"href":"https:\/\/www.zoner.fi\/tuki\/wp-json\/wp\/v2\/pages\/137385"}],"wp:attachment":[{"href":"https:\/\/www.zoner.fi\/tuki\/wp-json\/wp\/v2\/media?parent=133419"}],"wp:term":[{"taxonomy":"category","embeddable":true,"href":"https:\/\/www.zoner.fi\/tuki\/wp-json\/wp\/v2\/categories?post=133419"},{"taxonomy":"post_tag","embeddable":true,"href":"https:\/\/www.zoner.fi\/tuki\/wp-json\/wp\/v2\/tags?post=133419"},{"taxonomy":"wf_page_folders","embeddable":true,"href":"https:\/\/www.zoner.fi\/tuki\/wp-json\/wp\/v2\/wf_page_folders?post=133419"}],"curies":[{"name":"wp","href":"https:\/\/api.w.org\/{rel}","templated":true}]}}