{"id":133423,"date":"2024-11-13T10:38:02","date_gmt":"2024-11-13T08:38:02","guid":{"rendered":"https:\/\/www.zoner.fi\/tuki\/?page_id=133423"},"modified":"2025-09-25T16:42:28","modified_gmt":"2025-09-25T13:42:28","slug":"kuinka-kaytan-zoner-kotisivukoneen-kirjoitusavustajaa","status":"publish","type":"page","link":"https:\/\/www.zoner.fi\/tuki\/kotisivukone\/zoner\/kuinka-kaytan-zoner-kotisivukoneen-kirjoitusavustajaa\/","title":{"rendered":"Kuinka k\u00e4yt\u00e4n Zoner Kotisivukoneen kirjoitusavustajaa?"},"content":{"rendered":"\n<p>Zoner Kotisivukoneen teko\u00e4lypohjaisen Aida-kirjoitusavustajan avulla voit tuottaa nopeasti yritykseesi ja br\u00e4ndiisi sopivaa teksti\u00e4. Voit k\u00e4ytt\u00e4\u00e4 sit\u00e4 my\u00f6s sivustosi olemassa olevien tekstien uudelleenkirjoittamiseen ja optimointiin. T\u00e4ss\u00e4 oppaassa n\u00e4yt\u00e4mme, kuinka kirjoitusavustaja toimii.<\/p>\n\n\n\n<h2 class=\"wp-block-heading\" id=\"step-1\">1. Valitse tai lis\u00e4\u00e4 tekstikomponentti<\/h2>\n\n\n\n<ol class=\"wp-block-list\">\n<li>Avaa Zoner Kotisivukoneen editori.<\/li>\n\n\n\n<li>Siirry siihen sivustosi osaan, johon haluat lis\u00e4t\u00e4 tekstin, tai jonka olemassa olevaa teksti\u00e4 haluat muokata.<\/li>\n\n\n\n<li>Lis\u00e4\u00e4&nbsp;<strong>tekstikomponentti<\/strong>&nbsp;vasemmalla olevasta valikosta tai valitse olemassa oleva komponentti ja napsauta sen yl\u00e4- tai alapuolella n\u00e4kyv\u00e4\u00e4&nbsp;<strong>Auta minua kirjoittamaan<\/strong>&nbsp;-v\u00e4lilehte\u00e4.<\/li>\n\n\n\n<li>Valitse&nbsp;<strong>Kirjoita uusi<\/strong>, jos haluat luoda uutta teksti\u00e4 tyhj\u00e4st\u00e4, tai&nbsp;<strong>Muokkaa teksti\u00e4<\/strong>, jos haluat, ett\u00e4 ty\u00f6kalu kirjoittaa nykyisen tekstisi uudelleen. Jos valitset j\u00e4lkimm\u00e4isen, voit siirty\u00e4 t\u00e4m\u00e4n oppaan&nbsp;vaiheeseen 5.<\/li>\n<\/ol>\n\n\n\n<figure class=\"wp-block-image size-large\"><img loading=\"lazy\" decoding=\"async\" width=\"1024\" height=\"531\" src=\"https:\/\/www.zoner.fi\/tuki\/wp-content\/uploads\/2024\/11\/kotisivukone-kirjoitusavustaja-1-1024x531.png\" alt=\"\" class=\"wp-image-134663\" srcset=\"https:\/\/www.zoner.fi\/tuki\/wp-content\/uploads\/2024\/11\/kotisivukone-kirjoitusavustaja-1-1024x531.png 1024w, https:\/\/www.zoner.fi\/tuki\/wp-content\/uploads\/2024\/11\/kotisivukone-kirjoitusavustaja-1-300x156.png 300w, https:\/\/www.zoner.fi\/tuki\/wp-content\/uploads\/2024\/11\/kotisivukone-kirjoitusavustaja-1-768x398.png 768w, https:\/\/www.zoner.fi\/tuki\/wp-content\/uploads\/2024\/11\/kotisivukone-kirjoitusavustaja-1-1536x797.png 1536w, https:\/\/www.zoner.fi\/tuki\/wp-content\/uploads\/2024\/11\/kotisivukone-kirjoitusavustaja-1.png 1602w\" sizes=\"auto, (max-width: 1024px) 100vw, 1024px\" \/><\/figure>\n\n\n\n<h2 class=\"wp-block-heading\" id=\"step-2\">2. Kirjoita uusi teksti: Lis\u00e4\u00e4 yleiset asetukset<\/h2>\n\n\n\n<p>Kirjoitusavustaja n\u00e4kyy nyt ponnahdusikkunassa. Kun k\u00e4yt\u00e4t t\u00e4t\u00e4 ominaisuutta ensimm\u00e4ist\u00e4 kertaa, sinua pyydet\u00e4\u00e4n lis\u00e4\u00e4m\u00e4\u00e4n&nbsp;<strong>yleisi\u00e4 tietoja<\/strong>, eli tietoja&nbsp;<strong>verkkosivustostasi<\/strong>,&nbsp;<strong>kohderyhm\u00e4st\u00e4si<\/strong>&nbsp;ja&nbsp;<strong>tekstisi kielest\u00e4<\/strong>. T\u00e4m\u00e4 sarake pienenee seuraavan kerran, kun k\u00e4yt\u00e4t kirjoitusavustajaa, mutta voit avata sen ja muokata n\u00e4it\u00e4 tietoja my\u00f6hemmin.<\/p>\n\n\n\n<figure class=\"wp-block-image size-large\"><img loading=\"lazy\" decoding=\"async\" width=\"1024\" height=\"626\" src=\"https:\/\/www.zoner.fi\/tuki\/wp-content\/uploads\/2024\/11\/kotisivukone-kirjoitusavustaja-2-1024x626.png\" alt=\"\" class=\"wp-image-134665\" srcset=\"https:\/\/www.zoner.fi\/tuki\/wp-content\/uploads\/2024\/11\/kotisivukone-kirjoitusavustaja-2-1024x626.png 1024w, https:\/\/www.zoner.fi\/tuki\/wp-content\/uploads\/2024\/11\/kotisivukone-kirjoitusavustaja-2-300x183.png 300w, https:\/\/www.zoner.fi\/tuki\/wp-content\/uploads\/2024\/11\/kotisivukone-kirjoitusavustaja-2-768x470.png 768w, https:\/\/www.zoner.fi\/tuki\/wp-content\/uploads\/2024\/11\/kotisivukone-kirjoitusavustaja-2-1536x939.png 1536w, https:\/\/www.zoner.fi\/tuki\/wp-content\/uploads\/2024\/11\/kotisivukone-kirjoitusavustaja-2.png 1616w\" sizes=\"auto, (max-width: 1024px) 100vw, 1024px\" \/><\/figure>\n\n\n\n<h2 class=\"wp-block-heading\" id=\"h_01J17N0BHQ7ZPD6ZS9BPVXBTZ2\">3. Kirjoita uusi teksti: Lis\u00e4\u00e4 tietoja tekstist\u00e4si<\/h2>\n\n\n\n<ol class=\"wp-block-list\">\n<li>Vierit\u00e4 alasp\u00e4in&nbsp;<strong>Tietoja tekstist\u00e4<\/strong> -kohtaan ja t\u00e4yt\u00e4 tiedot tekstin&nbsp;<strong>aiheesta<\/strong>&nbsp;ja&nbsp;<strong>pituudesta<\/strong>. Voit lis\u00e4t\u00e4 my\u00f6s muita tietoja, kuten avainsanat, jotka tulisi mainita tekstiss\u00e4.<\/li>\n\n\n\n<li>Napsauta&nbsp;<strong>Luo teksti<\/strong>&nbsp;luodaksesi tekstiehdotuksen. Ehdotus ilmestyy n\u00e4yt\u00f6n oikealle puolelle. Jos et ole tyytyv\u00e4inen ehdotukseen, napsauta&nbsp;<strong>Yrit\u00e4 uudelleen<\/strong>&nbsp;-painiketta luodaksesi uuden version.<\/li>\n<\/ol>\n\n\n\n<figure class=\"wp-block-image size-large\"><img loading=\"lazy\" decoding=\"async\" width=\"1024\" height=\"642\" src=\"https:\/\/www.zoner.fi\/tuki\/wp-content\/uploads\/2024\/11\/kotisivukone-kirjoitusavustaja-3-1024x642.png\" alt=\"\" class=\"wp-image-134666\" srcset=\"https:\/\/www.zoner.fi\/tuki\/wp-content\/uploads\/2024\/11\/kotisivukone-kirjoitusavustaja-3-1024x642.png 1024w, https:\/\/www.zoner.fi\/tuki\/wp-content\/uploads\/2024\/11\/kotisivukone-kirjoitusavustaja-3-300x188.png 300w, https:\/\/www.zoner.fi\/tuki\/wp-content\/uploads\/2024\/11\/kotisivukone-kirjoitusavustaja-3-768x481.png 768w, https:\/\/www.zoner.fi\/tuki\/wp-content\/uploads\/2024\/11\/kotisivukone-kirjoitusavustaja-3-1536x963.png 1536w, https:\/\/www.zoner.fi\/tuki\/wp-content\/uploads\/2024\/11\/kotisivukone-kirjoitusavustaja-3.png 1602w\" sizes=\"auto, (max-width: 1024px) 100vw, 1024px\" \/><\/figure>\n\n\n\n<h2 class=\"wp-block-heading\" id=\"step-4\">4. Kirjoita uusi teksti: Kopioi tai k\u00e4yt\u00e4 teksti\u00e4<\/h2>\n\n\n\n<p>Jos liikutat hiirt\u00e4 tekstiehdotuksen p\u00e4\u00e4ll\u00e4, n\u00e4et&nbsp;<strong>Kopioi teksti<\/strong>&nbsp;ja&nbsp;<strong>K\u00e4yt\u00e4 teksti\u00e4<\/strong>&nbsp;-painikkeet. Napsauta j\u00e4lkimm\u00e4ist\u00e4 lis\u00e4t\u00e4ksesi tekstin suoraan sivustollasi olevaan komponenttiin.<\/p>\n\n\n\n<p><strong>Vinkki:<\/strong>&nbsp;Selain tallentaa ty\u00f6kaluun 10 viimeksi luotua teksti\u00e4. Voit k\u00e4ytt\u00e4\u00e4 niit\u00e4, vaikka sulkisit kirjoitusavustajan. L\u00f6yd\u00e4t ne&nbsp;<strong>katso aiemmin luodut tekstit<\/strong>&nbsp;-kohdasta, kun avaat ty\u00f6kalun uudelleen.<\/p>\n\n\n\n<figure class=\"wp-block-image size-large\"><img loading=\"lazy\" decoding=\"async\" width=\"1024\" height=\"751\" src=\"https:\/\/www.zoner.fi\/tuki\/wp-content\/uploads\/2024\/11\/kotisivukone-kirjoitusavustaja-4-1024x751.png\" alt=\"\" class=\"wp-image-134667\" srcset=\"https:\/\/www.zoner.fi\/tuki\/wp-content\/uploads\/2024\/11\/kotisivukone-kirjoitusavustaja-4-1024x751.png 1024w, https:\/\/www.zoner.fi\/tuki\/wp-content\/uploads\/2024\/11\/kotisivukone-kirjoitusavustaja-4-300x220.png 300w, https:\/\/www.zoner.fi\/tuki\/wp-content\/uploads\/2024\/11\/kotisivukone-kirjoitusavustaja-4-768x564.png 768w, https:\/\/www.zoner.fi\/tuki\/wp-content\/uploads\/2024\/11\/kotisivukone-kirjoitusavustaja-4.png 1176w\" sizes=\"auto, (max-width: 1024px) 100vw, 1024px\" \/><\/figure>\n\n\n\n<h2 class=\"wp-block-heading\" id=\"h_01J17N0BHQ3SPSXD793V4D1EB0\">5. Kirjoita olemassa oleva teksti uudelleen: Hyv\u00e4ksy OpenAI:n ehdot<\/h2>\n\n\n\n<ol class=\"wp-block-list\">\n<li>Jos valitsit&nbsp;<strong>Muokkaa teksti\u00e4<\/strong>&nbsp;vaiheessa 1, n\u00e4et ponnahdusikkunan, jossa esitell\u00e4\u00e4n Muokkausavustaja. Jos et ole k\u00e4ytt\u00e4nyt sit\u00e4 tai Kirjoitusavustajaa aiemmin, sinua pyydet\u00e4\u00e4n hyv\u00e4ksym\u00e4\u00e4n OpenAI:n ehdot valitsemalla valintaruutu. Jos olet jo hyv\u00e4ksynyt ne, n\u00e4et vain linkit OpenAI:n resursseihin.<\/li>\n\n\n\n<li>Klikkaa&nbsp;<strong>Jatka<\/strong>.<\/li>\n<\/ol>\n\n\n\n<figure class=\"wp-block-image size-large\"><img loading=\"lazy\" decoding=\"async\" width=\"1024\" height=\"616\" src=\"https:\/\/www.zoner.fi\/tuki\/wp-content\/uploads\/2024\/11\/kotisivukone-kirjoitusavustaja-5-1024x616.png\" alt=\"\" class=\"wp-image-134668\" srcset=\"https:\/\/www.zoner.fi\/tuki\/wp-content\/uploads\/2024\/11\/kotisivukone-kirjoitusavustaja-5-1024x616.png 1024w, https:\/\/www.zoner.fi\/tuki\/wp-content\/uploads\/2024\/11\/kotisivukone-kirjoitusavustaja-5-300x181.png 300w, https:\/\/www.zoner.fi\/tuki\/wp-content\/uploads\/2024\/11\/kotisivukone-kirjoitusavustaja-5-768x462.png 768w, https:\/\/www.zoner.fi\/tuki\/wp-content\/uploads\/2024\/11\/kotisivukone-kirjoitusavustaja-5-1536x924.png 1536w, https:\/\/www.zoner.fi\/tuki\/wp-content\/uploads\/2024\/11\/kotisivukone-kirjoitusavustaja-5.png 1590w\" sizes=\"auto, (max-width: 1024px) 100vw, 1024px\" \/><\/figure>\n\n\n\n<h2 class=\"wp-block-heading\" id=\"h_01J17PDK07MWMK4KPCTEK2Q4CV\">6. Kirjoita olemassa oleva teksti uudelleen: K\u00e4yt\u00e4 muokkausasetuksia<\/h2>\n\n\n\n<ol class=\"wp-block-list\">\n<li>Avautuneessa ponnahdusikkunassa voit muokata teksti\u00e4 useilla tavoilla: Luo tekstiehdotus valitsemalla&nbsp;<strong>Kirjoita uudelleen<\/strong>,&nbsp;<strong>Tee lyhyempi<\/strong>&nbsp;tai&nbsp;<strong>Tee pidempi<\/strong>. Jos haluat muuttaa jotain muuta, kirjoita ohjeet tyhj\u00e4\u00e4n kentt\u00e4\u00e4n ja luo teksti napsauttamalla&nbsp;<strong>sinist\u00e4 nuolipainiketta<\/strong>.<\/li>\n\n\n\n<li>Kun pid\u00e4t tekstist\u00e4, napsauta&nbsp;<strong>Kopioi teksti<\/strong>&nbsp;tai&nbsp;<strong>K\u00e4yt\u00e4 teksti\u00e4<\/strong>&nbsp;lis\u00e4t\u00e4ksesi sen verkkosivullesi.<\/li>\n<\/ol>\n\n\n\n<figure class=\"wp-block-image size-large\"><img loading=\"lazy\" decoding=\"async\" width=\"1024\" height=\"623\" src=\"https:\/\/www.zoner.fi\/tuki\/wp-content\/uploads\/2024\/11\/kotisivukone-kirjoitusavustaja-6-1024x623.png\" alt=\"\" class=\"wp-image-134669\" srcset=\"https:\/\/www.zoner.fi\/tuki\/wp-content\/uploads\/2024\/11\/kotisivukone-kirjoitusavustaja-6-1024x623.png 1024w, https:\/\/www.zoner.fi\/tuki\/wp-content\/uploads\/2024\/11\/kotisivukone-kirjoitusavustaja-6-300x183.png 300w, https:\/\/www.zoner.fi\/tuki\/wp-content\/uploads\/2024\/11\/kotisivukone-kirjoitusavustaja-6-768x468.png 768w, https:\/\/www.zoner.fi\/tuki\/wp-content\/uploads\/2024\/11\/kotisivukone-kirjoitusavustaja-6.png 1355w\" sizes=\"auto, (max-width: 1024px) 100vw, 1024px\" \/><\/figure>\n\n\n\n<p>Lopuksi <strong>Tallenna<\/strong>&nbsp;ja&nbsp;<strong>julkaise<\/strong>&nbsp;sivustosi, jotta uusi teksti n\u00e4kyy verkossa.<\/p>\n","protected":false},"excerpt":{"rendered":"<p>Zoner Kotisivukoneen teko\u00e4lypohjaisen Aida-kirjoitusavustajan avulla voit tuottaa nopeasti yritykseesi ja br\u00e4ndiisi sopivaa teksti\u00e4. Voit k\u00e4ytt\u00e4\u00e4 sit\u00e4 my\u00f6s sivustosi olemassa olevien tekstien uudelleenkirjoittamiseen ja optimointiin. T\u00e4ss\u00e4 oppaassa n\u00e4yt\u00e4mme, kuinka kirjoitusavustaja toimii. 1. Valitse tai lis\u00e4\u00e4 tekstikomponentti 2. Kirjoita uusi teksti: Lis\u00e4\u00e4 yleiset asetukset Kirjoitusavustaja n\u00e4kyy nyt ponnahdusikkunassa. Kun k\u00e4yt\u00e4t t\u00e4t\u00e4 ominaisuutta ensimm\u00e4ist\u00e4 kertaa, sinua pyydet\u00e4\u00e4n lis\u00e4\u00e4m\u00e4\u00e4n&nbsp;yleisi\u00e4 &#8230; <a title=\"Kuinka k\u00e4yt\u00e4n Zoner Kotisivukoneen kirjoitusavustajaa?\" class=\"read-more\" href=\"https:\/\/www.zoner.fi\/tuki\/kotisivukone\/zoner\/kuinka-kaytan-zoner-kotisivukoneen-kirjoitusavustajaa\/\" aria-label=\"Lue lis\u00e4\u00e4 aiheesta Kuinka k\u00e4yt\u00e4n Zoner Kotisivukoneen kirjoitusavustajaa?\">Lue lis\u00e4\u00e4<\/a><\/p>\n","protected":false},"author":18,"featured_media":0,"parent":137385,"menu_order":0,"comment_status":"closed","ping_status":"closed","template":"","meta":{"_relevanssi_hide_post":"","_relevanssi_hide_content":"","_relevanssi_pin_for_all":"","_relevanssi_pin_keywords":"","_relevanssi_unpin_keywords":"","_relevanssi_related_keywords":"","_relevanssi_related_include_ids":"","_relevanssi_related_exclude_ids":"","_relevanssi_related_no_append":"","_relevanssi_related_not_related":"","_relevanssi_related_posts":"130412,130498,131888,132348,1076,131550","_relevanssi_noindex_reason":"","footnotes":""},"categories":[166],"tags":[158],"wf_page_folders":[],"class_list":{"0":"post-133423","1":"page","2":"type-page","3":"status-publish","5":"category-zoner-kotisivukone","6":"tag-yleiset"},"_links":{"self":[{"href":"https:\/\/www.zoner.fi\/tuki\/wp-json\/wp\/v2\/pages\/133423","targetHints":{"allow":["GET"]}}],"collection":[{"href":"https:\/\/www.zoner.fi\/tuki\/wp-json\/wp\/v2\/pages"}],"about":[{"href":"https:\/\/www.zoner.fi\/tuki\/wp-json\/wp\/v2\/types\/page"}],"author":[{"embeddable":true,"href":"https:\/\/www.zoner.fi\/tuki\/wp-json\/wp\/v2\/users\/18"}],"replies":[{"embeddable":true,"href":"https:\/\/www.zoner.fi\/tuki\/wp-json\/wp\/v2\/comments?post=133423"}],"version-history":[{"count":5,"href":"https:\/\/www.zoner.fi\/tuki\/wp-json\/wp\/v2\/pages\/133423\/revisions"}],"predecessor-version":[{"id":137102,"href":"https:\/\/www.zoner.fi\/tuki\/wp-json\/wp\/v2\/pages\/133423\/revisions\/137102"}],"up":[{"embeddable":true,"href":"https:\/\/www.zoner.fi\/tuki\/wp-json\/wp\/v2\/pages\/137385"}],"wp:attachment":[{"href":"https:\/\/www.zoner.fi\/tuki\/wp-json\/wp\/v2\/media?parent=133423"}],"wp:term":[{"taxonomy":"category","embeddable":true,"href":"https:\/\/www.zoner.fi\/tuki\/wp-json\/wp\/v2\/categories?post=133423"},{"taxonomy":"post_tag","embeddable":true,"href":"https:\/\/www.zoner.fi\/tuki\/wp-json\/wp\/v2\/tags?post=133423"},{"taxonomy":"wf_page_folders","embeddable":true,"href":"https:\/\/www.zoner.fi\/tuki\/wp-json\/wp\/v2\/wf_page_folders?post=133423"}],"curies":[{"name":"wp","href":"https:\/\/api.w.org\/{rel}","templated":true}]}}