{"id":133427,"date":"2024-11-12T11:30:41","date_gmt":"2024-11-12T09:30:41","guid":{"rendered":"https:\/\/www.zoner.fi\/tuki\/?page_id=133427"},"modified":"2025-09-25T16:43:14","modified_gmt":"2025-09-25T13:43:14","slug":"some-jakamisen-asetukset-zoner-kotisivukoneessa","status":"publish","type":"page","link":"https:\/\/www.zoner.fi\/tuki\/kotisivukone\/zoner\/some-jakamisen-asetukset-zoner-kotisivukoneessa\/","title":{"rendered":"Some-jakamisen asetukset Zoner Kotisivukoneessa"},"content":{"rendered":"\n<p>Jos kotisivujesi URL-osoite jaetaan sosiaalisessa mediassa, sivuston otsikko ja teksti n\u00e4kyv\u00e4t automaattisesti jaon yhteydess\u00e4. T\u00e4m\u00e4 onnistuu <a href=\"https:\/\/en.wikipedia.org\/wiki\/Facebook_Platform#Open_Graph_protocol\" target=\"_blank\" rel=\"noreferrer noopener\">open graph -teknologian<\/a> avulla, tai  vaihtoehtoisesti\u00a0<a href=\"https:\/\/developer.twitter.com\/en\/docs\/twitter-for-websites\/cards\/overview\/abouts-cards\" target=\"_blank\" rel=\"noreferrer noopener\">Twitter Cards<\/a> -ominaisuuden kautta, jos kotisivujen osoite jaetaan Twitteriss\u00e4.<\/p>\n\n\n\n<p>Optimoi some-jakojen ulkoasu varmistamalla, ett\u00e4 sivustollasi on otsikko ja kuvaus, ja ett\u00e4 olet m\u00e4\u00e4ritt\u00e4nyt some-jakojen kuvan.<\/p>\n\n\n\n<p>Somejaossa n\u00e4kyv\u00e4 sivuston kuvaus on sama kuin metakuvaus, jonka olet kirjoittanut kohdassa Sivuasetukset > SEO. Jos et ole itse kirjoittanut metakuvausta, se luodaan automaattisesti sivusi sis\u00e4ll\u00f6n perusteella. Lue lis\u00e4\u00e4 t\u00e4st\u00e4 oppaasta: <a href=\"https:\/\/www.zoner.fi\/tuki\/kotisivukone\/miten-lisaan-metakuvauksen-zoner-kotisivukoneessa\/\">Miten lis\u00e4\u00e4n metakuvauksen Zoner Kotisivukoneessa?<\/a><\/p>\n\n\n\n<p>N\u00e4in lis\u00e4\u00e4t kuvan, joka n\u00e4kyy sivustosi some-jaoissa:<\/p>\n\n\n\n<ol class=\"wp-block-list\">\n<li>Avaa Zoner Kotisivukoneen editori.<\/li>\n\n\n\n<li>Napsauta oikeassa yl\u00e4kulmassa olevaa valikkoa ja valitse\u00a0<strong>Asetukset<\/strong>.<\/li>\n\n\n\n<li>Napsauta\u00a0<strong>Some-jakaminen<\/strong>\u00a0vasemmalla olevassa valikossa.<\/li>\n\n\n\n<li>Valitse kuva, joka n\u00e4kyy some-jaoissa.<\/li>\n\n\n\n<li>Jos <strong>Esikatselu<\/strong> n\u00e4ytt\u00e4\u00e4 hyv\u00e4lt\u00e4, napsauta\u00a0<strong>Valmis<\/strong>.<\/li>\n\n\n\n<li>Tee muutokset n\u00e4kyviksi verkossa napsauttamalla\u00a0<strong>Tallenna<\/strong>\u00a0ja\u00a0<strong>Julkaise<\/strong>.<\/li>\n<\/ol>\n\n\n\n<p><strong>Vinkki:<\/strong>\u00a0Voit m\u00e4\u00e4ritt\u00e4\u00e4 some-jaoissa n\u00e4kyv\u00e4t kuvat my\u00f6s sivukohtaisesti kohdassa <strong>Sivuasetukset <\/strong>> <strong>Some-jakaminen<\/strong>.<\/p>\n\n\n\n<figure class=\"wp-block-image size-large\"><img loading=\"lazy\" decoding=\"async\" width=\"1024\" height=\"627\" src=\"https:\/\/www.zoner.fi\/tuki\/wp-content\/uploads\/2024\/10\/kotisivukone-some-jaot-1-1024x627.png\" alt=\"\" class=\"wp-image-134252\" srcset=\"https:\/\/www.zoner.fi\/tuki\/wp-content\/uploads\/2024\/10\/kotisivukone-some-jaot-1-1024x627.png 1024w, https:\/\/www.zoner.fi\/tuki\/wp-content\/uploads\/2024\/10\/kotisivukone-some-jaot-1-300x184.png 300w, https:\/\/www.zoner.fi\/tuki\/wp-content\/uploads\/2024\/10\/kotisivukone-some-jaot-1-768x470.png 768w, https:\/\/www.zoner.fi\/tuki\/wp-content\/uploads\/2024\/10\/kotisivukone-some-jaot-1-1536x940.png 1536w, https:\/\/www.zoner.fi\/tuki\/wp-content\/uploads\/2024\/10\/kotisivukone-some-jaot-1.png 2048w\" sizes=\"auto, (max-width: 1024px) 100vw, 1024px\" \/><\/figure>\n","protected":false},"excerpt":{"rendered":"<p>Jos kotisivujesi URL-osoite jaetaan sosiaalisessa mediassa, sivuston otsikko ja teksti n\u00e4kyv\u00e4t automaattisesti jaon yhteydess\u00e4. T\u00e4m\u00e4 onnistuu open graph -teknologian avulla, tai vaihtoehtoisesti\u00a0Twitter Cards -ominaisuuden kautta, jos kotisivujen osoite jaetaan Twitteriss\u00e4. Optimoi some-jakojen ulkoasu varmistamalla, ett\u00e4 sivustollasi on otsikko ja kuvaus, ja ett\u00e4 olet m\u00e4\u00e4ritt\u00e4nyt some-jakojen kuvan. Somejaossa n\u00e4kyv\u00e4 sivuston kuvaus on sama kuin metakuvaus, jonka &#8230; <a title=\"Some-jakamisen asetukset Zoner Kotisivukoneessa\" class=\"read-more\" href=\"https:\/\/www.zoner.fi\/tuki\/kotisivukone\/zoner\/some-jakamisen-asetukset-zoner-kotisivukoneessa\/\" aria-label=\"Lue lis\u00e4\u00e4 aiheesta Some-jakamisen asetukset Zoner Kotisivukoneessa\">Lue lis\u00e4\u00e4<\/a><\/p>\n","protected":false},"author":18,"featured_media":0,"parent":137385,"menu_order":0,"comment_status":"closed","ping_status":"closed","template":"","meta":{"_relevanssi_hide_post":"","_relevanssi_hide_content":"","_relevanssi_pin_for_all":"","_relevanssi_pin_keywords":"","_relevanssi_unpin_keywords":"","_relevanssi_related_keywords":"","_relevanssi_related_include_ids":"","_relevanssi_related_exclude_ids":"","_relevanssi_related_no_append":"","_relevanssi_related_not_related":"","_relevanssi_related_posts":"131550,130269,131535,130440,130616,132144","_relevanssi_noindex_reason":"","footnotes":""},"categories":[166],"tags":[158],"wf_page_folders":[],"class_list":{"0":"post-133427","1":"page","2":"type-page","3":"status-publish","5":"category-zoner-kotisivukone","6":"tag-yleiset"},"_links":{"self":[{"href":"https:\/\/www.zoner.fi\/tuki\/wp-json\/wp\/v2\/pages\/133427","targetHints":{"allow":["GET"]}}],"collection":[{"href":"https:\/\/www.zoner.fi\/tuki\/wp-json\/wp\/v2\/pages"}],"about":[{"href":"https:\/\/www.zoner.fi\/tuki\/wp-json\/wp\/v2\/types\/page"}],"author":[{"embeddable":true,"href":"https:\/\/www.zoner.fi\/tuki\/wp-json\/wp\/v2\/users\/18"}],"replies":[{"embeddable":true,"href":"https:\/\/www.zoner.fi\/tuki\/wp-json\/wp\/v2\/comments?post=133427"}],"version-history":[{"count":2,"href":"https:\/\/www.zoner.fi\/tuki\/wp-json\/wp\/v2\/pages\/133427\/revisions"}],"predecessor-version":[{"id":134253,"href":"https:\/\/www.zoner.fi\/tuki\/wp-json\/wp\/v2\/pages\/133427\/revisions\/134253"}],"up":[{"embeddable":true,"href":"https:\/\/www.zoner.fi\/tuki\/wp-json\/wp\/v2\/pages\/137385"}],"wp:attachment":[{"href":"https:\/\/www.zoner.fi\/tuki\/wp-json\/wp\/v2\/media?parent=133427"}],"wp:term":[{"taxonomy":"category","embeddable":true,"href":"https:\/\/www.zoner.fi\/tuki\/wp-json\/wp\/v2\/categories?post=133427"},{"taxonomy":"post_tag","embeddable":true,"href":"https:\/\/www.zoner.fi\/tuki\/wp-json\/wp\/v2\/tags?post=133427"},{"taxonomy":"wf_page_folders","embeddable":true,"href":"https:\/\/www.zoner.fi\/tuki\/wp-json\/wp\/v2\/wf_page_folders?post=133427"}],"curies":[{"name":"wp","href":"https:\/\/api.w.org\/{rel}","templated":true}]}}