{"id":133432,"date":"2024-11-12T11:31:20","date_gmt":"2024-11-12T09:31:20","guid":{"rendered":"https:\/\/www.zoner.fi\/tuki\/?page_id=133432"},"modified":"2025-09-25T16:42:27","modified_gmt":"2025-09-25T13:42:27","slug":"korosta-verkkokaupan-tuotteita-etiketeilla-ja-alennuksilla","status":"publish","type":"page","link":"https:\/\/www.zoner.fi\/tuki\/kotisivukone\/zoner\/korosta-verkkokaupan-tuotteita-etiketeilla-ja-alennuksilla\/","title":{"rendered":"Korosta verkkokaupan tuotteita etiketeill\u00e4 ja alennuksilla"},"content":{"rendered":"\n<p>Zoner Kotisivukoneen verkkokaupassa on useita ominaisuuksia, joiden avulla voit korostaa kauppasi tuotteita. T\u00e4ss\u00e4 oppaassa n\u00e4yt\u00e4mme, miten voit k\u00e4ytt\u00e4\u00e4 niit\u00e4.<\/p>\n\n\n\n<h2 class=\"wp-block-heading\" id=\"step-1\">Laita yksi tuote alennukseen<\/h2>\n\n\n\n<p>Tuotteen laittaminen alennukseen on yksi tehokkaimmista tavoista lis\u00e4t\u00e4 sen myynti\u00e4.<\/p>\n\n\n\n<p><strong>Laita tuote alennukseen verkkokaupassa n\u00e4in:<\/strong><\/p>\n\n\n\n<ol class=\"wp-block-list\">\n<li>Valitse verkkokaupan hallintapaneelissa kohta\u00a0<strong>Tuotteet<\/strong>\u00a0ja sitten\u00a0<strong>Tuoteluettelo<\/strong>, ja avaa tuote, jonka haluat laittaa alennukseen.<\/li>\n\n\n\n<li>Vierit\u00e4 alas kohtaan\u00a0<strong>Hinnoittelu<\/strong>.<\/li>\n\n\n\n<li>Rastita\u00a0<strong>Alennuksessa<\/strong>-ruutu. Jos tuotteesta on useampia vaihtoehtoja, vierit\u00e4 alas kohtaan\u00a0<strong>Muunnelmat<\/strong>\u00a0ja rastita normaalihinnan vieress\u00e4 oleva valintaruutu, jotta voit sy\u00f6tt\u00e4\u00e4\u00a0<strong>Alennetun hinnan<\/strong>\u00a0sille varattuun kentt\u00e4\u00e4n.<\/li>\n\n\n\n<li>Sy\u00f6t\u00e4 uusi\u00a0<strong>Alennettu hinta<\/strong>.<\/li>\n\n\n\n<li>Klikkaa\u00a0<strong>Tallenna<\/strong>-painiketta n\u00e4yt\u00f6n alareunassa.<\/li>\n<\/ol>\n\n\n\n<figure class=\"wp-block-image size-large\"><img loading=\"lazy\" decoding=\"async\" width=\"1024\" height=\"623\" src=\"https:\/\/www.zoner.fi\/tuki\/wp-content\/uploads\/2024\/10\/verkkokauppa-etiketit-ja-alennukset-1-1024x623.png\" alt=\"\" class=\"wp-image-134256\" srcset=\"https:\/\/www.zoner.fi\/tuki\/wp-content\/uploads\/2024\/10\/verkkokauppa-etiketit-ja-alennukset-1-1024x623.png 1024w, https:\/\/www.zoner.fi\/tuki\/wp-content\/uploads\/2024\/10\/verkkokauppa-etiketit-ja-alennukset-1-300x183.png 300w, https:\/\/www.zoner.fi\/tuki\/wp-content\/uploads\/2024\/10\/verkkokauppa-etiketit-ja-alennukset-1-768x468.png 768w, https:\/\/www.zoner.fi\/tuki\/wp-content\/uploads\/2024\/10\/verkkokauppa-etiketit-ja-alennukset-1.png 1485w\" sizes=\"auto, (max-width: 1024px) 100vw, 1024px\" \/><\/figure>\n\n\n\n<h2 class=\"wp-block-heading\" id=\"step-2\">Lis\u00e4\u00e4 tuotteeseen etiketti<\/h2>\n\n\n\n<p>Voit korostaa tuotetta lis\u00e4\u00e4m\u00e4ll\u00e4 siihen etiketin, jossa voi lukea esimerkiksi &#8221;UUSI&#8221;, &#8221;-50%&#8221;, &#8221;Suosittu&#8221; tai jotakin muuta.<\/p>\n\n\n\n<p>Etiketti sijoitetaan tuotekuvan p\u00e4\u00e4lle. Voit s\u00e4\u00e4t\u00e4\u00e4 etiketin v\u00e4ri\u00e4, fonttia ja sijoittelua Zoner Kotisivukoneen Ominaisuudet-valikossa, joka avautuu oikealle, kun napsautat Verkkokauppa-komponenttia.\u00a0<\/p>\n\n\n\n<p><strong>Etiketin lis\u00e4\u00e4minen tuotteeseen:<\/strong><\/p>\n\n\n\n<ol class=\"wp-block-list\">\n<li>Siirry Verkkokaupan hallintapaneelissa kohtaan\u00a0<strong>Tuotteet<\/strong>\u00a0->\u00a0<strong>Tuoteluettelo<\/strong>, ja avaa tuote, johon haluat lis\u00e4t\u00e4 etiketin.<\/li>\n\n\n\n<li>Vierit\u00e4 alas kohtaan\u00a0<strong>Etiketti<\/strong>.<\/li>\n\n\n\n<li>Kirjoita teksti, jonka haluat etikettiin.<\/li>\n\n\n\n<li>Klikkaa\u00a0<strong>Tallenna<\/strong>-painiketta n\u00e4yt\u00f6n alareunassa.<\/li>\n<\/ol>\n\n\n\n<figure class=\"wp-block-image size-large\"><img loading=\"lazy\" decoding=\"async\" width=\"1024\" height=\"623\" src=\"https:\/\/www.zoner.fi\/tuki\/wp-content\/uploads\/2024\/10\/verkkokauppa-etiketit-ja-alennukset-2-1024x623.png\" alt=\"\" class=\"wp-image-134258\" srcset=\"https:\/\/www.zoner.fi\/tuki\/wp-content\/uploads\/2024\/10\/verkkokauppa-etiketit-ja-alennukset-2-1024x623.png 1024w, https:\/\/www.zoner.fi\/tuki\/wp-content\/uploads\/2024\/10\/verkkokauppa-etiketit-ja-alennukset-2-300x183.png 300w, https:\/\/www.zoner.fi\/tuki\/wp-content\/uploads\/2024\/10\/verkkokauppa-etiketit-ja-alennukset-2-768x468.png 768w, https:\/\/www.zoner.fi\/tuki\/wp-content\/uploads\/2024\/10\/verkkokauppa-etiketit-ja-alennukset-2.png 1485w\" sizes=\"auto, (max-width: 1024px) 100vw, 1024px\" \/><\/figure>\n\n\n\n<p><strong>Vinkki:&nbsp;<\/strong>Korosta etiketill\u00e4 alennushintaa esimerkiksi lis\u00e4\u00e4m\u00e4ll\u00e4 siihen teksti &#8221;ALE&#8221; tai &#8221;-30 %&#8221;.<\/p>\n\n\n\n<h2 class=\"wp-block-heading\" id=\"h_01J6W3YHPAZC6N047E4XHNNRM8\">N\u00e4yt\u00e4 alennukset etiketill\u00e4<\/h2>\n\n\n\n<p>Jos sinulla on useita tuotteita koskeva alennus, voit helposti luoda etiketin, joka n\u00e4kyy automaattisesti kaikissa tuotteissa. N\u00e4in sinun ei tarvitse lis\u00e4t\u00e4 etikettej\u00e4 tuotteisiin yksitellen.<\/p>\n\n\n\n<p><strong>Korosta alennusta etiketill\u00e4:<\/strong><\/p>\n\n\n\n<ol class=\"wp-block-list\">\n<li>Siirry verkkokaupan hallintapaneeliin ja napsauta vasemmassa valikossa kohtaa\u00a0<strong>Markkinointi<\/strong>\u00a0ja sitten\u00a0<strong>Alennukset<\/strong>.<\/li>\n\n\n\n<li>Napsauta olemassa olevaa alennusta tai\u00a0<a href=\"https:\/\/www.zoner.fi\/tuki\/kotisivukone\/kuinka-luon-alennuksen-verkkokauppaani\/\">luo uusi<\/a>.<\/li>\n\n\n\n<li>Valitse\u00a0<strong>K\u00e4ytt\u00f6kohde<\/strong>-kohdassa ne tuotteet, joita alennus koskee. N\u00e4et seuraavan vaiheen vasta sitten, kun olet valinnut v\u00e4hint\u00e4\u00e4n yhden tuotteen.<\/li>\n\n\n\n<li>Valitse\u00a0<strong>Etiketti<\/strong>-kohdassa kytkin tekstill\u00e4\u00a0<strong>N\u00e4yt\u00e4 etiketti<\/strong>\u00a0ja lis\u00e4\u00e4 etiketin teksti n\u00e4kyviin tulevaan kentt\u00e4\u00e4n.<\/li>\n\n\n\n<li>Napsauta\u00a0<strong>Tallenna<\/strong>-painiketta sivun alareunassa.<\/li>\n<\/ol>\n\n\n\n<p>Kaikissa verkkokauppasi alennetuissa tuotteissa n\u00e4kyy nyt alennusetiketti.<\/p>\n\n\n\n<p><strong>Vinkki:<\/strong>\u00a0Voit muokata etiketin tyyli\u00e4 ja sijoittelua Zoner Kotisivukoneen editorissa. Napsauta\u00a0<strong>Verkkokauppakomponenttia<\/strong>\u00a0ja sitten kohtaa\u00a0<strong>Muokkaa verkkokauppaa<\/strong>\u00a0komponentin yl\u00e4- tai alapuolella olevassa palkissa. Valitse n\u00e4kyviin tulevasta kelluvasta valikosta\u00a0<strong>Etiketit<\/strong>, niin n\u00e4et etiketin tyylivaihtoehdot.<\/p>\n\n\n\n<figure class=\"wp-block-image size-large\"><img loading=\"lazy\" decoding=\"async\" width=\"1024\" height=\"643\" src=\"https:\/\/www.zoner.fi\/tuki\/wp-content\/uploads\/2024\/10\/verkkokauppa-etiketit-ja-alennukset-3-1024x643.png\" alt=\"\" class=\"wp-image-134259\" srcset=\"https:\/\/www.zoner.fi\/tuki\/wp-content\/uploads\/2024\/10\/verkkokauppa-etiketit-ja-alennukset-3-1024x643.png 1024w, https:\/\/www.zoner.fi\/tuki\/wp-content\/uploads\/2024\/10\/verkkokauppa-etiketit-ja-alennukset-3-300x188.png 300w, https:\/\/www.zoner.fi\/tuki\/wp-content\/uploads\/2024\/10\/verkkokauppa-etiketit-ja-alennukset-3-768x482.png 768w, https:\/\/www.zoner.fi\/tuki\/wp-content\/uploads\/2024\/10\/verkkokauppa-etiketit-ja-alennukset-3-1536x964.png 1536w, https:\/\/www.zoner.fi\/tuki\/wp-content\/uploads\/2024\/10\/verkkokauppa-etiketit-ja-alennukset-3.png 1872w\" sizes=\"auto, (max-width: 1024px) 100vw, 1024px\" \/><\/figure>\n\n\n\n<h2 class=\"wp-block-heading\" id=\"h_01J6Y0MNDEYJVJRSBFCCJMXZ0Q\">N\u00e4yt\u00e4 alennuksen tiedot tuotewidgeteiss\u00e4 tai -sivuilla<\/h2>\n\n\n\n<p>Voit lis\u00e4t\u00e4 alennuksen tiedot tuotesivuille ja yhden tuotteen widgetiin Zoner Kotisivukoneessa. Kerro esimerkiksi, miten alennusta k\u00e4ytet\u00e4\u00e4n.<\/p>\n\n\n\n<ol class=\"wp-block-list\">\n<li>Siirry verkkokaupan hallintapaneeliin ja napsauta vasemmassa valikossa\u00a0<strong>Markkinointi<\/strong>\u00a0ja\u00a0<strong>Alennukset<\/strong>\u00a0.<\/li>\n\n\n\n<li>Napsauta olemassa olevaa alennusta tai\u00a0<a href=\"https:\/\/www.zoner.fi\/tuki\/kotisivukone\/kuinka-luon-alennuksen-verkkokauppaani\/\">luo uusi<\/a>.\u00a0<\/li>\n\n\n\n<li>Valitse\u00a0<strong>K\u00e4ytt\u00f6kohde<\/strong>-kohdassa ne tuotteet, joita alennus koskee. N\u00e4et seuraavan vaiheen vasta sitten, kun olet valinnut v\u00e4hint\u00e4\u00e4n yhden tuotteen.<\/li>\n\n\n\n<li><strong>Alennuksen tiedot<\/strong>-kohdassa siirr\u00e4 kytkin kohtaan, jossa lukee\u00a0<strong>N\u00e4yt\u00e4 alennuksen tiedot<\/strong>. Kirjoita tiedot n\u00e4kyviin tulevaan kentt\u00e4\u00e4n. Voit antaa esimerkiksi ohjeet alennuksen k\u00e4ytt\u00e4miseen: &#8221;K\u00e4yt\u00e4 kassalla koodia KES\u00c4ALE niin saat 50 % alennuksen tilauksestasi&#8221;.<\/li>\n<\/ol>\n\n\n\n<figure class=\"wp-block-image size-large\"><img loading=\"lazy\" decoding=\"async\" width=\"1024\" height=\"609\" src=\"https:\/\/www.zoner.fi\/tuki\/wp-content\/uploads\/2024\/10\/verkkokauppa-etiketit-ja-alennukset-4-1024x609.png\" alt=\"\" class=\"wp-image-134260\" srcset=\"https:\/\/www.zoner.fi\/tuki\/wp-content\/uploads\/2024\/10\/verkkokauppa-etiketit-ja-alennukset-4-1024x609.png 1024w, https:\/\/www.zoner.fi\/tuki\/wp-content\/uploads\/2024\/10\/verkkokauppa-etiketit-ja-alennukset-4-300x178.png 300w, https:\/\/www.zoner.fi\/tuki\/wp-content\/uploads\/2024\/10\/verkkokauppa-etiketit-ja-alennukset-4-768x457.png 768w, https:\/\/www.zoner.fi\/tuki\/wp-content\/uploads\/2024\/10\/verkkokauppa-etiketit-ja-alennukset-4-1536x913.png 1536w, https:\/\/www.zoner.fi\/tuki\/wp-content\/uploads\/2024\/10\/verkkokauppa-etiketit-ja-alennukset-4.png 1874w\" sizes=\"auto, (max-width: 1024px) 100vw, 1024px\" \/><\/figure>\n\n\n\n<h2 class=\"wp-block-heading\" id=\"step-3\">Esittele tuotteita etusivulla<\/h2>\n\n\n\n<p>Voit lis\u00e4t\u00e4 tuotteiden n\u00e4kyvyytt\u00e4 lis\u00e4\u00e4m\u00e4ll\u00e4 niit\u00e4 eri puolille sivustoasi, esimerkiksi etusivulle. Zoner Kotisivukoneessa on kaksi widgetti\u00e4, joilla voit korostaa yht\u00e4 tai useampaa tuotetta sivustollasi:\u00a0<strong>Tuote-elementti<\/strong>\u00a0ja\u00a0<strong>Kaikki tuotteet -ruudukko<\/strong>. Voit lukea lis\u00e4\u00e4 eri verkkokauppa-komponenteista\u00a0<a href=\"https:\/\/www.zoner.fi\/tuki\/kotisivukone\/miten-upotan-verkkokaupan-tuotteita-zoner-kotisivukone-sivustolleni\/\">t\u00e4st\u00e4 oppaasta<\/a>.<\/p>\n\n\n\n<p><strong>Lis\u00e4\u00e4 tuote-widget etusivulle n\u00e4in:<\/strong><\/p>\n\n\n\n<ol class=\"wp-block-list\">\n<li>Avaa etusivusi Zoner Kotisivukoneessa.<\/li>\n\n\n\n<li>Klikkaa vasemmalla olevassa valikossa <strong>Verkkokauppa<\/strong> ja valitse\u00a0<strong>Tuote-elementti<\/strong>\u00a0(yksitt\u00e4inen tuote) tai\u00a0<strong>Kaikki tuotteet -ruudukko<\/strong>\u00a0(valikoima tuotteita).<\/li>\n\n\n\n<li>Valitse tuotteet, jotka haluat n\u00e4ytt\u00e4\u00e4, ja klikkaa\u00a0<strong>Lis\u00e4\u00e4 sivulle<\/strong>.<\/li>\n\n\n\n<li>Ved\u00e4 komponentti kohtaan, jossa haluat sen n\u00e4kyv\u00e4n etusivullasi.<\/li>\n\n\n\n<li>Klikkaa\u00a0<strong>Muokkaa<\/strong>\u00a0<strong>tuote-elementti\u00e4 \/ Muokkaa verkkokauppaa<\/strong>, jos haluat muuttaa komponentin tyyli\u00e4.<\/li>\n\n\n\n<li>Klikkaa\u00a0<strong>Tallenna<\/strong>\u00a0ja sitten\u00a0<strong>Julkaise<\/strong>, jotta tuotteet n\u00e4kyv\u00e4t k\u00e4vij\u00f6illesi.<\/li>\n<\/ol>\n\n\n\n<figure class=\"wp-block-image size-full\"><img loading=\"lazy\" decoding=\"async\" width=\"716\" height=\"485\" src=\"https:\/\/www.zoner.fi\/tuki\/wp-content\/uploads\/2024\/10\/verkkokauppa-etiketit-ja-alennukset-5.png\" alt=\"\" class=\"wp-image-134261\" srcset=\"https:\/\/www.zoner.fi\/tuki\/wp-content\/uploads\/2024\/10\/verkkokauppa-etiketit-ja-alennukset-5.png 716w, https:\/\/www.zoner.fi\/tuki\/wp-content\/uploads\/2024\/10\/verkkokauppa-etiketit-ja-alennukset-5-300x203.png 300w\" sizes=\"auto, (max-width: 716px) 100vw, 716px\" \/><\/figure>\n","protected":false},"excerpt":{"rendered":"<p>Zoner Kotisivukoneen verkkokaupassa on useita ominaisuuksia, joiden avulla voit korostaa kauppasi tuotteita. T\u00e4ss\u00e4 oppaassa n\u00e4yt\u00e4mme, miten voit k\u00e4ytt\u00e4\u00e4 niit\u00e4. Laita yksi tuote alennukseen Tuotteen laittaminen alennukseen on yksi tehokkaimmista tavoista lis\u00e4t\u00e4 sen myynti\u00e4. Laita tuote alennukseen verkkokaupassa n\u00e4in: Lis\u00e4\u00e4 tuotteeseen etiketti Voit korostaa tuotetta lis\u00e4\u00e4m\u00e4ll\u00e4 siihen etiketin, jossa voi lukea esimerkiksi &#8221;UUSI&#8221;, &#8221;-50%&#8221;, &#8221;Suosittu&#8221; tai &#8230; <a title=\"Korosta verkkokaupan tuotteita etiketeill\u00e4 ja alennuksilla\" class=\"read-more\" href=\"https:\/\/www.zoner.fi\/tuki\/kotisivukone\/zoner\/korosta-verkkokaupan-tuotteita-etiketeilla-ja-alennuksilla\/\" aria-label=\"Lue lis\u00e4\u00e4 aiheesta Korosta verkkokaupan tuotteita etiketeill\u00e4 ja alennuksilla\">Lue lis\u00e4\u00e4<\/a><\/p>\n","protected":false},"author":18,"featured_media":0,"parent":137385,"menu_order":0,"comment_status":"closed","ping_status":"closed","template":"","meta":{"_relevanssi_hide_post":"","_relevanssi_hide_content":"","_relevanssi_pin_for_all":"","_relevanssi_pin_keywords":"","_relevanssi_unpin_keywords":"","_relevanssi_related_keywords":"","_relevanssi_related_include_ids":"","_relevanssi_related_exclude_ids":"","_relevanssi_related_no_append":"","_relevanssi_related_not_related":"","_relevanssi_related_posts":"130657,1076,130667,132301,132393,131384","_relevanssi_noindex_reason":"","footnotes":""},"categories":[166],"tags":[163],"wf_page_folders":[],"class_list":{"0":"post-133432","1":"page","2":"type-page","3":"status-publish","5":"category-zoner-kotisivukone","6":"tag-verkkokauppa"},"_links":{"self":[{"href":"https:\/\/www.zoner.fi\/tuki\/wp-json\/wp\/v2\/pages\/133432","targetHints":{"allow":["GET"]}}],"collection":[{"href":"https:\/\/www.zoner.fi\/tuki\/wp-json\/wp\/v2\/pages"}],"about":[{"href":"https:\/\/www.zoner.fi\/tuki\/wp-json\/wp\/v2\/types\/page"}],"author":[{"embeddable":true,"href":"https:\/\/www.zoner.fi\/tuki\/wp-json\/wp\/v2\/users\/18"}],"replies":[{"embeddable":true,"href":"https:\/\/www.zoner.fi\/tuki\/wp-json\/wp\/v2\/comments?post=133432"}],"version-history":[{"count":4,"href":"https:\/\/www.zoner.fi\/tuki\/wp-json\/wp\/v2\/pages\/133432\/revisions"}],"predecessor-version":[{"id":134265,"href":"https:\/\/www.zoner.fi\/tuki\/wp-json\/wp\/v2\/pages\/133432\/revisions\/134265"}],"up":[{"embeddable":true,"href":"https:\/\/www.zoner.fi\/tuki\/wp-json\/wp\/v2\/pages\/137385"}],"wp:attachment":[{"href":"https:\/\/www.zoner.fi\/tuki\/wp-json\/wp\/v2\/media?parent=133432"}],"wp:term":[{"taxonomy":"category","embeddable":true,"href":"https:\/\/www.zoner.fi\/tuki\/wp-json\/wp\/v2\/categories?post=133432"},{"taxonomy":"post_tag","embeddable":true,"href":"https:\/\/www.zoner.fi\/tuki\/wp-json\/wp\/v2\/tags?post=133432"},{"taxonomy":"wf_page_folders","embeddable":true,"href":"https:\/\/www.zoner.fi\/tuki\/wp-json\/wp\/v2\/wf_page_folders?post=133432"}],"curies":[{"name":"wp","href":"https:\/\/api.w.org\/{rel}","templated":true}]}}