{"id":133434,"date":"2024-11-12T12:46:32","date_gmt":"2024-11-12T10:46:32","guid":{"rendered":"https:\/\/www.zoner.fi\/tuki\/?page_id=133434"},"modified":"2025-09-25T16:42:44","modified_gmt":"2025-09-25T13:42:44","slug":"miten-julkaisen-verkkokauppani","status":"publish","type":"page","link":"https:\/\/www.zoner.fi\/tuki\/kotisivukone\/zoner\/miten-julkaisen-verkkokauppani\/","title":{"rendered":"Miten julkaisen verkkokauppani?"},"content":{"rendered":"\n<p>T\u00e4ss\u00e4 oppaassa n\u00e4yt\u00e4mme, miten voit julkaista verkkokaupan Zoner Kotisivukone -sivustollasi.<\/p>\n\n\n\n<h2 class=\"wp-block-heading\" id=\"step-1\">Kaupan julkaiseminen Zoner Kotisivukoneessa<\/h2>\n\n\n\n<p>Lis\u00e4\u00e4 verkkokauppa ensin Zoner Kotisivukone -sivustollesi ja julkaise sivusto uudelleen. Verkkokauppa ja Zoner Kotisivukone ovat 100 % yhteensopivia.<\/p>\n\n\n\n<p>Huomaa, ett\u00e4 sinun on suoritettava\u00a0<strong>Verkkokaupan perehdytys<\/strong>, ennen kuin voit tehd\u00e4 seuraavat vaiheet ja julkaista kauppasi Zoner kotisivukoneessa.<\/p>\n\n\n\n<ol class=\"wp-block-list\">\n<li>Avaa Zoner kotisivukone. Valitse vasemmasta valikosta <strong>Verkkokauppa<\/strong>.<\/li>\n\n\n\n<li>Valitse&nbsp;<strong>Kaikki tuotteet -ruudukko<\/strong>&nbsp;-komponentti ja ved\u00e4 se sivullesi.<\/li>\n\n\n\n<li>S\u00e4\u00e4d\u00e4 kaupan&nbsp;tyyli\u00e4 ja ulkoasua.<\/li>\n\n\n\n<li><strong>Tallenna<\/strong>&nbsp;ja&nbsp;<strong>julkaise<\/strong>&nbsp;verkkosivustosi.<\/li>\n<\/ol>\n\n\n\n<p><strong>Vinkki<\/strong>:&nbsp;<strong>Kaikki tuotteet -ruudukko<\/strong>&nbsp;on suurin verkkokauppa-komponentti, ja se n\u00e4ytt\u00e4\u00e4 nimens\u00e4 mukaisesti kaikki kauppasi tuotteet. Muiden widgettien avulla voit mainostaa sivustollasi my\u00f6s yksitt\u00e4isi\u00e4 tuotteita. Lue lis\u00e4\u00e4 oppaastamme:&nbsp;<a href=\"https:\/\/www.zoner.fi\/tuki\/kotisivukone\/miten-upotan-verkkokaupan-tuotteita-zoner-kotisivukone-sivustolleni\/\">Miten upotan verkkokaupan tuotteita Zoner Kotisivukone -sivustolleni?<\/a><\/p>\n\n\n\n<figure class=\"wp-block-image size-full\"><img loading=\"lazy\" decoding=\"async\" width=\"482\" height=\"818\" src=\"https:\/\/www.zoner.fi\/tuki\/wp-content\/uploads\/2024\/11\/verkkokauppa-kotisivukone-1-1.png\" alt=\"\" class=\"wp-image-134621\" srcset=\"https:\/\/www.zoner.fi\/tuki\/wp-content\/uploads\/2024\/11\/verkkokauppa-kotisivukone-1-1.png 482w, https:\/\/www.zoner.fi\/tuki\/wp-content\/uploads\/2024\/11\/verkkokauppa-kotisivukone-1-1-177x300.png 177w\" sizes=\"auto, (max-width: 482px) 100vw, 482px\" \/><\/figure>\n","protected":false},"excerpt":{"rendered":"<p>T\u00e4ss\u00e4 oppaassa n\u00e4yt\u00e4mme, miten voit julkaista verkkokaupan Zoner Kotisivukone -sivustollasi. Kaupan julkaiseminen Zoner Kotisivukoneessa Lis\u00e4\u00e4 verkkokauppa ensin Zoner Kotisivukone -sivustollesi ja julkaise sivusto uudelleen. Verkkokauppa ja Zoner Kotisivukone ovat 100 % yhteensopivia. Huomaa, ett\u00e4 sinun on suoritettava\u00a0Verkkokaupan perehdytys, ennen kuin voit tehd\u00e4 seuraavat vaiheet ja julkaista kauppasi Zoner kotisivukoneessa. Vinkki:&nbsp;Kaikki tuotteet -ruudukko&nbsp;on suurin verkkokauppa-komponentti, ja &#8230; <a title=\"Miten julkaisen verkkokauppani?\" class=\"read-more\" href=\"https:\/\/www.zoner.fi\/tuki\/kotisivukone\/zoner\/miten-julkaisen-verkkokauppani\/\" aria-label=\"Lue lis\u00e4\u00e4 aiheesta Miten julkaisen verkkokauppani?\">Lue lis\u00e4\u00e4<\/a><\/p>\n","protected":false},"author":18,"featured_media":0,"parent":137385,"menu_order":0,"comment_status":"closed","ping_status":"closed","template":"","meta":{"_relevanssi_hide_post":"","_relevanssi_hide_content":"","_relevanssi_pin_for_all":"","_relevanssi_pin_keywords":"","_relevanssi_unpin_keywords":"","_relevanssi_related_keywords":"","_relevanssi_related_include_ids":"","_relevanssi_related_exclude_ids":"","_relevanssi_related_no_append":"","_relevanssi_related_not_related":"","_relevanssi_related_posts":"132336,130616,132584,130450,132244,130935","_relevanssi_noindex_reason":"","footnotes":""},"categories":[166],"tags":[163],"wf_page_folders":[],"class_list":{"0":"post-133434","1":"page","2":"type-page","3":"status-publish","5":"category-zoner-kotisivukone","6":"tag-verkkokauppa"},"_links":{"self":[{"href":"https:\/\/www.zoner.fi\/tuki\/wp-json\/wp\/v2\/pages\/133434","targetHints":{"allow":["GET"]}}],"collection":[{"href":"https:\/\/www.zoner.fi\/tuki\/wp-json\/wp\/v2\/pages"}],"about":[{"href":"https:\/\/www.zoner.fi\/tuki\/wp-json\/wp\/v2\/types\/page"}],"author":[{"embeddable":true,"href":"https:\/\/www.zoner.fi\/tuki\/wp-json\/wp\/v2\/users\/18"}],"replies":[{"embeddable":true,"href":"https:\/\/www.zoner.fi\/tuki\/wp-json\/wp\/v2\/comments?post=133434"}],"version-history":[{"count":3,"href":"https:\/\/www.zoner.fi\/tuki\/wp-json\/wp\/v2\/pages\/133434\/revisions"}],"predecessor-version":[{"id":134622,"href":"https:\/\/www.zoner.fi\/tuki\/wp-json\/wp\/v2\/pages\/133434\/revisions\/134622"}],"up":[{"embeddable":true,"href":"https:\/\/www.zoner.fi\/tuki\/wp-json\/wp\/v2\/pages\/137385"}],"wp:attachment":[{"href":"https:\/\/www.zoner.fi\/tuki\/wp-json\/wp\/v2\/media?parent=133434"}],"wp:term":[{"taxonomy":"category","embeddable":true,"href":"https:\/\/www.zoner.fi\/tuki\/wp-json\/wp\/v2\/categories?post=133434"},{"taxonomy":"post_tag","embeddable":true,"href":"https:\/\/www.zoner.fi\/tuki\/wp-json\/wp\/v2\/tags?post=133434"},{"taxonomy":"wf_page_folders","embeddable":true,"href":"https:\/\/www.zoner.fi\/tuki\/wp-json\/wp\/v2\/wf_page_folders?post=133434"}],"curies":[{"name":"wp","href":"https:\/\/api.w.org\/{rel}","templated":true}]}}