{"id":133436,"date":"2024-11-12T11:32:27","date_gmt":"2024-11-12T09:32:27","guid":{"rendered":"https:\/\/www.zoner.fi\/tuki\/?page_id=133436"},"modified":"2026-03-19T08:15:46","modified_gmt":"2026-03-19T06:15:46","slug":"lahjakortit-verkkokaupassa","status":"publish","type":"page","link":"https:\/\/www.zoner.fi\/tuki\/kotisivukone\/zoner\/lahjakortit-verkkokaupassa\/","title":{"rendered":"Lahjakortit verkkokaupassa"},"content":{"rendered":"\n<p>Zoner Kotisivukone -verkkokaupassa voi myyd\u00e4 my\u00f6s lahjakortteja. Asiakas voi k\u00e4ytt\u00e4\u00e4 lahjakortilla olevan rahasumman tehdess\u00e4\u00e4n ostoksia verkkokaupassasi tai myym\u00e4l\u00e4ss\u00e4si.<\/p>\n\n\n\n<p>T\u00e4ss\u00e4 oppaassa n\u00e4yt\u00e4mme, miten voit luoda ja hallita lahjakortteja verkkokauppasi hallintapaneelissa, sek\u00e4 miten asiakkaat voivat k\u00e4ytt\u00e4\u00e4 lahjakortteja kaupassasi.<\/p>\n\n\n\n<h2 class=\"wp-block-heading\" id=\"step-1\">Lis\u00e4\u00e4 lahjakortti verkkokauppaasi<\/h2>\n\n\n\n<p>Lis\u00e4\u00e4 lahjakortti kauppaasi n\u00e4in:<\/p>\n\n\n\n<ol class=\"wp-block-list\">\n<li>Siirry&nbsp;<strong>Verkkokaupan<\/strong>&nbsp;hallintapaneeliin.<\/li>\n\n\n\n<li>Klikkaa vasemmalla olevasta valikosta&nbsp;<strong>Lahjakortit<\/strong>&nbsp;ja siirry&nbsp;<strong>Lahjakorttiluetteloon<\/strong>.<\/li>\n\n\n\n<li>Klikkaa sinist\u00e4&nbsp;<strong>Lis\u00e4\u00e4 lahjakortti<\/strong>&nbsp;-painiketta.<\/li>\n\n\n\n<li>Anna lahjakorttisi tiedot, kuten nimi, kuvaus, kuva, voimassaolo ja summa.&nbsp;<\/li>\n\n\n\n<li>Kun olet valmis, napsauta&nbsp;<strong>Tallenna<\/strong>&nbsp;n\u00e4yt\u00f6n alareunassa.<\/li>\n<\/ol>\n\n\n\n<p>Voit lis\u00e4t\u00e4 samaan lahjakorttiin useita erihintaisia vaihtoehtoja.<\/p>\n\n\n\n<figure class=\"wp-block-image size-large\"><img loading=\"lazy\" decoding=\"async\" width=\"1024\" height=\"609\" src=\"https:\/\/www.zoner.fi\/tuki\/wp-content\/uploads\/2024\/10\/verkkokauppa-lahjakortit-1-1024x609.png\" alt=\"\" class=\"wp-image-134269\" srcset=\"https:\/\/www.zoner.fi\/tuki\/wp-content\/uploads\/2024\/10\/verkkokauppa-lahjakortit-1-1024x609.png 1024w, https:\/\/www.zoner.fi\/tuki\/wp-content\/uploads\/2024\/10\/verkkokauppa-lahjakortit-1-300x178.png 300w, https:\/\/www.zoner.fi\/tuki\/wp-content\/uploads\/2024\/10\/verkkokauppa-lahjakortit-1-768x457.png 768w, https:\/\/www.zoner.fi\/tuki\/wp-content\/uploads\/2024\/10\/verkkokauppa-lahjakortit-1.png 1502w\" sizes=\"auto, (max-width: 1024px) 100vw, 1024px\" \/><\/figure>\n\n\n\n<h2 class=\"wp-block-heading\" id=\"step-2\">Hallitse verkkokaupan lahjakortteja<\/h2>\n\n\n\n<p>Kun olet myynyt lahjakortin tai hyvitt\u00e4nyt maksun lahjakortilla, voit hallita niit\u00e4 kohdassa&nbsp;<strong>Tilaukset<\/strong>.<\/p>\n\n\n\n<ol class=\"wp-block-list\">\n<li>Avaa&nbsp;<strong>Verkkokaupan<\/strong>&nbsp;hallintapaneeli.<\/li>\n\n\n\n<li>Valitse vasemmalla olevasta valikosta&nbsp;<strong>Lahjakortit<\/strong>&nbsp;ja sitten&nbsp;<strong>Myynti<\/strong>.<\/li>\n\n\n\n<li>T\u00e4ll\u00e4 sivulla n\u00e4et kaikki myym\u00e4si tai my\u00f6nt\u00e4m\u00e4si lahjakortit saldoineen. Saldossa n\u00e4kyy lahjakortin k\u00e4ytett\u00e4viss\u00e4 oleva summa \/ lahjakortin alkuper\u00e4inen kokonaissumma. Esimerkiksi 20,00 \u20ac\/50,00 \u20ac tarkoittaa, ett\u00e4 lahjakortin haltija on k\u00e4ytt\u00e4nyt t\u00e4h\u00e4n menness\u00e4 30,00\u20ac, ja lahjakortilla on j\u00e4ljell\u00e4 20,00\u20ac.<\/li>\n<\/ol>\n\n\n\n<p><strong>Huomaa<\/strong>: Lahjakorttien SKU:ta tai varastosaldoa ei voi m\u00e4\u00e4ritt\u00e4\u00e4.<\/p>\n\n\n\n<figure class=\"wp-block-image size-large\"><img loading=\"lazy\" decoding=\"async\" width=\"1024\" height=\"644\" src=\"https:\/\/www.zoner.fi\/tuki\/wp-content\/uploads\/2024\/10\/verkkokauppa-lahjakortit-2-1024x644.png\" alt=\"\" class=\"wp-image-134270\" srcset=\"https:\/\/www.zoner.fi\/tuki\/wp-content\/uploads\/2024\/10\/verkkokauppa-lahjakortit-2-1024x644.png 1024w, https:\/\/www.zoner.fi\/tuki\/wp-content\/uploads\/2024\/10\/verkkokauppa-lahjakortit-2-300x189.png 300w, https:\/\/www.zoner.fi\/tuki\/wp-content\/uploads\/2024\/10\/verkkokauppa-lahjakortit-2-768x483.png 768w, https:\/\/www.zoner.fi\/tuki\/wp-content\/uploads\/2024\/10\/verkkokauppa-lahjakortit-2.png 1502w\" sizes=\"auto, (max-width: 1024px) 100vw, 1024px\" \/><\/figure>\n\n\n\n<h2 class=\"wp-block-heading\" id=\"step-3\">Lahjakortin ostaminen<\/h2>\n\n\n\n<p>Kun asiakas ostaa lahjakortin verkkokaupastasi, h\u00e4n saa siit\u00e4 aluksi tilausvahvistuksen s\u00e4hk\u00f6postitse. Kun tilaus on merkitty verkkokaupan hallintapaneelissa maksetuksi, varsinainen lahjakortti l\u00e4hetet\u00e4\u00e4n h\u00e4nelle uudessa s\u00e4hk\u00f6postiviestiss\u00e4.<\/p>\n\n\n\n<p>Jos haluat l\u00e4hett\u00e4\u00e4 tilausvahvistuksen tai lahjakortin uudelleen, voit tehd\u00e4 sen verkkokaupan hallintapaneelin tilaussivulta: siirry kohtaan&nbsp;<strong>Tilaukset<\/strong>&nbsp;-&gt;&nbsp;<strong>Nykyiset<\/strong>, valitse tilaus, ja vierit\u00e4 alas kohtaan&nbsp;<strong>Tilaushistoria<\/strong>&nbsp;n\u00e4hd\u00e4ksesi k\u00e4ytett\u00e4viss\u00e4 olevat vaihtoehdot.<\/p>\n\n\n\n<figure class=\"wp-block-image size-large\"><img loading=\"lazy\" decoding=\"async\" width=\"1024\" height=\"642\" src=\"https:\/\/www.zoner.fi\/tuki\/wp-content\/uploads\/2024\/10\/verkkokauppa-lahjakortit-3-1024x642.png\" alt=\"\" class=\"wp-image-134271\" srcset=\"https:\/\/www.zoner.fi\/tuki\/wp-content\/uploads\/2024\/10\/verkkokauppa-lahjakortit-3-1024x642.png 1024w, https:\/\/www.zoner.fi\/tuki\/wp-content\/uploads\/2024\/10\/verkkokauppa-lahjakortit-3-300x188.png 300w, https:\/\/www.zoner.fi\/tuki\/wp-content\/uploads\/2024\/10\/verkkokauppa-lahjakortit-3-768x481.png 768w, https:\/\/www.zoner.fi\/tuki\/wp-content\/uploads\/2024\/10\/verkkokauppa-lahjakortit-3.png 1502w\" sizes=\"auto, (max-width: 1024px) 100vw, 1024px\" \/><\/figure>\n\n\n\n<h2 class=\"wp-block-heading\" id=\"step-4\">Miten lahjakorttia k\u00e4ytet\u00e4\u00e4n?<\/h2>\n\n\n\n<p>Asiakas voi k\u00e4ytt\u00e4\u00e4 lahjakorttia sy\u00f6tt\u00e4m\u00e4ll\u00e4 sen koodin kaupan kassalla. Koodi sy\u00f6tet\u00e4\u00e4n kassasivun yl\u00e4osassa olevaan kentt\u00e4\u00e4n&nbsp;<strong>Lahjakortti tai alennuskoodi<\/strong>, ja lahjakortin summa v\u00e4hennet\u00e4\u00e4n automaattisesti tilauksen kokonaissummasta.<\/p>\n\n\n\n<p>Kun lahjakortti on lunastettu, sen saldo p\u00e4ivittyy automaattisesti verkkokaupan hallintapaneelin kohtaan <strong>Lahjakortit <\/strong>-&gt; <strong>Myynti<\/strong>.<\/p>\n\n\n\n<figure class=\"wp-block-image size-large\"><img loading=\"lazy\" decoding=\"async\" width=\"1024\" height=\"682\" src=\"https:\/\/www.zoner.fi\/tuki\/wp-content\/uploads\/2024\/10\/verkkokauppa-lahjakortit-4-1024x682.png\" alt=\"\" class=\"wp-image-134272\" srcset=\"https:\/\/www.zoner.fi\/tuki\/wp-content\/uploads\/2024\/10\/verkkokauppa-lahjakortit-4-1024x682.png 1024w, https:\/\/www.zoner.fi\/tuki\/wp-content\/uploads\/2024\/10\/verkkokauppa-lahjakortit-4-300x200.png 300w, https:\/\/www.zoner.fi\/tuki\/wp-content\/uploads\/2024\/10\/verkkokauppa-lahjakortit-4-768x512.png 768w, https:\/\/www.zoner.fi\/tuki\/wp-content\/uploads\/2024\/10\/verkkokauppa-lahjakortit-4.png 1502w\" sizes=\"auto, (max-width: 1024px) 100vw, 1024px\" \/><\/figure>\n\n\n\n<h2 class=\"wp-block-heading\" id=\"step-5\">Lahjakortin lunastaminen manuaalisesti<\/h2>\n\n\n\n<p>Lahjakortin voi lunastaa my\u00f6s manuaalisesti verkkokaupan hallintapaneelissa. T\u00e4st\u00e4 voi olla hy\u00f6ty\u00e4, jos sinulla on my\u00f6s kivijalkakauppa, jossa hyv\u00e4ksyt lahjakorttimaksuja.<\/p>\n\n\n\n<ol class=\"wp-block-list\">\n<li>Avaa&nbsp;<strong>Verkkokaupan<\/strong>&nbsp;hallintapaneeli.<\/li>\n\n\n\n<li>Valitse vasemmalla olevasta valikosta&nbsp;<strong>Lahjakortit<\/strong>&nbsp;ja sitten&nbsp;<strong>Tilaukset<\/strong>.<\/li>\n\n\n\n<li>Napsauta lahjakortin vieress\u00e4 olevaa&nbsp;<strong>kolmen pisteen kuvaketta<\/strong>&nbsp;ja valitse n\u00e4kyviin tulevasta valikosta&nbsp;<strong>Lunasta<\/strong>.<\/li>\n\n\n\n<li>Anna lunastettava&nbsp;<strong>summa<\/strong>&nbsp;ja napsauta&nbsp;<strong>Lunasta<\/strong>.<\/li>\n\n\n\n<li>Lahjakortin saldo p\u00e4ivittyy nyt yleiskatsaukseen.<\/li>\n<\/ol>\n\n\n\n<figure class=\"wp-block-image size-large\"><img loading=\"lazy\" decoding=\"async\" width=\"1024\" height=\"649\" src=\"https:\/\/www.zoner.fi\/tuki\/wp-content\/uploads\/2024\/10\/verkkokauppa-lahjakortit-5-1024x649.png\" alt=\"\" class=\"wp-image-134273\" srcset=\"https:\/\/www.zoner.fi\/tuki\/wp-content\/uploads\/2024\/10\/verkkokauppa-lahjakortit-5-1024x649.png 1024w, https:\/\/www.zoner.fi\/tuki\/wp-content\/uploads\/2024\/10\/verkkokauppa-lahjakortit-5-300x190.png 300w, https:\/\/www.zoner.fi\/tuki\/wp-content\/uploads\/2024\/10\/verkkokauppa-lahjakortit-5-768x487.png 768w, https:\/\/www.zoner.fi\/tuki\/wp-content\/uploads\/2024\/10\/verkkokauppa-lahjakortit-5.png 1502w\" sizes=\"auto, (max-width: 1024px) 100vw, 1024px\" \/><\/figure>\n\n\n\n<h2 class=\"wp-block-heading\" id=\"step-6\">Palauta maksu lahjakorttina<\/h2>\n\n\n\n<p>Voit hyvitt\u00e4\u00e4 mink\u00e4 tahansa tilauksen my\u00f6s lahjakortilla. Voit hyvitt\u00e4\u00e4 jo k\u00e4ytetyn lahjakortin tai tarjota lahjakortin hyvityksen\u00e4, jos asiakas haluaa k\u00e4ytt\u00e4\u00e4 maksamansa summan toiseen ostokseen my\u00f6hemmin.<\/p>\n\n\n\n<ol class=\"wp-block-list\">\n<li>Avaa&nbsp;<strong>Verkkokaupan<\/strong>&nbsp;hallintapaneeli.<\/li>\n\n\n\n<li>Napsauta vasemmalla olevasta valikosta&nbsp;<strong>Tilaukset<\/strong>&nbsp;ja sitten&nbsp;<strong>Nykyiset<\/strong>.<\/li>\n\n\n\n<li>Valitse tilaus, jonka haluat hyvitt\u00e4\u00e4.<\/li>\n\n\n\n<li>Napsauta oikeassa yl\u00e4kulmassa&nbsp;<strong>Lis\u00e4\u00e4 toimintoja<\/strong>&nbsp;-painiketta ja valitse&nbsp;<strong>Hyvit\u00e4<\/strong>.<\/li>\n\n\n\n<li>Sy\u00f6t\u00e4 summa, jonka haluat hyvitt\u00e4\u00e4.<\/li>\n\n\n\n<li>Valitse&nbsp;<strong>Hyvit\u00e4 lahjakorttina<\/strong>&nbsp;-ruutu. Voit my\u00f6s l\u00e4hett\u00e4\u00e4 asiakkaalle ilmoituksen t\u00e4st\u00e4 s\u00e4hk\u00f6postitse, ja halutessasi voit laittaa tuotteen takaisin varastoon.<\/li>\n\n\n\n<li>Napsauta <strong>Hyvit\u00e4<\/strong>.<\/li>\n<\/ol>\n\n\n\n<p>Kun hyvitys on k\u00e4sitelty, asiakas saa lahjakortin tilaustiedoissa ilmoittamaansa s\u00e4hk\u00f6postiosoitteeseen.<\/p>\n","protected":false},"excerpt":{"rendered":"<p>Zoner Kotisivukone -verkkokaupassa voi myyd\u00e4 my\u00f6s lahjakortteja. Asiakas voi k\u00e4ytt\u00e4\u00e4 lahjakortilla olevan rahasumman tehdess\u00e4\u00e4n ostoksia verkkokaupassasi tai myym\u00e4l\u00e4ss\u00e4si. T\u00e4ss\u00e4 oppaassa n\u00e4yt\u00e4mme, miten voit luoda ja hallita lahjakortteja verkkokauppasi hallintapaneelissa, sek\u00e4 miten asiakkaat voivat k\u00e4ytt\u00e4\u00e4 lahjakortteja kaupassasi. Lis\u00e4\u00e4 lahjakortti verkkokauppaasi Lis\u00e4\u00e4 lahjakortti kauppaasi n\u00e4in: Voit lis\u00e4t\u00e4 samaan lahjakorttiin useita erihintaisia vaihtoehtoja. Hallitse verkkokaupan lahjakortteja Kun olet &#8230; <a title=\"Lahjakortit verkkokaupassa\" class=\"read-more\" href=\"https:\/\/www.zoner.fi\/tuki\/kotisivukone\/zoner\/lahjakortit-verkkokaupassa\/\" aria-label=\"Lue lis\u00e4\u00e4 aiheesta Lahjakortit verkkokaupassa\">Lue lis\u00e4\u00e4<\/a><\/p>\n","protected":false},"author":18,"featured_media":0,"parent":137385,"menu_order":0,"comment_status":"closed","ping_status":"closed","template":"","meta":{"_relevanssi_hide_post":"","_relevanssi_hide_content":"","_relevanssi_pin_for_all":"","_relevanssi_pin_keywords":"","_relevanssi_unpin_keywords":"","_relevanssi_related_keywords":"","_relevanssi_related_include_ids":"","_relevanssi_related_exclude_ids":"","_relevanssi_related_no_append":"","_relevanssi_related_not_related":"","_relevanssi_related_posts":"130684,130269,130498,131541,130412,130273","_relevanssi_noindex_reason":"","footnotes":""},"categories":[166],"tags":[163],"wf_page_folders":[],"class_list":{"0":"post-133436","1":"page","2":"type-page","3":"status-publish","5":"category-zoner-kotisivukone","6":"tag-verkkokauppa"},"_links":{"self":[{"href":"https:\/\/www.zoner.fi\/tuki\/wp-json\/wp\/v2\/pages\/133436","targetHints":{"allow":["GET"]}}],"collection":[{"href":"https:\/\/www.zoner.fi\/tuki\/wp-json\/wp\/v2\/pages"}],"about":[{"href":"https:\/\/www.zoner.fi\/tuki\/wp-json\/wp\/v2\/types\/page"}],"author":[{"embeddable":true,"href":"https:\/\/www.zoner.fi\/tuki\/wp-json\/wp\/v2\/users\/18"}],"replies":[{"embeddable":true,"href":"https:\/\/www.zoner.fi\/tuki\/wp-json\/wp\/v2\/comments?post=133436"}],"version-history":[{"count":4,"href":"https:\/\/www.zoner.fi\/tuki\/wp-json\/wp\/v2\/pages\/133436\/revisions"}],"predecessor-version":[{"id":138758,"href":"https:\/\/www.zoner.fi\/tuki\/wp-json\/wp\/v2\/pages\/133436\/revisions\/138758"}],"up":[{"embeddable":true,"href":"https:\/\/www.zoner.fi\/tuki\/wp-json\/wp\/v2\/pages\/137385"}],"wp:attachment":[{"href":"https:\/\/www.zoner.fi\/tuki\/wp-json\/wp\/v2\/media?parent=133436"}],"wp:term":[{"taxonomy":"category","embeddable":true,"href":"https:\/\/www.zoner.fi\/tuki\/wp-json\/wp\/v2\/categories?post=133436"},{"taxonomy":"post_tag","embeddable":true,"href":"https:\/\/www.zoner.fi\/tuki\/wp-json\/wp\/v2\/tags?post=133436"},{"taxonomy":"wf_page_folders","embeddable":true,"href":"https:\/\/www.zoner.fi\/tuki\/wp-json\/wp\/v2\/wf_page_folders?post=133436"}],"curies":[{"name":"wp","href":"https:\/\/api.w.org\/{rel}","templated":true}]}}