{"id":133438,"date":"2024-12-02T15:36:00","date_gmt":"2024-12-02T13:36:00","guid":{"rendered":"https:\/\/www.zoner.fi\/tuki\/?page_id=133438"},"modified":"2025-09-25T16:43:18","modified_gmt":"2025-09-25T13:43:18","slug":"varmuuskopioiden-kaytto-zoner-kotisivukoneessa","status":"publish","type":"page","link":"https:\/\/www.zoner.fi\/tuki\/kotisivukone\/zoner\/varmuuskopioiden-kaytto-zoner-kotisivukoneessa\/","title":{"rendered":"Varmuuskopioiden k\u00e4ytt\u00f6 Zoner Kotisivukoneessa"},"content":{"rendered":"\n<p>Zoner Kotisivukoneen sis\u00e4\u00e4nrakennetun varmuuskopiointitoiminnon avulla voit palauttaa sivustosi aiemmin tallennettuun versioon. Joka kerta, kun tallennat sivustosi, siit\u00e4 tehd\u00e4\u00e4n varmuuskopio. Voit s\u00e4ilytt\u00e4\u00e4 jopa 200 tallennettua versiota sivustostasi.<\/p>\n\n\n\n<p>Varmuuskopioiden ansiosta voit huoletta kokeilla uusia malleja ja asetteluja: jos et pid\u00e4 lopputuloksesta, voit aina palata edelliseen versioon vain muutamalla napsautuksella.<\/p>\n\n\n\n<p><strong>Huomaa<\/strong>: Varmuuskopioi &amp; Palauta -toiminto sis\u00e4ltyy Zoner Kotisivukoneen Premium- ja Business-paketteihin.<\/p>\n\n\n\n<p><strong>Huomaa<\/strong>: Itse lataamasi kuvat ja videot eiv\u00e4t ole osa Zoner Kotisivukoneen varmuuskopiota. N\u00e4m\u00e4 kuvat ja videot tallennetaan oletuksena verkkotilasi mediakansioon. Suosittelemme, ett\u00e4 teet s\u00e4\u00e4nn\u00f6llisesti erillisen varmuuskopion verkkotilasi sis\u00e4ll\u00f6st\u00e4.<\/p>\n\n\n\n<h2 class=\"wp-block-heading\">Kuinka palautan varmuuskopion Zoner Kotisivukoneessa?<\/h2>\n\n\n\n<ol class=\"wp-block-list\">\n<li>Avaa Zoner Kotisivukoneen editori.<\/li>\n\n\n\n<li>Napsauta kellolta n\u00e4ytt\u00e4v\u00e4\u00e4\u00a0<strong>Varmuuskopiot<\/strong>-kuvaketta\u00a0oikeassa yl\u00e4kulmassa.<\/li>\n<\/ol>\n\n\n\n<figure class=\"wp-block-image size-large\"><img loading=\"lazy\" decoding=\"async\" width=\"1024\" height=\"623\" src=\"https:\/\/www.zoner.fi\/tuki\/wp-content\/uploads\/2024\/10\/kotisivukone-varmuuskopiot-1-1024x623.png\" alt=\"\" class=\"wp-image-134276\" srcset=\"https:\/\/www.zoner.fi\/tuki\/wp-content\/uploads\/2024\/10\/kotisivukone-varmuuskopiot-1-1024x623.png 1024w, https:\/\/www.zoner.fi\/tuki\/wp-content\/uploads\/2024\/10\/kotisivukone-varmuuskopiot-1-300x183.png 300w, https:\/\/www.zoner.fi\/tuki\/wp-content\/uploads\/2024\/10\/kotisivukone-varmuuskopiot-1-768x468.png 768w, https:\/\/www.zoner.fi\/tuki\/wp-content\/uploads\/2024\/10\/kotisivukone-varmuuskopiot-1.png 1485w\" sizes=\"auto, (max-width: 1024px) 100vw, 1024px\" \/><\/figure>\n\n\n\n<p>N\u00e4yt\u00f6n vasemmassa laidassa n\u00e4et valikon, jossa ovat kaikki sivustostasi tallennetut varmuuskopiot. Varmuuskopiot on j\u00e4rjestetty p\u00e4iv\u00e4m\u00e4\u00e4r\u00e4n ja ajan mukaan. Mik\u00e4li kyseess\u00e4 on julkaistun sivun varmuuskopio, se mainitaan aikaleiman vieress\u00e4.<\/p>\n\n\n\n<ol start=\"3\" class=\"wp-block-list\">\n<li>Napsauta p\u00e4iv\u00e4m\u00e4\u00e4r\u00e4\u00e4 n\u00e4hd\u00e4ksesi tallennetut versiot kyseiselt\u00e4 p\u00e4iv\u00e4lt\u00e4.<\/li>\n\n\n\n<li>Valitse haluamasi kellonaika, niin voit esikatsella varmuuskopiota.<\/li>\n\n\n\n<li>Kun olet l\u00f6yt\u00e4nyt version, jonka haluat palauttaa, napsauta\u00a0<strong>Palauta varmuuskopio<\/strong> n\u00e4yt\u00f6n yl\u00e4laidassa.<\/li>\n<\/ol>\n\n\n\n<p><strong>Vinkki:&nbsp;<\/strong>Voit piilottaa valikon oikealle esikatsellaksesi varmuuskopiota kokonaisuudessaan. K\u00e4yt\u00e4 n\u00e4yt\u00f6n yl\u00e4laidassa n\u00e4kyvi\u00e4 nuolia navigoidaksesi eri versioiden v\u00e4lill\u00e4.<\/p>\n\n\n\n<figure class=\"wp-block-image size-large\"><img loading=\"lazy\" decoding=\"async\" width=\"1024\" height=\"628\" src=\"https:\/\/www.zoner.fi\/tuki\/wp-content\/uploads\/2024\/10\/kotisivukone-varmuuskopiot-2-1024x628.png\" alt=\"\" class=\"wp-image-134277\" srcset=\"https:\/\/www.zoner.fi\/tuki\/wp-content\/uploads\/2024\/10\/kotisivukone-varmuuskopiot-2-1024x628.png 1024w, https:\/\/www.zoner.fi\/tuki\/wp-content\/uploads\/2024\/10\/kotisivukone-varmuuskopiot-2-300x184.png 300w, https:\/\/www.zoner.fi\/tuki\/wp-content\/uploads\/2024\/10\/kotisivukone-varmuuskopiot-2-768x471.png 768w, https:\/\/www.zoner.fi\/tuki\/wp-content\/uploads\/2024\/10\/kotisivukone-varmuuskopiot-2.png 1485w\" sizes=\"auto, (max-width: 1024px) 100vw, 1024px\" \/><\/figure>\n\n\n\n<ol start=\"6\" class=\"wp-block-list\">\n<li>Tarkista version p\u00e4iv\u00e4m\u00e4\u00e4r\u00e4 ja napsauta\u00a0<strong>Palauta<\/strong>\u00a0vahvistaaksesi.<\/li>\n<\/ol>\n\n\n\n<figure class=\"wp-block-image size-large\"><img loading=\"lazy\" decoding=\"async\" width=\"1024\" height=\"624\" src=\"https:\/\/www.zoner.fi\/tuki\/wp-content\/uploads\/2024\/10\/kotisivukone-varmuuskopiot-3-1024x624.png\" alt=\"\" class=\"wp-image-134278\" srcset=\"https:\/\/www.zoner.fi\/tuki\/wp-content\/uploads\/2024\/10\/kotisivukone-varmuuskopiot-3-1024x624.png 1024w, https:\/\/www.zoner.fi\/tuki\/wp-content\/uploads\/2024\/10\/kotisivukone-varmuuskopiot-3-300x183.png 300w, https:\/\/www.zoner.fi\/tuki\/wp-content\/uploads\/2024\/10\/kotisivukone-varmuuskopiot-3-768x468.png 768w, https:\/\/www.zoner.fi\/tuki\/wp-content\/uploads\/2024\/10\/kotisivukone-varmuuskopiot-3.png 1485w\" sizes=\"auto, (max-width: 1024px) 100vw, 1024px\" \/><\/figure>\n\n\n\n<ol start=\"7\" class=\"wp-block-list\">\n<li>Sivustosi on nyt palautettu valitsemasi p\u00e4iv\u00e4m\u00e4\u00e4r\u00e4n\/ajan versioon.<\/li>\n\n\n\n<li>Julkaise sivusto, jotta muutokset n\u00e4kyv\u00e4t verkossa.<\/li>\n<\/ol>\n","protected":false},"excerpt":{"rendered":"<p>Zoner Kotisivukoneen sis\u00e4\u00e4nrakennetun varmuuskopiointitoiminnon avulla voit palauttaa sivustosi aiemmin tallennettuun versioon. Joka kerta, kun tallennat sivustosi, siit\u00e4 tehd\u00e4\u00e4n varmuuskopio. Voit s\u00e4ilytt\u00e4\u00e4 jopa 200 tallennettua versiota sivustostasi. Varmuuskopioiden ansiosta voit huoletta kokeilla uusia malleja ja asetteluja: jos et pid\u00e4 lopputuloksesta, voit aina palata edelliseen versioon vain muutamalla napsautuksella. Huomaa: Varmuuskopioi &amp; Palauta -toiminto sis\u00e4ltyy Zoner Kotisivukoneen &#8230; <a title=\"Varmuuskopioiden k\u00e4ytt\u00f6 Zoner Kotisivukoneessa\" class=\"read-more\" href=\"https:\/\/www.zoner.fi\/tuki\/kotisivukone\/zoner\/varmuuskopioiden-kaytto-zoner-kotisivukoneessa\/\" aria-label=\"Lue lis\u00e4\u00e4 aiheesta Varmuuskopioiden k\u00e4ytt\u00f6 Zoner Kotisivukoneessa\">Lue lis\u00e4\u00e4<\/a><\/p>\n","protected":false},"author":18,"featured_media":0,"parent":137385,"menu_order":0,"comment_status":"closed","ping_status":"closed","template":"","meta":{"_relevanssi_hide_post":"","_relevanssi_hide_content":"","_relevanssi_pin_for_all":"","_relevanssi_pin_keywords":"","_relevanssi_unpin_keywords":"","_relevanssi_related_keywords":"","_relevanssi_related_include_ids":"","_relevanssi_related_exclude_ids":"","_relevanssi_related_no_append":"","_relevanssi_related_not_related":"","_relevanssi_related_posts":"130616,130657,130455,130553,132080,131506","_relevanssi_noindex_reason":"","footnotes":""},"categories":[166],"tags":[156],"wf_page_folders":[],"class_list":{"0":"post-133438","1":"page","2":"type-page","3":"status-publish","5":"category-zoner-kotisivukone","6":"tag-turvallisuus-ja-evasteet"},"_links":{"self":[{"href":"https:\/\/www.zoner.fi\/tuki\/wp-json\/wp\/v2\/pages\/133438","targetHints":{"allow":["GET"]}}],"collection":[{"href":"https:\/\/www.zoner.fi\/tuki\/wp-json\/wp\/v2\/pages"}],"about":[{"href":"https:\/\/www.zoner.fi\/tuki\/wp-json\/wp\/v2\/types\/page"}],"author":[{"embeddable":true,"href":"https:\/\/www.zoner.fi\/tuki\/wp-json\/wp\/v2\/users\/18"}],"replies":[{"embeddable":true,"href":"https:\/\/www.zoner.fi\/tuki\/wp-json\/wp\/v2\/comments?post=133438"}],"version-history":[{"count":2,"href":"https:\/\/www.zoner.fi\/tuki\/wp-json\/wp\/v2\/pages\/133438\/revisions"}],"predecessor-version":[{"id":134279,"href":"https:\/\/www.zoner.fi\/tuki\/wp-json\/wp\/v2\/pages\/133438\/revisions\/134279"}],"up":[{"embeddable":true,"href":"https:\/\/www.zoner.fi\/tuki\/wp-json\/wp\/v2\/pages\/137385"}],"wp:attachment":[{"href":"https:\/\/www.zoner.fi\/tuki\/wp-json\/wp\/v2\/media?parent=133438"}],"wp:term":[{"taxonomy":"category","embeddable":true,"href":"https:\/\/www.zoner.fi\/tuki\/wp-json\/wp\/v2\/categories?post=133438"},{"taxonomy":"post_tag","embeddable":true,"href":"https:\/\/www.zoner.fi\/tuki\/wp-json\/wp\/v2\/tags?post=133438"},{"taxonomy":"wf_page_folders","embeddable":true,"href":"https:\/\/www.zoner.fi\/tuki\/wp-json\/wp\/v2\/wf_page_folders?post=133438"}],"curies":[{"name":"wp","href":"https:\/\/api.w.org\/{rel}","templated":true}]}}