{"id":133442,"date":"2024-11-12T11:22:08","date_gmt":"2024-11-12T09:22:08","guid":{"rendered":"https:\/\/www.zoner.fi\/tuki\/?page_id=133442"},"modified":"2025-09-25T16:43:18","modified_gmt":"2025-09-25T13:43:18","slug":"variteeman-kayttaminen-zoner-kotisivukoneessa","status":"publish","type":"page","link":"https:\/\/www.zoner.fi\/tuki\/kotisivukone\/zoner\/variteeman-kayttaminen-zoner-kotisivukoneessa\/","title":{"rendered":"V\u00e4riteeman k\u00e4ytt\u00e4minen Zoner Kotisivukoneessa"},"content":{"rendered":"\n<p>Zoner Kotisivukoneen v\u00e4riteeman avulla voit m\u00e4\u00e4ritt\u00e4\u00e4 sivustosi v\u00e4rimaailman ja varmistaa, ett\u00e4 samoja v\u00e4rej\u00e4 k\u00e4ytet\u00e4\u00e4n johdonmukaisesti kaikilla sivuilla.<\/p>\n\n\n\n<p>V\u00e4riteema muuttaa automaattisesti esimerkiksi painikkeiden v\u00e4rin vastaamaan niiden taustalla olevaa v\u00e4ri\u00e4. Voit aina poistaa v\u00e4riteeman k\u00e4yt\u00f6st\u00e4, jos haluat valita v\u00e4rit manuaalisesti.<\/p>\n\n\n\n<p><strong>Huomaa:<\/strong>\u00a0V\u00e4riteeman ottaminen k\u00e4ytt\u00f6\u00f6n olemassa olevalla sivustolla muuttaa kaikki sivuston v\u00e4rit valitsemasi paletin mukaisiksi. Sen poistaminen k\u00e4yt\u00f6st\u00e4 palauttaa kaiken ennalleen.<\/p>\n\n\n\n<h2 class=\"wp-block-heading\" id=\"step-1\">Ota v\u00e4riteema k\u00e4ytt\u00f6\u00f6n n\u00e4in<\/h2>\n\n\n\n<p>V\u00e4riteema on oletusarvoisesti k\u00e4yt\u00f6ss\u00e4, kun luot uuden verkkosivuston, ja se perustuu aluksi valitsemaasi malliin. Jos sinulla on vanhempi verkkosivusto tai jos olet poistanut v\u00e4riteeman k\u00e4yt\u00f6st\u00e4 jossain vaiheessa, voit ottaa sen k\u00e4ytt\u00f6\u00f6n uudelleen.<\/p>\n\n\n\n<ol class=\"wp-block-list\">\n<li>Napsauta oikeassa alakulmassa olevaa\u00a0<strong>V\u00e4riteema-<\/strong>painiketta.<\/li>\n\n\n\n<li>Ota se k\u00e4ytt\u00f6\u00f6n napsauttamalla ty\u00f6tilan vasemmassa yl\u00e4kulmassa olevaa liukus\u00e4\u00e4dint\u00e4.<\/li>\n\n\n\n<li>Napsauta aloitussivujen l\u00e4pi ja napsauta lopuksi\u00a0<strong>K\u00e4yt\u00e4 v\u00e4riteemaa<\/strong>.<\/li>\n<\/ol>\n\n\n\n<figure class=\"wp-block-image size-large\"><img loading=\"lazy\" decoding=\"async\" width=\"1024\" height=\"622\" src=\"https:\/\/www.zoner.fi\/tuki\/wp-content\/uploads\/2024\/10\/variteema-kotisivukone-1-1024x622.png\" alt=\"\" class=\"wp-image-133918\" srcset=\"https:\/\/www.zoner.fi\/tuki\/wp-content\/uploads\/2024\/10\/variteema-kotisivukone-1-1024x622.png 1024w, https:\/\/www.zoner.fi\/tuki\/wp-content\/uploads\/2024\/10\/variteema-kotisivukone-1-300x182.png 300w, https:\/\/www.zoner.fi\/tuki\/wp-content\/uploads\/2024\/10\/variteema-kotisivukone-1-768x466.png 768w, https:\/\/www.zoner.fi\/tuki\/wp-content\/uploads\/2024\/10\/variteema-kotisivukone-1.png 1262w\" sizes=\"auto, (max-width: 1024px) 100vw, 1024px\" \/><\/figure>\n\n\n\n<h2 class=\"wp-block-heading\" id=\"step-2\">Muokkaa v\u00e4riteemaa<\/h2>\n\n\n\n<p>Voit muokata v\u00e4riteeman jokaista nelj\u00e4\u00e4 v\u00e4ri\u00e4 erikseen. Suosittelemme, ett\u00e4 valitset ensin elementtien, kuten taustan ja painikkeiden, p\u00e4\u00e4v\u00e4rin. N\u00e4in voit helpommin valita aksenttien ja tekstien v\u00e4rit.<\/p>\n\n\n\n<ol class=\"wp-block-list\">\n<li>Napsauta oikeassa alakulmassa olevaa\u00a0<strong>V\u00e4riteema-painiketta<\/strong>.<\/li>\n\n\n\n<li>Napsauta aktiivisen v\u00e4ripaletin vieress\u00e4 olevaa\u00a0<strong>kyn\u00e4kuvaketta<\/strong>.<\/li>\n\n\n\n<li>Napsauta v\u00e4ri\u00e4, jota haluat muuttaa, esimerkiksi\u00a0<strong>p\u00e4\u00e4v\u00e4ri\u00e4<\/strong>.<\/li>\n\n\n\n<li>Valitse yksi suositelluista p\u00e4\u00e4v\u00e4reist\u00e4 tai etsi haluamasi v\u00e4ri v\u00e4rivalitsimesta.<\/li>\n\n\n\n<li>Tallenna muutokset napsauttamalla\u00a0<strong>Tallenna<\/strong>\u00a0n\u00e4yt\u00f6n alareunassa.<\/li>\n<\/ol>\n\n\n\n<figure class=\"wp-block-image size-large\"><img loading=\"lazy\" decoding=\"async\" width=\"1024\" height=\"626\" src=\"https:\/\/www.zoner.fi\/tuki\/wp-content\/uploads\/2024\/10\/variteema-kotisivukone-2-1024x626.png\" alt=\"\" class=\"wp-image-133919\" srcset=\"https:\/\/www.zoner.fi\/tuki\/wp-content\/uploads\/2024\/10\/variteema-kotisivukone-2-1024x626.png 1024w, https:\/\/www.zoner.fi\/tuki\/wp-content\/uploads\/2024\/10\/variteema-kotisivukone-2-300x183.png 300w, https:\/\/www.zoner.fi\/tuki\/wp-content\/uploads\/2024\/10\/variteema-kotisivukone-2-768x469.png 768w, https:\/\/www.zoner.fi\/tuki\/wp-content\/uploads\/2024\/10\/variteema-kotisivukone-2.png 1262w\" sizes=\"auto, (max-width: 1024px) 100vw, 1024px\" \/><\/figure>\n\n\n\n<h2 class=\"wp-block-heading\" id=\"step-3\">Poista v\u00e4riteema k\u00e4yt\u00f6st\u00e4<\/h2>\n\n\n\n<p>Jos haluat valita v\u00e4rit itse, voit helposti poistaa v\u00e4riteeman k\u00e4yt\u00f6st\u00e4. Jos v\u00e4riteema on aktivoitu manuaalisesti, sen poistaminen k\u00e4yt\u00f6st\u00e4 palauttaa kaikki v\u00e4rit alkuper\u00e4iseen tilaansa.<\/p>\n\n\n\n<ol class=\"wp-block-list\">\n<li>Napsauta oikeassa alakulmassa olevaa\u00a0<strong>V\u00e4riteema<\/strong>-painiketta.<\/li>\n\n\n\n<li>Poista v\u00e4riteema k\u00e4yt\u00f6st\u00e4 napsauttamalla ty\u00f6tilan vasemmassa yl\u00e4kulmassa olevaa liukus\u00e4\u00e4dint\u00e4.<\/li>\n\n\n\n<li>Vahvista ponnahdusikkunassa valitsemalla\u00a0<strong>Kyll\u00e4, poista k\u00e4yt\u00f6st\u00e4<\/strong>.<\/li>\n\n\n\n<li>Napsauta\u00a0<strong>Tallenna<\/strong>\u00a0ja\u00a0<strong>Julkaise<\/strong>, jotta muutokset n\u00e4kyv\u00e4t julkaistulla sivustollasi.<\/li>\n<\/ol>\n\n\n\n<figure class=\"wp-block-image size-large\"><img loading=\"lazy\" decoding=\"async\" width=\"1024\" height=\"618\" src=\"https:\/\/www.zoner.fi\/tuki\/wp-content\/uploads\/2024\/10\/variteema-kotisivukone-3-1024x618.png\" alt=\"\" class=\"wp-image-133920\" srcset=\"https:\/\/www.zoner.fi\/tuki\/wp-content\/uploads\/2024\/10\/variteema-kotisivukone-3-1024x618.png 1024w, https:\/\/www.zoner.fi\/tuki\/wp-content\/uploads\/2024\/10\/variteema-kotisivukone-3-300x181.png 300w, https:\/\/www.zoner.fi\/tuki\/wp-content\/uploads\/2024\/10\/variteema-kotisivukone-3-768x463.png 768w, https:\/\/www.zoner.fi\/tuki\/wp-content\/uploads\/2024\/10\/variteema-kotisivukone-3.png 1278w\" sizes=\"auto, (max-width: 1024px) 100vw, 1024px\" \/><\/figure>\n","protected":false},"excerpt":{"rendered":"<p>Zoner Kotisivukoneen v\u00e4riteeman avulla voit m\u00e4\u00e4ritt\u00e4\u00e4 sivustosi v\u00e4rimaailman ja varmistaa, ett\u00e4 samoja v\u00e4rej\u00e4 k\u00e4ytet\u00e4\u00e4n johdonmukaisesti kaikilla sivuilla. V\u00e4riteema muuttaa automaattisesti esimerkiksi painikkeiden v\u00e4rin vastaamaan niiden taustalla olevaa v\u00e4ri\u00e4. Voit aina poistaa v\u00e4riteeman k\u00e4yt\u00f6st\u00e4, jos haluat valita v\u00e4rit manuaalisesti. Huomaa:\u00a0V\u00e4riteeman ottaminen k\u00e4ytt\u00f6\u00f6n olemassa olevalla sivustolla muuttaa kaikki sivuston v\u00e4rit valitsemasi paletin mukaisiksi. Sen poistaminen k\u00e4yt\u00f6st\u00e4 palauttaa &#8230; <a title=\"V\u00e4riteeman k\u00e4ytt\u00e4minen Zoner Kotisivukoneessa\" class=\"read-more\" href=\"https:\/\/www.zoner.fi\/tuki\/kotisivukone\/zoner\/variteeman-kayttaminen-zoner-kotisivukoneessa\/\" aria-label=\"Lue lis\u00e4\u00e4 aiheesta V\u00e4riteeman k\u00e4ytt\u00e4minen Zoner Kotisivukoneessa\">Lue lis\u00e4\u00e4<\/a><\/p>\n","protected":false},"author":18,"featured_media":0,"parent":137385,"menu_order":0,"comment_status":"closed","ping_status":"closed","template":"","meta":{"_relevanssi_hide_post":"","_relevanssi_hide_content":"","_relevanssi_pin_for_all":"","_relevanssi_pin_keywords":"","_relevanssi_unpin_keywords":"","_relevanssi_related_keywords":"","_relevanssi_related_include_ids":"","_relevanssi_related_exclude_ids":"","_relevanssi_related_no_append":"","_relevanssi_related_not_related":"","_relevanssi_related_posts":"130515,131535,132261,132140,132584,130269","_relevanssi_noindex_reason":"","footnotes":""},"categories":[166],"tags":[160],"wf_page_folders":[],"class_list":{"0":"post-133442","1":"page","2":"type-page","3":"status-publish","5":"category-zoner-kotisivukone","6":"tag-ulkoasu-ja-tyyli"},"_links":{"self":[{"href":"https:\/\/www.zoner.fi\/tuki\/wp-json\/wp\/v2\/pages\/133442","targetHints":{"allow":["GET"]}}],"collection":[{"href":"https:\/\/www.zoner.fi\/tuki\/wp-json\/wp\/v2\/pages"}],"about":[{"href":"https:\/\/www.zoner.fi\/tuki\/wp-json\/wp\/v2\/types\/page"}],"author":[{"embeddable":true,"href":"https:\/\/www.zoner.fi\/tuki\/wp-json\/wp\/v2\/users\/18"}],"replies":[{"embeddable":true,"href":"https:\/\/www.zoner.fi\/tuki\/wp-json\/wp\/v2\/comments?post=133442"}],"version-history":[{"count":3,"href":"https:\/\/www.zoner.fi\/tuki\/wp-json\/wp\/v2\/pages\/133442\/revisions"}],"predecessor-version":[{"id":133923,"href":"https:\/\/www.zoner.fi\/tuki\/wp-json\/wp\/v2\/pages\/133442\/revisions\/133923"}],"up":[{"embeddable":true,"href":"https:\/\/www.zoner.fi\/tuki\/wp-json\/wp\/v2\/pages\/137385"}],"wp:attachment":[{"href":"https:\/\/www.zoner.fi\/tuki\/wp-json\/wp\/v2\/media?parent=133442"}],"wp:term":[{"taxonomy":"category","embeddable":true,"href":"https:\/\/www.zoner.fi\/tuki\/wp-json\/wp\/v2\/categories?post=133442"},{"taxonomy":"post_tag","embeddable":true,"href":"https:\/\/www.zoner.fi\/tuki\/wp-json\/wp\/v2\/tags?post=133442"},{"taxonomy":"wf_page_folders","embeddable":true,"href":"https:\/\/www.zoner.fi\/tuki\/wp-json\/wp\/v2\/wf_page_folders?post=133442"}],"curies":[{"name":"wp","href":"https:\/\/api.w.org\/{rel}","templated":true}]}}