{"id":133444,"date":"2024-11-12T17:14:22","date_gmt":"2024-11-12T15:14:22","guid":{"rendered":"https:\/\/www.zoner.fi\/tuki\/?page_id=133444"},"modified":"2026-03-19T10:14:28","modified_gmt":"2026-03-19T08:14:28","slug":"integraatioden-kaytto-verkkokaupassa","status":"publish","type":"page","link":"https:\/\/www.zoner.fi\/tuki\/kotisivukone\/zoner\/integraatioden-kaytto-verkkokaupassa\/","title":{"rendered":"Integraatioiden k\u00e4ytt\u00f6 verkkokaupassa"},"content":{"rendered":"\n<p>Haluatko integroida kirjanpitoty\u00f6kalun, toimituspalvelun tai muita palveluita verkkokauppasi kanssa? Zoner Kotisivukoneen verkkokauppaan voi yhdist\u00e4\u00e4 monia eri ty\u00f6kaluja, ja osan niist\u00e4 voit ottaa k\u00e4ytt\u00f6\u00f6si suoraan verkkokaupan ohjauspaneelista.<\/p>\n\n\n\n<p>T\u00e4st\u00e4 artikkelista l\u00f6yd\u00e4t listan saatavilla olevista suorista integraatioista ja niiden maakohtaisesta saatavuudesta, sek\u00e4 ohjeet niiden yhdist\u00e4misest\u00e4 verkkokauppaan.<\/p>\n\n\n\n<p><strong>Huomaa<\/strong>: Jos haluat k\u00e4ytt\u00e4\u00e4 sovellusta, jota ei l\u00f6ydy luettelossa, voit ehk\u00e4 lis\u00e4t\u00e4 sen verkkokaupan ohjelmointirajapinnan avulla. Lue lis\u00e4\u00e4 ohjeestamme:&nbsp;<a href=\"https:\/\/www.zoner.fi\/tuki\/kotisivukone\/verkkokaupan-apin-kayttaminen\/\">Verkkokaupan API:n k\u00e4ytt\u00e4minen<\/a>.&nbsp;<\/p>\n\n\n\n<h2 class=\"wp-block-heading\" id=\"h_01HPP2KW59FRKK0MD22SN1TB34\">Miten k\u00e4yt\u00e4n integraatioita?<\/h2>\n\n\n\n<p>L\u00f6yd\u00e4t kaikki k\u00e4ytett\u00e4viss\u00e4 olevat integraatiot verkkokauppan hallintapaneelin vasemmanpuoleisesta valikosta. Valitse&nbsp;<strong>Integraatiot<\/strong>, etsi sovellus ja napsauta&nbsp;<strong>Aloita<\/strong>&nbsp;aloittaaksesi sovelluksen asennusprosessin.<\/p>\n\n\n\n<figure class=\"wp-block-image size-large\"><img loading=\"lazy\" decoding=\"async\" width=\"1024\" height=\"641\" src=\"https:\/\/www.zoner.fi\/tuki\/wp-content\/uploads\/2024\/10\/verkkokauppa-integraatiot-1-1-1024x641.png\" alt=\"\" class=\"wp-image-134448\" srcset=\"https:\/\/www.zoner.fi\/tuki\/wp-content\/uploads\/2024\/10\/verkkokauppa-integraatiot-1-1-1024x641.png 1024w, https:\/\/www.zoner.fi\/tuki\/wp-content\/uploads\/2024\/10\/verkkokauppa-integraatiot-1-1-300x188.png 300w, https:\/\/www.zoner.fi\/tuki\/wp-content\/uploads\/2024\/10\/verkkokauppa-integraatiot-1-1-768x481.png 768w, https:\/\/www.zoner.fi\/tuki\/wp-content\/uploads\/2024\/10\/verkkokauppa-integraatiot-1-1.png 1502w\" sizes=\"auto, (max-width: 1024px) 100vw, 1024px\" \/><\/figure>\n\n\n\n<h2 class=\"wp-block-heading\">Saatavilla olevat integraatiot<\/h2>\n\n\n\n<h3 class=\"wp-block-heading\" id=\"accounting\">Kirjanpito<\/h3>\n\n\n\n<h4 class=\"wp-block-heading\">Xero<\/h4>\n\n\n\n<p><strong>Saatavilla<\/strong>: Xero on saatavilla maailmanlaajuisesti.<\/p>\n\n\n\n<p><strong>Tietoja:<\/strong>&nbsp;Xerolla on l\u00e4hes 3,7 miljoonaa tilaajaa yli 180 maassa, ja se on yksi laajimmin k\u00e4ytetyist\u00e4 kirjanpito-ohjelmista erityisesti Uudessa-Seelannissa, Australiassa ja Isossa-Britanniassa. Xero tarjoaa kolme erilaista tilausta: Starter, Standard ja Premium. Voit lukea niist\u00e4 lis\u00e4\u00e4&nbsp;<a href=\"https:\/\/www.xero.com\/pricing-plans\/\" target=\"_blank\" rel=\"noopener\">Xeron verkkosivustolta<\/a>.<\/p>\n\n\n\n<p><strong>Mit\u00e4 tarvitsen sen m\u00e4\u00e4ritt\u00e4miseksi?<\/strong>&nbsp;Jos haluat integroida Xeron verkkokaupassaasi, sinun on ensin&nbsp;<a href=\"https:\/\/www.xero.com\/signup\/\" target=\"_blank\" rel=\"noopener\">luotava tili Xeron verkkosivuston kautta<\/a>. Kun asennat sen verkkokauppasi hallintapaneelissa, sinua pyydet\u00e4\u00e4n vahvistamaan tiedonvaihto ja valitsemaan pankkitili, jolle tilausten maksut kirjataan.<\/p>\n\n\n\n<h3 class=\"wp-block-heading\">Markkinointi<\/h3>\n\n\n\n<h4 class=\"wp-block-heading\">Mailchimp<\/h4>\n\n\n\n<p><strong>Saatavilla:&nbsp;<\/strong>Mailchimp on saatavilla maailmanlaajuisesti.<\/p>\n\n\n\n<p><strong>Tietoja:<\/strong> Mailchimp on yksi maailman johtavista s\u00e4hk\u00f6postimarkkinoinnin automaatioty\u00f6kaluista. Integroimalla Mailchimpin verkkokauppaasi voit lis\u00e4t\u00e4 kauppasi tuotteita s\u00e4hk\u00f6postikampanjoihin. Jos k\u00e4ytt\u00e4j\u00e4 napsauttaa tuotetta s\u00e4hk\u00f6postissa, linkki johtaa suoraan kauppasi tuotesivulle. Mailchimp tarjoaa ilmaisen tilauksen ja kolme maksullista tasoa: Essentials, Standard ja Premium. Lue lis\u00e4\u00e4&nbsp;<a href=\"https:\/\/mailchimp.com\/pricing\/marketing\/\" target=\"_blank\" rel=\"noopener\">Mailchimpin verkkosivuilta<\/a>.<\/p>\n\n\n\n<p><strong>Mit\u00e4 tarvitsen sen m\u00e4\u00e4ritt\u00e4miseksi?<\/strong> Tarvitset\u00a0<strong>Mailchimp<\/strong>&#8211;<strong>tilin<\/strong>,\u00a0<strong>yleis\u00f6luettelon<\/strong>\u00a0ja\u00a0<strong>myym\u00e4l\u00e4n<\/strong>\u00a0Mailchimpissa. Jos sinulla on maksullinen Mailchimp-tili, voit luoda uuden Mailchimp-myym\u00e4l\u00e4n asennuksen aikana. Sen j\u00e4lkeen voit valita yleis\u00f6luettelon liitett\u00e4v\u00e4ksi kauppaan ennen m\u00e4\u00e4ritysten valmistumista.<\/p>\n\n\n\n<p>Voit my\u00f6s valita yleis\u00f6luettelon ja k\u00e4ytt\u00e4\u00e4 jotakin olemassa olevista Mailchimp-myym\u00e4l\u00f6ist\u00e4si. Huomaa, ett\u00e4 t\u00e4m\u00e4 on ainoa asetusvaihtoehtosi, jos sinulla on ilmainen Mailchimp-tili.<\/p>\n\n\n\n<p>Jos tarvitset vaiheittaiset ohjeet Mailchimp-integraation m\u00e4\u00e4ritt\u00e4miseen, l\u00f6yd\u00e4t ne erillisest\u00e4 oppaastamme:\u00a0<a href=\"https:\/\/www.zoner.fi\/tuki\/kotisivukone\/mailchimp-integraation-kayttaminen-verkkokaupassa\/\">Mailchimp-integraation k\u00e4ytt\u00e4minen verkkokaupassa<\/a>.<\/p>\n\n\n\n<h4 class=\"wp-block-heading\">Klaviyo<\/h4>\n\n\n\n<p><strong>Saatavilla:<\/strong>&nbsp;Klaviyo on saatavilla maailmanlaajuisesti.<\/p>\n\n\n\n<p><strong>Tietoja:<\/strong>&nbsp;Klaviyo on markkinoinnin automaatioty\u00f6kalu, jonka avulla voit Mailchimpin tapaan luoda s\u00e4hk\u00f6postikampanjoita, jotka sis\u00e4lt\u00e4v\u00e4t kauppasi tuotteita. Klaviyo tarjoaa ilmaisen suunnitelman ja kaksi maksullista tasoa: s\u00e4hk\u00f6posti tai s\u00e4hk\u00f6posti ja tekstiviesti. Lue lis\u00e4\u00e4&nbsp;<a href=\"https:\/\/www.klaviyo.com\/uk\/pricing\" target=\"_blank\" rel=\"noopener\">Klaviyon verkkosivuilta.<\/a><\/p>\n\n\n\n<p><strong>Mit\u00e4 tarvitsen sen m\u00e4\u00e4ritt\u00e4miseksi?&nbsp;<\/strong>Verkkokaupan tuoteluettelon lis\u00e4ksi tarvitset integroinnin m\u00e4\u00e4ritt\u00e4miseen Klaviyo-tilin. Voit luoda sellaisen <a href=\"https:\/\/www.klaviyo.com\/uk\/sign-up?_gl=1*1xdsv94*_up*MQ..&amp;gclid=Cj0KCQjwiuC2BhDSARIsALOVfBIs7E-OMjgY64yD1BiKnCE7FFIfhwD1BiKnCE7FFIfhwDIAKvAqlxa\" target=\"_blank\" rel=\"noopener\">heid\u00e4n verkkosivustollaan<\/a>.<\/p>\n\n\n\n<p>Huomaa, ett\u00e4 jos tuotteista on eri hintaisia muunnelmia, sinua pyydet\u00e4\u00e4n m\u00e4\u00e4ritysprosessissa valitsemaan, mink\u00e4 hinnan (korkeimman tai alimman) haluat n\u00e4ytt\u00e4\u00e4 Klaviyossa. Klaviyo tukee vain yksihintaisia tuotteita.<\/p>\n","protected":false},"excerpt":{"rendered":"<p>Haluatko integroida kirjanpitoty\u00f6kalun, toimituspalvelun tai muita palveluita verkkokauppasi kanssa? Zoner Kotisivukoneen verkkokauppaan voi yhdist\u00e4\u00e4 monia eri ty\u00f6kaluja, ja osan niist\u00e4 voit ottaa k\u00e4ytt\u00f6\u00f6si suoraan verkkokaupan ohjauspaneelista. T\u00e4st\u00e4 artikkelista l\u00f6yd\u00e4t listan saatavilla olevista suorista integraatioista ja niiden maakohtaisesta saatavuudesta, sek\u00e4 ohjeet niiden yhdist\u00e4misest\u00e4 verkkokauppaan. Huomaa: Jos haluat k\u00e4ytt\u00e4\u00e4 sovellusta, jota ei l\u00f6ydy luettelossa, voit ehk\u00e4 lis\u00e4t\u00e4 &#8230; <a title=\"Integraatioiden k\u00e4ytt\u00f6 verkkokaupassa\" class=\"read-more\" href=\"https:\/\/www.zoner.fi\/tuki\/kotisivukone\/zoner\/integraatioden-kaytto-verkkokaupassa\/\" aria-label=\"Lue lis\u00e4\u00e4 aiheesta Integraatioiden k\u00e4ytt\u00f6 verkkokaupassa\">Lue lis\u00e4\u00e4<\/a><\/p>\n","protected":false},"author":18,"featured_media":0,"parent":137385,"menu_order":0,"comment_status":"closed","ping_status":"closed","template":"","meta":{"_relevanssi_hide_post":"","_relevanssi_hide_content":"","_relevanssi_pin_for_all":"","_relevanssi_pin_keywords":"","_relevanssi_unpin_keywords":"","_relevanssi_related_keywords":"","_relevanssi_related_include_ids":"","_relevanssi_related_exclude_ids":"","_relevanssi_related_no_append":"","_relevanssi_related_not_related":"","_relevanssi_related_posts":"130722,132254,1066,130464,132250,130412","_relevanssi_noindex_reason":"","footnotes":""},"categories":[166],"tags":[161,163],"wf_page_folders":[],"class_list":{"0":"post-133444","1":"page","2":"type-page","3":"status-publish","5":"category-zoner-kotisivukone","6":"tag-integraatiot","7":"tag-verkkokauppa"},"_links":{"self":[{"href":"https:\/\/www.zoner.fi\/tuki\/wp-json\/wp\/v2\/pages\/133444","targetHints":{"allow":["GET"]}}],"collection":[{"href":"https:\/\/www.zoner.fi\/tuki\/wp-json\/wp\/v2\/pages"}],"about":[{"href":"https:\/\/www.zoner.fi\/tuki\/wp-json\/wp\/v2\/types\/page"}],"author":[{"embeddable":true,"href":"https:\/\/www.zoner.fi\/tuki\/wp-json\/wp\/v2\/users\/18"}],"replies":[{"embeddable":true,"href":"https:\/\/www.zoner.fi\/tuki\/wp-json\/wp\/v2\/comments?post=133444"}],"version-history":[{"count":4,"href":"https:\/\/www.zoner.fi\/tuki\/wp-json\/wp\/v2\/pages\/133444\/revisions"}],"predecessor-version":[{"id":138762,"href":"https:\/\/www.zoner.fi\/tuki\/wp-json\/wp\/v2\/pages\/133444\/revisions\/138762"}],"up":[{"embeddable":true,"href":"https:\/\/www.zoner.fi\/tuki\/wp-json\/wp\/v2\/pages\/137385"}],"wp:attachment":[{"href":"https:\/\/www.zoner.fi\/tuki\/wp-json\/wp\/v2\/media?parent=133444"}],"wp:term":[{"taxonomy":"category","embeddable":true,"href":"https:\/\/www.zoner.fi\/tuki\/wp-json\/wp\/v2\/categories?post=133444"},{"taxonomy":"post_tag","embeddable":true,"href":"https:\/\/www.zoner.fi\/tuki\/wp-json\/wp\/v2\/tags?post=133444"},{"taxonomy":"wf_page_folders","embeddable":true,"href":"https:\/\/www.zoner.fi\/tuki\/wp-json\/wp\/v2\/wf_page_folders?post=133444"}],"curies":[{"name":"wp","href":"https:\/\/api.w.org\/{rel}","templated":true}]}}