{"id":133446,"date":"2024-11-12T11:54:12","date_gmt":"2024-11-12T09:54:12","guid":{"rendered":"https:\/\/www.zoner.fi\/tuki\/?page_id=133446"},"modified":"2025-09-25T16:43:19","modified_gmt":"2025-09-25T13:43:19","slug":"verkkokaupan-apin-kayttaminen","status":"publish","type":"page","link":"https:\/\/www.zoner.fi\/tuki\/kotisivukone\/zoner\/verkkokaupan-apin-kayttaminen\/","title":{"rendered":"Verkkokaupan APIn k\u00e4ytt\u00e4minen"},"content":{"rendered":"\n<p>APIn eli ohjelmointirajapinnan avulla voit automatisoida prosesseja ja k\u00e4ytt\u00e4\u00e4 verkkokauppasi lis\u00e4ominaisuuksia.&nbsp;<\/p>\n\n\n\n<p>APIt helpottavat eri j\u00e4rjestelmien ja ohjelmien kommunikointia kesken\u00e4\u00e4n. APIn avulla yksi j\u00e4rjestelm\u00e4 voi k\u00e4ytt\u00e4\u00e4 toisen j\u00e4rjestelm\u00e4n tiettyj\u00e4 ominaisuuksia. Esimerkiksi lentovertailusivustot ker\u00e4\u00e4v\u00e4t tietoja lennoista ja niiden hinnoista eri lentosivustoilta ohjelmointirajapintojen avulla.<\/p>\n\n\n\n<h2 class=\"wp-block-heading\" id=\"h_01G5R7M63BTDBZAHJ4NKR2S43Q\">Verkkokaupan API &#8211; mihin sit\u00e4 voi k\u00e4ytt\u00e4\u00e4?<\/h2>\n\n\n\n<p>API auttaa&nbsp;<strong>automatisoimaan prosesseja<\/strong>&nbsp;ja tarjoaa p\u00e4\u00e4syn&nbsp;<strong>kolmannen osapuolen ty\u00f6kaluihin, <\/strong>joita voit hy\u00f6dynt\u00e4\u00e4 verkkokaupassasi.<\/p>\n\n\n\n<h3 class=\"wp-block-heading\" id=\"01H7ZD6QA5ESWZ92HGH9YC4KKW\">Automatisoi prosesseja<\/h3>\n\n\n\n<p>Yhdist\u00e4m\u00e4ll\u00e4 hy\u00f6dyllisen kolmannen osapuolen ty\u00f6kalun verkkokauppaasi API:n avulla voit&nbsp;s\u00e4\u00e4st\u00e4\u00e4 aikaasi.<\/p>\n\n\n\n<p>Esimerkiksi ulkoinen kirjanpitoty\u00f6kalu kannattaa  yhdist\u00e4\u00e4 verkkokauppaan API:n avulla, jotta se voi automaattisesti hakea olennaiset myyntitiedot verkkokaupastasi. T\u00e4llaisten tietojen vieminen kirjanpitoty\u00f6kaluun manuaalisesti veisi paljon aikaa.<\/p>\n\n\n\n<h3 class=\"wp-block-heading\" id=\"01H7ZD6QA5GN6H3ZSFT5S5NNSJ\">Hy\u00f6dynn\u00e4 lis\u00e4toimintoja<\/h3>\n\n\n\n<p>API:n avulla voit yhdist\u00e4\u00e4 verkkokauppaasi erilaisia ulkoisia palveluita, joita yrityksesi saattaa tarvita. <\/p>\n\n\n\n<p><strong>Vinkki:<\/strong>&nbsp;Tutustu ty\u00f6kalujen yleiskatsaukseen verkkokaupan hallintapaneelin <strong>Integraatiot<\/strong>-osiossa. Jos etsim\u00e4\u00e4si ty\u00f6kalua ei ole luettelossa, suosittelemme kysym\u00e4\u00e4n kolmannen osapuolen palveluntarjoajalta, voisiko se auttaa ty\u00f6kalun yhdist\u00e4misess\u00e4 kauppaasi.<\/p>\n\n\n\n<h2 class=\"wp-block-heading\" id=\"h_01G5R7MDB1KHAEHCJC81CFTMDB\">Mihin tietoihin API antaa p\u00e4\u00e4syn?<\/h2>\n\n\n\n<p>API:navulla kolmannen osapuolen ty\u00f6kalut voivat&nbsp;<strong>k\u00e4ytt\u00e4\u00e4<\/strong>&nbsp;<strong>tietoja verkkokaupan<\/strong>&nbsp;<strong>tilauksista<\/strong>. Niihin sis\u00e4ltyv\u00e4t:<\/p>\n\n\n\n<ul class=\"wp-block-list\">\n<li>Mit\u00e4 tuotteita tilattiin ja kuinka paljon<\/li>\n\n\n\n<li>Asiakkaan tiedot, kuten nimi, laskutusosoite, s\u00e4hk\u00f6postiosoite, puhelinnumero<\/li>\n\n\n\n<li>Toimitustiedot, kuten toimitusosoite ja toimitustapa<\/li>\n\n\n\n<li>Hinta, arvonlis\u00e4vero ja alennukset<\/li>\n<\/ul>\n\n\n\n<p>API tukee my\u00f6s seuraavia&nbsp;<strong>tilausten hallinnan<\/strong>&nbsp;toimintoja:<\/p>\n\n\n\n<ul class=\"wp-block-list\">\n<li>Hyvitykset (kaikki maksutavat sek\u00e4 hyvitykset lahjakortteina)<\/li>\n\n\n\n<li>Tilauksen peruutus (kaikki maksutavat)<\/li>\n\n\n\n<li>Tilausluonnokset (p\u00e4ivit\u00e4 tuotteita)<\/li>\n\n\n\n<li>P\u00e4ivit\u00e4 osoite (tilausluonnoksen toimitus ja laskutus)<\/li>\n\n\n\n<li>Muistiinpanojen lis\u00e4\u00e4minen (sek\u00e4 tavalliselle tilaukselle ett\u00e4 tilausluonnokselle)<\/li>\n\n\n\n<li>Tilausluonnosten luominen<\/li>\n<\/ul>\n\n\n\n<p><strong>Vinkki:<\/strong>&nbsp;Lis\u00e4\u00e4mme p\u00e4\u00e4syn muihinkin tietoihin tulevaisuudessa. Tarkista t\u00e4m\u00e4 sivu n\u00e4hd\u00e4ksesi ajankohtaiset tiedot.<\/p>\n\n\n\n<h2 class=\"wp-block-heading\" id=\"h_01G60MBRYH65APWRX935K486DN\">Miten voin yhdist\u00e4\u00e4 kolmannen osapuolen ty\u00f6kalun kauppaani APIn avulla?<\/h2>\n\n\n\n<h3 class=\"wp-block-heading\" id=\"01H7ZD6QA6QNV7BXTGHJ07W9XR\">Yhdist\u00e4 sovellus<\/h3>\n\n\n\n<p>Jos haluat yhdist\u00e4\u00e4 kolmannen osapuolen ty\u00f6kalun, jota ei viel\u00e4 l\u00f6ydy valikoimastamme, k\u00e4yt\u00e4 siihen&nbsp;<strong>API-dokumentaatiotamme<\/strong>. L\u00f6yd\u00e4t&nbsp;yhteyden k\u00e4ytt\u00e4miseen <strong>tarvittavat&nbsp;tekniset tiedot<\/strong> t\u00e4\u00e4lt\u00e4:<\/p>\n\n\n\n<ul class=\"wp-block-list\">\n<li><a href=\"https:\/\/webshop.zoner.fi\/api\/v2\/docs\" target=\"_blank\" rel=\"noopener\">Zoner verkkokaupan API-dokumentaatio<\/a><\/li>\n<\/ul>\n\n\n\n<p><strong>Vihje:<\/strong>&nbsp;Jos et tied\u00e4, miten yhteys muodostetaan, ota yhteytt\u00e4 haluamasi kolmannen osapuolen ty\u00f6kalun asiakastukeen ja kysyt, voivatko he muodostaa yhteyden kauppaasi.<\/p>\n\n\n\n<h3 class=\"wp-block-heading\" id=\"01H7ZD6QA6X3PS9EXBFMEGA94C\">K\u00e4yt\u00e4 k\u00e4ytett\u00e4viss\u00e4 olevia yhteyksi\u00e4<\/h3>\n\n\n\n<p>Verkkokaupasta l\u00f6ytyy lista suosittelemiamme kolmannen osapuolen sovelluksia, joihin voit luoda yhteyden helposti. N\u00e4et niist\u00e4 listan seuraavassa oppaassa:<\/p>\n\n\n\n<ul class=\"wp-block-list\">\n<li><a href=\"https:\/\/www.zoner.fi\/tuki\/kotisivukone\/integraatioden-kaytto-verkkokaupassa\/\">Integraatioiden k\u00e4ytt\u00e4minen verkkokaupassa<\/a><\/li>\n<\/ul>\n\n\n\n<figure class=\"wp-block-image size-large\"><img loading=\"lazy\" decoding=\"async\" width=\"1024\" height=\"642\" src=\"https:\/\/www.zoner.fi\/tuki\/wp-content\/uploads\/2024\/10\/verkkokauppa-API-1-1024x642.png\" alt=\"\" class=\"wp-image-134281\" srcset=\"https:\/\/www.zoner.fi\/tuki\/wp-content\/uploads\/2024\/10\/verkkokauppa-API-1-1024x642.png 1024w, https:\/\/www.zoner.fi\/tuki\/wp-content\/uploads\/2024\/10\/verkkokauppa-API-1-300x188.png 300w, https:\/\/www.zoner.fi\/tuki\/wp-content\/uploads\/2024\/10\/verkkokauppa-API-1-768x481.png 768w, https:\/\/www.zoner.fi\/tuki\/wp-content\/uploads\/2024\/10\/verkkokauppa-API-1.png 1502w\" sizes=\"auto, (max-width: 1024px) 100vw, 1024px\" \/><\/figure>\n\n\n\n<h2 class=\"wp-block-heading\" id=\"h_01G5R7MMBE36R43CWC1M92WKFP\">N\u00e4kyv\u00e4tk\u00f6 yhdistetyt palvelut verkkokaupan hallintapaneelissa?<\/h2>\n\n\n\n<p>Kyll\u00e4 &#8211; kun olet yhdist\u00e4nyt ulkoisen palvelun API:n kautta, n\u00e4et sen verkkokaupan hallintapaneelissa v\u00e4lilehdell\u00e4&nbsp;<strong>Integraatiot<\/strong>.<\/p>\n","protected":false},"excerpt":{"rendered":"<p>APIn eli ohjelmointirajapinnan avulla voit automatisoida prosesseja ja k\u00e4ytt\u00e4\u00e4 verkkokauppasi lis\u00e4ominaisuuksia.&nbsp; APIt helpottavat eri j\u00e4rjestelmien ja ohjelmien kommunikointia kesken\u00e4\u00e4n. APIn avulla yksi j\u00e4rjestelm\u00e4 voi k\u00e4ytt\u00e4\u00e4 toisen j\u00e4rjestelm\u00e4n tiettyj\u00e4 ominaisuuksia. Esimerkiksi lentovertailusivustot ker\u00e4\u00e4v\u00e4t tietoja lennoista ja niiden hinnoista eri lentosivustoilta ohjelmointirajapintojen avulla. Verkkokaupan API &#8211; mihin sit\u00e4 voi k\u00e4ytt\u00e4\u00e4? API auttaa&nbsp;automatisoimaan prosesseja&nbsp;ja tarjoaa p\u00e4\u00e4syn&nbsp;kolmannen osapuolen ty\u00f6kaluihin, &#8230; <a title=\"Verkkokaupan APIn k\u00e4ytt\u00e4minen\" class=\"read-more\" href=\"https:\/\/www.zoner.fi\/tuki\/kotisivukone\/zoner\/verkkokaupan-apin-kayttaminen\/\" aria-label=\"Lue lis\u00e4\u00e4 aiheesta Verkkokaupan APIn k\u00e4ytt\u00e4minen\">Lue lis\u00e4\u00e4<\/a><\/p>\n","protected":false},"author":18,"featured_media":0,"parent":137385,"menu_order":0,"comment_status":"closed","ping_status":"closed","template":"","meta":{"_relevanssi_hide_post":"","_relevanssi_hide_content":"","_relevanssi_pin_for_all":"","_relevanssi_pin_keywords":"","_relevanssi_unpin_keywords":"","_relevanssi_related_keywords":"","_relevanssi_related_include_ids":"","_relevanssi_related_exclude_ids":"","_relevanssi_related_no_append":"","_relevanssi_related_not_related":"","_relevanssi_related_posts":"130450,130273,130899,130553,132938,130813","_relevanssi_noindex_reason":"","footnotes":""},"categories":[166],"tags":[161,163],"wf_page_folders":[],"class_list":{"0":"post-133446","1":"page","2":"type-page","3":"status-publish","5":"category-zoner-kotisivukone","6":"tag-integraatiot","7":"tag-verkkokauppa"},"_links":{"self":[{"href":"https:\/\/www.zoner.fi\/tuki\/wp-json\/wp\/v2\/pages\/133446","targetHints":{"allow":["GET"]}}],"collection":[{"href":"https:\/\/www.zoner.fi\/tuki\/wp-json\/wp\/v2\/pages"}],"about":[{"href":"https:\/\/www.zoner.fi\/tuki\/wp-json\/wp\/v2\/types\/page"}],"author":[{"embeddable":true,"href":"https:\/\/www.zoner.fi\/tuki\/wp-json\/wp\/v2\/users\/18"}],"replies":[{"embeddable":true,"href":"https:\/\/www.zoner.fi\/tuki\/wp-json\/wp\/v2\/comments?post=133446"}],"version-history":[{"count":8,"href":"https:\/\/www.zoner.fi\/tuki\/wp-json\/wp\/v2\/pages\/133446\/revisions"}],"predecessor-version":[{"id":134587,"href":"https:\/\/www.zoner.fi\/tuki\/wp-json\/wp\/v2\/pages\/133446\/revisions\/134587"}],"up":[{"embeddable":true,"href":"https:\/\/www.zoner.fi\/tuki\/wp-json\/wp\/v2\/pages\/137385"}],"wp:attachment":[{"href":"https:\/\/www.zoner.fi\/tuki\/wp-json\/wp\/v2\/media?parent=133446"}],"wp:term":[{"taxonomy":"category","embeddable":true,"href":"https:\/\/www.zoner.fi\/tuki\/wp-json\/wp\/v2\/categories?post=133446"},{"taxonomy":"post_tag","embeddable":true,"href":"https:\/\/www.zoner.fi\/tuki\/wp-json\/wp\/v2\/tags?post=133446"},{"taxonomy":"wf_page_folders","embeddable":true,"href":"https:\/\/www.zoner.fi\/tuki\/wp-json\/wp\/v2\/wf_page_folders?post=133446"}],"curies":[{"name":"wp","href":"https:\/\/api.w.org\/{rel}","templated":true}]}}