{"id":133450,"date":"2024-11-12T17:12:27","date_gmt":"2024-11-12T15:12:27","guid":{"rendered":"https:\/\/www.zoner.fi\/tuki\/?page_id=133450"},"modified":"2025-09-25T16:42:41","modified_gmt":"2025-09-25T13:42:41","slug":"mita-tapahtumia-seuraamme-facebook-pikselin-avulla","status":"publish","type":"page","link":"https:\/\/www.zoner.fi\/tuki\/kotisivukone\/zoner\/mita-tapahtumia-seuraamme-facebook-pikselin-avulla\/","title":{"rendered":"Mit\u00e4 tapahtumia seuraamme Facebook-pikselin avulla?"},"content":{"rendered":"\n<p>Jos olet lis\u00e4nnyt Facebook-pikselin sivustollesi, se seuraa seuraavia verkkokauppasi tapahtumia:<\/p>\n\n\n\n<ul class=\"wp-block-list\">\n<li>\u00a0<strong>Sivun n\u00e4ytt\u00f6kerrat<\/strong><\/li>\n\n\n\n<li>\u00a0<strong>Ostosk\u00e4rryyn lis\u00e4\u00e4miset<\/strong><\/li>\n\n\n\n<li>\u00a0<strong>Kassalle siirtymiset<\/strong><\/li>\n\n\n\n<li>\u00a0<strong>Ostokset<\/strong><\/li>\n<\/ul>\n\n\n\n<p>N\u00e4iden lis\u00e4ksi seuraamme my\u00f6s seuraavia mukautettuja tapahtumia:<\/p>\n\n\n\n<ul class=\"wp-block-list\">\n<li>\u00a0<strong>AddedShippingInfo<\/strong> &#8211; K\u00e4vij\u00e4 sy\u00f6tt\u00e4\u00e4 yhteystietonsa, kuten nimen ja osoitteen.<\/li>\n\n\n\n<li>\u00a0<strong>ChoseShipping<\/strong> &#8211; Asiakkaiden valitsemat toimitustavat.<\/li>\n\n\n\n<li>\u00a0<strong>ChosePayment <\/strong>&#8211;<strong> <\/strong>Asiakkaiden valitsemat maksutavat.<\/li>\n<\/ul>\n\n\n\n<p>Kun tapahtuma on rekister\u00f6ity, se n\u00e4kyy Facebookin Tapahtumien hallinnassa.<\/p>\n\n\n\n<p>Kun tapahtumia on tarpeeksi, voit luoda &#8221;kohderyhm\u00e4n&#8221;, jota varten voit luoda kohdennettuja mainoksia. Voit esimerkiksi tarjota 30 %:n alennuksen k\u00e4vij\u00f6ille, jotka ovat katsoneet tietty\u00e4 tuotetta.<\/p>\n\n\n\n<p>Lis\u00e4tietoja saat t\u00e4st\u00e4 Facebookin omasta oppaasta:\u00a0<a href=\"https:\/\/www.facebook.com\/business\/help\/170456843145568\" target=\"_blank\" rel=\"noopener\">Luo kohderyhm\u00e4<\/a>.<\/p>\n\n\n\n<figure class=\"wp-block-image size-full\"><img loading=\"lazy\" decoding=\"async\" width=\"721\" height=\"488\" src=\"https:\/\/www.zoner.fi\/tuki\/wp-content\/uploads\/2024\/10\/facebook-pikseli-1.png\" alt=\"\" class=\"wp-image-134286\" srcset=\"https:\/\/www.zoner.fi\/tuki\/wp-content\/uploads\/2024\/10\/facebook-pikseli-1.png 721w, https:\/\/www.zoner.fi\/tuki\/wp-content\/uploads\/2024\/10\/facebook-pikseli-1-300x203.png 300w\" sizes=\"auto, (max-width: 721px) 100vw, 721px\" \/><\/figure>\n","protected":false},"excerpt":{"rendered":"<p>Jos olet lis\u00e4nnyt Facebook-pikselin sivustollesi, se seuraa seuraavia verkkokauppasi tapahtumia: N\u00e4iden lis\u00e4ksi seuraamme my\u00f6s seuraavia mukautettuja tapahtumia: Kun tapahtuma on rekister\u00f6ity, se n\u00e4kyy Facebookin Tapahtumien hallinnassa. Kun tapahtumia on tarpeeksi, voit luoda &#8221;kohderyhm\u00e4n&#8221;, jota varten voit luoda kohdennettuja mainoksia. Voit esimerkiksi tarjota 30 %:n alennuksen k\u00e4vij\u00f6ille, jotka ovat katsoneet tietty\u00e4 tuotetta. Lis\u00e4tietoja saat t\u00e4st\u00e4 Facebookin &#8230; <a title=\"Mit\u00e4 tapahtumia seuraamme Facebook-pikselin avulla?\" class=\"read-more\" href=\"https:\/\/www.zoner.fi\/tuki\/kotisivukone\/zoner\/mita-tapahtumia-seuraamme-facebook-pikselin-avulla\/\" aria-label=\"Lue lis\u00e4\u00e4 aiheesta Mit\u00e4 tapahtumia seuraamme Facebook-pikselin avulla?\">Lue lis\u00e4\u00e4<\/a><\/p>\n","protected":false},"author":18,"featured_media":0,"parent":137385,"menu_order":0,"comment_status":"closed","ping_status":"closed","template":"","meta":{"_relevanssi_hide_post":"","_relevanssi_hide_content":"","_relevanssi_pin_for_all":"","_relevanssi_pin_keywords":"","_relevanssi_unpin_keywords":"","_relevanssi_related_keywords":"","_relevanssi_related_include_ids":"","_relevanssi_related_exclude_ids":"","_relevanssi_related_no_append":"","_relevanssi_related_not_related":"","_relevanssi_related_posts":"132894,132584,132938,130819,133233,1066","_relevanssi_noindex_reason":"","footnotes":""},"categories":[166],"tags":[161],"wf_page_folders":[],"class_list":{"0":"post-133450","1":"page","2":"type-page","3":"status-publish","5":"category-zoner-kotisivukone","6":"tag-integraatiot"},"_links":{"self":[{"href":"https:\/\/www.zoner.fi\/tuki\/wp-json\/wp\/v2\/pages\/133450","targetHints":{"allow":["GET"]}}],"collection":[{"href":"https:\/\/www.zoner.fi\/tuki\/wp-json\/wp\/v2\/pages"}],"about":[{"href":"https:\/\/www.zoner.fi\/tuki\/wp-json\/wp\/v2\/types\/page"}],"author":[{"embeddable":true,"href":"https:\/\/www.zoner.fi\/tuki\/wp-json\/wp\/v2\/users\/18"}],"replies":[{"embeddable":true,"href":"https:\/\/www.zoner.fi\/tuki\/wp-json\/wp\/v2\/comments?post=133450"}],"version-history":[{"count":3,"href":"https:\/\/www.zoner.fi\/tuki\/wp-json\/wp\/v2\/pages\/133450\/revisions"}],"predecessor-version":[{"id":134289,"href":"https:\/\/www.zoner.fi\/tuki\/wp-json\/wp\/v2\/pages\/133450\/revisions\/134289"}],"up":[{"embeddable":true,"href":"https:\/\/www.zoner.fi\/tuki\/wp-json\/wp\/v2\/pages\/137385"}],"wp:attachment":[{"href":"https:\/\/www.zoner.fi\/tuki\/wp-json\/wp\/v2\/media?parent=133450"}],"wp:term":[{"taxonomy":"category","embeddable":true,"href":"https:\/\/www.zoner.fi\/tuki\/wp-json\/wp\/v2\/categories?post=133450"},{"taxonomy":"post_tag","embeddable":true,"href":"https:\/\/www.zoner.fi\/tuki\/wp-json\/wp\/v2\/tags?post=133450"},{"taxonomy":"wf_page_folders","embeddable":true,"href":"https:\/\/www.zoner.fi\/tuki\/wp-json\/wp\/v2\/wf_page_folders?post=133450"}],"curies":[{"name":"wp","href":"https:\/\/api.w.org\/{rel}","templated":true}]}}