{"id":133454,"date":"2024-11-12T12:50:34","date_gmt":"2024-11-12T10:50:34","guid":{"rendered":"https:\/\/www.zoner.fi\/tuki\/?page_id=133454"},"modified":"2025-09-25T16:42:40","modified_gmt":"2025-09-25T13:42:40","slug":"mita-maksutapoja-voin-tarjota-verkkokaupassani","status":"publish","type":"page","link":"https:\/\/www.zoner.fi\/tuki\/kotisivukone\/zoner\/mita-maksutapoja-voin-tarjota-verkkokaupassani\/","title":{"rendered":"Mit\u00e4 maksutapoja voin tarjota verkkokaupassani?"},"content":{"rendered":"\n<p>Voit tarjota Zoner Kotisivukone -verkkokaupassasi seuraavia maksutapoja:<\/p>\n\n\n\n<p>Suomessa k\u00e4ytett\u00e4viss\u00e4 olevat maksutavat:<\/p>\n\n\n\n<ul class=\"wp-block-list\">\n<li>&nbsp;<strong>Luottokortti (Stripe)<\/strong>&nbsp;&#8211;&nbsp;Yhdist\u00e4 Stripeen&nbsp;tarjotaksesi turvallisia luottokorttimaksuja.<\/li>\n\n\n\n<li>&nbsp;<strong>PayPal&nbsp;<\/strong>&#8211;&nbsp;<a href=\"https:\/\/www.paypal.com\/signup\/account\/\" target=\"_blank\" rel=\"noreferrer noopener\">Luo PayPal-tili<\/a>, jotta asiakkaasi voivat maksaa PayPalilla tai luottokortilla.<\/li>\n\n\n\n<li>&nbsp;<strong>Google Pay (Stripe)<\/strong>&nbsp;&#8211; Ota Google Pay k\u00e4ytt\u00f6\u00f6n Stripen kautta, jotta asiakkaasi voivat maksaa mill\u00e4 tahansa Google-tililleen tallennetulla kortilla.<\/li>\n\n\n\n<li>&nbsp;<strong>Apple Pay (Stripe)<\/strong>&nbsp;&#8211; Anna asiakkaidesi maksaa iOS-sovellusten kautta tai verkossa Apple Paylla Stripen kautta.<\/li>\n\n\n\n<li>\u00a0<strong>Klarna (Stripe) &#8211;<\/strong>\u00a0Voit tarjota Klarnan maksutapana, jos kauppasi sijaitsee jossakin seuraavista maista: Suomi, It\u00e4valta, Belgia, Tanska, Ranska, Saksa, Kreikka, Irlanti, Italia, Alankomaat, Norja, Espanja, Ruotsi tai Iso-Britannia.<\/li>\n\n\n\n<li>\u00a0<strong>Manuaalinen maksu<\/strong>\u00a0&#8211; Pankkisiirto, postiennakko jne.<\/li>\n<\/ul>\n\n\n\n<p>Maksutavat, jotka eiv\u00e4t ole k\u00e4ytett\u00e4viss\u00e4 Suomessa:<\/p>\n\n\n\n<ul class=\"wp-block-list\">\n<li>&nbsp;<strong>iDeal (Stripe)<\/strong>&nbsp;&#8211; Alankomaalaiset asiakkaat voivat maksaa iDealilla Stripen kautta.<\/li>\n\n\n\n<li>&nbsp;<strong>Bancontact (Stripe)<\/strong>&nbsp;&#8211; Asiakkaat Belgiassa ja Saksassa voivat maksaa Bancontactilla Stripen kautta.<\/li>\n\n\n\n<li>&nbsp;<strong>Sofort (Stripe)<\/strong>&nbsp;&#8211; Asiakkaat Saksassa ja muissa Euroopan maissa voivat maksaa Sofortilla Stripen kautta.<\/li>\n\n\n\n<li>\u00a0<strong>MobilePay (Stripe)<\/strong>\u00a0&#8211; Jos kauppasi sijaitsee Tanskassa, voit tarjota asiakkaillesi MobilePayn maksutapana Stripen kautta.<\/li>\n\n\n\n<li>&nbsp;<strong>Swish (Stripe)<\/strong>&nbsp;&#8211; Jos kauppasi on Ruotsissa, voit tarjota asiakkaillesi Swish-maksutavan Stripen kautta.<\/li>\n\n\n\n<li>\u00a0<strong>Przelewy24 (Stripe)\u00a0<\/strong>&#8211; Puolassa sijaitsevat kaupat voivat tarjota Przelewy24-maksutavan.<\/li>\n<\/ul>\n\n\n\n<p>Valitse v\u00e4hint\u00e4\u00e4n yksi maksutapa.<\/p>\n\n\n\n<figure class=\"wp-block-image size-large\"><img loading=\"lazy\" decoding=\"async\" width=\"1024\" height=\"615\" src=\"https:\/\/www.zoner.fi\/tuki\/wp-content\/uploads\/2024\/10\/verkkokauppa-maksutavat-1-1024x615.png\" alt=\"\" class=\"wp-image-134049\" srcset=\"https:\/\/www.zoner.fi\/tuki\/wp-content\/uploads\/2024\/10\/verkkokauppa-maksutavat-1-1024x615.png 1024w, https:\/\/www.zoner.fi\/tuki\/wp-content\/uploads\/2024\/10\/verkkokauppa-maksutavat-1-300x180.png 300w, https:\/\/www.zoner.fi\/tuki\/wp-content\/uploads\/2024\/10\/verkkokauppa-maksutavat-1-768x461.png 768w, https:\/\/www.zoner.fi\/tuki\/wp-content\/uploads\/2024\/10\/verkkokauppa-maksutavat-1-1536x922.png 1536w, https:\/\/www.zoner.fi\/tuki\/wp-content\/uploads\/2024\/10\/verkkokauppa-maksutavat-1.png 1874w\" sizes=\"auto, (max-width: 1024px) 100vw, 1024px\" \/><\/figure>\n","protected":false},"excerpt":{"rendered":"<p>Voit tarjota Zoner Kotisivukone -verkkokaupassasi seuraavia maksutapoja: Suomessa k\u00e4ytett\u00e4viss\u00e4 olevat maksutavat: Maksutavat, jotka eiv\u00e4t ole k\u00e4ytett\u00e4viss\u00e4 Suomessa: Valitse v\u00e4hint\u00e4\u00e4n yksi maksutapa.<\/p>\n","protected":false},"author":18,"featured_media":0,"parent":137385,"menu_order":0,"comment_status":"closed","ping_status":"closed","template":"","meta":{"_relevanssi_hide_post":"","_relevanssi_hide_content":"","_relevanssi_pin_for_all":"","_relevanssi_pin_keywords":"","_relevanssi_unpin_keywords":"","_relevanssi_related_keywords":"","_relevanssi_related_include_ids":"","_relevanssi_related_exclude_ids":"","_relevanssi_related_no_append":"","_relevanssi_related_not_related":"","_relevanssi_related_posts":"130424,132301,130667,131506,131888,1066","_relevanssi_noindex_reason":"","footnotes":""},"categories":[166],"tags":[163],"wf_page_folders":[],"class_list":{"0":"post-133454","1":"page","2":"type-page","3":"status-publish","5":"category-zoner-kotisivukone","6":"tag-verkkokauppa"},"_links":{"self":[{"href":"https:\/\/www.zoner.fi\/tuki\/wp-json\/wp\/v2\/pages\/133454","targetHints":{"allow":["GET"]}}],"collection":[{"href":"https:\/\/www.zoner.fi\/tuki\/wp-json\/wp\/v2\/pages"}],"about":[{"href":"https:\/\/www.zoner.fi\/tuki\/wp-json\/wp\/v2\/types\/page"}],"author":[{"embeddable":true,"href":"https:\/\/www.zoner.fi\/tuki\/wp-json\/wp\/v2\/users\/18"}],"replies":[{"embeddable":true,"href":"https:\/\/www.zoner.fi\/tuki\/wp-json\/wp\/v2\/comments?post=133454"}],"version-history":[{"count":4,"href":"https:\/\/www.zoner.fi\/tuki\/wp-json\/wp\/v2\/pages\/133454\/revisions"}],"predecessor-version":[{"id":134626,"href":"https:\/\/www.zoner.fi\/tuki\/wp-json\/wp\/v2\/pages\/133454\/revisions\/134626"}],"up":[{"embeddable":true,"href":"https:\/\/www.zoner.fi\/tuki\/wp-json\/wp\/v2\/pages\/137385"}],"wp:attachment":[{"href":"https:\/\/www.zoner.fi\/tuki\/wp-json\/wp\/v2\/media?parent=133454"}],"wp:term":[{"taxonomy":"category","embeddable":true,"href":"https:\/\/www.zoner.fi\/tuki\/wp-json\/wp\/v2\/categories?post=133454"},{"taxonomy":"post_tag","embeddable":true,"href":"https:\/\/www.zoner.fi\/tuki\/wp-json\/wp\/v2\/tags?post=133454"},{"taxonomy":"wf_page_folders","embeddable":true,"href":"https:\/\/www.zoner.fi\/tuki\/wp-json\/wp\/v2\/wf_page_folders?post=133454"}],"curies":[{"name":"wp","href":"https:\/\/api.w.org\/{rel}","templated":true}]}}