{"id":133457,"date":"2024-11-12T12:55:33","date_gmt":"2024-11-12T10:55:33","guid":{"rendered":"https:\/\/www.zoner.fi\/tuki\/?page_id=133457"},"modified":"2025-09-25T16:42:42","modified_gmt":"2025-09-25T13:42:42","slug":"mita-tietoja-evastekaytantoni-tulisi-sisaltaa","status":"publish","type":"page","link":"https:\/\/www.zoner.fi\/tuki\/kotisivukone\/zoner\/mita-tietoja-evastekaytantoni-tulisi-sisaltaa\/","title":{"rendered":"Mit\u00e4 tietoja ev\u00e4stek\u00e4yt\u00e4nt\u00f6ni tulisi sis\u00e4lt\u00e4\u00e4?"},"content":{"rendered":"\n<p>T\u00e4ss\u00e4 oppaassa kerromme, mit\u00e4 kotisivujen ev\u00e4stek\u00e4yt\u00e4nn\u00f6n tulisi sis\u00e4lt\u00e4\u00e4.<\/p>\n\n\n\n<p><strong>Huomaa:<\/strong>\u00a0T\u00e4m\u00e4 opas on tarkoitettu vain avuksesi. Jos haluat olla varma, ett\u00e4 ev\u00e4stek\u00e4yt\u00e4nt\u00f6si t\u00e4ytt\u00e4\u00e4 kaikki lain vaatimukset, suosittelemme, ett\u00e4 otat yhteytt\u00e4 asianajajaan tai lakimieheen.<\/p>\n\n\n\n<h2 class=\"wp-block-heading\" id=\"step-1\">Mik\u00e4 on ev\u00e4stek\u00e4yt\u00e4nt\u00f6 ja milloin tarvitsen sellaisen?<\/h2>\n\n\n\n<p>Ev\u00e4stek\u00e4yt\u00e4nt\u00f6 kertoo sivustosi k\u00e4vij\u00f6ille, miten k\u00e4yt\u00e4t ev\u00e4steit\u00e4. Sen pit\u00e4isi olla helposti ymm\u00e4rrett\u00e4v\u00e4, eik\u00e4 se saisi sis\u00e4lt\u00e4\u00e4 monimutkaista lakikielt\u00e4.<\/p>\n\n\n\n<p>Ev\u00e4stek\u00e4yt\u00e4nn\u00f6n tarkoitus on kertoa, mit\u00e4 seurauksia ev\u00e4steiden sallimisella on, jotta vierailijat voivat tehd\u00e4 tietoisen p\u00e4\u00e4t\u00f6ksen niiden sallimisesta tai kielt\u00e4misest\u00e4.<\/p>\n\n\n\n<p>Jos sivusto k\u00e4ytt\u00e4\u00e4 ev\u00e4steit\u00e4, siit\u00e4 on ilmoitettava k\u00e4vij\u00f6ille ev\u00e4stek\u00e4yt\u00e4nn\u00f6ss\u00e4.<\/p>\n\n\n\n<p><strong>Huomaa:<\/strong>&nbsp;Onko sinulla aktiivinen Google Ads -kampanja?&nbsp;Siin\u00e4 tapauksessa voit <a href=\"https:\/\/www.zoner.fi\/tuki\/kotisivukone\/miten-lisaan-google-ads-seurantakoodin-kotisivuilleni\/\">lis\u00e4t\u00e4 seurantakoodin Zoner Kotisivukone -sivustollesi<\/a>, mik\u00e4 tarkoittaa, ett\u00e4 tarvitset my\u00f6s ev\u00e4stek\u00e4yt\u00e4nn\u00f6n.<\/p>\n\n\n\n<h2 class=\"wp-block-heading\" id=\"h_01J1AEJNVT2075NNTD2SGA1QGY\">Mit\u00e4 ev\u00e4stek\u00e4yt\u00e4nn\u00f6n tulisi sis\u00e4lt\u00e4\u00e4?<\/h2>\n\n\n\n<p>Ev\u00e4stek\u00e4yt\u00e4nn\u00f6n pit\u00e4\u00e4 kertoa seuraavat kolme asiaa, joista kerromme tarkemmin alempana:<\/p>\n\n\n\n<ul class=\"wp-block-list\">\n<li><a href=\"#mita-evasteet-ovat\">Mit\u00e4 ev\u00e4steet ovat?<\/a><\/li>\n\n\n\n<li><a href=\"#miten-ja-miksi-sivusto-kayttaa-evasteita\">Miten ja miksi sivusto k\u00e4ytt\u00e4\u00e4 ev\u00e4steit\u00e4?<\/a><\/li>\n\n\n\n<li><a href=\"#kuinka-evasteet-voi-poistaa-kaytosta\">Kuinka ev\u00e4steet voi poistaa k\u00e4yt\u00f6st\u00e4?<\/a><\/li>\n<\/ul>\n\n\n\n<h3 class=\"wp-block-heading\" id=\"mita-evasteet-ovat\">Mit\u00e4 ev\u00e4steet ovat?<\/h3>\n\n\n\n<p>Aloita ev\u00e4stek\u00e4yt\u00e4nt\u00f6 kertomalla lyhyesti, mit\u00e4 ev\u00e4steet ovat, jotta vierailijasi voivat tehd\u00e4 tietoisen p\u00e4\u00e4t\u00f6ksen niiden hyv\u00e4ksymisest\u00e4.<\/p>\n\n\n\n<p><strong>Esimerkki:<\/strong><\/p>\n\n\n\n<p>Ev\u00e4steet ovat pieni\u00e4 tekstitiedostoja, jotka sivusto tallentaa selaimeesi, kun vierailet sill\u00e4. Ne sis\u00e4lt\u00e4v\u00e4t yleens\u00e4 verkkosivuston ja tunnisteen. Ev\u00e4steet auttavat parantamaan k\u00e4ytt\u00f6kokemustasi verkkosivustollamme, esimerkiksi muistamalla, mit\u00e4 tuotteita olet laittanut ostoskoriin.<\/p>\n\n\n\n<h3 class=\"wp-block-heading\" id=\"miten-ja-miksi-sivusto-kayttaa-evasteita\">Miten ja miksi sivusto k\u00e4ytt\u00e4\u00e4 ev\u00e4steit\u00e4?<\/h3>\n\n\n\n<p>Kerro seuraavaksi, kuinka k\u00e4yt\u00e4t ev\u00e4steit\u00e4 sivustollasi ja mihin tarkoitukseen. Kaikkien k\u00e4yt\u00f6ss\u00e4 olevien ev\u00e4steiden nimi\u00e4 ei tarvitse listata, mutta kerro niiden tarkoitus selke\u00e4sti.<\/p>\n\n\n\n<p>Jos k\u00e4yt\u00e4t kolmannen osapuolen ev\u00e4steit\u00e4, kuten Google Analyticsia, mainitse ne erikseen, ja kerro selv\u00e4sti, mik\u00e4 niiden tarkoitus on.<\/p>\n\n\n\n<p><strong>Esimerkki:<\/strong><\/p>\n\n\n\n<p>Ev\u00e4steiden avulla voimme parantaa selaimesi k\u00e4ytt\u00f6kokemusta muistamalla sis\u00e4\u00e4nkirjautumisesi. Jos t\u00e4yt\u00e4t yhteydenottolomakkeen, k\u00e4yt\u00e4mme ev\u00e4steit\u00e4 muistaaksemme tietosi seuraavalla kerralla.<\/p>\n\n\n\n<p><em>Kolmannen osapuolen ev\u00e4steet<\/em><\/p>\n\n\n\n<p>K\u00e4yt\u00e4mme kolmannen osapuolen ev\u00e4steit\u00e4 seurataksemme, miten k\u00e4yt\u00e4t verkkosivustoamme, kuten mill\u00e4 sivuilla vierailet ja kuinka pitk\u00e4\u00e4n viivyt niill\u00e4. T\u00e4m\u00e4 auttaa meit\u00e4 saamaan paremman k\u00e4sityksen siit\u00e4, mist\u00e4 k\u00e4ytt\u00e4j\u00e4t saapuvat sivustollemme, ja kuinka he k\u00e4ytt\u00e4v\u00e4t sit\u00e4, mik\u00e4 auttaa meit\u00e4 luomaan parempia mainoskampanjoita.<\/p>\n\n\n\n<h3 class=\"wp-block-heading\" id=\"kuinka-evasteet-voi-poistaa-kaytosta\">Kuinka ev\u00e4steet voi poistaa k\u00e4yt\u00f6st\u00e4?<\/h3>\n\n\n\n<p>Lopuksi kerro, kuinka ev\u00e4steet voi poistaa k\u00e4yt\u00f6st\u00e4 selaimessa tai miten niist\u00e4 kielt\u00e4ydyt\u00e4\u00e4n. Voit lis\u00e4t\u00e4 linkkej\u00e4 t\u00e4h\u00e4n liittyviin ohjeisiin.<\/p>\n\n\n\n<p><strong>Esimerkki:<\/strong><\/p>\n\n\n\n<p>Voit est\u00e4\u00e4 ev\u00e4steet selaimesi asetuksissa, mutta huomaa, ett\u00e4 se voi vaikuttaa k\u00e4ytt\u00e4miesi verkkosivustojen toimivuuteen. Ev\u00e4steet eiv\u00e4t ole sivustollamme v\u00e4ltt\u00e4m\u00e4tt\u00f6mi\u00e4, mutta ne voivat parantaa k\u00e4ytt\u00f6kokemustasi.<\/p>\n\n\n\n<p>Jos haluat poistaa ev\u00e4steet selaimestasi, katso t\u00e4m\u00e4 opas:&nbsp;Miten tyhjenn\u00e4n selaimeni v\u00e4limuistin ja\/tai ev\u00e4steet?<\/p>\n\n\n\n<h2 class=\"wp-block-heading\" id=\"step-3\">Kuinka m\u00e4\u00e4rit\u00e4n ev\u00e4stek\u00e4yt\u00e4nn\u00f6n Zoner Kotisivukoneessa?<\/h2>\n\n\n\n<p>Helpoin tapa m\u00e4\u00e4ritt\u00e4\u00e4 ev\u00e4stek\u00e4yt\u00e4nt\u00f6 Zoner Kotisivukoneessa on aktivoida ev\u00e4stebanneri. T\u00e4m\u00e4 toiminto luo sinulle ev\u00e4stek\u00e4yt\u00e4nn\u00f6n, tarkistaa sivustosi ev\u00e4steet ja luo niist\u00e4 listan, ja lis\u00e4\u00e4 n\u00e4m\u00e4 tiedot ev\u00e4stebanneriisi. Voit lukea lis\u00e4\u00e4 ev\u00e4stebannerista seuraavasta oppaasta:<\/p>\n\n\n\n<ul class=\"wp-block-list\">\n<li><a href=\"https:\/\/www.zoner.fi\/tuki\/kotisivukone\/kuinka-lisaan-evastebannerin-zoner-kotisivukone-sivustolleni\/\">Kuinka lis\u00e4\u00e4n ev\u00e4stebannerin Zoner Kotisivukone -sivustolleni?<\/a><\/li>\n<\/ul>\n\n\n\n<p>Voit my\u00f6s luoda ev\u00e4stek\u00e4yt\u00e4nn\u00f6llesi oman sivun Zoner Kotisivukoneessa, mutta \u00e4l\u00e4 lis\u00e4\u00e4 sit\u00e4 sivustosi p\u00e4\u00e4valikkoon. <\/p>\n\n\n\n<h2 class=\"wp-block-heading\" id=\"step-4\">Ev\u00e4steet ja Google Ads -kampanjat<\/h2>\n\n\n\n<p>Jos k\u00e4yt\u00e4t Google Ads -mainoksia, suosittelemme lis\u00e4\u00e4m\u00e4\u00e4n seurantakoodin Zoner Kotisivukone -sivustollesi mainosten tehokkuuden parantamiseksi. Voit tehd\u00e4 sen helposti Zoner Kotisivukonee Asetukset-sivulla. Katso ohjeet oppaastamme:&nbsp;<a href=\"https:\/\/www.zoner.fi\/tuki\/kotisivukone\/miten-lisaan-google-ads-seurantakoodin-kotisivuilleni\/\">Miten lis\u00e4\u00e4n Google Ads -seurantakoodin Zoner Kotisivukone -sivustolleni?<\/a><\/p>\n\n\n\n<p>Jos lis\u00e4\u00e4t seurantakoodin, sinun on lis\u00e4tt\u00e4v\u00e4 my\u00f6s&nbsp;<a href=\"https:\/\/www.zoner.fi\/tuki\/kotisivukone\/kuinka-lisaan-evastebannerin-zoner-kotisivukone-sivustolleni\/\">ev\u00e4stebanneri<\/a>,&nbsp;jossa on linkki ev\u00e4stek\u00e4yt\u00e4nt\u00f6\u00f6si.<\/p>\n\n\n\n<p><strong>Esimerkki:<\/strong><\/p>\n\n\n\n<p>K\u00e4yt\u00e4mme verkkosivuillamme seurantaev\u00e4steit\u00e4 mainoskampanjoidemme parantamiseksi. Voimme seurata, kuinka olet saapunut sivustollemme, mit\u00e4 mainoksia napsautat ja mill\u00e4 sivuilla vierailet.<\/p>\n\n\n\n<p>Google Ads-seurantakoodilla saat seuraavat ev\u00e4steet:<\/p>\n\n\n\n<p><em>Sitewit.com<\/em><\/p>\n\n\n\n<ul class=\"wp-block-list\">\n<li>_swa_u &#8211; K\u00e4ytet\u00e4\u00e4n tilastoraporttiin ja analytiikkaan &#8211; Ehdottoman v\u00e4ltt\u00e4m\u00e4t\u00f6n &#8211; Kesto: 999 p\u00e4iv\u00e4\u00e4 (tai asetusten mukaan)<\/li>\n\n\n\n<li>_swa_su#### (jossa #### on p\u00e4\u00e4tilisi) &#8211; Luodaan vain, kun set_site_unique_id kutsutaan &#8211; Kesto: 1000 p\u00e4iv\u00e4\u00e4 tai 0, jos ev\u00e4ste on vain istunto -tilassa<\/li>\n<\/ul>\n\n\n\n<p><em>Doubleclick.net<\/em><\/p>\n\n\n\n<ul class=\"wp-block-list\">\n<li>IDE \u2013 Google DoubleClick k\u00e4ytt\u00e4\u00e4 t\u00e4t\u00e4 rekister\u00f6id\u00e4kseen verkkosivuston k\u00e4ytt\u00e4j\u00e4n toimet mainostajan mainoksen katselun tai napsautuksen j\u00e4lkeen ja raportoidakseen niist\u00e4. T\u00e4m\u00e4n tarkoitus on mitata mainoksen tehokkuutta ja n\u00e4ytt\u00e4\u00e4 k\u00e4ytt\u00e4j\u00e4lle kohdistettuja mainoksia \u2013 Markkinointi\/Analytics (Tarvitaan tilastojen saamiseksi kampanjoita varten) &#8211; Kesto: 2 vuotta<\/li>\n<\/ul>\n\n\n\n<p><em>analytics.sitewit.com<\/em><\/p>\n\n\n\n<ul class=\"wp-block-list\">\n<li>ASP.NET_SessionId &#8211; S\u00e4ilytt\u00e4\u00e4 vierailijan istunnon tilan sivupyynn\u00f6iss\u00e4 &#8211; Ehdottoman v\u00e4ltt\u00e4m\u00e4t\u00f6n &#8211; Kesto: Selausistunto<\/li>\n\n\n\n<li>AWSELB &#8211; K\u00e4ytet\u00e4\u00e4n verkkosivuston liikenteen jakamiseen useille palvelimille vasteaikojen optimoimiseksi &#8211; Ehdottoman v\u00e4ltt\u00e4m\u00e4t\u00f6n &#8211; Kesto: Selausistunto<\/li>\n<\/ul>\n\n\n\n<p><em>connect.sitewit.com (vain jos t\u00e4m\u00e4 tuote on k\u00e4yt\u00f6ss\u00e4)<\/em><\/p>\n\n\n\n<ul class=\"wp-block-list\">\n<li>ASP.NET_SessionId &#8211; S\u00e4ilytt\u00e4\u00e4 vierailijan istunnon tilan sivupyynn\u00f6iss\u00e4 &#8211; Ehdottoman v\u00e4ltt\u00e4m\u00e4t\u00f6n &#8211; Kesto: Selausistunto<\/li>\n\n\n\n<li>AWSELB &#8211; K\u00e4ytet\u00e4\u00e4n verkkosivuston liikenteen jakamiseen useille palvelimille vasteaikojen optimoimiseksi &#8211; Ehdottoman v\u00e4ltt\u00e4m\u00e4t\u00f6n &#8211; Kesto: Selausistunto<\/li>\n<\/ul>\n","protected":false},"excerpt":{"rendered":"<p>T\u00e4ss\u00e4 oppaassa kerromme, mit\u00e4 kotisivujen ev\u00e4stek\u00e4yt\u00e4nn\u00f6n tulisi sis\u00e4lt\u00e4\u00e4. Huomaa:\u00a0T\u00e4m\u00e4 opas on tarkoitettu vain avuksesi. Jos haluat olla varma, ett\u00e4 ev\u00e4stek\u00e4yt\u00e4nt\u00f6si t\u00e4ytt\u00e4\u00e4 kaikki lain vaatimukset, suosittelemme, ett\u00e4 otat yhteytt\u00e4 asianajajaan tai lakimieheen. Mik\u00e4 on ev\u00e4stek\u00e4yt\u00e4nt\u00f6 ja milloin tarvitsen sellaisen? Ev\u00e4stek\u00e4yt\u00e4nt\u00f6 kertoo sivustosi k\u00e4vij\u00f6ille, miten k\u00e4yt\u00e4t ev\u00e4steit\u00e4. Sen pit\u00e4isi olla helposti ymm\u00e4rrett\u00e4v\u00e4, eik\u00e4 se saisi sis\u00e4lt\u00e4\u00e4 monimutkaista &#8230; <a title=\"Mit\u00e4 tietoja ev\u00e4stek\u00e4yt\u00e4nt\u00f6ni tulisi sis\u00e4lt\u00e4\u00e4?\" class=\"read-more\" href=\"https:\/\/www.zoner.fi\/tuki\/kotisivukone\/zoner\/mita-tietoja-evastekaytantoni-tulisi-sisaltaa\/\" aria-label=\"Lue lis\u00e4\u00e4 aiheesta Mit\u00e4 tietoja ev\u00e4stek\u00e4yt\u00e4nt\u00f6ni tulisi sis\u00e4lt\u00e4\u00e4?\">Lue lis\u00e4\u00e4<\/a><\/p>\n","protected":false},"author":18,"featured_media":0,"parent":137385,"menu_order":0,"comment_status":"closed","ping_status":"closed","template":"","meta":{"_relevanssi_hide_post":"","_relevanssi_hide_content":"","_relevanssi_pin_for_all":"","_relevanssi_pin_keywords":"","_relevanssi_unpin_keywords":"","_relevanssi_related_keywords":"","_relevanssi_related_include_ids":"","_relevanssi_related_exclude_ids":"","_relevanssi_related_no_append":"","_relevanssi_related_not_related":"","_relevanssi_related_posts":"131888,132250,130935,131506,130412,131535","_relevanssi_noindex_reason":"","footnotes":""},"categories":[166],"tags":[156],"wf_page_folders":[],"class_list":{"0":"post-133457","1":"page","2":"type-page","3":"status-publish","5":"category-zoner-kotisivukone","6":"tag-turvallisuus-ja-evasteet"},"_links":{"self":[{"href":"https:\/\/www.zoner.fi\/tuki\/wp-json\/wp\/v2\/pages\/133457","targetHints":{"allow":["GET"]}}],"collection":[{"href":"https:\/\/www.zoner.fi\/tuki\/wp-json\/wp\/v2\/pages"}],"about":[{"href":"https:\/\/www.zoner.fi\/tuki\/wp-json\/wp\/v2\/types\/page"}],"author":[{"embeddable":true,"href":"https:\/\/www.zoner.fi\/tuki\/wp-json\/wp\/v2\/users\/18"}],"replies":[{"embeddable":true,"href":"https:\/\/www.zoner.fi\/tuki\/wp-json\/wp\/v2\/comments?post=133457"}],"version-history":[{"count":7,"href":"https:\/\/www.zoner.fi\/tuki\/wp-json\/wp\/v2\/pages\/133457\/revisions"}],"predecessor-version":[{"id":134631,"href":"https:\/\/www.zoner.fi\/tuki\/wp-json\/wp\/v2\/pages\/133457\/revisions\/134631"}],"up":[{"embeddable":true,"href":"https:\/\/www.zoner.fi\/tuki\/wp-json\/wp\/v2\/pages\/137385"}],"wp:attachment":[{"href":"https:\/\/www.zoner.fi\/tuki\/wp-json\/wp\/v2\/media?parent=133457"}],"wp:term":[{"taxonomy":"category","embeddable":true,"href":"https:\/\/www.zoner.fi\/tuki\/wp-json\/wp\/v2\/categories?post=133457"},{"taxonomy":"post_tag","embeddable":true,"href":"https:\/\/www.zoner.fi\/tuki\/wp-json\/wp\/v2\/tags?post=133457"},{"taxonomy":"wf_page_folders","embeddable":true,"href":"https:\/\/www.zoner.fi\/tuki\/wp-json\/wp\/v2\/wf_page_folders?post=133457"}],"curies":[{"name":"wp","href":"https:\/\/api.w.org\/{rel}","templated":true}]}}