{"id":133459,"date":"2024-11-12T11:50:00","date_gmt":"2024-11-12T09:50:00","guid":{"rendered":"https:\/\/www.zoner.fi\/tuki\/?page_id=133459"},"modified":"2025-09-25T16:42:50","modified_gmt":"2025-09-25T13:42:50","slug":"miten-lisaan-muunnelmia-ja-kategorioita-verkkokauppani-tuotteille","status":"publish","type":"page","link":"https:\/\/www.zoner.fi\/tuki\/kotisivukone\/zoner\/miten-lisaan-muunnelmia-ja-kategorioita-verkkokauppani-tuotteille\/","title":{"rendered":"Miten lis\u00e4\u00e4n muunnelmia ja kategorioita verkkokauppani tuotteille?"},"content":{"rendered":"\n<p>Zoner Kotisivukone -verkkokaupassa voit luokitella tuotteesi kategorioihin ja m\u00e4\u00e4ritt\u00e4\u00e4 tuotteille erilaisia vaihtoehtoja, kuten kokoja tai v\u00e4rej\u00e4. Kategorioiden ja vaihtoehtojen avulla asiakkaiden on helpompi l\u00f6yt\u00e4\u00e4 etsim\u00e4ns\u00e4 tuote verkkokaupastasi. T\u00e4ss\u00e4 oppaassa kerromme, miten voit k\u00e4ytt\u00e4\u00e4 n\u00e4it\u00e4 ominaisuuksia.<\/p>\n\n\n\n<h2 class=\"wp-block-heading\" id=\"step-1\">Mit\u00e4 ovat kategoriat ja muunnelmat?<\/h2>\n\n\n\n<h3 class=\"wp-block-heading\">Kategoriat<\/h3>\n\n\n\n<p>Voit jakaa tuotteesi eri&nbsp;<strong>kategorioihin<\/strong> esimerkiksi br\u00e4ndien tai tuotteen ominaisuuksien perusteella. Asiakkaat voivat selata kauppasi tuotteita kategorian perusteella.<\/p>\n\n\n\n<figure class=\"wp-block-image size-large\"><img loading=\"lazy\" decoding=\"async\" width=\"1024\" height=\"624\" src=\"https:\/\/www.zoner.fi\/tuki\/wp-content\/uploads\/2024\/10\/verkkokauppa-muunnelmat-ja-kategoriat-1-1024x624.png\" alt=\"\" class=\"wp-image-134142\" srcset=\"https:\/\/www.zoner.fi\/tuki\/wp-content\/uploads\/2024\/10\/verkkokauppa-muunnelmat-ja-kategoriat-1-1024x624.png 1024w, https:\/\/www.zoner.fi\/tuki\/wp-content\/uploads\/2024\/10\/verkkokauppa-muunnelmat-ja-kategoriat-1-300x183.png 300w, https:\/\/www.zoner.fi\/tuki\/wp-content\/uploads\/2024\/10\/verkkokauppa-muunnelmat-ja-kategoriat-1-768x468.png 768w, https:\/\/www.zoner.fi\/tuki\/wp-content\/uploads\/2024\/10\/verkkokauppa-muunnelmat-ja-kategoriat-1.png 1485w\" sizes=\"auto, (max-width: 1024px) 100vw, 1024px\" \/><\/figure>\n\n\n\n<h3 class=\"wp-block-heading\">Vaihtoehdot ja muunnelmat<\/h3>\n\n\n\n<p>Voit m\u00e4\u00e4ritt\u00e4\u00e4 tuotteelle erilaisia vaihtoehtoja, kuten kokoja ja v\u00e4rej\u00e4. Vaihtoehtovalikko tulee n\u00e4kyviin, kun asiakas on valinnut tuotteen.<\/p>\n\n\n\n<p>Tuotteella voi olla useita vaihtoehtoja, esimerkiksi paita voi olla saatavina eri kokoisina ja eri v\u00e4reiss\u00e4. Jokainen ainutlaatuinen vaihtoehtojen yhdistelm\u00e4 muodostaa&nbsp;<strong>muunnelman<\/strong>. Voit m\u00e4\u00e4ritt\u00e4\u00e4 jokaiselle muunnelmalle oman kuvan, painon, SKU:n, m\u00e4\u00e4r\u00e4n ja hinnan.<\/p>\n\n\n\n<p><strong>Huomaa:<\/strong>&nbsp;Vaihtoehdot ovat saatavilla vain fyysisille tuotteille ja lahjakorteille.<\/p>\n\n\n\n<figure class=\"wp-block-image size-large\"><img loading=\"lazy\" decoding=\"async\" width=\"1024\" height=\"622\" src=\"https:\/\/www.zoner.fi\/tuki\/wp-content\/uploads\/2024\/10\/verkkokauppa-muunnelmat-ja-kategoriat-2-1024x622.png\" alt=\"\" class=\"wp-image-134143\" srcset=\"https:\/\/www.zoner.fi\/tuki\/wp-content\/uploads\/2024\/10\/verkkokauppa-muunnelmat-ja-kategoriat-2-1024x622.png 1024w, https:\/\/www.zoner.fi\/tuki\/wp-content\/uploads\/2024\/10\/verkkokauppa-muunnelmat-ja-kategoriat-2-300x182.png 300w, https:\/\/www.zoner.fi\/tuki\/wp-content\/uploads\/2024\/10\/verkkokauppa-muunnelmat-ja-kategoriat-2-768x466.png 768w, https:\/\/www.zoner.fi\/tuki\/wp-content\/uploads\/2024\/10\/verkkokauppa-muunnelmat-ja-kategoriat-2.png 1485w\" sizes=\"auto, (max-width: 1024px) 100vw, 1024px\" \/><\/figure>\n\n\n\n<h2 class=\"wp-block-heading\" id=\"step-2\">Kuinka lis\u00e4\u00e4n tuotteelle kategorian?<\/h2>\n\n\n\n<ol class=\"wp-block-list\">\n<li>Kirjaudu <strong>verkkokaupan hallintapaneeliin<\/strong>.<\/li>\n\n\n\n<li>Napsauta&nbsp;<strong>Tuotteet<\/strong>,<strong>&nbsp;<\/strong>siirry&nbsp;<strong>Tuoteluetteloon<\/strong>&nbsp;ja avaa tuote.<\/li>\n\n\n\n<li>Napsauta <strong>Kategoriat<\/strong>-kohdassa\u00a0<strong>Lis\u00e4\u00e4 kategoria<\/strong>.<\/li>\n\n\n\n<li>Valitse ruutu niiden kategorioiden vieress\u00e4, joihin haluat lis\u00e4t\u00e4 tuotteen. Voit my\u00f6s luoda uuden kategorian kirjoittamalla sen nimen hakukentt\u00e4\u00e4n ja klikkaamalla <strong>Lis\u00e4\u00e4<\/strong>.<\/li>\n\n\n\n<li>Napsauta\u00a0<strong>Tallenna<\/strong>, kun olet lis\u00e4nnyt tarvittavat kategoriat.<\/li>\n\n\n\n<li>Kun olet valmis, napsauta\u00a0<strong>Tallenna<\/strong>\u00a0sivun<strong> <\/strong>alareunassa.<\/li>\n<\/ol>\n\n\n\n<figure class=\"wp-block-image size-large\"><img loading=\"lazy\" decoding=\"async\" width=\"1024\" height=\"681\" src=\"https:\/\/www.zoner.fi\/tuki\/wp-content\/uploads\/2024\/10\/verkkokauppa-muunnelmat-ja-kategoriat-3-1024x681.png\" alt=\"\" class=\"wp-image-134524\" srcset=\"https:\/\/www.zoner.fi\/tuki\/wp-content\/uploads\/2024\/10\/verkkokauppa-muunnelmat-ja-kategoriat-3-1024x681.png 1024w, https:\/\/www.zoner.fi\/tuki\/wp-content\/uploads\/2024\/10\/verkkokauppa-muunnelmat-ja-kategoriat-3-300x200.png 300w, https:\/\/www.zoner.fi\/tuki\/wp-content\/uploads\/2024\/10\/verkkokauppa-muunnelmat-ja-kategoriat-3-768x511.png 768w, https:\/\/www.zoner.fi\/tuki\/wp-content\/uploads\/2024\/10\/verkkokauppa-muunnelmat-ja-kategoriat-3-1536x1022.png 1536w, https:\/\/www.zoner.fi\/tuki\/wp-content\/uploads\/2024\/10\/verkkokauppa-muunnelmat-ja-kategoriat-3.png 1873w\" sizes=\"auto, (max-width: 1024px) 100vw, 1024px\" \/><\/figure>\n\n\n\n<h2 class=\"wp-block-heading\" id=\"step-3\">Kuinka lis\u00e4\u00e4n vaihtoehtoja?<\/h2>\n\n\n\n<ol class=\"wp-block-list\">\n<li>Kirjaudu <strong>verkkokaupan hallintapaneeliin<\/strong>.<\/li>\n\n\n\n<li>Napsauta&nbsp;<strong>Tuotteet,&nbsp;<\/strong>siirry<strong>&nbsp;Tuoteluetteloon&nbsp;<\/strong>ja avaa tuote.<\/li>\n\n\n\n<li>Vierit\u00e4 alas kohtaan\u00a0<strong>Muunnelmat <\/strong>ja napsauta <strong>Lis\u00e4\u00e4 vaihtoehto<\/strong>.<\/li>\n\n\n\n<li>Napsauta&nbsp;<strong>Lis\u00e4\u00e4 vaihtoehto<\/strong>.<\/li>\n\n\n\n<li>Kirjoita vaihtoehdolle nimi, esimerkiksi koko tai v\u00e4ri.<\/li>\n\n\n\n<li>Kirjoita\u00a0<strong>Vaihtoehdon arvot<\/strong>, esimerkiksi S, M ja L, jos kyseess\u00e4 on koko. Paina Enter-n\u00e4pp\u00e4int\u00e4 tai pilkkua kirjoitettuasi arvon, niin se lis\u00e4t\u00e4\u00e4n.<\/li>\n\n\n\n<li>Napsauta\u00a0<strong>Lis\u00e4\u00e4 vaihtoehto<\/strong>,\u00a0jos haluat lis\u00e4t\u00e4 toisen. Voit m\u00e4\u00e4ritt\u00e4\u00e4 enint\u00e4\u00e4n 3.<\/li>\n\n\n\n<li>Napsauta <strong>Tallenna<\/strong>-painiketta.<\/li>\n\n\n\n<li>N\u00e4et nyt vaihtoehtojen perusteella luodut muunnelmat. Voit lis\u00e4t\u00e4 kullekin tuotemuunnelmalle omat tiedot, kuten kuvan,\u00a0SKU:n, m\u00e4\u00e4r\u00e4n ja hinnnan.<\/li>\n\n\n\n<li>Voit lis\u00e4t\u00e4 muunnelmia yleiskatsauksen alla olevassa ruudussa. Kirjoita muunnelma ja napsauta\u00a0<strong>Lis\u00e4\u00e4<\/strong>\u00a0<strong>muunnelma<\/strong>. Muunnelmia voi olla enint\u00e4\u00e4n jopa 200.<\/li>\n\n\n\n<li>Kun olet valmis, napsauta\u00a0<strong>Tallenna<\/strong>-painiketta sivun alareunassa.<\/li>\n<\/ol>\n\n\n\n<p><strong>Vinkki:<\/strong>&nbsp;Jos haluat muuttaa verkkokaupassasi n\u00e4ytett\u00e4vien vaihtoehtojen ja arvojen j\u00e4rjestyst\u00e4, napsauta&nbsp;<strong>Muuta j\u00e4rjestyst\u00e4<\/strong>&nbsp;ja ved\u00e4 vaihtoehdot ja arvot haluamaasi j\u00e4rjestykseen.<\/p>\n\n\n\n<figure class=\"wp-block-image size-large\"><img loading=\"lazy\" decoding=\"async\" width=\"1024\" height=\"681\" src=\"https:\/\/www.zoner.fi\/tuki\/wp-content\/uploads\/2024\/10\/verkkokauppa-muunnelmat-ja-kategoriat-4-1024x681.png\" alt=\"\" class=\"wp-image-134525\" srcset=\"https:\/\/www.zoner.fi\/tuki\/wp-content\/uploads\/2024\/10\/verkkokauppa-muunnelmat-ja-kategoriat-4-1024x681.png 1024w, https:\/\/www.zoner.fi\/tuki\/wp-content\/uploads\/2024\/10\/verkkokauppa-muunnelmat-ja-kategoriat-4-300x200.png 300w, https:\/\/www.zoner.fi\/tuki\/wp-content\/uploads\/2024\/10\/verkkokauppa-muunnelmat-ja-kategoriat-4-768x511.png 768w, https:\/\/www.zoner.fi\/tuki\/wp-content\/uploads\/2024\/10\/verkkokauppa-muunnelmat-ja-kategoriat-4-1536x1022.png 1536w, https:\/\/www.zoner.fi\/tuki\/wp-content\/uploads\/2024\/10\/verkkokauppa-muunnelmat-ja-kategoriat-4.png 1873w\" sizes=\"auto, (max-width: 1024px) 100vw, 1024px\" \/><\/figure>\n\n\n\n<p><strong>Vinkki:<\/strong>\u00a0Voit lis\u00e4t\u00e4 omat kuvat tuotteen eri muunnelmille. T\u00e4st\u00e4 voi olla hy\u00f6ty\u00e4 esimerkiksi silloin, jos tuotteesta on eri v\u00e4rej\u00e4.<\/p>\n","protected":false},"excerpt":{"rendered":"<p>Zoner Kotisivukone -verkkokaupassa voit luokitella tuotteesi kategorioihin ja m\u00e4\u00e4ritt\u00e4\u00e4 tuotteille erilaisia vaihtoehtoja, kuten kokoja tai v\u00e4rej\u00e4. Kategorioiden ja vaihtoehtojen avulla asiakkaiden on helpompi l\u00f6yt\u00e4\u00e4 etsim\u00e4ns\u00e4 tuote verkkokaupastasi. T\u00e4ss\u00e4 oppaassa kerromme, miten voit k\u00e4ytt\u00e4\u00e4 n\u00e4it\u00e4 ominaisuuksia. Mit\u00e4 ovat kategoriat ja muunnelmat? Kategoriat Voit jakaa tuotteesi eri&nbsp;kategorioihin esimerkiksi br\u00e4ndien tai tuotteen ominaisuuksien perusteella. Asiakkaat voivat selata kauppasi &#8230; <a title=\"Miten lis\u00e4\u00e4n muunnelmia ja kategorioita verkkokauppani tuotteille?\" class=\"read-more\" href=\"https:\/\/www.zoner.fi\/tuki\/kotisivukone\/zoner\/miten-lisaan-muunnelmia-ja-kategorioita-verkkokauppani-tuotteille\/\" aria-label=\"Lue lis\u00e4\u00e4 aiheesta Miten lis\u00e4\u00e4n muunnelmia ja kategorioita verkkokauppani tuotteille?\">Lue lis\u00e4\u00e4<\/a><\/p>\n","protected":false},"author":18,"featured_media":0,"parent":137385,"menu_order":0,"comment_status":"closed","ping_status":"closed","template":"","meta":{"_relevanssi_hide_post":"","_relevanssi_hide_content":"","_relevanssi_pin_for_all":"","_relevanssi_pin_keywords":"","_relevanssi_unpin_keywords":"","_relevanssi_related_keywords":"","_relevanssi_related_include_ids":"","_relevanssi_related_exclude_ids":"","_relevanssi_related_no_append":"","_relevanssi_related_not_related":"","_relevanssi_related_posts":"130578,132244,132140,130899,130455,130819","_relevanssi_noindex_reason":"","footnotes":""},"categories":[166],"tags":[163],"wf_page_folders":[],"class_list":{"0":"post-133459","1":"page","2":"type-page","3":"status-publish","5":"category-zoner-kotisivukone","6":"tag-verkkokauppa"},"_links":{"self":[{"href":"https:\/\/www.zoner.fi\/tuki\/wp-json\/wp\/v2\/pages\/133459","targetHints":{"allow":["GET"]}}],"collection":[{"href":"https:\/\/www.zoner.fi\/tuki\/wp-json\/wp\/v2\/pages"}],"about":[{"href":"https:\/\/www.zoner.fi\/tuki\/wp-json\/wp\/v2\/types\/page"}],"author":[{"embeddable":true,"href":"https:\/\/www.zoner.fi\/tuki\/wp-json\/wp\/v2\/users\/18"}],"replies":[{"embeddable":true,"href":"https:\/\/www.zoner.fi\/tuki\/wp-json\/wp\/v2\/comments?post=133459"}],"version-history":[{"count":8,"href":"https:\/\/www.zoner.fi\/tuki\/wp-json\/wp\/v2\/pages\/133459\/revisions"}],"predecessor-version":[{"id":134527,"href":"https:\/\/www.zoner.fi\/tuki\/wp-json\/wp\/v2\/pages\/133459\/revisions\/134527"}],"up":[{"embeddable":true,"href":"https:\/\/www.zoner.fi\/tuki\/wp-json\/wp\/v2\/pages\/137385"}],"wp:attachment":[{"href":"https:\/\/www.zoner.fi\/tuki\/wp-json\/wp\/v2\/media?parent=133459"}],"wp:term":[{"taxonomy":"category","embeddable":true,"href":"https:\/\/www.zoner.fi\/tuki\/wp-json\/wp\/v2\/categories?post=133459"},{"taxonomy":"post_tag","embeddable":true,"href":"https:\/\/www.zoner.fi\/tuki\/wp-json\/wp\/v2\/tags?post=133459"},{"taxonomy":"wf_page_folders","embeddable":true,"href":"https:\/\/www.zoner.fi\/tuki\/wp-json\/wp\/v2\/wf_page_folders?post=133459"}],"curies":[{"name":"wp","href":"https:\/\/api.w.org\/{rel}","templated":true}]}}