{"id":134095,"date":"2024-10-28T13:55:14","date_gmt":"2024-10-28T11:55:14","guid":{"rendered":"https:\/\/www.zoner.fi\/tuki\/?page_id=134095"},"modified":"2025-11-12T15:32:56","modified_gmt":"2025-11-12T13:32:56","slug":"miten-vahvistan-verkkotunnuksen","status":"publish","type":"page","link":"https:\/\/www.zoner.fi\/tuki\/sahkopostiohjeet\/microsoft-365\/miten-vahvistan-verkkotunnuksen\/","title":{"rendered":"Miten vahvistan verkkotunnuksen Microsoft 365"},"content":{"rendered":"\n<p>T\u00e4ss\u00e4 ohjeessa k\u00e4ymme l\u00e4pi miten verkkotunnus lis\u00e4t\u00e4\u00e4n, vahvistetaan ja ohjataan Microsoft 365 -palveluun.<\/p>\n\n\n\n<ol class=\"wp-block-list\">\n<li>Kirjaudu p\u00e4\u00e4k\u00e4ytt\u00e4j\u00e4tunnuksella <a href=\"https:\/\/admin.microsoft.com\/\" target=\"_blank\" rel=\"noopener\">Microsoft 365 admin centeriin<\/a>.<\/li>\n\n\n\n<li>Valitse vasemman valikon <strong>Asetukset<\/strong> -kohdan alta <strong>Toimialueet<\/strong>.<\/li>\n<\/ol>\n\n\n\n<figure class=\"wp-block-image size-full is-resized\"><img loading=\"lazy\" decoding=\"async\" width=\"281\" height=\"803\" src=\"https:\/\/www.zoner.fi\/tuki\/wp-content\/uploads\/2024\/10\/zoner026.jpg\" alt=\"\" class=\"wp-image-134097\" style=\"width:198px;height:auto\" srcset=\"https:\/\/www.zoner.fi\/tuki\/wp-content\/uploads\/2024\/10\/zoner026.jpg 281w, https:\/\/www.zoner.fi\/tuki\/wp-content\/uploads\/2024\/10\/zoner026-105x300.jpg 105w\" sizes=\"auto, (max-width: 281px) 100vw, 281px\" \/><\/figure>\n\n\n\n<p>3. Paina <strong>Aloita<\/strong>.<\/p>\n\n\n\n<figure class=\"wp-block-image size-full is-resized\"><img loading=\"lazy\" decoding=\"async\" width=\"798\" height=\"411\" src=\"https:\/\/www.zoner.fi\/tuki\/wp-content\/uploads\/2024\/10\/zoner028.jpg\" alt=\"\" class=\"wp-image-134099\" style=\"width:592px;height:auto\" srcset=\"https:\/\/www.zoner.fi\/tuki\/wp-content\/uploads\/2024\/10\/zoner028.jpg 798w, https:\/\/www.zoner.fi\/tuki\/wp-content\/uploads\/2024\/10\/zoner028-300x155.jpg 300w, https:\/\/www.zoner.fi\/tuki\/wp-content\/uploads\/2024\/10\/zoner028-768x396.jpg 768w\" sizes=\"auto, (max-width: 798px) 100vw, 798px\" \/><\/figure>\n\n\n\n<p>4. Sy\u00f6t\u00e4 verkkotunnuksesi kentt\u00e4\u00e4n <strong>Toimialuenimi<\/strong>.<br>5. Paina sivun alaosasta painiketta <strong>K\u00e4yt\u00e4 t\u00e4t\u00e4 toimialuetta<\/strong>.<\/p>\n\n\n\n<figure class=\"wp-block-image size-full is-resized\"><img loading=\"lazy\" decoding=\"async\" width=\"634\" height=\"831\" src=\"https:\/\/www.zoner.fi\/tuki\/wp-content\/uploads\/2024\/10\/zoner030.jpg\" alt=\"\" class=\"wp-image-134102\" style=\"width:436px;height:auto\" srcset=\"https:\/\/www.zoner.fi\/tuki\/wp-content\/uploads\/2024\/10\/zoner030.jpg 634w, https:\/\/www.zoner.fi\/tuki\/wp-content\/uploads\/2024\/10\/zoner030-229x300.jpg 229w\" sizes=\"auto, (max-width: 634px) 100vw, 634px\" \/><\/figure>\n\n\n\n<p>6. Valitse <strong>Lis\u00e4\u00e4 TXT-tietue toimialueen DNS-tietueisiin<\/strong>.<br>7. Paina <strong>Jatka<\/strong>.<\/p>\n\n\n\n<figure class=\"wp-block-image size-large is-resized\"><img loading=\"lazy\" decoding=\"async\" width=\"1024\" height=\"862\" src=\"https:\/\/www.zoner.fi\/tuki\/wp-content\/uploads\/2024\/10\/zoner031-1024x862.jpg\" alt=\"\" class=\"wp-image-134103\" style=\"width:478px;height:auto\" srcset=\"https:\/\/www.zoner.fi\/tuki\/wp-content\/uploads\/2024\/10\/zoner031-1024x862.jpg 1024w, https:\/\/www.zoner.fi\/tuki\/wp-content\/uploads\/2024\/10\/zoner031-300x252.jpg 300w, https:\/\/www.zoner.fi\/tuki\/wp-content\/uploads\/2024\/10\/zoner031-768x646.jpg 768w, https:\/\/www.zoner.fi\/tuki\/wp-content\/uploads\/2024\/10\/zoner031.jpg 1250w\" sizes=\"auto, (max-width: 1024px) 100vw, 1024px\" \/><\/figure>\n\n\n\n<p>8. <strong>Lis\u00e4\u00e4 verkkotunnuksesi DNS-hallinnasta palvelun antama uniikki TXT-vahvistustietue.<\/strong><br><br>Mik\u00e4li verkkotunnuksesi on Zoner Home -palvelussa, l\u00f6ytyy DNS-tietueen lis\u00e4ykseen ohjeistusta <a href=\"https:\/\/www.zoner.fi\/tuki\/miten-muokkaan-dns-tietueita\">t\u00e4\u00e4lt\u00e4<\/a>.<br>Mik\u00e4li verkkotunnuksesi on Zonerin Webhotelli -palvelussa, l\u00f6ytyy DNS-tietueen lis\u00e4ykseen ohjeistusta <a href=\"https:\/\/www.zoner.fi\/tuki\/webhotellit\/miten-muokkaan-dns-tietueita-webhotellissa\/\">t\u00e4\u00e4lt\u00e4<\/a>.<\/p>\n\n\n\n<p>9. Kun tietue on lis\u00e4tty, paina <strong>Vahvista<\/strong>.<\/p>\n\n\n\n<figure class=\"wp-block-image size-large is-resized\"><img loading=\"lazy\" decoding=\"async\" width=\"1024\" height=\"786\" src=\"https:\/\/www.zoner.fi\/tuki\/wp-content\/uploads\/2024\/10\/zoner032-1-1024x786.jpg\" alt=\"\" class=\"wp-image-134107\" style=\"width:593px;height:auto\" srcset=\"https:\/\/www.zoner.fi\/tuki\/wp-content\/uploads\/2024\/10\/zoner032-1-1024x786.jpg 1024w, https:\/\/www.zoner.fi\/tuki\/wp-content\/uploads\/2024\/10\/zoner032-1-300x230.jpg 300w, https:\/\/www.zoner.fi\/tuki\/wp-content\/uploads\/2024\/10\/zoner032-1-768x590.jpg 768w, https:\/\/www.zoner.fi\/tuki\/wp-content\/uploads\/2024\/10\/zoner032-1.jpg 1082w\" sizes=\"auto, (max-width: 1024px) 100vw, 1024px\" \/><\/figure>\n\n\n\n<p>10. Kun tietueen lis\u00e4yksen j\u00e4lkeen vahvistaminen menee l\u00e4pi, <strong>lis\u00e4\u00e4 palvelun antamat muut tietueet verkkotunnuksen s\u00e4hk\u00f6postien ohjaamiseksi palveluun<\/strong> ja paina <strong>Jatka<\/strong>.<\/p>\n\n\n\n<figure class=\"wp-block-image size-large is-resized\"><img loading=\"lazy\" decoding=\"async\" width=\"1024\" height=\"587\" src=\"https:\/\/www.zoner.fi\/tuki\/wp-content\/uploads\/2024\/10\/zoner033-1024x587.jpg\" alt=\"\" class=\"wp-image-134108\" style=\"width:581px;height:auto\" srcset=\"https:\/\/www.zoner.fi\/tuki\/wp-content\/uploads\/2024\/10\/zoner033-1024x587.jpg 1024w, https:\/\/www.zoner.fi\/tuki\/wp-content\/uploads\/2024\/10\/zoner033-300x172.jpg 300w, https:\/\/www.zoner.fi\/tuki\/wp-content\/uploads\/2024\/10\/zoner033-768x440.jpg 768w, https:\/\/www.zoner.fi\/tuki\/wp-content\/uploads\/2024\/10\/zoner033.jpg 1213w\" sizes=\"auto, (max-width: 1024px) 100vw, 1024px\" \/><\/figure>\n\n\n\n<p>Kun tietueet on lis\u00e4tty DNS-hallintaan ja n\u00e4kyv\u00e4t ulosp\u00e4in oikein, antaa palvelu ilmoituksen <strong>Toimialueen m\u00e4\u00e4ritys on valmis<\/strong>.<\/p>\n\n\n\n<figure class=\"wp-block-image size-full\"><img loading=\"lazy\" decoding=\"async\" width=\"679\" height=\"89\" src=\"https:\/\/www.zoner.fi\/tuki\/wp-content\/uploads\/2024\/10\/zoner034.jpg\" alt=\"\" class=\"wp-image-134109\" srcset=\"https:\/\/www.zoner.fi\/tuki\/wp-content\/uploads\/2024\/10\/zoner034.jpg 679w, https:\/\/www.zoner.fi\/tuki\/wp-content\/uploads\/2024\/10\/zoner034-300x39.jpg 300w\" sizes=\"auto, (max-width: 679px) 100vw, 679px\" \/><\/figure>\n","protected":false},"excerpt":{"rendered":"<p>T\u00e4ss\u00e4 ohjeessa k\u00e4ymme l\u00e4pi miten verkkotunnus lis\u00e4t\u00e4\u00e4n, vahvistetaan ja ohjataan Microsoft 365 -palveluun. 3. Paina Aloita. 4. Sy\u00f6t\u00e4 verkkotunnuksesi kentt\u00e4\u00e4n Toimialuenimi.5. Paina sivun alaosasta painiketta K\u00e4yt\u00e4 t\u00e4t\u00e4 toimialuetta. 6. Valitse Lis\u00e4\u00e4 TXT-tietue toimialueen DNS-tietueisiin.7. Paina Jatka. 8. Lis\u00e4\u00e4 verkkotunnuksesi DNS-hallinnasta palvelun antama uniikki TXT-vahvistustietue. Mik\u00e4li verkkotunnuksesi on Zoner Home -palvelussa, l\u00f6ytyy DNS-tietueen lis\u00e4ykseen ohjeistusta t\u00e4\u00e4lt\u00e4.Mik\u00e4li &#8230; <a title=\"Miten vahvistan verkkotunnuksen Microsoft 365\" class=\"read-more\" href=\"https:\/\/www.zoner.fi\/tuki\/sahkopostiohjeet\/microsoft-365\/miten-vahvistan-verkkotunnuksen\/\" aria-label=\"Lue lis\u00e4\u00e4 aiheesta Miten vahvistan verkkotunnuksen Microsoft 365\">Lue lis\u00e4\u00e4<\/a><\/p>\n","protected":false},"author":20,"featured_media":0,"parent":137093,"menu_order":0,"comment_status":"closed","ping_status":"closed","template":"","meta":{"_relevanssi_hide_post":"","_relevanssi_hide_content":"","_relevanssi_pin_for_all":"","_relevanssi_pin_keywords":"","_relevanssi_unpin_keywords":"","_relevanssi_related_keywords":"","_relevanssi_related_include_ids":"","_relevanssi_related_exclude_ids":"","_relevanssi_related_no_append":"","_relevanssi_related_not_related":"","_relevanssi_related_posts":"1076,132325,133233,130424,130616,131506","_relevanssi_noindex_reason":"","footnotes":""},"categories":[197],"tags":[110],"wf_page_folders":[],"class_list":{"0":"post-134095","1":"page","2":"type-page","3":"status-publish","5":"category-microsoft-365","6":"tag-microsoft-365"},"_links":{"self":[{"href":"https:\/\/www.zoner.fi\/tuki\/wp-json\/wp\/v2\/pages\/134095","targetHints":{"allow":["GET"]}}],"collection":[{"href":"https:\/\/www.zoner.fi\/tuki\/wp-json\/wp\/v2\/pages"}],"about":[{"href":"https:\/\/www.zoner.fi\/tuki\/wp-json\/wp\/v2\/types\/page"}],"author":[{"embeddable":true,"href":"https:\/\/www.zoner.fi\/tuki\/wp-json\/wp\/v2\/users\/20"}],"replies":[{"embeddable":true,"href":"https:\/\/www.zoner.fi\/tuki\/wp-json\/wp\/v2\/comments?post=134095"}],"version-history":[{"count":4,"href":"https:\/\/www.zoner.fi\/tuki\/wp-json\/wp\/v2\/pages\/134095\/revisions"}],"predecessor-version":[{"id":138053,"href":"https:\/\/www.zoner.fi\/tuki\/wp-json\/wp\/v2\/pages\/134095\/revisions\/138053"}],"up":[{"embeddable":true,"href":"https:\/\/www.zoner.fi\/tuki\/wp-json\/wp\/v2\/pages\/137093"}],"wp:attachment":[{"href":"https:\/\/www.zoner.fi\/tuki\/wp-json\/wp\/v2\/media?parent=134095"}],"wp:term":[{"taxonomy":"category","embeddable":true,"href":"https:\/\/www.zoner.fi\/tuki\/wp-json\/wp\/v2\/categories?post=134095"},{"taxonomy":"post_tag","embeddable":true,"href":"https:\/\/www.zoner.fi\/tuki\/wp-json\/wp\/v2\/tags?post=134095"},{"taxonomy":"wf_page_folders","embeddable":true,"href":"https:\/\/www.zoner.fi\/tuki\/wp-json\/wp\/v2\/wf_page_folders?post=134095"}],"curies":[{"name":"wp","href":"https:\/\/api.w.org\/{rel}","templated":true}]}}