{"id":134112,"date":"2024-10-28T13:47:38","date_gmt":"2024-10-28T11:47:38","guid":{"rendered":"https:\/\/www.zoner.fi\/tuki\/?page_id=134112"},"modified":"2025-11-12T15:31:53","modified_gmt":"2025-11-12T13:31:53","slug":"miten-luon-kayttajan","status":"publish","type":"page","link":"https:\/\/www.zoner.fi\/tuki\/sahkopostiohjeet\/microsoft-365\/miten-luon-kayttajan\/","title":{"rendered":"Miten luon k\u00e4ytt\u00e4j\u00e4n Microsoft 365 palvelussa."},"content":{"rendered":"\n<p>T\u00e4ss\u00e4 ohjeessa k\u00e4ymme l\u00e4pi, miten voit lis\u00e4t\u00e4 k\u00e4ytt\u00e4j\u00e4n ja m\u00e4\u00e4ritt\u00e4\u00e4 k\u00e4ytt\u00e4j\u00e4lle lisenssin Microsoft 365 palvelussa.<\/p>\n\n\n\n<ol class=\"wp-block-list\">\n<li>Kirjaudu p\u00e4\u00e4k\u00e4ytt\u00e4j\u00e4tunnuksella <a href=\"https:\/\/admin.microsoft.com\/\" target=\"_blank\" rel=\"noopener\">Microsoft 365 admin centeriin<\/a>.<\/li>\n\n\n\n<li>Valitse vasemman valikon <strong>K\u00e4ytt\u00e4j\u00e4t<\/strong> -kohdan alta <strong>Aktiiviset k\u00e4ytt\u00e4j\u00e4t<\/strong>.<\/li>\n<\/ol>\n\n\n\n<figure class=\"wp-block-image size-full is-resized\"><img loading=\"lazy\" decoding=\"async\" width=\"279\" height=\"676\" src=\"https:\/\/www.zoner.fi\/tuki\/wp-content\/uploads\/2024\/10\/zoner035.jpg\" alt=\"\" class=\"wp-image-134113\" style=\"width:190px;height:auto\" srcset=\"https:\/\/www.zoner.fi\/tuki\/wp-content\/uploads\/2024\/10\/zoner035.jpg 279w, https:\/\/www.zoner.fi\/tuki\/wp-content\/uploads\/2024\/10\/zoner035-124x300.jpg 124w\" sizes=\"auto, (max-width: 279px) 100vw, 279px\" \/><\/figure>\n\n\n\n<p>3. Paina <strong>Lis\u00e4\u00e4 k\u00e4ytt\u00e4j\u00e4<\/strong>.<\/p>\n\n\n\n<figure class=\"wp-block-image size-full is-resized\"><img loading=\"lazy\" decoding=\"async\" width=\"505\" height=\"222\" src=\"https:\/\/www.zoner.fi\/tuki\/wp-content\/uploads\/2024\/10\/zoner036.jpg\" alt=\"\" class=\"wp-image-134114\" style=\"width:407px;height:auto\" srcset=\"https:\/\/www.zoner.fi\/tuki\/wp-content\/uploads\/2024\/10\/zoner036.jpg 505w, https:\/\/www.zoner.fi\/tuki\/wp-content\/uploads\/2024\/10\/zoner036-300x132.jpg 300w\" sizes=\"auto, (max-width: 505px) 100vw, 505px\" \/><\/figure>\n\n\n\n<p>4. Sy\u00f6t\u00e4 k\u00e4ytt\u00e4j\u00e4lle halutut tiedot ja paina <strong>Seuraava<\/strong>.<\/p>\n\n\n\n<figure class=\"wp-block-image size-full is-resized\"><img loading=\"lazy\" decoding=\"async\" width=\"917\" height=\"648\" src=\"https:\/\/www.zoner.fi\/tuki\/wp-content\/uploads\/2024\/10\/zoner037.jpg\" alt=\"\" class=\"wp-image-134115\" style=\"width:549px;height:auto\" srcset=\"https:\/\/www.zoner.fi\/tuki\/wp-content\/uploads\/2024\/10\/zoner037.jpg 917w, https:\/\/www.zoner.fi\/tuki\/wp-content\/uploads\/2024\/10\/zoner037-300x212.jpg 300w, https:\/\/www.zoner.fi\/tuki\/wp-content\/uploads\/2024\/10\/zoner037-768x543.jpg 768w\" sizes=\"auto, (max-width: 917px) 100vw, 917px\" \/><\/figure>\n\n\n\n<p>5. M\u00e4\u00e4rit\u00e4 k\u00e4ytt\u00e4j\u00e4lle halutut k\u00e4ytt\u00f6oikeudet (lisenssit).<br>6. Paina <strong>Seuraava<\/strong>.<\/p>\n\n\n\n<figure class=\"wp-block-image size-full is-resized\"><img loading=\"lazy\" decoding=\"async\" width=\"812\" height=\"791\" src=\"https:\/\/www.zoner.fi\/tuki\/wp-content\/uploads\/2024\/10\/zoner038.jpg\" alt=\"\" class=\"wp-image-134116\" style=\"width:459px;height:auto\" srcset=\"https:\/\/www.zoner.fi\/tuki\/wp-content\/uploads\/2024\/10\/zoner038.jpg 812w, https:\/\/www.zoner.fi\/tuki\/wp-content\/uploads\/2024\/10\/zoner038-300x292.jpg 300w, https:\/\/www.zoner.fi\/tuki\/wp-content\/uploads\/2024\/10\/zoner038-768x748.jpg 768w\" sizes=\"auto, (max-width: 812px) 100vw, 812px\" \/><\/figure>\n\n\n\n<p>7. Valitse halutut valinnaiset asetukset ja paina <strong>Seuraava<\/strong>.<br>8. Tarkista k\u00e4ytt\u00e4j\u00e4n tiedot, tarkistamisen j\u00e4lkeen paina <strong>Viimeistele lis\u00e4\u00e4minen<\/strong>.<br>9. K\u00e4ytt\u00e4j\u00e4 on nyt luotu. <strong>Kopioi k\u00e4ytt\u00e4j\u00e4n salasana ilmeistyv\u00e4lt\u00e4 Valmis -sivulta.<\/strong><\/p>\n\n\n\n<p><strong>Mik\u00e4li unohdit kopioida k\u00e4ytt\u00e4j\u00e4n salasanan<\/strong>, saat nollattua salasanan <a href=\"https:\/\/www.zoner.fi\/tuki\/sahkopostiohjeet\/microsoft-365\/miten-vaihdan-salasanan\/\">t\u00e4\u00e4lt\u00e4 <\/a>l\u00f6ytyv\u00e4n ohjeen avulla.<\/p>\n","protected":false},"excerpt":{"rendered":"<p>T\u00e4ss\u00e4 ohjeessa k\u00e4ymme l\u00e4pi, miten voit lis\u00e4t\u00e4 k\u00e4ytt\u00e4j\u00e4n ja m\u00e4\u00e4ritt\u00e4\u00e4 k\u00e4ytt\u00e4j\u00e4lle lisenssin Microsoft 365 palvelussa. 3. Paina Lis\u00e4\u00e4 k\u00e4ytt\u00e4j\u00e4. 4. Sy\u00f6t\u00e4 k\u00e4ytt\u00e4j\u00e4lle halutut tiedot ja paina Seuraava. 5. M\u00e4\u00e4rit\u00e4 k\u00e4ytt\u00e4j\u00e4lle halutut k\u00e4ytt\u00f6oikeudet (lisenssit).6. Paina Seuraava. 7. Valitse halutut valinnaiset asetukset ja paina Seuraava.8. Tarkista k\u00e4ytt\u00e4j\u00e4n tiedot, tarkistamisen j\u00e4lkeen paina Viimeistele lis\u00e4\u00e4minen.9. K\u00e4ytt\u00e4j\u00e4 on nyt luotu. &#8230; <a title=\"Miten luon k\u00e4ytt\u00e4j\u00e4n Microsoft 365 palvelussa.\" class=\"read-more\" href=\"https:\/\/www.zoner.fi\/tuki\/sahkopostiohjeet\/microsoft-365\/miten-luon-kayttajan\/\" aria-label=\"Lue lis\u00e4\u00e4 aiheesta Miten luon k\u00e4ytt\u00e4j\u00e4n Microsoft 365 palvelussa.\">Lue lis\u00e4\u00e4<\/a><\/p>\n","protected":false},"author":20,"featured_media":0,"parent":137093,"menu_order":0,"comment_status":"closed","ping_status":"closed","template":"","meta":{"_relevanssi_hide_post":"","_relevanssi_hide_content":"","_relevanssi_pin_for_all":"","_relevanssi_pin_keywords":"","_relevanssi_unpin_keywords":"","_relevanssi_related_keywords":"","_relevanssi_related_include_ids":"","_relevanssi_related_exclude_ids":"","_relevanssi_related_no_append":"","_relevanssi_related_not_related":"","_relevanssi_related_posts":"1066,130412,132144,132244,132938,130616","_relevanssi_noindex_reason":"","footnotes":""},"categories":[197],"tags":[110],"wf_page_folders":[],"class_list":{"0":"post-134112","1":"page","2":"type-page","3":"status-publish","5":"category-microsoft-365","6":"tag-microsoft-365"},"_links":{"self":[{"href":"https:\/\/www.zoner.fi\/tuki\/wp-json\/wp\/v2\/pages\/134112","targetHints":{"allow":["GET"]}}],"collection":[{"href":"https:\/\/www.zoner.fi\/tuki\/wp-json\/wp\/v2\/pages"}],"about":[{"href":"https:\/\/www.zoner.fi\/tuki\/wp-json\/wp\/v2\/types\/page"}],"author":[{"embeddable":true,"href":"https:\/\/www.zoner.fi\/tuki\/wp-json\/wp\/v2\/users\/20"}],"replies":[{"embeddable":true,"href":"https:\/\/www.zoner.fi\/tuki\/wp-json\/wp\/v2\/comments?post=134112"}],"version-history":[{"count":4,"href":"https:\/\/www.zoner.fi\/tuki\/wp-json\/wp\/v2\/pages\/134112\/revisions"}],"predecessor-version":[{"id":138051,"href":"https:\/\/www.zoner.fi\/tuki\/wp-json\/wp\/v2\/pages\/134112\/revisions\/138051"}],"up":[{"embeddable":true,"href":"https:\/\/www.zoner.fi\/tuki\/wp-json\/wp\/v2\/pages\/137093"}],"wp:attachment":[{"href":"https:\/\/www.zoner.fi\/tuki\/wp-json\/wp\/v2\/media?parent=134112"}],"wp:term":[{"taxonomy":"category","embeddable":true,"href":"https:\/\/www.zoner.fi\/tuki\/wp-json\/wp\/v2\/categories?post=134112"},{"taxonomy":"post_tag","embeddable":true,"href":"https:\/\/www.zoner.fi\/tuki\/wp-json\/wp\/v2\/tags?post=134112"},{"taxonomy":"wf_page_folders","embeddable":true,"href":"https:\/\/www.zoner.fi\/tuki\/wp-json\/wp\/v2\/wf_page_folders?post=134112"}],"curies":[{"name":"wp","href":"https:\/\/api.w.org\/{rel}","templated":true}]}}