{"id":134128,"date":"2024-11-12T13:57:31","date_gmt":"2024-11-12T11:57:31","guid":{"rendered":"https:\/\/www.zoner.fi\/tuki\/?page_id=134128"},"modified":"2025-09-25T16:43:16","modified_gmt":"2025-09-25T13:43:16","slug":"spotify-widgetin-lisaaminen-kotisivuille","status":"publish","type":"page","link":"https:\/\/www.zoner.fi\/tuki\/kotisivukone\/zoner\/spotify-widgetin-lisaaminen-kotisivuille\/","title":{"rendered":"Spotify-widgetin lis\u00e4\u00e4minen kotisivuille"},"content":{"rendered":"\n<p>Upota musiikkia sivustollesi helposti! Jos olet musiikintekij\u00e4, voit mainostaa omia kappaleitasi ja albumeitasi Spotify-widgetill\u00e4. T\u00e4ss\u00e4 ohjeessa kerromme, miten voit lis\u00e4t\u00e4 sen sivuillesi.<\/p>\n\n\n\n<h2 class=\"wp-block-heading\" id=\"h_01GDNABVVQWQ1WNEX1VT6HFBKW\">1. Valitse Spotify-widget<\/h2>\n\n\n\n<ol class=\"wp-block-list\">\n<li>Avaa Zoner Kotisivukoneen editori.<\/li>\n\n\n\n<li>Siirry sivustosi osaan, johon haluat lis\u00e4t\u00e4 Spotify-widgetin.<\/li>\n\n\n\n<li>Valitse vasemmalla olevasta valikosta&nbsp;<strong>Widgetit<\/strong>.<\/li>\n\n\n\n<li>Valitse Musiikki-kohdasta&nbsp;<strong>Spotify<\/strong>&nbsp;.<\/li>\n<\/ol>\n\n\n\n<figure class=\"wp-block-image size-large\"><img loading=\"lazy\" decoding=\"async\" width=\"1024\" height=\"647\" src=\"https:\/\/www.zoner.fi\/tuki\/wp-content\/uploads\/2024\/10\/kotisivukone-widgetit-spotify-1-1024x647.png\" alt=\"\" class=\"wp-image-134167\" srcset=\"https:\/\/www.zoner.fi\/tuki\/wp-content\/uploads\/2024\/10\/kotisivukone-widgetit-spotify-1-1024x647.png 1024w, https:\/\/www.zoner.fi\/tuki\/wp-content\/uploads\/2024\/10\/kotisivukone-widgetit-spotify-1-300x190.png 300w, https:\/\/www.zoner.fi\/tuki\/wp-content\/uploads\/2024\/10\/kotisivukone-widgetit-spotify-1-768x485.png 768w, https:\/\/www.zoner.fi\/tuki\/wp-content\/uploads\/2024\/10\/kotisivukone-widgetit-spotify-1.png 1306w\" sizes=\"auto, (max-width: 1024px) 100vw, 1024px\" \/><\/figure>\n\n\n\n<h2 class=\"wp-block-heading\" id=\"h_01GDNAC1VEYNQR0WMB88P9BNXJ\">2. Lis\u00e4\u00e4 kappale, albumi tai soittolista<\/h2>\n\n\n\n<ol class=\"wp-block-list\">\n<li><strong>Siirry Spotifyhin<\/strong>&nbsp;ja etsi kappale, albumi tai soittolista, jonka haluat lis\u00e4t\u00e4 kotisivuillesi.<\/li>\n\n\n\n<li>Napsauta&nbsp;<strong>kolmen pisteen<\/strong>&nbsp;kuvaketta (&#8217;&#8230;&#8217;) ja&nbsp;<strong>Jaa<\/strong>, sitten&nbsp;<strong>Kopioi linkki<\/strong>.<\/li>\n\n\n\n<li>Liit\u00e4&nbsp;Spotify-linkki Zoner Kotisivukoneen ponnahdusikkunaan.<\/li>\n\n\n\n<li>Napsauta&nbsp;<strong>OK<\/strong>&nbsp;lis\u00e4t\u00e4ksesi sen verkkosivustollesi.<\/li>\n<\/ol>\n\n\n\n<figure class=\"wp-block-image size-large\"><img loading=\"lazy\" decoding=\"async\" width=\"1024\" height=\"649\" src=\"https:\/\/www.zoner.fi\/tuki\/wp-content\/uploads\/2024\/10\/kotisivukone-widgetit-spotify-2-1024x649.png\" alt=\"\" class=\"wp-image-134168\" srcset=\"https:\/\/www.zoner.fi\/tuki\/wp-content\/uploads\/2024\/10\/kotisivukone-widgetit-spotify-2-1024x649.png 1024w, https:\/\/www.zoner.fi\/tuki\/wp-content\/uploads\/2024\/10\/kotisivukone-widgetit-spotify-2-300x190.png 300w, https:\/\/www.zoner.fi\/tuki\/wp-content\/uploads\/2024\/10\/kotisivukone-widgetit-spotify-2-768x487.png 768w, https:\/\/www.zoner.fi\/tuki\/wp-content\/uploads\/2024\/10\/kotisivukone-widgetit-spotify-2.png 1304w\" sizes=\"auto, (max-width: 1024px) 100vw, 1024px\" \/><\/figure>\n\n\n\n<p>Muista lopuksi&nbsp;<strong>tallentaa ja julkaista<\/strong>&nbsp;sivustosi, jotta muutokset n\u00e4kyv\u00e4t julkaistulla sivustollasi.<\/p>\n\n\n\n<h2 class=\"wp-block-heading\" id=\"h_01GDN8ZHKXX9NX46HXSNP48C87\">Muokkaa Spotify-widgeti\u00e4<\/h2>\n\n\n\n<p>Kuten muidenkin komponenttien kanssa, voit muuttaa Spotify-widgetin kokoa vet\u00e4m\u00e4ll\u00e4 sen reunoja. Jos napsautat widgeti\u00e4, n\u00e4et seuraavat vaihtoehdot:<\/p>\n\n\n\n<ul class=\"wp-block-list\">\n<li>&nbsp;<strong>Muuta soittolistaa\/kappaletta\/albumia:<\/strong>&nbsp;Voit muuttaa n\u00e4ytett\u00e4v\u00e4\u00e4 soittolistaa, kappaletta tai albumia ilman, ett\u00e4 poistat koko widgeti\u00e4.<\/li>\n\n\n\n<li>&nbsp;<strong>Asetukset:<\/strong>&nbsp;Valitse toinen kahdesta widget-teemasta.<\/li>\n<\/ul>\n\n\n\n<figure class=\"wp-block-image size-large\"><img loading=\"lazy\" decoding=\"async\" width=\"1024\" height=\"645\" src=\"https:\/\/www.zoner.fi\/tuki\/wp-content\/uploads\/2024\/10\/kotisivukone-widgetit-spotify-3-1024x645.png\" alt=\"\" class=\"wp-image-134169\" srcset=\"https:\/\/www.zoner.fi\/tuki\/wp-content\/uploads\/2024\/10\/kotisivukone-widgetit-spotify-3-1024x645.png 1024w, https:\/\/www.zoner.fi\/tuki\/wp-content\/uploads\/2024\/10\/kotisivukone-widgetit-spotify-3-300x189.png 300w, https:\/\/www.zoner.fi\/tuki\/wp-content\/uploads\/2024\/10\/kotisivukone-widgetit-spotify-3-768x483.png 768w, https:\/\/www.zoner.fi\/tuki\/wp-content\/uploads\/2024\/10\/kotisivukone-widgetit-spotify-3.png 1306w\" sizes=\"auto, (max-width: 1024px) 100vw, 1024px\" \/><\/figure>\n","protected":false},"excerpt":{"rendered":"<p>Upota musiikkia sivustollesi helposti! Jos olet musiikintekij\u00e4, voit mainostaa omia kappaleitasi ja albumeitasi Spotify-widgetill\u00e4. T\u00e4ss\u00e4 ohjeessa kerromme, miten voit lis\u00e4t\u00e4 sen sivuillesi. 1. Valitse Spotify-widget 2. Lis\u00e4\u00e4 kappale, albumi tai soittolista Muista lopuksi&nbsp;tallentaa ja julkaista&nbsp;sivustosi, jotta muutokset n\u00e4kyv\u00e4t julkaistulla sivustollasi. Muokkaa Spotify-widgeti\u00e4 Kuten muidenkin komponenttien kanssa, voit muuttaa Spotify-widgetin kokoa vet\u00e4m\u00e4ll\u00e4 sen reunoja. Jos napsautat &#8230; <a title=\"Spotify-widgetin lis\u00e4\u00e4minen kotisivuille\" class=\"read-more\" href=\"https:\/\/www.zoner.fi\/tuki\/kotisivukone\/zoner\/spotify-widgetin-lisaaminen-kotisivuille\/\" aria-label=\"Lue lis\u00e4\u00e4 aiheesta Spotify-widgetin lis\u00e4\u00e4minen kotisivuille\">Lue lis\u00e4\u00e4<\/a><\/p>\n","protected":false},"author":18,"featured_media":0,"parent":137385,"menu_order":0,"comment_status":"closed","ping_status":"closed","template":"","meta":{"_relevanssi_hide_post":"","_relevanssi_hide_content":"","_relevanssi_pin_for_all":"","_relevanssi_pin_keywords":"","_relevanssi_unpin_keywords":"","_relevanssi_related_keywords":"","_relevanssi_related_include_ids":"","_relevanssi_related_exclude_ids":"","_relevanssi_related_no_append":"","_relevanssi_related_not_related":"","_relevanssi_related_posts":"132144,130722,130553,130899,132826,132140","_relevanssi_noindex_reason":"","footnotes":""},"categories":[166],"tags":[162],"wf_page_folders":[],"class_list":{"0":"post-134128","1":"page","2":"type-page","3":"status-publish","5":"category-zoner-kotisivukone","6":"tag-upotus-ja-koodi"},"_links":{"self":[{"href":"https:\/\/www.zoner.fi\/tuki\/wp-json\/wp\/v2\/pages\/134128","targetHints":{"allow":["GET"]}}],"collection":[{"href":"https:\/\/www.zoner.fi\/tuki\/wp-json\/wp\/v2\/pages"}],"about":[{"href":"https:\/\/www.zoner.fi\/tuki\/wp-json\/wp\/v2\/types\/page"}],"author":[{"embeddable":true,"href":"https:\/\/www.zoner.fi\/tuki\/wp-json\/wp\/v2\/users\/18"}],"replies":[{"embeddable":true,"href":"https:\/\/www.zoner.fi\/tuki\/wp-json\/wp\/v2\/comments?post=134128"}],"version-history":[{"count":3,"href":"https:\/\/www.zoner.fi\/tuki\/wp-json\/wp\/v2\/pages\/134128\/revisions"}],"predecessor-version":[{"id":134634,"href":"https:\/\/www.zoner.fi\/tuki\/wp-json\/wp\/v2\/pages\/134128\/revisions\/134634"}],"up":[{"embeddable":true,"href":"https:\/\/www.zoner.fi\/tuki\/wp-json\/wp\/v2\/pages\/137385"}],"wp:attachment":[{"href":"https:\/\/www.zoner.fi\/tuki\/wp-json\/wp\/v2\/media?parent=134128"}],"wp:term":[{"taxonomy":"category","embeddable":true,"href":"https:\/\/www.zoner.fi\/tuki\/wp-json\/wp\/v2\/categories?post=134128"},{"taxonomy":"post_tag","embeddable":true,"href":"https:\/\/www.zoner.fi\/tuki\/wp-json\/wp\/v2\/tags?post=134128"},{"taxonomy":"wf_page_folders","embeddable":true,"href":"https:\/\/www.zoner.fi\/tuki\/wp-json\/wp\/v2\/wf_page_folders?post=134128"}],"curies":[{"name":"wp","href":"https:\/\/api.w.org\/{rel}","templated":true}]}}