{"id":134130,"date":"2024-11-12T11:22:58","date_gmt":"2024-11-12T09:22:58","guid":{"rendered":"https:\/\/www.zoner.fi\/tuki\/?page_id=134130"},"modified":"2025-09-25T16:43:20","modified_gmt":"2025-09-25T13:43:20","slug":"vimeo-videon-lisaaminen-kotisivuille","status":"publish","type":"page","link":"https:\/\/www.zoner.fi\/tuki\/kotisivukone\/zoner\/vimeo-videon-lisaaminen-kotisivuille\/","title":{"rendered":"Vimeo-videon lis\u00e4\u00e4minen kotisivuille"},"content":{"rendered":"\n<p>T\u00e4ss\u00e4 ohjeessa n\u00e4yt\u00e4mme, miten voit helposti lis\u00e4t\u00e4 Vimeo-videon kotisivuillesi Zoner Kotisivukoneessa.<\/p>\n\n\n\n<p><strong>Huomaa:&nbsp;<\/strong>T\u00e4m\u00e4 ominaisuus on k\u00e4ytett\u00e4viss\u00e4 Zoner Kotisivukoneen Premium- ja Business-paketeissa.&nbsp;<\/p>\n\n\n\n<h2 class=\"wp-block-heading\" id=\"h_01GDNABVVQWQ1WNEX1VT6HFBKW\">1. Valitse Vimeo-widget<\/h2>\n\n\n\n<ol class=\"wp-block-list\">\n<li>Avaa Zoner Kotisivukoneen editori.<\/li>\n\n\n\n<li>Siirry sivustosi osaan, johon haluat lis\u00e4t\u00e4 Vimeo-widgetin.<\/li>\n\n\n\n<li>Valitse vasemmalla olevasta valikosta\u00a0<strong>Widgetit<\/strong>.<\/li>\n\n\n\n<li>Valitse Video-kohdasta\u00a0<strong>Vimeo<\/strong>.<\/li>\n<\/ol>\n\n\n\n<figure class=\"wp-block-image size-large\"><img loading=\"lazy\" decoding=\"async\" width=\"1024\" height=\"648\" src=\"https:\/\/www.zoner.fi\/tuki\/wp-content\/uploads\/2024\/10\/kotisivukone-vimeo-1-1024x648.png\" alt=\"\" class=\"wp-image-134192\" srcset=\"https:\/\/www.zoner.fi\/tuki\/wp-content\/uploads\/2024\/10\/kotisivukone-vimeo-1-1024x648.png 1024w, https:\/\/www.zoner.fi\/tuki\/wp-content\/uploads\/2024\/10\/kotisivukone-vimeo-1-300x190.png 300w, https:\/\/www.zoner.fi\/tuki\/wp-content\/uploads\/2024\/10\/kotisivukone-vimeo-1-768x486.png 768w, https:\/\/www.zoner.fi\/tuki\/wp-content\/uploads\/2024\/10\/kotisivukone-vimeo-1.png 1306w\" sizes=\"auto, (max-width: 1024px) 100vw, 1024px\" \/><\/figure>\n\n\n\n<h2 class=\"wp-block-heading\" id=\"h_01GDNAC1VEYNQR0WMB88P9BNXJ\">2. Lis\u00e4\u00e4 video<\/h2>\n\n\n\n<ol class=\"wp-block-list\">\n<li><strong>Siirry Vimeoon<\/strong>\u00a0ja k\u00e4yt\u00e4 joko Jaa-painiketta tai kopioi sen videon URL-osoite, jonka haluat jakaa.<\/li>\n\n\n\n<li><strong>Liit\u00e4 linkki<\/strong>\u00a0haluamaasi Vimeo-videoon.<\/li>\n\n\n\n<li>Lis\u00e4\u00e4 video sivullesi napsauttamalla\u00a0<strong>OK<\/strong>-painiketta.<\/li>\n<\/ol>\n\n\n\n<figure class=\"wp-block-image size-large\"><img loading=\"lazy\" decoding=\"async\" width=\"1024\" height=\"649\" src=\"https:\/\/www.zoner.fi\/tuki\/wp-content\/uploads\/2024\/10\/kotisivukone-vimeo-2-1024x649.png\" alt=\"\" class=\"wp-image-134193\" srcset=\"https:\/\/www.zoner.fi\/tuki\/wp-content\/uploads\/2024\/10\/kotisivukone-vimeo-2-1024x649.png 1024w, https:\/\/www.zoner.fi\/tuki\/wp-content\/uploads\/2024\/10\/kotisivukone-vimeo-2-300x190.png 300w, https:\/\/www.zoner.fi\/tuki\/wp-content\/uploads\/2024\/10\/kotisivukone-vimeo-2-768x487.png 768w, https:\/\/www.zoner.fi\/tuki\/wp-content\/uploads\/2024\/10\/kotisivukone-vimeo-2.png 1306w\" sizes=\"auto, (max-width: 1024px) 100vw, 1024px\" \/><\/figure>\n\n\n\n<p><strong>Huomaa:<\/strong>\u00a0Video n\u00e4kyy julkisella sivustollasi vasta sitten, kun olet tallentanut muutokset ja julkaissut sivustosi.<\/p>\n\n\n\n<h2 class=\"wp-block-heading\" id=\"h_01GDN8ZHKXX9NX46HXSNP48C87\">Muokkaa videon asetuksia<\/h2>\n\n\n\n<p>Kun olet lis\u00e4nnyt widgetin, voit muokata seuraavia asetuksia valitsemalla sen ja napsauttamalla sen p\u00e4\u00e4ll\u00e4 olevia v\u00e4lilehti\u00e4:<\/p>\n\n\n\n<ul class=\"wp-block-list\">\n<li>\u00a0<strong>Automaattinen toisto:<\/strong>\u00a0Jos aktivoit t\u00e4m\u00e4n, videon toisto alkaa automaattisesti, kun joku vierailee sivustollasi.<\/li>\n\n\n\n<li>\u00a0<strong>Toista t\u00e4m\u00e4 video silmukassa:<\/strong>\u00a0Jos t\u00e4m\u00e4 on k\u00e4yt\u00f6ss\u00e4, video toistetaan automaattisesti uudelleen alusta, kun vierailija on katsonut sen loppuun.<\/li>\n\n\n\n<li>\u00a0<strong>N\u00e4yt\u00e4 linkki:<\/strong>\u00a0Jos aktivoit t\u00e4m\u00e4n, videon Vimeo-linkki n\u00e4kyy videosoittimen alla.<\/li>\n<\/ul>\n\n\n\n<p><strong>Esimerkki<\/strong>: Alla olevassa kuvakaappauksessa\u00a0<strong>Automaattinen toisto<\/strong>\u00a0ja\u00a0<strong>N\u00e4yt\u00e4 linkki<\/strong>\u00a0on aktivoitu, mutta\u00a0<strong>Toista t\u00e4m\u00e4 video silmukassa<\/strong>\u00a0ei ole k\u00e4yt\u00f6ss\u00e4.<\/p>\n\n\n\n<p>Muista lopuksi\u00a0<strong>tallentaa ja julkaista<\/strong>\u00a0sivustosi, jotta muutokset n\u00e4kyv\u00e4t julkaistulla sivustollasi.<\/p>\n\n\n\n<figure class=\"wp-block-image size-large\"><img loading=\"lazy\" decoding=\"async\" width=\"1024\" height=\"646\" src=\"https:\/\/www.zoner.fi\/tuki\/wp-content\/uploads\/2024\/10\/kotisivukone-vimeo-3-1024x646.png\" alt=\"\" class=\"wp-image-134194\" srcset=\"https:\/\/www.zoner.fi\/tuki\/wp-content\/uploads\/2024\/10\/kotisivukone-vimeo-3-1024x646.png 1024w, https:\/\/www.zoner.fi\/tuki\/wp-content\/uploads\/2024\/10\/kotisivukone-vimeo-3-300x189.png 300w, https:\/\/www.zoner.fi\/tuki\/wp-content\/uploads\/2024\/10\/kotisivukone-vimeo-3-768x485.png 768w, https:\/\/www.zoner.fi\/tuki\/wp-content\/uploads\/2024\/10\/kotisivukone-vimeo-3.png 1306w\" sizes=\"auto, (max-width: 1024px) 100vw, 1024px\" \/><\/figure>\n","protected":false},"excerpt":{"rendered":"<p>T\u00e4ss\u00e4 ohjeessa n\u00e4yt\u00e4mme, miten voit helposti lis\u00e4t\u00e4 Vimeo-videon kotisivuillesi Zoner Kotisivukoneessa. Huomaa:&nbsp;T\u00e4m\u00e4 ominaisuus on k\u00e4ytett\u00e4viss\u00e4 Zoner Kotisivukoneen Premium- ja Business-paketeissa.&nbsp; 1. Valitse Vimeo-widget 2. Lis\u00e4\u00e4 video Huomaa:\u00a0Video n\u00e4kyy julkisella sivustollasi vasta sitten, kun olet tallentanut muutokset ja julkaissut sivustosi. Muokkaa videon asetuksia Kun olet lis\u00e4nnyt widgetin, voit muokata seuraavia asetuksia valitsemalla sen ja napsauttamalla sen &#8230; <a title=\"Vimeo-videon lis\u00e4\u00e4minen kotisivuille\" class=\"read-more\" href=\"https:\/\/www.zoner.fi\/tuki\/kotisivukone\/zoner\/vimeo-videon-lisaaminen-kotisivuille\/\" aria-label=\"Lue lis\u00e4\u00e4 aiheesta Vimeo-videon lis\u00e4\u00e4minen kotisivuille\">Lue lis\u00e4\u00e4<\/a><\/p>\n","protected":false},"author":18,"featured_media":0,"parent":137385,"menu_order":0,"comment_status":"closed","ping_status":"closed","template":"","meta":{"_relevanssi_hide_post":"","_relevanssi_hide_content":"","_relevanssi_pin_for_all":"","_relevanssi_pin_keywords":"","_relevanssi_unpin_keywords":"","_relevanssi_related_keywords":"","_relevanssi_related_include_ids":"","_relevanssi_related_exclude_ids":"","_relevanssi_related_no_append":"","_relevanssi_related_not_related":"","_relevanssi_related_posts":"131541,130779,132250,132336,130641,132348","_relevanssi_noindex_reason":"","footnotes":""},"categories":[166],"tags":[162],"wf_page_folders":[],"class_list":{"0":"post-134130","1":"page","2":"type-page","3":"status-publish","5":"category-zoner-kotisivukone","6":"tag-upotus-ja-koodi"},"_links":{"self":[{"href":"https:\/\/www.zoner.fi\/tuki\/wp-json\/wp\/v2\/pages\/134130","targetHints":{"allow":["GET"]}}],"collection":[{"href":"https:\/\/www.zoner.fi\/tuki\/wp-json\/wp\/v2\/pages"}],"about":[{"href":"https:\/\/www.zoner.fi\/tuki\/wp-json\/wp\/v2\/types\/page"}],"author":[{"embeddable":true,"href":"https:\/\/www.zoner.fi\/tuki\/wp-json\/wp\/v2\/users\/18"}],"replies":[{"embeddable":true,"href":"https:\/\/www.zoner.fi\/tuki\/wp-json\/wp\/v2\/comments?post=134130"}],"version-history":[{"count":3,"href":"https:\/\/www.zoner.fi\/tuki\/wp-json\/wp\/v2\/pages\/134130\/revisions"}],"predecessor-version":[{"id":134196,"href":"https:\/\/www.zoner.fi\/tuki\/wp-json\/wp\/v2\/pages\/134130\/revisions\/134196"}],"up":[{"embeddable":true,"href":"https:\/\/www.zoner.fi\/tuki\/wp-json\/wp\/v2\/pages\/137385"}],"wp:attachment":[{"href":"https:\/\/www.zoner.fi\/tuki\/wp-json\/wp\/v2\/media?parent=134130"}],"wp:term":[{"taxonomy":"category","embeddable":true,"href":"https:\/\/www.zoner.fi\/tuki\/wp-json\/wp\/v2\/categories?post=134130"},{"taxonomy":"post_tag","embeddable":true,"href":"https:\/\/www.zoner.fi\/tuki\/wp-json\/wp\/v2\/tags?post=134130"},{"taxonomy":"wf_page_folders","embeddable":true,"href":"https:\/\/www.zoner.fi\/tuki\/wp-json\/wp\/v2\/wf_page_folders?post=134130"}],"curies":[{"name":"wp","href":"https:\/\/api.w.org\/{rel}","templated":true}]}}