{"id":134132,"date":"2024-11-12T11:23:33","date_gmt":"2024-11-12T09:23:33","guid":{"rendered":"https:\/\/www.zoner.fi\/tuki\/?page_id=134132"},"modified":"2025-09-25T16:43:21","modified_gmt":"2025-09-25T13:43:21","slug":"x-widgetin-lisaaminen-kotisivuille","status":"publish","type":"page","link":"https:\/\/www.zoner.fi\/tuki\/kotisivukone\/zoner\/x-widgetin-lisaaminen-kotisivuille\/","title":{"rendered":"X-widgetin lis\u00e4\u00e4minen kotisivuille"},"content":{"rendered":"\n<p>T\u00e4ss\u00e4 artikkelissa kerromme, miten voit helposti lis\u00e4t\u00e4 X-widgetin sivustollesi Zoner Kotisivukoneessa.<\/p>\n\n\n\n<p><strong>Huomaa:&nbsp;<\/strong>T\u00e4m\u00e4 ominaisuus on k\u00e4ytett\u00e4viss\u00e4 Zoner Kotisivukoneen Premium- ja Business-paketeissa.&nbsp;<\/p>\n\n\n\n<h2 class=\"wp-block-heading\" id=\"h_01GDNABVVQWQ1WNEX1VT6HFBKW\">1. Valitse X-widget<\/h2>\n\n\n\n<ol class=\"wp-block-list\">\n<li>Avaa Zoner Kotisivukoneen editori.<\/li>\n\n\n\n<li>Siirry siihen sivustosi osioon, johon haluat lis\u00e4t\u00e4 X-widgetin.<\/li>\n\n\n\n<li>Valitse vasemmalla olevasta valikosta\u00a0<strong>Widgetit<\/strong>\u00a0.<\/li>\n\n\n\n<li>Valitse Sosiaalinen media -kohdasta\u00a0<strong>X<\/strong>.<\/li>\n<\/ol>\n\n\n\n<figure class=\"wp-block-image size-large\"><img loading=\"lazy\" decoding=\"async\" width=\"1024\" height=\"682\" src=\"https:\/\/www.zoner.fi\/tuki\/wp-content\/uploads\/2024\/10\/kotisivukone-x-widget-1-1024x682.png\" alt=\"\" class=\"wp-image-134198\" srcset=\"https:\/\/www.zoner.fi\/tuki\/wp-content\/uploads\/2024\/10\/kotisivukone-x-widget-1-1024x682.png 1024w, https:\/\/www.zoner.fi\/tuki\/wp-content\/uploads\/2024\/10\/kotisivukone-x-widget-1-300x200.png 300w, https:\/\/www.zoner.fi\/tuki\/wp-content\/uploads\/2024\/10\/kotisivukone-x-widget-1-768x512.png 768w, https:\/\/www.zoner.fi\/tuki\/wp-content\/uploads\/2024\/10\/kotisivukone-x-widget-1.png 1502w\" sizes=\"auto, (max-width: 1024px) 100vw, 1024px\" \/><\/figure>\n\n\n\n<h2 class=\"wp-block-heading\" id=\"h_01GDNAC1VEYNQR0WMB88P9BNXJ\">2. Lis\u00e4\u00e4 julkaisu<\/h2>\n\n\n\n<ol class=\"wp-block-list\">\n<li><strong>Siirry X:\u00e4\u00e4n<\/strong>\u00a0ja etsi julkaisu, jonka haluat lis\u00e4t\u00e4 kotisivuille.<\/li>\n\n\n\n<li>Napsauta ensin\u00a0<strong>kolmen pisteen<\/strong>\u00a0kuvaketta (&#8217;&#8230;&#8217;) ja sitten\u00a0<strong>Upota julkaisu<\/strong>.\u00a0<strong>Kopioi koodi<\/strong>\u00a0avautuneelta sivulta.<\/li>\n\n\n\n<li>Liit\u00e4\u00a0<strong>upotuskoodi<\/strong>\u00a0Zoner Kotisivukoneen ponnahdusikkunaan.<\/li>\n\n\n\n<li>Valitse\u00a0<strong>OK<\/strong>\u00a0lis\u00e4t\u00e4ksesi sen sivustollesi.<\/li>\n<\/ol>\n\n\n\n<figure class=\"wp-block-image size-large\"><img loading=\"lazy\" decoding=\"async\" width=\"1024\" height=\"682\" src=\"https:\/\/www.zoner.fi\/tuki\/wp-content\/uploads\/2024\/10\/kotisivukone-x-widget-2-1024x682.png\" alt=\"\" class=\"wp-image-134199\" srcset=\"https:\/\/www.zoner.fi\/tuki\/wp-content\/uploads\/2024\/10\/kotisivukone-x-widget-2-1024x682.png 1024w, https:\/\/www.zoner.fi\/tuki\/wp-content\/uploads\/2024\/10\/kotisivukone-x-widget-2-300x200.png 300w, https:\/\/www.zoner.fi\/tuki\/wp-content\/uploads\/2024\/10\/kotisivukone-x-widget-2-768x512.png 768w, https:\/\/www.zoner.fi\/tuki\/wp-content\/uploads\/2024\/10\/kotisivukone-x-widget-2.png 1502w\" sizes=\"auto, (max-width: 1024px) 100vw, 1024px\" \/><\/figure>\n\n\n\n<p><strong>Huomaa:<\/strong>\u00a0X-widget n\u00e4kyy sivustollasi vasta kun olet tallentanut muutokset ja julkaissut sivustosi.<\/p>\n\n\n\n<h2 class=\"wp-block-heading\" id=\"h_01GDN8ZHKXX9NX46HXSNP48C87\">X-widgetin muokkaaminen<\/h2>\n\n\n\n<p>Voit muokata widgetin asetuksia valitsemalla sen ja napsauttamalla sen p\u00e4\u00e4ll\u00e4 olevia v\u00e4lilehti\u00e4:<\/p>\n\n\n\n<ul class=\"wp-block-list\">\n<li>\u00a0<strong>Vaihda julkaisua:<\/strong>\u00a0T\u00e4st\u00e4 voit muuttaa n\u00e4ytt\u00e4m\u00e4\u00e4si julkaisua poistamatta koko widgetti\u00e4.<\/li>\n\n\n\n<li>\u00a0<strong>Asetukset:<\/strong>\u00a0Voit valita widgetille vaalean tai tumman teeman.<\/li>\n<\/ul>\n","protected":false},"excerpt":{"rendered":"<p>T\u00e4ss\u00e4 artikkelissa kerromme, miten voit helposti lis\u00e4t\u00e4 X-widgetin sivustollesi Zoner Kotisivukoneessa. Huomaa:&nbsp;T\u00e4m\u00e4 ominaisuus on k\u00e4ytett\u00e4viss\u00e4 Zoner Kotisivukoneen Premium- ja Business-paketeissa.&nbsp; 1. Valitse X-widget 2. Lis\u00e4\u00e4 julkaisu Huomaa:\u00a0X-widget n\u00e4kyy sivustollasi vasta kun olet tallentanut muutokset ja julkaissut sivustosi. X-widgetin muokkaaminen Voit muokata widgetin asetuksia valitsemalla sen ja napsauttamalla sen p\u00e4\u00e4ll\u00e4 olevia v\u00e4lilehti\u00e4:<\/p>\n","protected":false},"author":18,"featured_media":0,"parent":137385,"menu_order":0,"comment_status":"closed","ping_status":"closed","template":"","meta":{"_relevanssi_hide_post":"","_relevanssi_hide_content":"","_relevanssi_pin_for_all":"","_relevanssi_pin_keywords":"","_relevanssi_unpin_keywords":"","_relevanssi_related_keywords":"","_relevanssi_related_include_ids":"","_relevanssi_related_exclude_ids":"","_relevanssi_related_no_append":"","_relevanssi_related_not_related":"","_relevanssi_related_posts":"130455,133233,130273,130722,130667,130450","_relevanssi_noindex_reason":"","footnotes":""},"categories":[166],"tags":[162],"wf_page_folders":[],"class_list":{"0":"post-134132","1":"page","2":"type-page","3":"status-publish","5":"category-zoner-kotisivukone","6":"tag-upotus-ja-koodi"},"_links":{"self":[{"href":"https:\/\/www.zoner.fi\/tuki\/wp-json\/wp\/v2\/pages\/134132","targetHints":{"allow":["GET"]}}],"collection":[{"href":"https:\/\/www.zoner.fi\/tuki\/wp-json\/wp\/v2\/pages"}],"about":[{"href":"https:\/\/www.zoner.fi\/tuki\/wp-json\/wp\/v2\/types\/page"}],"author":[{"embeddable":true,"href":"https:\/\/www.zoner.fi\/tuki\/wp-json\/wp\/v2\/users\/18"}],"replies":[{"embeddable":true,"href":"https:\/\/www.zoner.fi\/tuki\/wp-json\/wp\/v2\/comments?post=134132"}],"version-history":[{"count":3,"href":"https:\/\/www.zoner.fi\/tuki\/wp-json\/wp\/v2\/pages\/134132\/revisions"}],"predecessor-version":[{"id":134202,"href":"https:\/\/www.zoner.fi\/tuki\/wp-json\/wp\/v2\/pages\/134132\/revisions\/134202"}],"up":[{"embeddable":true,"href":"https:\/\/www.zoner.fi\/tuki\/wp-json\/wp\/v2\/pages\/137385"}],"wp:attachment":[{"href":"https:\/\/www.zoner.fi\/tuki\/wp-json\/wp\/v2\/media?parent=134132"}],"wp:term":[{"taxonomy":"category","embeddable":true,"href":"https:\/\/www.zoner.fi\/tuki\/wp-json\/wp\/v2\/categories?post=134132"},{"taxonomy":"post_tag","embeddable":true,"href":"https:\/\/www.zoner.fi\/tuki\/wp-json\/wp\/v2\/tags?post=134132"},{"taxonomy":"wf_page_folders","embeddable":true,"href":"https:\/\/www.zoner.fi\/tuki\/wp-json\/wp\/v2\/wf_page_folders?post=134132"}],"curies":[{"name":"wp","href":"https:\/\/api.w.org\/{rel}","templated":true}]}}