{"id":134134,"date":"2024-11-12T16:50:34","date_gmt":"2024-11-12T14:50:34","guid":{"rendered":"https:\/\/www.zoner.fi\/tuki\/?page_id=134134"},"modified":"2025-09-25T16:43:08","modified_gmt":"2025-09-25T13:43:08","slug":"miten-upotan-google-mapsin-kotisivuilleni","status":"publish","type":"page","link":"https:\/\/www.zoner.fi\/tuki\/kotisivukone\/zoner\/miten-upotan-google-mapsin-kotisivuilleni\/","title":{"rendered":"Miten upotan Google Mapsin kotisivuilleni?"},"content":{"rendered":"\n<p>Yrityksen osoite kannattaa lis\u00e4t\u00e4 sen kotisivuille kartan kera, jotta asiakkaat l\u00f6yt\u00e4v\u00e4t sen helposti. T\u00e4ss\u00e4 oppaassa n\u00e4yt\u00e4mme, miten voit lis\u00e4t\u00e4 osoitteen Zoner Kotisivukoneen Google Maps -widgetin avulla.<\/p>\n\n\n\n<h2 class=\"wp-block-heading\" id=\"h_01GDNABVVQWQ1WNEX1VT6HFBKW\">1. Valitse Google Maps -widget<\/h2>\n\n\n\n<ol class=\"wp-block-list\">\n<li>Avaa Zoner Kotisivukoneen editori.<\/li>\n\n\n\n<li>Siirry sivustosi osioon, johon haluat lis\u00e4t\u00e4 Google Maps -widgetin.<\/li>\n\n\n\n<li>Valitse vasemmalla olevasta valikosta\u00a0<strong>Widgetit<\/strong>.<\/li>\n\n\n\n<li>Valitse Ota yhteytt\u00e4 -kohdasta\u00a0<strong>Google Maps<\/strong>.<\/li>\n<\/ol>\n\n\n\n<figure class=\"wp-block-image size-large\"><img loading=\"lazy\" decoding=\"async\" width=\"1024\" height=\"645\" src=\"https:\/\/www.zoner.fi\/tuki\/wp-content\/uploads\/2024\/10\/kotisivukone-google-maps-1-1024x645.png\" alt=\"\" class=\"wp-image-134230\" srcset=\"https:\/\/www.zoner.fi\/tuki\/wp-content\/uploads\/2024\/10\/kotisivukone-google-maps-1-1024x645.png 1024w, https:\/\/www.zoner.fi\/tuki\/wp-content\/uploads\/2024\/10\/kotisivukone-google-maps-1-300x189.png 300w, https:\/\/www.zoner.fi\/tuki\/wp-content\/uploads\/2024\/10\/kotisivukone-google-maps-1-768x484.png 768w, https:\/\/www.zoner.fi\/tuki\/wp-content\/uploads\/2024\/10\/kotisivukone-google-maps-1.png 1304w\" sizes=\"auto, (max-width: 1024px) 100vw, 1024px\" \/><\/figure>\n\n\n\n<h2 class=\"wp-block-heading\" id=\"h_01GDNAC1VEYNQR0WMB88P9BNXJ\">2. Lis\u00e4\u00e4 osoite<\/h2>\n\n\n\n<ol class=\"wp-block-list\">\n<li><strong>Etsi osoitetta<\/strong>\u00a0ponnahdusikkunassa.<\/li>\n\n\n\n<li><strong>Valitse osoite<\/strong>\u00a0n\u00e4kyviin tulevista vaihtoehdoista.<\/li>\n\n\n\n<li>Lis\u00e4\u00e4 sivulle osoitteesi sis\u00e4lt\u00e4v\u00e4 Google Maps -widget napsauttamalla\u00a0<strong>OK<\/strong>-painiketta.<\/li>\n<\/ol>\n\n\n\n<figure class=\"wp-block-image size-large\"><img loading=\"lazy\" decoding=\"async\" width=\"1024\" height=\"646\" src=\"https:\/\/www.zoner.fi\/tuki\/wp-content\/uploads\/2024\/10\/kotisivukone-google-maps-2-1024x646.png\" alt=\"\" class=\"wp-image-134231\" srcset=\"https:\/\/www.zoner.fi\/tuki\/wp-content\/uploads\/2024\/10\/kotisivukone-google-maps-2-1024x646.png 1024w, https:\/\/www.zoner.fi\/tuki\/wp-content\/uploads\/2024\/10\/kotisivukone-google-maps-2-300x189.png 300w, https:\/\/www.zoner.fi\/tuki\/wp-content\/uploads\/2024\/10\/kotisivukone-google-maps-2-768x485.png 768w, https:\/\/www.zoner.fi\/tuki\/wp-content\/uploads\/2024\/10\/kotisivukone-google-maps-2.png 1306w\" sizes=\"auto, (max-width: 1024px) 100vw, 1024px\" \/><\/figure>\n\n\n\n<p><strong>Huomaa:<\/strong>\u00a0Google Maps -widget n\u00e4kyy julkisella sivustollasi vain, kun olet tallentanut muutokset ja julkaissut sivustosi.<\/p>\n\n\n\n<h2 class=\"wp-block-heading\" id=\"step-8\">Muokkaa asetuksia<\/h2>\n\n\n\n<p>Kun olet lis\u00e4nnyt widgetin, voit s\u00e4\u00e4t\u00e4\u00e4 sen kokoa vet\u00e4m\u00e4ll\u00e4 sen reunoista. Voit my\u00f6s muokata muita asetuksia valitsemalla komponentin ja napsauttamalla sen p\u00e4\u00e4ll\u00e4 olevia v\u00e4lilehti\u00e4.<\/p>\n\n\n\n<p>Muista lopuksi julkaista sivustosi, jotta muutokset n\u00e4kyv\u00e4t kotisivujesi vierailijoille.<\/p>\n\n\n\n<figure class=\"wp-block-image size-large\"><img loading=\"lazy\" decoding=\"async\" width=\"1024\" height=\"645\" src=\"https:\/\/www.zoner.fi\/tuki\/wp-content\/uploads\/2024\/10\/kotisivukone-google-maps-3-1024x645.png\" alt=\"\" class=\"wp-image-134232\" srcset=\"https:\/\/www.zoner.fi\/tuki\/wp-content\/uploads\/2024\/10\/kotisivukone-google-maps-3-1024x645.png 1024w, https:\/\/www.zoner.fi\/tuki\/wp-content\/uploads\/2024\/10\/kotisivukone-google-maps-3-300x189.png 300w, https:\/\/www.zoner.fi\/tuki\/wp-content\/uploads\/2024\/10\/kotisivukone-google-maps-3-768x484.png 768w, https:\/\/www.zoner.fi\/tuki\/wp-content\/uploads\/2024\/10\/kotisivukone-google-maps-3.png 1304w\" sizes=\"auto, (max-width: 1024px) 100vw, 1024px\" \/><\/figure>\n","protected":false},"excerpt":{"rendered":"<p>Yrityksen osoite kannattaa lis\u00e4t\u00e4 sen kotisivuille kartan kera, jotta asiakkaat l\u00f6yt\u00e4v\u00e4t sen helposti. T\u00e4ss\u00e4 oppaassa n\u00e4yt\u00e4mme, miten voit lis\u00e4t\u00e4 osoitteen Zoner Kotisivukoneen Google Maps -widgetin avulla. 1. Valitse Google Maps -widget 2. Lis\u00e4\u00e4 osoite Huomaa:\u00a0Google Maps -widget n\u00e4kyy julkisella sivustollasi vain, kun olet tallentanut muutokset ja julkaissut sivustosi. Muokkaa asetuksia Kun olet lis\u00e4nnyt widgetin, voit &#8230; <a title=\"Miten upotan Google Mapsin kotisivuilleni?\" class=\"read-more\" href=\"https:\/\/www.zoner.fi\/tuki\/kotisivukone\/zoner\/miten-upotan-google-mapsin-kotisivuilleni\/\" aria-label=\"Lue lis\u00e4\u00e4 aiheesta Miten upotan Google Mapsin kotisivuilleni?\">Lue lis\u00e4\u00e4<\/a><\/p>\n","protected":false},"author":18,"featured_media":0,"parent":137385,"menu_order":0,"comment_status":"closed","ping_status":"closed","template":"","meta":{"_relevanssi_hide_post":"","_relevanssi_hide_content":"","_relevanssi_pin_for_all":"","_relevanssi_pin_keywords":"","_relevanssi_unpin_keywords":"","_relevanssi_related_keywords":"","_relevanssi_related_include_ids":"","_relevanssi_related_exclude_ids":"","_relevanssi_related_no_append":"","_relevanssi_related_not_related":"","_relevanssi_related_posts":"130553,133233,132080,132278,130424,132894","_relevanssi_noindex_reason":"","footnotes":""},"categories":[166],"tags":[162],"wf_page_folders":[],"class_list":{"0":"post-134134","1":"page","2":"type-page","3":"status-publish","5":"category-zoner-kotisivukone","6":"tag-upotus-ja-koodi"},"_links":{"self":[{"href":"https:\/\/www.zoner.fi\/tuki\/wp-json\/wp\/v2\/pages\/134134","targetHints":{"allow":["GET"]}}],"collection":[{"href":"https:\/\/www.zoner.fi\/tuki\/wp-json\/wp\/v2\/pages"}],"about":[{"href":"https:\/\/www.zoner.fi\/tuki\/wp-json\/wp\/v2\/types\/page"}],"author":[{"embeddable":true,"href":"https:\/\/www.zoner.fi\/tuki\/wp-json\/wp\/v2\/users\/18"}],"replies":[{"embeddable":true,"href":"https:\/\/www.zoner.fi\/tuki\/wp-json\/wp\/v2\/comments?post=134134"}],"version-history":[{"count":2,"href":"https:\/\/www.zoner.fi\/tuki\/wp-json\/wp\/v2\/pages\/134134\/revisions"}],"predecessor-version":[{"id":134233,"href":"https:\/\/www.zoner.fi\/tuki\/wp-json\/wp\/v2\/pages\/134134\/revisions\/134233"}],"up":[{"embeddable":true,"href":"https:\/\/www.zoner.fi\/tuki\/wp-json\/wp\/v2\/pages\/137385"}],"wp:attachment":[{"href":"https:\/\/www.zoner.fi\/tuki\/wp-json\/wp\/v2\/media?parent=134134"}],"wp:term":[{"taxonomy":"category","embeddable":true,"href":"https:\/\/www.zoner.fi\/tuki\/wp-json\/wp\/v2\/categories?post=134134"},{"taxonomy":"post_tag","embeddable":true,"href":"https:\/\/www.zoner.fi\/tuki\/wp-json\/wp\/v2\/tags?post=134134"},{"taxonomy":"wf_page_folders","embeddable":true,"href":"https:\/\/www.zoner.fi\/tuki\/wp-json\/wp\/v2\/wf_page_folders?post=134134"}],"curies":[{"name":"wp","href":"https:\/\/api.w.org\/{rel}","templated":true}]}}