{"id":134136,"date":"2024-11-13T11:20:31","date_gmt":"2024-11-13T09:20:31","guid":{"rendered":"https:\/\/www.zoner.fi\/tuki\/?page_id=134136"},"modified":"2025-09-25T16:43:07","modified_gmt":"2025-09-25T13:43:07","slug":"miten-tehdaan-monikielinen-sivusto-zoner-kotisivukoneessa","status":"publish","type":"page","link":"https:\/\/www.zoner.fi\/tuki\/kotisivukone\/zoner\/miten-tehdaan-monikielinen-sivusto-zoner-kotisivukoneessa\/","title":{"rendered":"Miten tehd\u00e4\u00e4n monikielinen sivusto Zoner Kotisivukoneessa?"},"content":{"rendered":"\n<p>T\u00e4ss\u00e4 oppaassa n\u00e4yt\u00e4mme, miten voit tarjota kotisivuistasi eri kielivaihtoehtoja Zoner Kotisivukoneella. Esimerkiss\u00e4 lis\u00e4\u00e4mme tanskankielisen version englanninkieliseen sivustoon.<\/p>\n\n\n\n<p>Tehty\u00e4si t\u00e4m\u00e4n oppaan vaiheet sivustosi rakenne on valmis eri kieliversioita varten ja voit lis\u00e4t\u00e4 k\u00e4\u00e4nnetty\u00e4 sis\u00e4lt\u00f6\u00e4 uusille sivuille.<\/p>\n\n\n\n<h2 class=\"wp-block-heading\" id=\"step-1\">1. Tee kaikista sivuista aloitussivun alisivuja<\/h2>\n\n\n\n<p>Aloita muuttamalla kaikki sivut aloitussivun alisivuiksi: n\u00e4et esimerkin alla olevassa kuvassa. Lis\u00e4ohjeita l\u00f6yd\u00e4t seuraavasta oppaasta:&nbsp;<a href=\"https:\/\/www.zoner.fi\/tuki\/kotisivukone\/miten-lisaan-alisivun-zoner-kotisivukoneessa\/\">Miten lis\u00e4\u00e4n alisivun Zoner Kotisivukoneessa?<\/a><\/p>\n\n\n\n<figure class=\"wp-block-image size-large\"><img loading=\"lazy\" decoding=\"async\" width=\"1024\" height=\"619\" src=\"https:\/\/www.zoner.fi\/tuki\/wp-content\/uploads\/2024\/10\/kotisivukone-monikielinen-sivusto-1-1024x619.png\" alt=\"\" class=\"wp-image-134238\" srcset=\"https:\/\/www.zoner.fi\/tuki\/wp-content\/uploads\/2024\/10\/kotisivukone-monikielinen-sivusto-1-1024x619.png 1024w, https:\/\/www.zoner.fi\/tuki\/wp-content\/uploads\/2024\/10\/kotisivukone-monikielinen-sivusto-1-300x181.png 300w, https:\/\/www.zoner.fi\/tuki\/wp-content\/uploads\/2024\/10\/kotisivukone-monikielinen-sivusto-1-768x464.png 768w, https:\/\/www.zoner.fi\/tuki\/wp-content\/uploads\/2024\/10\/kotisivukone-monikielinen-sivusto-1-1536x929.png 1536w, https:\/\/www.zoner.fi\/tuki\/wp-content\/uploads\/2024\/10\/kotisivukone-monikielinen-sivusto-1.png 1874w\" sizes=\"auto, (max-width: 1024px) 100vw, 1024px\" \/><\/figure>\n\n\n\n<h2 class=\"wp-block-heading\" id=\"step-2\">2. Nime\u00e4 aloitussivu uudelleen<\/h2>\n\n\n\n<p>Nime\u00e4 seuraavaksi aloitussivu uudelleen ja anna sen nimeksi se kieli, jota se edustaa &#8211; esimerkiksi suomi tai FI. T\u00e4m\u00e4 on se teksti, jota napsauttamalla k\u00e4vij\u00e4t voivat vaihtaa t\u00e4h\u00e4n kieliversioon. Esimerkkikuvassa k\u00e4yt\u00e4mme lyhennett\u00e4 &#8221;EN&#8221; englanninkielelle versiolle.<\/p>\n\n\n\n<ol class=\"wp-block-list\">\n<li>Avaa sivuvalikko.<\/li>\n\n\n\n<li>Napsauta aloitussivua hiiren kakkospainikkeella ja valitse&nbsp;<strong>Asetukset<\/strong>.<\/li>\n\n\n\n<li>Muuta sivun nimeksi valikossa&nbsp;sen edustama kieli, esim. &#8221;EN&#8221;.<\/li>\n\n\n\n<li>Muuta my\u00f6s kansion nimeksi&nbsp;sama nimi, mutta&nbsp;pienill\u00e4 kirjaimilla. Varmista, ettei kansion nimi sis\u00e4ll\u00e4 erikoismerkkej\u00e4 tai v\u00e4lily\u00f6ntej\u00e4, koska se m\u00e4\u00e4ritt\u00e4\u00e4 URL-osoitteen.<\/li>\n\n\n\n<li>Napsauta <strong>Tallenna<\/strong>.<\/li>\n<\/ol>\n\n\n\n<figure class=\"wp-block-image size-large\"><img loading=\"lazy\" decoding=\"async\" width=\"1024\" height=\"617\" src=\"https:\/\/www.zoner.fi\/tuki\/wp-content\/uploads\/2024\/10\/kotisivukone-monikielinen-sivusto-2-1024x617.png\" alt=\"\" class=\"wp-image-134239\" srcset=\"https:\/\/www.zoner.fi\/tuki\/wp-content\/uploads\/2024\/10\/kotisivukone-monikielinen-sivusto-2-1024x617.png 1024w, https:\/\/www.zoner.fi\/tuki\/wp-content\/uploads\/2024\/10\/kotisivukone-monikielinen-sivusto-2-300x181.png 300w, https:\/\/www.zoner.fi\/tuki\/wp-content\/uploads\/2024\/10\/kotisivukone-monikielinen-sivusto-2-768x463.png 768w, https:\/\/www.zoner.fi\/tuki\/wp-content\/uploads\/2024\/10\/kotisivukone-monikielinen-sivusto-2-1536x926.png 1536w, https:\/\/www.zoner.fi\/tuki\/wp-content\/uploads\/2024\/10\/kotisivukone-monikielinen-sivusto-2.png 1874w\" sizes=\"auto, (max-width: 1024px) 100vw, 1024px\" \/><\/figure>\n\n\n\n<h2 class=\"wp-block-heading\" id=\"step-3\">3. Tee sivuista kopiot uutta kielt\u00e4 varten<\/h2>\n\n\n\n<p>Kopioi jokainen sivu uutta kieliversiota varten. K\u00e4\u00e4nnetty teksti on helppo lis\u00e4t\u00e4 sivun kopioon.<\/p>\n\n\n\n<ol class=\"wp-block-list\">\n<li>Avaa sivuvalikko.<\/li>\n\n\n\n<li>Napsauta ensimm\u00e4ist\u00e4 sivua hiiren kakkospainikkeella ja napsauta&nbsp;<strong>Kopioi sivu<\/strong>.<\/li>\n\n\n\n<li>Anna sivun kopion nimeksi alkuper\u00e4isen sivun nimi k\u00e4\u00e4nnettyn\u00e4 uudelle kielelle ja napsauta&nbsp;<strong>OK<\/strong>.<\/li>\n\n\n\n<li>Toista sama, kunnes kaikista sivuista on kopiot.<\/li>\n\n\n\n<li>Tee sivujen kopioista uuden kielen etusivun\u00a0<a href=\"https:\/\/www.zoner.fi\/tuki\/kotisivukone\/miten-lisaan-alisivun-zoner-kotisivukoneessa\/\">alisivuja<\/a>; katso alta, milt\u00e4 niiden pit\u00e4isi n\u00e4ytt\u00e4\u00e4:<\/li>\n<\/ol>\n\n\n\n<figure class=\"wp-block-image size-large\"><img loading=\"lazy\" decoding=\"async\" width=\"1024\" height=\"621\" src=\"https:\/\/www.zoner.fi\/tuki\/wp-content\/uploads\/2024\/10\/kotisivukone-monikielinen-sivusto-3-1024x621.png\" alt=\"\" class=\"wp-image-134240\" srcset=\"https:\/\/www.zoner.fi\/tuki\/wp-content\/uploads\/2024\/10\/kotisivukone-monikielinen-sivusto-3-1024x621.png 1024w, https:\/\/www.zoner.fi\/tuki\/wp-content\/uploads\/2024\/10\/kotisivukone-monikielinen-sivusto-3-300x182.png 300w, https:\/\/www.zoner.fi\/tuki\/wp-content\/uploads\/2024\/10\/kotisivukone-monikielinen-sivusto-3-768x466.png 768w, https:\/\/www.zoner.fi\/tuki\/wp-content\/uploads\/2024\/10\/kotisivukone-monikielinen-sivusto-3-1536x932.png 1536w, https:\/\/www.zoner.fi\/tuki\/wp-content\/uploads\/2024\/10\/kotisivukone-monikielinen-sivusto-3.png 1874w\" sizes=\"auto, (max-width: 1024px) 100vw, 1024px\" \/><\/figure>\n\n\n\n<h2 class=\"wp-block-heading\" id=\"step-4\">4. Lis\u00e4\u00e4 linkit kunkin kielen aloitussivulle<\/h2>\n\n\n\n<p>Jotta aloitussivut n\u00e4kyisiv\u00e4t valikossa muiden sivujen kanssa, luo linkki kullekin valikossa olevalle aloitussivulle.<\/p>\n\n\n\n<ol class=\"wp-block-list\">\n<li>Avaa sivuvalikko.<\/li>\n\n\n\n<li>Lis\u00e4\u00e4 valikkoon linkki napsauttamalla painiketta, jossa on ketjun kuva.<\/li>\n\n\n\n<li>Napsauta kohtaa\u00a0<strong>Linkki<\/strong>\u00a0vasemman reunan valikossa.<\/li>\n\n\n\n<li>Napsauta oikeassa yl\u00e4nurkassa olevaa\u00a0<strong>Linkki tiedostoon tai sivulle<\/strong>\u00a0-painiketta.<\/li>\n\n\n\n<li>Valitse (aloitus)sivu, johon haluat linkitt\u00e4\u00e4, ja napsauta\u00a0<strong>Tallenna<\/strong>.<\/li>\n\n\n\n<li>Kirjoita <strong>Linkin otsikko<\/strong> -kohtaan aloitussivun nimi, jonka pit\u00e4isi n\u00e4ky\u00e4 valikossa.<\/li>\n\n\n\n<li>Tallenna asetukset napsauttamalla&nbsp;<strong>Lis\u00e4\u00e4<\/strong>.<\/li>\n\n\n\n<li>Tee linkist\u00e4 sen aloitussivun&nbsp;<a href=\"https:\/\/www.zoner.fi\/tuki\/kotisivukone\/miten-lisaan-alisivun-zoner-kotisivukoneessa\/\">alisivu<\/a>, johon linkit\u00e4t; katso kuvakaappaus.<\/li>\n\n\n\n<li>Toista sama jokaiselle kielelle.<\/li>\n<\/ol>\n\n\n\n<figure class=\"wp-block-image size-large\"><img loading=\"lazy\" decoding=\"async\" width=\"1024\" height=\"619\" src=\"https:\/\/www.zoner.fi\/tuki\/wp-content\/uploads\/2024\/10\/kotisivukone-monikielinen-sivusto-4-1024x619.png\" alt=\"\" class=\"wp-image-134241\" srcset=\"https:\/\/www.zoner.fi\/tuki\/wp-content\/uploads\/2024\/10\/kotisivukone-monikielinen-sivusto-4-1024x619.png 1024w, https:\/\/www.zoner.fi\/tuki\/wp-content\/uploads\/2024\/10\/kotisivukone-monikielinen-sivusto-4-300x181.png 300w, https:\/\/www.zoner.fi\/tuki\/wp-content\/uploads\/2024\/10\/kotisivukone-monikielinen-sivusto-4-768x464.png 768w, https:\/\/www.zoner.fi\/tuki\/wp-content\/uploads\/2024\/10\/kotisivukone-monikielinen-sivusto-4-1536x928.png 1536w, https:\/\/www.zoner.fi\/tuki\/wp-content\/uploads\/2024\/10\/kotisivukone-monikielinen-sivusto-4.png 1874w\" sizes=\"auto, (max-width: 1024px) 100vw, 1024px\" \/><\/figure>\n\n\n\n<h2 class=\"wp-block-heading\" id=\"step-5\">5. Muuta valikon aloitustaso<\/h2>\n\n\n\n<p>Korjaa seuraavaksi valikko. \u00c4skett\u00e4in tehdyist\u00e4 muutoksista johtuen valikko n\u00e4ytt\u00e4\u00e4 vain kielisivut.<\/p>\n\n\n\n<ol class=\"wp-block-list\">\n<li>Valitse valikkokomponentti sivullasi.<\/li>\n\n\n\n<li>Napsauta\u00a0<strong>Muokkaa valikkoa<\/strong>, joka n\u00e4kyy komponentin yl\u00e4- tai alapuolella.<\/li>\n\n\n\n<li>Muuta n\u00e4yt\u00f6lle ilmestyviss\u00e4 asetuksissa aloitustasoksi\u00a0<strong>Sivuja toisella tasolla<\/strong>.<\/li>\n\n\n\n<li>Voit s\u00e4\u00e4t\u00e4\u00e4 valikon muotoilua valikon asetusten <strong>Tyyli<\/strong>-kohdassa. Voit valita kahdesta eri tyylist\u00e4 sek\u00e4 p\u00e4\u00e4valikolle ja alivalikolle.<\/li>\n<\/ol>\n\n\n\n<figure class=\"wp-block-image size-large\"><img loading=\"lazy\" decoding=\"async\" width=\"1024\" height=\"623\" src=\"https:\/\/www.zoner.fi\/tuki\/wp-content\/uploads\/2024\/10\/kotisivukone-monikielinen-sivusto-5-1024x623.png\" alt=\"\" class=\"wp-image-134242\" srcset=\"https:\/\/www.zoner.fi\/tuki\/wp-content\/uploads\/2024\/10\/kotisivukone-monikielinen-sivusto-5-1024x623.png 1024w, https:\/\/www.zoner.fi\/tuki\/wp-content\/uploads\/2024\/10\/kotisivukone-monikielinen-sivusto-5-300x183.png 300w, https:\/\/www.zoner.fi\/tuki\/wp-content\/uploads\/2024\/10\/kotisivukone-monikielinen-sivusto-5-768x467.png 768w, https:\/\/www.zoner.fi\/tuki\/wp-content\/uploads\/2024\/10\/kotisivukone-monikielinen-sivusto-5-1536x935.png 1536w, https:\/\/www.zoner.fi\/tuki\/wp-content\/uploads\/2024\/10\/kotisivukone-monikielinen-sivusto-5.png 1875w\" sizes=\"auto, (max-width: 1024px) 100vw, 1024px\" \/><\/figure>\n\n\n\n<h2 class=\"wp-block-heading\" id=\"step-6\">6. Lis\u00e4\u00e4 uusi valikko kielen valitsemiseksi<\/h2>\n\n\n\n<p>Lis\u00e4\u00e4 sivuston ulkoasumalliin lopuksi uusi valikko, jossa k\u00e4vij\u00e4t voivat vaihtaa kielt\u00e4.<\/p>\n\n\n\n<ol class=\"wp-block-list\">\n<li>Napsauta vasemmalla olevasta valikosta\u00a0<strong>Lis\u00e4\u00e4<\/strong>.<\/li>\n\n\n\n<li>Valitse<strong>&nbsp;Navigointi<\/strong>-kohdassa&nbsp;vaakasuora valikko.<\/li>\n\n\n\n<li>Ved\u00e4 valikko sivun yl\u00e4reunassa olevaan yl\u00e4tunnisteeseen. N\u00e4in valikko n\u00e4kyy kaikilla t\u00e4t\u00e4 mallia k\u00e4ytt\u00e4vill\u00e4 sivuilla.<\/li>\n\n\n\n<li>Napsauta&nbsp;<strong>Muokkaa valikkoa<\/strong>, joka ilmestyy valikkokomponentin yl\u00e4- tai alapuolelle.&nbsp;<\/li>\n\n\n\n<li>Vaihda valikkotyypiksi&nbsp;<strong>Vaakasuuntainen yksitasoinen<\/strong>.<\/li>\n\n\n\n<li>Valitse ponnahdusvalikosta&nbsp;<strong>Tyyli<\/strong>, jos haluat muuttaa t\u00e4m\u00e4n valikon muotoilua (valinnainen).<\/li>\n\n\n\n<li>S\u00e4\u00e4d\u00e4 valikon kokoa ja asettelua haluamallasi tavalla ja napsauta\u00a0<strong>Tallenna<\/strong>.<\/li>\n<\/ol>\n\n\n\n<p><strong>Huomaa:<\/strong>\u00a0Molempiin valikoihin tekem\u00e4si muutokset n\u00e4kyv\u00e4t vain niill\u00e4 sivuilla, jotka k\u00e4ytt\u00e4v\u00e4t samaa ulkoasumallia. Jos jollakin sivulla on eri malli, sen valikot saattavat n\u00e4ytt\u00e4\u00e4 erilaisilta. Suosittelemme saman mallin k\u00e4ytt\u00e4mist\u00e4 kaikilla sivuilla, sill\u00e4 se helpottaa monikielisell\u00e4 sivustolla navigointia.<\/p>\n\n\n\n<figure class=\"wp-block-image size-large\"><img loading=\"lazy\" decoding=\"async\" width=\"1024\" height=\"619\" src=\"https:\/\/www.zoner.fi\/tuki\/wp-content\/uploads\/2024\/10\/kotisivukone-monikielinen-sivusto-6-1024x619.png\" alt=\"\" class=\"wp-image-134243\" srcset=\"https:\/\/www.zoner.fi\/tuki\/wp-content\/uploads\/2024\/10\/kotisivukone-monikielinen-sivusto-6-1024x619.png 1024w, https:\/\/www.zoner.fi\/tuki\/wp-content\/uploads\/2024\/10\/kotisivukone-monikielinen-sivusto-6-300x181.png 300w, https:\/\/www.zoner.fi\/tuki\/wp-content\/uploads\/2024\/10\/kotisivukone-monikielinen-sivusto-6-768x464.png 768w, https:\/\/www.zoner.fi\/tuki\/wp-content\/uploads\/2024\/10\/kotisivukone-monikielinen-sivusto-6-1536x928.png 1536w, https:\/\/www.zoner.fi\/tuki\/wp-content\/uploads\/2024\/10\/kotisivukone-monikielinen-sivusto-6.png 1874w\" sizes=\"auto, (max-width: 1024px) 100vw, 1024px\" \/><\/figure>\n\n\n\n<h2 class=\"wp-block-heading\" id=\"step-7\">7. Lis\u00e4\u00e4 k\u00e4\u00e4nnetty teksti ja julkaise sivustosi<\/h2>\n\n\n\n<p>Sivuston rakenne on nyt valmis eri kieliversioita varten. Voit aloittaa k\u00e4\u00e4nnetyn tekstin ja muun sis\u00e4ll\u00f6n lis\u00e4\u00e4misen uusille sivuille. Napsauta Esikatselu n\u00e4hd\u00e4ksesi, milt\u00e4 sivustosi n\u00e4ytt\u00e4\u00e4.<\/p>\n\n\n\n<p>Kun olet lis\u00e4nnyt k\u00e4\u00e4nnetyn sis\u00e4ll\u00f6n, voit julkaista sivustosi verkossa.<\/p>\n\n\n\n<p><strong>Huomaa:<\/strong>&nbsp;Lis\u00e4\u00e4m\u00e4si valikkolinkit aloitussivuille eiv\u00e4t toimi esikatselutilassa. Ne toimivat vasta sitten, kun sivusto on julkaistu.<\/p>\n\n\n\n<figure class=\"wp-block-image size-large\"><img loading=\"lazy\" decoding=\"async\" width=\"1024\" height=\"619\" src=\"https:\/\/www.zoner.fi\/tuki\/wp-content\/uploads\/2024\/10\/kotisivukone-monikielinen-sivusto-7-1024x619.png\" alt=\"\" class=\"wp-image-134244\" srcset=\"https:\/\/www.zoner.fi\/tuki\/wp-content\/uploads\/2024\/10\/kotisivukone-monikielinen-sivusto-7-1024x619.png 1024w, https:\/\/www.zoner.fi\/tuki\/wp-content\/uploads\/2024\/10\/kotisivukone-monikielinen-sivusto-7-300x181.png 300w, https:\/\/www.zoner.fi\/tuki\/wp-content\/uploads\/2024\/10\/kotisivukone-monikielinen-sivusto-7-768x464.png 768w, https:\/\/www.zoner.fi\/tuki\/wp-content\/uploads\/2024\/10\/kotisivukone-monikielinen-sivusto-7-1536x928.png 1536w, https:\/\/www.zoner.fi\/tuki\/wp-content\/uploads\/2024\/10\/kotisivukone-monikielinen-sivusto-7.png 1874w\" sizes=\"auto, (max-width: 1024px) 100vw, 1024px\" \/><\/figure>\n","protected":false},"excerpt":{"rendered":"<p>T\u00e4ss\u00e4 oppaassa n\u00e4yt\u00e4mme, miten voit tarjota kotisivuistasi eri kielivaihtoehtoja Zoner Kotisivukoneella. Esimerkiss\u00e4 lis\u00e4\u00e4mme tanskankielisen version englanninkieliseen sivustoon. Tehty\u00e4si t\u00e4m\u00e4n oppaan vaiheet sivustosi rakenne on valmis eri kieliversioita varten ja voit lis\u00e4t\u00e4 k\u00e4\u00e4nnetty\u00e4 sis\u00e4lt\u00f6\u00e4 uusille sivuille. 1. Tee kaikista sivuista aloitussivun alisivuja Aloita muuttamalla kaikki sivut aloitussivun alisivuiksi: n\u00e4et esimerkin alla olevassa kuvassa. Lis\u00e4ohjeita l\u00f6yd\u00e4t seuraavasta &#8230; <a title=\"Miten tehd\u00e4\u00e4n monikielinen sivusto Zoner Kotisivukoneessa?\" class=\"read-more\" href=\"https:\/\/www.zoner.fi\/tuki\/kotisivukone\/zoner\/miten-tehdaan-monikielinen-sivusto-zoner-kotisivukoneessa\/\" aria-label=\"Lue lis\u00e4\u00e4 aiheesta Miten tehd\u00e4\u00e4n monikielinen sivusto Zoner Kotisivukoneessa?\">Lue lis\u00e4\u00e4<\/a><\/p>\n","protected":false},"author":18,"featured_media":0,"parent":137385,"menu_order":0,"comment_status":"closed","ping_status":"closed","template":"","meta":{"_relevanssi_hide_post":"","_relevanssi_hide_content":"","_relevanssi_pin_for_all":"","_relevanssi_pin_keywords":"","_relevanssi_unpin_keywords":"","_relevanssi_related_keywords":"","_relevanssi_related_include_ids":"","_relevanssi_related_exclude_ids":"","_relevanssi_related_no_append":"","_relevanssi_related_not_related":"","_relevanssi_related_posts":"132393,130819,133233,131888,130899,130779","_relevanssi_noindex_reason":"","footnotes":""},"categories":[166],"tags":[158],"wf_page_folders":[],"class_list":{"0":"post-134136","1":"page","2":"type-page","3":"status-publish","5":"category-zoner-kotisivukone","6":"tag-yleiset"},"_links":{"self":[{"href":"https:\/\/www.zoner.fi\/tuki\/wp-json\/wp\/v2\/pages\/134136","targetHints":{"allow":["GET"]}}],"collection":[{"href":"https:\/\/www.zoner.fi\/tuki\/wp-json\/wp\/v2\/pages"}],"about":[{"href":"https:\/\/www.zoner.fi\/tuki\/wp-json\/wp\/v2\/types\/page"}],"author":[{"embeddable":true,"href":"https:\/\/www.zoner.fi\/tuki\/wp-json\/wp\/v2\/users\/18"}],"replies":[{"embeddable":true,"href":"https:\/\/www.zoner.fi\/tuki\/wp-json\/wp\/v2\/comments?post=134136"}],"version-history":[{"count":5,"href":"https:\/\/www.zoner.fi\/tuki\/wp-json\/wp\/v2\/pages\/134136\/revisions"}],"predecessor-version":[{"id":134716,"href":"https:\/\/www.zoner.fi\/tuki\/wp-json\/wp\/v2\/pages\/134136\/revisions\/134716"}],"up":[{"embeddable":true,"href":"https:\/\/www.zoner.fi\/tuki\/wp-json\/wp\/v2\/pages\/137385"}],"wp:attachment":[{"href":"https:\/\/www.zoner.fi\/tuki\/wp-json\/wp\/v2\/media?parent=134136"}],"wp:term":[{"taxonomy":"category","embeddable":true,"href":"https:\/\/www.zoner.fi\/tuki\/wp-json\/wp\/v2\/categories?post=134136"},{"taxonomy":"post_tag","embeddable":true,"href":"https:\/\/www.zoner.fi\/tuki\/wp-json\/wp\/v2\/tags?post=134136"},{"taxonomy":"wf_page_folders","embeddable":true,"href":"https:\/\/www.zoner.fi\/tuki\/wp-json\/wp\/v2\/wf_page_folders?post=134136"}],"curies":[{"name":"wp","href":"https:\/\/api.w.org\/{rel}","templated":true}]}}