{"id":134138,"date":"2024-11-12T11:29:53","date_gmt":"2024-11-12T09:29:53","guid":{"rendered":"https:\/\/www.zoner.fi\/tuki\/?page_id=134138"},"modified":"2025-09-25T16:43:12","modified_gmt":"2025-09-25T13:43:12","slug":"oikeinkirjoituksen-tarkistus-zoner-kotisivukoneessa","status":"publish","type":"page","link":"https:\/\/www.zoner.fi\/tuki\/kotisivukone\/zoner\/oikeinkirjoituksen-tarkistus-zoner-kotisivukoneessa\/","title":{"rendered":"Oikeinkirjoituksen tarkistus Zoner Kotisivukoneessa"},"content":{"rendered":"\n<p>Zoner Kotisivukoneen oikeinkirjoituksen tarkistusta voi hallita selaimen asetuksissa.<\/p>\n\n\n\n<p>Useimmissa selaimissa voit hallita oikeinkirjoituksen tarkistuksen asetuksia avaamalla yleiset asetukset ja hakemalla &#8221;oikeinkirjoituksen tarkistus&#8221;. L\u00f6yd\u00e4t linkit yleisimpien selainten ohjeisiin alta.<\/p>\n\n\n\n<h2 class=\"wp-block-heading\" id=\"h_01HSDVDQNR5YC9YE7QWGAHYSZE\">Miten k\u00e4yt\u00e4n oikeinkirjoituksen tarkistusta?<\/h2>\n\n\n\n<p>Voit k\u00e4ytt\u00e4\u00e4 Zoner Kotisivukoeen oikeinkirjoituksen tarkistusta samalla tavalla kuin muissakin kirjoitusohjelmissa. V\u00e4\u00e4rin kirjoitetut sanat alleviivataan punaisella.<\/p>\n\n\n\n<p>Tarkistuksen toiminta riippuu kuitenkin selaimesi asetuksista. Varmista, ett\u00e4 oikeinkirjoituksen tarkistus on k\u00e4yt\u00f6ss\u00e4, ja ett\u00e4 olet lis\u00e4nnyt kielen, jolla haluat kirjoittaa.<\/p>\n\n\n\n<figure class=\"wp-block-image size-large\"><img loading=\"lazy\" decoding=\"async\" width=\"1024\" height=\"639\" src=\"https:\/\/www.zoner.fi\/tuki\/wp-content\/uploads\/2024\/10\/kotisivukone-oikeinkirjoituksen-tarkistus-1-1024x639.png\" alt=\"\" class=\"wp-image-134249\" srcset=\"https:\/\/www.zoner.fi\/tuki\/wp-content\/uploads\/2024\/10\/kotisivukone-oikeinkirjoituksen-tarkistus-1-1024x639.png 1024w, https:\/\/www.zoner.fi\/tuki\/wp-content\/uploads\/2024\/10\/kotisivukone-oikeinkirjoituksen-tarkistus-1-300x187.png 300w, https:\/\/www.zoner.fi\/tuki\/wp-content\/uploads\/2024\/10\/kotisivukone-oikeinkirjoituksen-tarkistus-1-768x479.png 768w, https:\/\/www.zoner.fi\/tuki\/wp-content\/uploads\/2024\/10\/kotisivukone-oikeinkirjoituksen-tarkistus-1.png 1502w\" sizes=\"auto, (max-width: 1024px) 100vw, 1024px\" \/><\/figure>\n\n\n\n<h2 class=\"wp-block-heading\" id=\"step-1\">Oikeinkirjoituksen tarkistuksen asetusten hallinta Windows-selaimissa<\/h2>\n\n\n\n<p>Alta l\u00f6yd\u00e4t eri selainten oppaita siit\u00e4, miten voit hallita oikeinkirjoituksen tarkistusta.<\/p>\n\n\n\n<p><strong>Ota oikeinkirjoituksen tarkistus k\u00e4ytt\u00f6\u00f6n tai poista se k\u00e4yt\u00f6st\u00e4:<\/strong><\/p>\n\n\n\n<ul class=\"wp-block-list\">\n<li><a href=\"https:\/\/support.google.com\/chrome\/answer\/12027911?hl=en\" target=\"_blank\" rel=\"noopener\">Chrome<\/a><\/li>\n\n\n\n<li><a href=\"https:\/\/support.mozilla.org\/en-US\/kb\/how-do-i-use-firefox-spell-checker#w_disabling-automatic-spell-checking\" target=\"_blank\" rel=\"noopener\">Firefox<\/a><\/li>\n\n\n\n<li><a href=\"https:\/\/www.microsoft.com\/en-us\/edge\/learning-center\/improve-writing-and-grammar?form=MA13I2\" target=\"_blank\" rel=\"noopener\">Edge<\/a><\/li>\n<\/ul>\n\n\n\n<p><strong>Kielten lis\u00e4\u00e4minen tai poistaminen:<\/strong><\/p>\n\n\n\n<ul class=\"wp-block-list\">\n<li><a href=\"https:\/\/support.google.com\/chrome\/answer\/173424?hl=en&amp;co=GENIE.Platform%3DDesktop#zippy=%2Cadd-all-the-languages-that-you-know\" target=\"_blank\" rel=\"noopener\">Chrome<\/a><\/li>\n\n\n\n<li><a href=\"https:\/\/support.mozilla.org\/en-US\/kb\/use-firefox-another-language#w_add-languages-to-the-firefox-interface\" target=\"_blank\" rel=\"noopener\">Firefox<\/a><\/li>\n\n\n\n<li><a href=\"https:\/\/learn.microsoft.com\/en-us\/deployedge\/microsoft-edge-supported-languages\" target=\"_blank\" rel=\"noopener\">Edge<\/a><\/li>\n<\/ul>\n\n\n\n<h2 class=\"wp-block-heading\" id=\"01HQN4YYV5CY7ZSHXM3JW2Y0TF\">Oikeinkirjoituksen tarkistuksen asetusten hallinta Mac-selaimissa<\/h2>\n\n\n\n<p><strong>Huomaa:<\/strong>\u00a0Sinun on ehk\u00e4\u00a0<a href=\"https:\/\/support.apple.com\/guide\/mac-help\/typing-suggestions-correct-mistakes-mac-mchlp2299\/mac\" target=\"_blank\" rel=\"noopener\">lis\u00e4tt\u00e4v\u00e4 kieli Mac OS -k\u00e4ytt\u00f6j\u00e4rjestelm\u00e4n yleisiin kieliasetuksiin<\/a>, ennen kuin voit ottaa oikeinkirjoituksen tarkistuksen k\u00e4ytt\u00f6\u00f6n selaimen kautta.<\/p>\n\n\n\n<p><strong>Ota oikeinkirjoituksen tarkistus k\u00e4ytt\u00f6\u00f6n tai poista se k\u00e4yt\u00f6st\u00e4:<\/strong><\/p>\n\n\n\n<ul class=\"wp-block-list\">\n<li><a href=\"https:\/\/support.mozilla.org\/en-US\/kb\/how-do-i-use-firefox-spell-checker#firefox:mac:fx125\" target=\"_blank\" rel=\"noopener\">Firefox<\/a><\/li>\n\n\n\n<li><a href=\"https:\/\/support.google.com\/chrome\/answer\/12027911?hl=en\" target=\"_blank\" rel=\"noopener\">Chrome<\/a><\/li>\n\n\n\n<li><a href=\"https:\/\/support.apple.com\/guide\/mac-help\/typing-suggestions-correct-mistakes-mac-mchlp2299\/mac\" target=\"_blank\" rel=\"noopener\">Safari (k\u00e4ytt\u00e4\u00e4 Macin sis\u00e4ist\u00e4 oikeinkirjoituksen tarkistusta)<\/a><\/li>\n\n\n\n<li><a href=\"https:\/\/www.microsoft.com\/en-us\/edge\/learning-center\/improve-writing-and-grammar?form=MA13I2\" target=\"_blank\" rel=\"noopener\">Edge<\/a><\/li>\n<\/ul>\n\n\n\n<p><strong>Kielten lis\u00e4\u00e4minen tai poistaminen:<\/strong><\/p>\n\n\n\n<ul class=\"wp-block-list\">\n<li><a href=\"https:\/\/support.mozilla.org\/en-US\/kb\/use-firefox-another-language#firefox:mac:fx125\" target=\"_blank\" rel=\"noopener\">Firefox<\/a><\/li>\n\n\n\n<li><a href=\"https:\/\/support.google.com\/chrome\/answer\/173424?hl=en&amp;co=GENIE.Platform%3DDesktop#zippy=%2Cadd-all-the-languages-that-you-know\" target=\"_blank\" rel=\"noopener\">Chrome<\/a><\/li>\n\n\n\n<li><a href=\"https:\/\/learn.microsoft.com\/en-us\/deployedge\/microsoft-edge-supported-languages\" target=\"_blank\" rel=\"noopener\">Edge<\/a><\/li>\n\n\n\n<li><a href=\"https:\/\/support.apple.com\/guide\/mac-help\/typing-suggestions-correct-mistakes-mac-mchlp2299\/mac\" target=\"_blank\" rel=\"noopener\">Safari<\/a><\/li>\n<\/ul>\n","protected":false},"excerpt":{"rendered":"<p>Zoner Kotisivukoneen oikeinkirjoituksen tarkistusta voi hallita selaimen asetuksissa. Useimmissa selaimissa voit hallita oikeinkirjoituksen tarkistuksen asetuksia avaamalla yleiset asetukset ja hakemalla &#8221;oikeinkirjoituksen tarkistus&#8221;. L\u00f6yd\u00e4t linkit yleisimpien selainten ohjeisiin alta. Miten k\u00e4yt\u00e4n oikeinkirjoituksen tarkistusta? Voit k\u00e4ytt\u00e4\u00e4 Zoner Kotisivukoeen oikeinkirjoituksen tarkistusta samalla tavalla kuin muissakin kirjoitusohjelmissa. V\u00e4\u00e4rin kirjoitetut sanat alleviivataan punaisella. Tarkistuksen toiminta riippuu kuitenkin selaimesi asetuksista. Varmista, &#8230; <a title=\"Oikeinkirjoituksen tarkistus Zoner Kotisivukoneessa\" class=\"read-more\" href=\"https:\/\/www.zoner.fi\/tuki\/kotisivukone\/zoner\/oikeinkirjoituksen-tarkistus-zoner-kotisivukoneessa\/\" aria-label=\"Lue lis\u00e4\u00e4 aiheesta Oikeinkirjoituksen tarkistus Zoner Kotisivukoneessa\">Lue lis\u00e4\u00e4<\/a><\/p>\n","protected":false},"author":18,"featured_media":0,"parent":137385,"menu_order":0,"comment_status":"closed","ping_status":"closed","template":"","meta":{"_relevanssi_hide_post":"","_relevanssi_hide_content":"","_relevanssi_pin_for_all":"","_relevanssi_pin_keywords":"","_relevanssi_unpin_keywords":"","_relevanssi_related_keywords":"","_relevanssi_related_include_ids":"","_relevanssi_related_exclude_ids":"","_relevanssi_related_no_append":"","_relevanssi_related_not_related":"","_relevanssi_related_posts":"132278,130616,1066,130935,130269,132072","_relevanssi_noindex_reason":"","footnotes":""},"categories":[166],"tags":[158],"wf_page_folders":[],"class_list":{"0":"post-134138","1":"page","2":"type-page","3":"status-publish","5":"category-zoner-kotisivukone","6":"tag-yleiset"},"_links":{"self":[{"href":"https:\/\/www.zoner.fi\/tuki\/wp-json\/wp\/v2\/pages\/134138","targetHints":{"allow":["GET"]}}],"collection":[{"href":"https:\/\/www.zoner.fi\/tuki\/wp-json\/wp\/v2\/pages"}],"about":[{"href":"https:\/\/www.zoner.fi\/tuki\/wp-json\/wp\/v2\/types\/page"}],"author":[{"embeddable":true,"href":"https:\/\/www.zoner.fi\/tuki\/wp-json\/wp\/v2\/users\/18"}],"replies":[{"embeddable":true,"href":"https:\/\/www.zoner.fi\/tuki\/wp-json\/wp\/v2\/comments?post=134138"}],"version-history":[{"count":2,"href":"https:\/\/www.zoner.fi\/tuki\/wp-json\/wp\/v2\/pages\/134138\/revisions"}],"predecessor-version":[{"id":134250,"href":"https:\/\/www.zoner.fi\/tuki\/wp-json\/wp\/v2\/pages\/134138\/revisions\/134250"}],"up":[{"embeddable":true,"href":"https:\/\/www.zoner.fi\/tuki\/wp-json\/wp\/v2\/pages\/137385"}],"wp:attachment":[{"href":"https:\/\/www.zoner.fi\/tuki\/wp-json\/wp\/v2\/media?parent=134138"}],"wp:term":[{"taxonomy":"category","embeddable":true,"href":"https:\/\/www.zoner.fi\/tuki\/wp-json\/wp\/v2\/categories?post=134138"},{"taxonomy":"post_tag","embeddable":true,"href":"https:\/\/www.zoner.fi\/tuki\/wp-json\/wp\/v2\/tags?post=134138"},{"taxonomy":"wf_page_folders","embeddable":true,"href":"https:\/\/www.zoner.fi\/tuki\/wp-json\/wp\/v2\/wf_page_folders?post=134138"}],"curies":[{"name":"wp","href":"https:\/\/api.w.org\/{rel}","templated":true}]}}