{"id":134171,"date":"2024-11-12T13:53:31","date_gmt":"2024-11-12T11:53:31","guid":{"rendered":"https:\/\/www.zoner.fi\/tuki\/?page_id=134171"},"modified":"2026-03-19T08:40:25","modified_gmt":"2026-03-19T06:40:25","slug":"lisaa-bing-kartta-zoner-kotisivukone-sivustollesi","status":"publish","type":"page","link":"https:\/\/www.zoner.fi\/tuki\/kotisivukone\/zoner\/lisaa-bing-kartta-zoner-kotisivukone-sivustollesi\/","title":{"rendered":"Lis\u00e4\u00e4 Bing-kartta Zoner Kotisivukone -sivustollesi"},"content":{"rendered":"\n<p>Haluatko n\u00e4ytt\u00e4\u00e4 kotisivujen k\u00e4vij\u00f6ille, miss\u00e4 yrityksesi sijaitsee? Bing Maps -widgetin avulla voit helposti upottaa kartan suoraan kotisivuillesi. T\u00e4ss\u00e4 oppaassa n\u00e4yt\u00e4mme, miten se onnistuu.<\/p>\n\n\n\n<h2 class=\"wp-block-heading\" id=\"step-1\">1. Valitse Bing Maps -widget<\/h2>\n\n\n\n<ol class=\"wp-block-list\">\n<li>Avaa Zoner Kotisivukoneen editori.<\/li>\n\n\n\n<li>Siirry sivustosi osaan, johon haluat lis\u00e4t\u00e4 Bing Maps -widgetin.<\/li>\n\n\n\n<li>Valitse vasemmalla olevasta valikosta&nbsp;<strong>Widgetit<\/strong>.<\/li>\n\n\n\n<li>Valitse&nbsp;<strong>Yhteystiedot<\/strong>&nbsp;-kohdassa&nbsp;<strong>Bing Maps.<\/strong><\/li>\n<\/ol>\n\n\n\n<figure class=\"wp-block-image size-large\"><img loading=\"lazy\" decoding=\"async\" width=\"1024\" height=\"645\" src=\"https:\/\/www.zoner.fi\/tuki\/wp-content\/uploads\/2024\/10\/kotisivukone-widgetit-bing-1-1024x645.png\" alt=\"\" class=\"wp-image-134174\" srcset=\"https:\/\/www.zoner.fi\/tuki\/wp-content\/uploads\/2024\/10\/kotisivukone-widgetit-bing-1-1024x645.png 1024w, https:\/\/www.zoner.fi\/tuki\/wp-content\/uploads\/2024\/10\/kotisivukone-widgetit-bing-1-300x189.png 300w, https:\/\/www.zoner.fi\/tuki\/wp-content\/uploads\/2024\/10\/kotisivukone-widgetit-bing-1-768x484.png 768w, https:\/\/www.zoner.fi\/tuki\/wp-content\/uploads\/2024\/10\/kotisivukone-widgetit-bing-1-1536x967.png 1536w, https:\/\/www.zoner.fi\/tuki\/wp-content\/uploads\/2024\/10\/kotisivukone-widgetit-bing-1.png 1871w\" sizes=\"auto, (max-width: 1024px) 100vw, 1024px\" \/><\/figure>\n\n\n\n<h2 class=\"wp-block-heading\" id=\"step-2\">2. Lis\u00e4\u00e4 kartta<\/h2>\n\n\n\n<ol class=\"wp-block-list\">\n<li><a href=\"https:\/\/www.bing.com\/\" target=\"_blank\" rel=\"noopener\">Siirry Bing Mapsiin<\/a>&nbsp;ja etsi osoite, jonka haluat n\u00e4ytt\u00e4\u00e4.<\/li>\n\n\n\n<li>Siirry n\u00e4yt\u00f6n yl\u00e4reunassa olevaan&nbsp;<strong>Lis\u00e4\u00e4<\/strong>-kohtaan (kolmen pisteen kuvake) ja napsauta&nbsp;<strong>Jaa<\/strong>.<\/li>\n\n\n\n<li>N\u00e4yt\u00f6n vasemmalle puolelle ilmestyy valikko. Kopioi kartan URL-osoite napsauttamalla&nbsp;<strong>Kopioi<\/strong>.<\/li>\n\n\n\n<li>Palaa Zoner Kotisivukoneeseen ja&nbsp;<strong>liit\u00e4 linkki<\/strong>&nbsp;Bing Maps -ponnahdusikkunaan.<\/li>\n\n\n\n<li>Napsauta&nbsp;<strong>OK<\/strong>&nbsp;lis\u00e4t\u00e4ksesi sen sivustollesi.<\/li>\n<\/ol>\n\n\n\n<figure class=\"wp-block-image size-large\"><img loading=\"lazy\" decoding=\"async\" width=\"1024\" height=\"648\" src=\"https:\/\/www.zoner.fi\/tuki\/wp-content\/uploads\/2024\/10\/kotisivukone-widgetit-bing-2-1024x648.png\" alt=\"\" class=\"wp-image-134173\" srcset=\"https:\/\/www.zoner.fi\/tuki\/wp-content\/uploads\/2024\/10\/kotisivukone-widgetit-bing-2-1024x648.png 1024w, https:\/\/www.zoner.fi\/tuki\/wp-content\/uploads\/2024\/10\/kotisivukone-widgetit-bing-2-300x190.png 300w, https:\/\/www.zoner.fi\/tuki\/wp-content\/uploads\/2024\/10\/kotisivukone-widgetit-bing-2-768x486.png 768w, https:\/\/www.zoner.fi\/tuki\/wp-content\/uploads\/2024\/10\/kotisivukone-widgetit-bing-2-1536x973.png 1536w, https:\/\/www.zoner.fi\/tuki\/wp-content\/uploads\/2024\/10\/kotisivukone-widgetit-bing-2.png 1873w\" sizes=\"auto, (max-width: 1024px) 100vw, 1024px\" \/><\/figure>\n\n\n\n<h2 class=\"wp-block-heading\" id=\"step-3\">Muokkaa widget-asetuksia<\/h2>\n\n\n\n<p>Kun olet liitt\u00e4nyt widgetin, voit muokata seuraavia asetuksia napsauttamalla sit\u00e4:<\/p>\n\n\n\n<ul class=\"wp-block-list\">\n<li><strong>Asetukset:<\/strong>\u00a0T\u00e4\u00e4ll\u00e4 voit muuttaa komponentin kokoa sy\u00f6tt\u00e4m\u00e4ll\u00e4 tarkat mitat. Huomaa, ett\u00e4 voit s\u00e4\u00e4t\u00e4\u00e4 kokoa my\u00f6s vet\u00e4m\u00e4ll\u00e4 komponentin reunoja.<\/li>\n\n\n\n<li><strong>Vaihda kartta:<\/strong>&nbsp;Napsauta t\u00e4t\u00e4 vaihtoehtoa vaihtaaksesi eri kartan komponenttiin. Sy\u00f6t\u00e4 vain uuden sijainnin URL-osoite.<\/li>\n<\/ul>\n\n\n\n<p>Muista lopuksi&nbsp;<strong>tallentaa ja julkaista<\/strong>&nbsp;sivustosi, jotta tekem\u00e4si muutokset n\u00e4kyv\u00e4t julkaistulla sivustollasi.<\/p>\n","protected":false},"excerpt":{"rendered":"<p>Haluatko n\u00e4ytt\u00e4\u00e4 kotisivujen k\u00e4vij\u00f6ille, miss\u00e4 yrityksesi sijaitsee? Bing Maps -widgetin avulla voit helposti upottaa kartan suoraan kotisivuillesi. T\u00e4ss\u00e4 oppaassa n\u00e4yt\u00e4mme, miten se onnistuu. 1. Valitse Bing Maps -widget 2. Lis\u00e4\u00e4 kartta Muokkaa widget-asetuksia Kun olet liitt\u00e4nyt widgetin, voit muokata seuraavia asetuksia napsauttamalla sit\u00e4: Muista lopuksi&nbsp;tallentaa ja julkaista&nbsp;sivustosi, jotta tekem\u00e4si muutokset n\u00e4kyv\u00e4t julkaistulla sivustollasi.<\/p>\n","protected":false},"author":18,"featured_media":0,"parent":137385,"menu_order":0,"comment_status":"closed","ping_status":"closed","template":"","meta":{"_relevanssi_hide_post":"","_relevanssi_hide_content":"","_relevanssi_pin_for_all":"","_relevanssi_pin_keywords":"","_relevanssi_unpin_keywords":"","_relevanssi_related_keywords":"","_relevanssi_related_include_ids":"","_relevanssi_related_exclude_ids":"","_relevanssi_related_no_append":"","_relevanssi_related_not_related":"","_relevanssi_related_posts":"130779,130273,130899,131506,132393,132072","_relevanssi_noindex_reason":"","footnotes":""},"categories":[166],"tags":[162],"wf_page_folders":[],"class_list":{"0":"post-134171","1":"page","2":"type-page","3":"status-publish","5":"category-zoner-kotisivukone","6":"tag-upotus-ja-koodi"},"_links":{"self":[{"href":"https:\/\/www.zoner.fi\/tuki\/wp-json\/wp\/v2\/pages\/134171","targetHints":{"allow":["GET"]}}],"collection":[{"href":"https:\/\/www.zoner.fi\/tuki\/wp-json\/wp\/v2\/pages"}],"about":[{"href":"https:\/\/www.zoner.fi\/tuki\/wp-json\/wp\/v2\/types\/page"}],"author":[{"embeddable":true,"href":"https:\/\/www.zoner.fi\/tuki\/wp-json\/wp\/v2\/users\/18"}],"replies":[{"embeddable":true,"href":"https:\/\/www.zoner.fi\/tuki\/wp-json\/wp\/v2\/comments?post=134171"}],"version-history":[{"count":3,"href":"https:\/\/www.zoner.fi\/tuki\/wp-json\/wp\/v2\/pages\/134171\/revisions"}],"predecessor-version":[{"id":138759,"href":"https:\/\/www.zoner.fi\/tuki\/wp-json\/wp\/v2\/pages\/134171\/revisions\/138759"}],"up":[{"embeddable":true,"href":"https:\/\/www.zoner.fi\/tuki\/wp-json\/wp\/v2\/pages\/137385"}],"wp:attachment":[{"href":"https:\/\/www.zoner.fi\/tuki\/wp-json\/wp\/v2\/media?parent=134171"}],"wp:term":[{"taxonomy":"category","embeddable":true,"href":"https:\/\/www.zoner.fi\/tuki\/wp-json\/wp\/v2\/categories?post=134171"},{"taxonomy":"post_tag","embeddable":true,"href":"https:\/\/www.zoner.fi\/tuki\/wp-json\/wp\/v2\/tags?post=134171"},{"taxonomy":"wf_page_folders","embeddable":true,"href":"https:\/\/www.zoner.fi\/tuki\/wp-json\/wp\/v2\/wf_page_folders?post=134171"}],"curies":[{"name":"wp","href":"https:\/\/api.w.org\/{rel}","templated":true}]}}