{"id":134176,"date":"2024-11-12T13:54:33","date_gmt":"2024-11-12T11:54:33","guid":{"rendered":"https:\/\/www.zoner.fi\/tuki\/?page_id=134176"},"modified":"2025-09-25T16:42:36","modified_gmt":"2025-09-25T13:42:36","slug":"lisaa-facebook-pikseli-verkkokauppaan","status":"publish","type":"page","link":"https:\/\/www.zoner.fi\/tuki\/kotisivukone\/zoner\/lisaa-facebook-pikseli-verkkokauppaan\/","title":{"rendered":"Lis\u00e4\u00e4 Facebook-pikseli verkkokauppaan"},"content":{"rendered":"\n<p>Lis\u00e4\u00e4m\u00e4ll\u00e4 Facebook-pikselin verkkokauppaasi voit seurata k\u00e4vij\u00f6iden k\u00e4ytt\u00e4ytymist\u00e4 ja luoda kohdennettuja kampanjoita. T\u00e4ss\u00e4 oppaassa kerromme, miten luot pikselin ja lis\u00e4\u00e4t sen Zoner Kotisivukoneessa.<\/p>\n\n\n\n<h2 class=\"wp-block-heading\" id=\"step-1\">1. Luo Facebook-pikseli<\/h2>\n\n\n\n<p>Aloita luomalla Facebook-pikseli Facebook-tilisi Tapahtumien hallinta -kohdan kautta. Jos olet jo luonut pikselin,\u00a0jatka vaiheeseen 2.<\/p>\n\n\n\n<ol class=\"wp-block-list\">\n<li>Avaa\u00a0<a href=\"https:\/\/www.facebook.com\/events_manager\" target=\"_blank\" rel=\"noreferrer noopener\">Facebookin Tapahtumien hallinta<\/a>.<\/li>\n\n\n\n<li>Napsauta\u00a0<strong>Aloita<\/strong>\u00a0Facebook-pikseli\u00e4 k\u00e4sittelev\u00e4ss\u00e4 kohdassa.<\/li>\n\n\n\n<li>Sy\u00f6t\u00e4\u00a0<strong>pikselin nimi<\/strong>\u00a0sek\u00e4 sen\u00a0<strong>sivun URL-osoite<\/strong>, jossa verkkokauppasi sijaitsee, ja napsauta\u00a0<strong>Luo<\/strong>.<\/li>\n\n\n\n<li>N\u00e4et nyt luomasi pikselin nimen kohdassa\u00a0<strong>Tietol\u00e4hteet<\/strong>.<\/li>\n\n\n\n<li>Kopioi pikselin nimen alapuolelta sen numeroista koostuva pikselikoodi.<\/li>\n<\/ol>\n\n\n\n<figure class=\"wp-block-image size-full\"><img loading=\"lazy\" decoding=\"async\" width=\"721\" height=\"488\" src=\"https:\/\/www.zoner.fi\/tuki\/wp-content\/uploads\/2024\/10\/verkkokauppa-facebook-pikseli-1.png\" alt=\"\" class=\"wp-image-134177\" srcset=\"https:\/\/www.zoner.fi\/tuki\/wp-content\/uploads\/2024\/10\/verkkokauppa-facebook-pikseli-1.png 721w, https:\/\/www.zoner.fi\/tuki\/wp-content\/uploads\/2024\/10\/verkkokauppa-facebook-pikseli-1-300x203.png 300w\" sizes=\"auto, (max-width: 721px) 100vw, 721px\" \/><\/figure>\n\n\n\n<h2 class=\"wp-block-heading\" id=\"step-2\">2. Lis\u00e4\u00e4 koodi Zoner Kotisivukone -sivustollesi<\/h2>\n\n\n\n<p>Luotuasi Facebook-pikselin voit lis\u00e4t\u00e4 pikselikoodin sivustollesi Zoner Kotisivukoneessa.<\/p>\n\n\n\n<ol class=\"wp-block-list\">\n<li>Avaa\u00a0<strong>Zoner Kotisivukoneen<\/strong> editori\u00a0ja napsauta oikeassa yl\u00e4kulmassa olevaa valikkokuvaketta.<\/li>\n\n\n\n<li>Napsauta kohtaa\u00a0<strong>Asetukset<\/strong>.<\/li>\n\n\n\n<li>Napsauta\u00a0<strong>Seuranta<\/strong>\u00a0vasemmalla olevasta valikosta.<\/li>\n\n\n\n<li>Liit\u00e4 pikselikoodi kohtaan Facebook-pikseli ja napsauta\u00a0<strong>Valmis<\/strong>.<\/li>\n\n\n\n<li><strong>Tallenna<\/strong>\u00a0tekem\u00e4si muutokset ja\u00a0<strong>julkaise<\/strong>\u00a0sivustosi.<\/li>\n<\/ol>\n\n\n\n<figure class=\"wp-block-image size-full\"><img loading=\"lazy\" decoding=\"async\" width=\"716\" height=\"405\" src=\"https:\/\/www.zoner.fi\/tuki\/wp-content\/uploads\/2024\/10\/verkkokauppa-facebook-pikseli-2.png\" alt=\"\" class=\"wp-image-134178\" srcset=\"https:\/\/www.zoner.fi\/tuki\/wp-content\/uploads\/2024\/10\/verkkokauppa-facebook-pikseli-2.png 716w, https:\/\/www.zoner.fi\/tuki\/wp-content\/uploads\/2024\/10\/verkkokauppa-facebook-pikseli-2-300x170.png 300w\" sizes=\"auto, (max-width: 716px) 100vw, 716px\" \/><\/figure>\n\n\n\n<h2 class=\"wp-block-heading\" id=\"step-3\">3. L\u00e4het\u00e4 testiliikennett\u00e4 sivustollesi<\/h2>\n\n\n\n<p>Facebook suosittelee testaamaan pikselin toiminnan l\u00e4hett\u00e4m\u00e4ll\u00e4 testiliikennett\u00e4 sivustollesi.<\/p>\n\n\n\n<ol class=\"wp-block-list\">\n<li>Palaa pikselikoodin m\u00e4\u00e4ritykseen Facebookin Tapahtumien hallinnassa.<\/li>\n\n\n\n<li>Vierit\u00e4 alas vaiheeseen 4, sy\u00f6t\u00e4 verkkokauppasi URL-osoite ja napsauta\u00a0<strong>L\u00e4het\u00e4 testiliikennett\u00e4<\/strong>.<\/li>\n\n\n\n<li>Jos tila on\u00a0<strong>Aktiivinen<\/strong>, koodi on asennettu oikein. Huomaa, ett\u00e4 t\u00e4m\u00e4 prosessi voi kest\u00e4\u00e4 useita minuutteja.<\/li>\n<\/ol>\n\n\n\n<figure class=\"wp-block-image size-full\"><img loading=\"lazy\" decoding=\"async\" width=\"721\" height=\"480\" src=\"https:\/\/www.zoner.fi\/tuki\/wp-content\/uploads\/2024\/10\/verkkokauppa-facebook-pikseli-3.png\" alt=\"\" class=\"wp-image-134179\" srcset=\"https:\/\/www.zoner.fi\/tuki\/wp-content\/uploads\/2024\/10\/verkkokauppa-facebook-pikseli-3.png 721w, https:\/\/www.zoner.fi\/tuki\/wp-content\/uploads\/2024\/10\/verkkokauppa-facebook-pikseli-3-300x200.png 300w\" sizes=\"auto, (max-width: 721px) 100vw, 721px\" \/><\/figure>\n","protected":false},"excerpt":{"rendered":"<p>Lis\u00e4\u00e4m\u00e4ll\u00e4 Facebook-pikselin verkkokauppaasi voit seurata k\u00e4vij\u00f6iden k\u00e4ytt\u00e4ytymist\u00e4 ja luoda kohdennettuja kampanjoita. T\u00e4ss\u00e4 oppaassa kerromme, miten luot pikselin ja lis\u00e4\u00e4t sen Zoner Kotisivukoneessa. 1. Luo Facebook-pikseli Aloita luomalla Facebook-pikseli Facebook-tilisi Tapahtumien hallinta -kohdan kautta. Jos olet jo luonut pikselin,\u00a0jatka vaiheeseen 2. 2. Lis\u00e4\u00e4 koodi Zoner Kotisivukone -sivustollesi Luotuasi Facebook-pikselin voit lis\u00e4t\u00e4 pikselikoodin sivustollesi Zoner Kotisivukoneessa. 3. &#8230; <a title=\"Lis\u00e4\u00e4 Facebook-pikseli verkkokauppaan\" class=\"read-more\" href=\"https:\/\/www.zoner.fi\/tuki\/kotisivukone\/zoner\/lisaa-facebook-pikseli-verkkokauppaan\/\" aria-label=\"Lue lis\u00e4\u00e4 aiheesta Lis\u00e4\u00e4 Facebook-pikseli verkkokauppaan\">Lue lis\u00e4\u00e4<\/a><\/p>\n","protected":false},"author":18,"featured_media":0,"parent":137385,"menu_order":0,"comment_status":"closed","ping_status":"closed","template":"","meta":{"_relevanssi_hide_post":"","_relevanssi_hide_content":"","_relevanssi_pin_for_all":"","_relevanssi_pin_keywords":"","_relevanssi_unpin_keywords":"","_relevanssi_related_keywords":"","_relevanssi_related_include_ids":"","_relevanssi_related_exclude_ids":"","_relevanssi_related_no_append":"","_relevanssi_related_not_related":"","_relevanssi_related_posts":"130657,132261,132080,130667,132348,132244","_relevanssi_noindex_reason":"","footnotes":""},"categories":[166],"tags":[162,163],"wf_page_folders":[],"class_list":{"0":"post-134176","1":"page","2":"type-page","3":"status-publish","5":"category-zoner-kotisivukone","6":"tag-upotus-ja-koodi","7":"tag-verkkokauppa"},"_links":{"self":[{"href":"https:\/\/www.zoner.fi\/tuki\/wp-json\/wp\/v2\/pages\/134176","targetHints":{"allow":["GET"]}}],"collection":[{"href":"https:\/\/www.zoner.fi\/tuki\/wp-json\/wp\/v2\/pages"}],"about":[{"href":"https:\/\/www.zoner.fi\/tuki\/wp-json\/wp\/v2\/types\/page"}],"author":[{"embeddable":true,"href":"https:\/\/www.zoner.fi\/tuki\/wp-json\/wp\/v2\/users\/18"}],"replies":[{"embeddable":true,"href":"https:\/\/www.zoner.fi\/tuki\/wp-json\/wp\/v2\/comments?post=134176"}],"version-history":[{"count":3,"href":"https:\/\/www.zoner.fi\/tuki\/wp-json\/wp\/v2\/pages\/134176\/revisions"}],"predecessor-version":[{"id":134182,"href":"https:\/\/www.zoner.fi\/tuki\/wp-json\/wp\/v2\/pages\/134176\/revisions\/134182"}],"up":[{"embeddable":true,"href":"https:\/\/www.zoner.fi\/tuki\/wp-json\/wp\/v2\/pages\/137385"}],"wp:attachment":[{"href":"https:\/\/www.zoner.fi\/tuki\/wp-json\/wp\/v2\/media?parent=134176"}],"wp:term":[{"taxonomy":"category","embeddable":true,"href":"https:\/\/www.zoner.fi\/tuki\/wp-json\/wp\/v2\/categories?post=134176"},{"taxonomy":"post_tag","embeddable":true,"href":"https:\/\/www.zoner.fi\/tuki\/wp-json\/wp\/v2\/tags?post=134176"},{"taxonomy":"wf_page_folders","embeddable":true,"href":"https:\/\/www.zoner.fi\/tuki\/wp-json\/wp\/v2\/wf_page_folders?post=134176"}],"curies":[{"name":"wp","href":"https:\/\/api.w.org\/{rel}","templated":true}]}}