{"id":134266,"date":"2024-11-19T13:43:35","date_gmt":"2024-11-19T11:43:35","guid":{"rendered":"https:\/\/www.zoner.fi\/tuki\/?page_id=134266"},"modified":"2025-09-25T16:43:20","modified_gmt":"2025-09-25T13:43:20","slug":"yhdista-verkkotunnus-sivustoon-zoner-kotisivukoneessa","status":"publish","type":"page","link":"https:\/\/www.zoner.fi\/tuki\/kotisivukone\/zoner\/yhdista-verkkotunnus-sivustoon-zoner-kotisivukoneessa\/","title":{"rendered":"Verkkotunnuksen yhdist\u00e4minen Zoner Kotisivukone -sivustoon"},"content":{"rendered":"\n<p>Zoner Kotisivukone -paketteihin kuuluu aina verkkotunnus, jonka voit valita tilaamisen yhteydess\u00e4. <strong>Verkkotunnus yhdistet\u00e4\u00e4n automaattisesti tilaamaasi Kotisivukone-pakettiin<\/strong>, eik\u00e4 sen yhdist\u00e4minen vaadi sinulta toimia.<\/p>\n\n\n\n<p>Jos olet jo aikaisemmin tilannut meilt\u00e4 verkkotunnuksen ja haluat yhdist\u00e4\u00e4 sen uuteen Kotisivukone-pakettiin, ota yhteytt\u00e4 asiakaspalveluumme, niin yhdist\u00e4mme sen puolestasi.<\/p>\n","protected":false},"excerpt":{"rendered":"<p>Zoner Kotisivukone -paketteihin kuuluu aina verkkotunnus, jonka voit valita tilaamisen yhteydess\u00e4. Verkkotunnus yhdistet\u00e4\u00e4n automaattisesti tilaamaasi Kotisivukone-pakettiin, eik\u00e4 sen yhdist\u00e4minen vaadi sinulta toimia. Jos olet jo aikaisemmin tilannut meilt\u00e4 verkkotunnuksen ja haluat yhdist\u00e4\u00e4 sen uuteen Kotisivukone-pakettiin, ota yhteytt\u00e4 asiakaspalveluumme, niin yhdist\u00e4mme sen puolestasi.<\/p>\n","protected":false},"author":18,"featured_media":0,"parent":137385,"menu_order":0,"comment_status":"closed","ping_status":"closed","template":"","meta":{"_relevanssi_hide_post":"","_relevanssi_hide_content":"","_relevanssi_pin_for_all":"","_relevanssi_pin_keywords":"","_relevanssi_unpin_keywords":"","_relevanssi_related_keywords":"","_relevanssi_related_include_ids":"","_relevanssi_related_exclude_ids":"","_relevanssi_related_no_append":"","_relevanssi_related_not_related":"","_relevanssi_related_posts":"130657,130450,132938,132393,1066,130819","_relevanssi_noindex_reason":"","footnotes":""},"categories":[166],"tags":[158],"wf_page_folders":[],"class_list":{"0":"post-134266","1":"page","2":"type-page","3":"status-publish","5":"category-zoner-kotisivukone","6":"tag-yleiset"},"_links":{"self":[{"href":"https:\/\/www.zoner.fi\/tuki\/wp-json\/wp\/v2\/pages\/134266","targetHints":{"allow":["GET"]}}],"collection":[{"href":"https:\/\/www.zoner.fi\/tuki\/wp-json\/wp\/v2\/pages"}],"about":[{"href":"https:\/\/www.zoner.fi\/tuki\/wp-json\/wp\/v2\/types\/page"}],"author":[{"embeddable":true,"href":"https:\/\/www.zoner.fi\/tuki\/wp-json\/wp\/v2\/users\/18"}],"replies":[{"embeddable":true,"href":"https:\/\/www.zoner.fi\/tuki\/wp-json\/wp\/v2\/comments?post=134266"}],"version-history":[{"count":3,"href":"https:\/\/www.zoner.fi\/tuki\/wp-json\/wp\/v2\/pages\/134266\/revisions"}],"predecessor-version":[{"id":134739,"href":"https:\/\/www.zoner.fi\/tuki\/wp-json\/wp\/v2\/pages\/134266\/revisions\/134739"}],"up":[{"embeddable":true,"href":"https:\/\/www.zoner.fi\/tuki\/wp-json\/wp\/v2\/pages\/137385"}],"wp:attachment":[{"href":"https:\/\/www.zoner.fi\/tuki\/wp-json\/wp\/v2\/media?parent=134266"}],"wp:term":[{"taxonomy":"category","embeddable":true,"href":"https:\/\/www.zoner.fi\/tuki\/wp-json\/wp\/v2\/categories?post=134266"},{"taxonomy":"post_tag","embeddable":true,"href":"https:\/\/www.zoner.fi\/tuki\/wp-json\/wp\/v2\/tags?post=134266"},{"taxonomy":"wf_page_folders","embeddable":true,"href":"https:\/\/www.zoner.fi\/tuki\/wp-json\/wp\/v2\/wf_page_folders?post=134266"}],"curies":[{"name":"wp","href":"https:\/\/api.w.org\/{rel}","templated":true}]}}