{"id":134299,"date":"2024-11-12T11:34:28","date_gmt":"2024-11-12T09:34:28","guid":{"rendered":"https:\/\/www.zoner.fi\/tuki\/?page_id=134299"},"modified":"2025-09-25T16:43:22","modified_gmt":"2025-09-25T13:43:22","slug":"youtube-videon-lisaaminen-kotisivuille","status":"publish","type":"page","link":"https:\/\/www.zoner.fi\/tuki\/kotisivukone\/zoner\/youtube-videon-lisaaminen-kotisivuille\/","title":{"rendered":"YouTube-videon lis\u00e4\u00e4minen kotisivuille"},"content":{"rendered":"\n<p>Videoiden avulla voit tehd\u00e4 kotisivujen sis\u00e4ll\u00f6st\u00e4 monipuolisempaa. T\u00e4ss\u00e4 oppaassa kerromme, kuinka voit helposti lis\u00e4t\u00e4 YouTube-videon Zoner Kotisivukone -sivustollesi.<\/p>\n\n\n\n<h2 class=\"wp-block-heading\" id=\"h_01GDN8YSW2P3NAAJNP9M3DZG3P\">1. Valitse YouTube-widget<\/h2>\n\n\n\n<ol class=\"wp-block-list\">\n<li>Avaa Zoner Kotisivukoneen editori.<\/li>\n\n\n\n<li>Siirry sivustosi osaan, johon haluat lis\u00e4t\u00e4 YouTube-widgetin.<\/li>\n\n\n\n<li>Valitse vasemmalla olevassa valikossa\u00a0<strong>Widgetit<\/strong>.<\/li>\n\n\n\n<li>Valitse Video-kohdasta\u00a0<strong>YouTube<\/strong>\u00a0.<\/li>\n<\/ol>\n\n\n\n<figure class=\"wp-block-image size-large\"><img loading=\"lazy\" decoding=\"async\" width=\"1024\" height=\"644\" src=\"https:\/\/www.zoner.fi\/tuki\/wp-content\/uploads\/2024\/10\/kotisivukone-youtube-video-1-1024x644.png\" alt=\"\" class=\"wp-image-134307\" srcset=\"https:\/\/www.zoner.fi\/tuki\/wp-content\/uploads\/2024\/10\/kotisivukone-youtube-video-1-1024x644.png 1024w, https:\/\/www.zoner.fi\/tuki\/wp-content\/uploads\/2024\/10\/kotisivukone-youtube-video-1-300x189.png 300w, https:\/\/www.zoner.fi\/tuki\/wp-content\/uploads\/2024\/10\/kotisivukone-youtube-video-1-768x483.png 768w, https:\/\/www.zoner.fi\/tuki\/wp-content\/uploads\/2024\/10\/kotisivukone-youtube-video-1.png 1306w\" sizes=\"auto, (max-width: 1024px) 100vw, 1024px\" \/><\/figure>\n\n\n\n<h2 class=\"wp-block-heading\" id=\"h_01GDN8Z0B32QGR7PM0W3411FTD\">2. Lis\u00e4\u00e4 video<\/h2>\n\n\n\n<p>YouTube-videon voi lis\u00e4t\u00e4 kotisivuille kolmella eri tavalla:<\/p>\n\n\n\n<ul class=\"wp-block-list\">\n<li>Lataa video YouTubeen<\/li>\n\n\n\n<li>Liit\u00e4 YouTube-videon linkki<\/li>\n\n\n\n<li>Etsi video, jonka haluat lis\u00e4t\u00e4<\/li>\n<\/ul>\n\n\n\n<p>N\u00e4in voit lis\u00e4t\u00e4 videon linkin avulla:<\/p>\n\n\n\n<ol class=\"wp-block-list\">\n<li>Napsauta widgetin ponnahdusikkunassa\u00a0<strong>Liit\u00e4 linkki YouTube-videoon<\/strong>.<\/li>\n\n\n\n<li><strong>Liit\u00e4 kentt\u00e4\u00e4n videon URL-osoite<\/strong> ja napsauta\u00a0<strong>Lis\u00e4\u00e4 video<\/strong>.<\/li>\n<\/ol>\n\n\n\n<figure class=\"wp-block-image size-large\"><img loading=\"lazy\" decoding=\"async\" width=\"1024\" height=\"645\" src=\"https:\/\/www.zoner.fi\/tuki\/wp-content\/uploads\/2024\/10\/kotisivukone-youtube-video-2-1024x645.png\" alt=\"\" class=\"wp-image-134308\" srcset=\"https:\/\/www.zoner.fi\/tuki\/wp-content\/uploads\/2024\/10\/kotisivukone-youtube-video-2-1024x645.png 1024w, https:\/\/www.zoner.fi\/tuki\/wp-content\/uploads\/2024\/10\/kotisivukone-youtube-video-2-300x189.png 300w, https:\/\/www.zoner.fi\/tuki\/wp-content\/uploads\/2024\/10\/kotisivukone-youtube-video-2-768x484.png 768w, https:\/\/www.zoner.fi\/tuki\/wp-content\/uploads\/2024\/10\/kotisivukone-youtube-video-2.png 1306w\" sizes=\"auto, (max-width: 1024px) 100vw, 1024px\" \/><\/figure>\n\n\n\n<p><strong>Huomaa:<\/strong>\u00a0Video n\u00e4kyy julkisella sivustollasi vasta, kun olet tallentanut muutokset ja julkaissut sivustosi uudestaan.<\/p>\n\n\n\n<h2 class=\"wp-block-heading\" id=\"h_01GDN8ZHKXX9NX46HXSNP48C87\">3. Muokkaa videon asetuksia<\/h2>\n\n\n\n<p>Kuten muidenkin komponenttien kanssa, voit muuttaa widgetin kokoa vet\u00e4m\u00e4ll\u00e4 sen reunoja. Jos napsautat widgeti\u00e4, n\u00e4et seuraavat vaihtoehdot:<\/p>\n\n\n\n<ul class=\"wp-block-list\">\n<li>\u00a0<strong>Automaattinen toisto:<\/strong>\u00a0Jos aktivoit t\u00e4m\u00e4n, videon toisto alkaa automaattisesti, kun k\u00e4vij\u00e4 saapuu sivustollesi.<\/li>\n\n\n\n<li>\u00a0<strong>Toista:<\/strong>\u00a0Jos t\u00e4m\u00e4 on k\u00e4yt\u00f6ss\u00e4, video toistetaan automaattisesti uudelleen alusta, kun se on katsottu loppuun.<\/li>\n\n\n\n<li>\u00a0<strong>N\u00e4yt\u00e4 ohjaimet:<\/strong>\u00a0Jos otat t\u00e4m\u00e4n k\u00e4ytt\u00f6\u00f6n, YouTube-painikkeet (esimerkiksi toisto- ja taukopainikkeet) n\u00e4kyv\u00e4t videon alaosassa.<\/li>\n<\/ul>\n\n\n\n<p>K\u00e4yt\u00e4 asetuksia n\u00e4in:<\/p>\n\n\n\n<ol class=\"wp-block-list\">\n<li>Valitse video Zoner Kotisivukoneessa ja napsauta\u00a0<strong>Videoasetukset<\/strong>.<\/li>\n\n\n\n<li>Valitse vaihtoehtojen vieress\u00e4 olevat valintaruudut, jos haluat ottaa ne k\u00e4ytt\u00f6\u00f6n.<\/li>\n\n\n\n<li>Lopuksi\u00a0<strong>tallenna muutokset ja julkaise<\/strong>\u00a0p\u00e4ivitetty sivustosi.<\/li>\n<\/ol>\n\n\n\n<p>Alla olevassa kuvassa\u00a0<strong>Automaattinen toisto<\/strong>\u00a0ja\u00a0<strong>N\u00e4yt\u00e4 ohjaimet<\/strong>\u00a0on aktivoitu, kun taas\u00a0<strong>Toista<\/strong>\u00a0ei ole k\u00e4yt\u00f6ss\u00e4.<\/p>\n\n\n\n<figure class=\"wp-block-image size-large\"><img loading=\"lazy\" decoding=\"async\" width=\"1024\" height=\"646\" src=\"https:\/\/www.zoner.fi\/tuki\/wp-content\/uploads\/2024\/10\/kotisivukone-youtube-video-3-1024x646.png\" alt=\"\" class=\"wp-image-134309\" srcset=\"https:\/\/www.zoner.fi\/tuki\/wp-content\/uploads\/2024\/10\/kotisivukone-youtube-video-3-1024x646.png 1024w, https:\/\/www.zoner.fi\/tuki\/wp-content\/uploads\/2024\/10\/kotisivukone-youtube-video-3-300x189.png 300w, https:\/\/www.zoner.fi\/tuki\/wp-content\/uploads\/2024\/10\/kotisivukone-youtube-video-3-768x485.png 768w, https:\/\/www.zoner.fi\/tuki\/wp-content\/uploads\/2024\/10\/kotisivukone-youtube-video-3.png 1304w\" sizes=\"auto, (max-width: 1024px) 100vw, 1024px\" \/><\/figure>\n","protected":false},"excerpt":{"rendered":"<p>Videoiden avulla voit tehd\u00e4 kotisivujen sis\u00e4ll\u00f6st\u00e4 monipuolisempaa. T\u00e4ss\u00e4 oppaassa kerromme, kuinka voit helposti lis\u00e4t\u00e4 YouTube-videon Zoner Kotisivukone -sivustollesi. 1. Valitse YouTube-widget 2. Lis\u00e4\u00e4 video YouTube-videon voi lis\u00e4t\u00e4 kotisivuille kolmella eri tavalla: N\u00e4in voit lis\u00e4t\u00e4 videon linkin avulla: Huomaa:\u00a0Video n\u00e4kyy julkisella sivustollasi vasta, kun olet tallentanut muutokset ja julkaissut sivustosi uudestaan. 3. Muokkaa videon asetuksia Kuten &#8230; <a title=\"YouTube-videon lis\u00e4\u00e4minen kotisivuille\" class=\"read-more\" href=\"https:\/\/www.zoner.fi\/tuki\/kotisivukone\/zoner\/youtube-videon-lisaaminen-kotisivuille\/\" aria-label=\"Lue lis\u00e4\u00e4 aiheesta YouTube-videon lis\u00e4\u00e4minen kotisivuille\">Lue lis\u00e4\u00e4<\/a><\/p>\n","protected":false},"author":18,"featured_media":0,"parent":137385,"menu_order":0,"comment_status":"closed","ping_status":"closed","template":"","meta":{"_relevanssi_hide_post":"","_relevanssi_hide_content":"","_relevanssi_pin_for_all":"","_relevanssi_pin_keywords":"","_relevanssi_unpin_keywords":"","_relevanssi_related_keywords":"","_relevanssi_related_include_ids":"","_relevanssi_related_exclude_ids":"","_relevanssi_related_no_append":"","_relevanssi_related_not_related":"","_relevanssi_related_posts":"130269,1076,132144,130935,132301,130498","_relevanssi_noindex_reason":"","footnotes":""},"categories":[166],"tags":[162],"wf_page_folders":[],"class_list":{"0":"post-134299","1":"page","2":"type-page","3":"status-publish","5":"category-zoner-kotisivukone","6":"tag-upotus-ja-koodi"},"_links":{"self":[{"href":"https:\/\/www.zoner.fi\/tuki\/wp-json\/wp\/v2\/pages\/134299","targetHints":{"allow":["GET"]}}],"collection":[{"href":"https:\/\/www.zoner.fi\/tuki\/wp-json\/wp\/v2\/pages"}],"about":[{"href":"https:\/\/www.zoner.fi\/tuki\/wp-json\/wp\/v2\/types\/page"}],"author":[{"embeddable":true,"href":"https:\/\/www.zoner.fi\/tuki\/wp-json\/wp\/v2\/users\/18"}],"replies":[{"embeddable":true,"href":"https:\/\/www.zoner.fi\/tuki\/wp-json\/wp\/v2\/comments?post=134299"}],"version-history":[{"count":3,"href":"https:\/\/www.zoner.fi\/tuki\/wp-json\/wp\/v2\/pages\/134299\/revisions"}],"predecessor-version":[{"id":134311,"href":"https:\/\/www.zoner.fi\/tuki\/wp-json\/wp\/v2\/pages\/134299\/revisions\/134311"}],"up":[{"embeddable":true,"href":"https:\/\/www.zoner.fi\/tuki\/wp-json\/wp\/v2\/pages\/137385"}],"wp:attachment":[{"href":"https:\/\/www.zoner.fi\/tuki\/wp-json\/wp\/v2\/media?parent=134299"}],"wp:term":[{"taxonomy":"category","embeddable":true,"href":"https:\/\/www.zoner.fi\/tuki\/wp-json\/wp\/v2\/categories?post=134299"},{"taxonomy":"post_tag","embeddable":true,"href":"https:\/\/www.zoner.fi\/tuki\/wp-json\/wp\/v2\/tags?post=134299"},{"taxonomy":"wf_page_folders","embeddable":true,"href":"https:\/\/www.zoner.fi\/tuki\/wp-json\/wp\/v2\/wf_page_folders?post=134299"}],"curies":[{"name":"wp","href":"https:\/\/api.w.org\/{rel}","templated":true}]}}