{"id":134333,"date":"2024-11-12T17:23:06","date_gmt":"2024-11-12T15:23:06","guid":{"rendered":"https:\/\/www.zoner.fi\/tuki\/?page_id=134333"},"modified":"2025-09-25T16:42:57","modified_gmt":"2025-09-25T13:42:57","slug":"miten-lisaan-uuden-sivun-zoner-kotisivukoneessa","status":"publish","type":"page","link":"https:\/\/www.zoner.fi\/tuki\/kotisivukone\/zoner\/miten-lisaan-uuden-sivun-zoner-kotisivukoneessa\/","title":{"rendered":"Miten lis\u00e4\u00e4n uuden sivun Zoner Kotisivukoneessa?"},"content":{"rendered":"\n<p>Uuden sivun lis\u00e4\u00e4minen onnistuu helposti Zoner Kotisivukoneessa:<\/p>\n\n\n\n<h2 class=\"wp-block-heading\" id=\"step-1\">1. Valitse Lis\u00e4\u00e4 uusi sivu<\/h2>\n\n\n\n<ol class=\"wp-block-list\">\n<li>Napsauta\u00a0<strong>sivuvalikkoa<\/strong>\u00a0n\u00e4yt\u00f6n yl\u00e4reunassa olevassa sinisess\u00e4 palkissa.<\/li>\n\n\n\n<li>Napsauta sinist\u00e4\u00a0<strong>+ Lis\u00e4\u00e4 uusi sivu<\/strong>\u00a0-painiketta.<\/li>\n<\/ol>\n\n\n\n<figure class=\"wp-block-image size-large\"><img loading=\"lazy\" decoding=\"async\" width=\"1024\" height=\"615\" src=\"https:\/\/www.zoner.fi\/tuki\/wp-content\/uploads\/2024\/10\/kotisivukone-uusi-sivu-1-1024x615.png\" alt=\"\" class=\"wp-image-134364\" srcset=\"https:\/\/www.zoner.fi\/tuki\/wp-content\/uploads\/2024\/10\/kotisivukone-uusi-sivu-1-1024x615.png 1024w, https:\/\/www.zoner.fi\/tuki\/wp-content\/uploads\/2024\/10\/kotisivukone-uusi-sivu-1-300x180.png 300w, https:\/\/www.zoner.fi\/tuki\/wp-content\/uploads\/2024\/10\/kotisivukone-uusi-sivu-1-768x461.png 768w, https:\/\/www.zoner.fi\/tuki\/wp-content\/uploads\/2024\/10\/kotisivukone-uusi-sivu-1-1536x922.png 1536w, https:\/\/www.zoner.fi\/tuki\/wp-content\/uploads\/2024\/10\/kotisivukone-uusi-sivu-1.png 1874w\" sizes=\"auto, (max-width: 1024px) 100vw, 1024px\" \/><\/figure>\n\n\n\n<h2 class=\"wp-block-heading\" id=\"step-2\">2. Valitse asettelu<\/h2>\n\n\n\n<ol class=\"wp-block-list\">\n<li>Valitse jokin valmiista sivumalleista tai valitse tyhj\u00e4 sivu.\u00a0Pid\u00e4 hiiren osoitinta <strong>suurennuslasi-kuvakkeen <\/strong>p\u00e4\u00e4ll\u00e4, niin n\u00e4et<strong> <\/strong>suuremman esikatselun sivumallista.<br><br>Selaa sivumalleja tai suodata ne kategorian mukaan avattavan valikon avulla. Voit my\u00f6s tutustua muihin ulkoasumalleihin napsauttamalla ikkunan vasemmassa alakulmassa olevaa\u00a0<strong>Selaa malleja<\/strong>\u00a0-linkki\u00e4.<br><\/li>\n\n\n\n<li>Kun olet valinnut sivumallin, napsauta\u00a0<strong>Lis\u00e4\u00e4<\/strong>-painiketta.<\/li>\n<\/ol>\n\n\n\n<p><strong>Vinkki:<\/strong>\u00a0Voit my\u00f6s lis\u00e4t\u00e4 linkin sivulla olevaan osioon, toiselle sivulle, verkkotilassa olevaan tiedostoon tai ulkoiseen osoitteeseen. Valitse haluamasi vaihtoehto Lis\u00e4\u00e4 uusi sivu -ponnahdusikkunan vasemmanpuoleisilta v\u00e4lilehdilt\u00e4.<\/p>\n\n\n\n<figure class=\"wp-block-image size-large\"><img loading=\"lazy\" decoding=\"async\" width=\"1024\" height=\"619\" src=\"https:\/\/www.zoner.fi\/tuki\/wp-content\/uploads\/2024\/10\/kotisivukone-uusi-sivu-2-1024x619.png\" alt=\"\" class=\"wp-image-134365\" srcset=\"https:\/\/www.zoner.fi\/tuki\/wp-content\/uploads\/2024\/10\/kotisivukone-uusi-sivu-2-1024x619.png 1024w, https:\/\/www.zoner.fi\/tuki\/wp-content\/uploads\/2024\/10\/kotisivukone-uusi-sivu-2-300x181.png 300w, https:\/\/www.zoner.fi\/tuki\/wp-content\/uploads\/2024\/10\/kotisivukone-uusi-sivu-2-768x465.png 768w, https:\/\/www.zoner.fi\/tuki\/wp-content\/uploads\/2024\/10\/kotisivukone-uusi-sivu-2-1536x929.png 1536w, https:\/\/www.zoner.fi\/tuki\/wp-content\/uploads\/2024\/10\/kotisivukone-uusi-sivu-2.png 1873w\" sizes=\"auto, (max-width: 1024px) 100vw, 1024px\" \/><\/figure>\n\n\n\n<h2 class=\"wp-block-heading\" id=\"step-3\">3. Kirjoita sivun nimi<\/h2>\n\n\n\n<p>Anna sivulle nimi ja tallenna napsauttamalla\u00a0<strong>OK<\/strong>. Sivun nimi n\u00e4kyy sivuston valikossa.<\/p>\n\n\n\n<figure class=\"wp-block-image size-large\"><img loading=\"lazy\" decoding=\"async\" width=\"1024\" height=\"619\" src=\"https:\/\/www.zoner.fi\/tuki\/wp-content\/uploads\/2024\/10\/kotisivukone-uusi-sivu-3-1024x619.png\" alt=\"\" class=\"wp-image-134366\" srcset=\"https:\/\/www.zoner.fi\/tuki\/wp-content\/uploads\/2024\/10\/kotisivukone-uusi-sivu-3-1024x619.png 1024w, https:\/\/www.zoner.fi\/tuki\/wp-content\/uploads\/2024\/10\/kotisivukone-uusi-sivu-3-300x181.png 300w, https:\/\/www.zoner.fi\/tuki\/wp-content\/uploads\/2024\/10\/kotisivukone-uusi-sivu-3-768x464.png 768w, https:\/\/www.zoner.fi\/tuki\/wp-content\/uploads\/2024\/10\/kotisivukone-uusi-sivu-3-1536x929.png 1536w, https:\/\/www.zoner.fi\/tuki\/wp-content\/uploads\/2024\/10\/kotisivukone-uusi-sivu-3.png 1874w\" sizes=\"auto, (max-width: 1024px) 100vw, 1024px\" \/><\/figure>\n\n\n\n<p>Sivu on lis\u00e4tty ja se n\u00e4kyy my\u00f6s valikossa. Voit nyt aloittaa sen muokkaamisen.<\/p>\n\n\n\n<figure class=\"wp-block-image size-large\"><img loading=\"lazy\" decoding=\"async\" width=\"1024\" height=\"618\" src=\"https:\/\/www.zoner.fi\/tuki\/wp-content\/uploads\/2024\/10\/kotisivukone-uusi-sivu-4-1024x618.png\" alt=\"\" class=\"wp-image-134367\" srcset=\"https:\/\/www.zoner.fi\/tuki\/wp-content\/uploads\/2024\/10\/kotisivukone-uusi-sivu-4-1024x618.png 1024w, https:\/\/www.zoner.fi\/tuki\/wp-content\/uploads\/2024\/10\/kotisivukone-uusi-sivu-4-300x181.png 300w, https:\/\/www.zoner.fi\/tuki\/wp-content\/uploads\/2024\/10\/kotisivukone-uusi-sivu-4-768x464.png 768w, https:\/\/www.zoner.fi\/tuki\/wp-content\/uploads\/2024\/10\/kotisivukone-uusi-sivu-4-1536x928.png 1536w, https:\/\/www.zoner.fi\/tuki\/wp-content\/uploads\/2024\/10\/kotisivukone-uusi-sivu-4.png 1873w\" sizes=\"auto, (max-width: 1024px) 100vw, 1024px\" \/><\/figure>\n","protected":false},"excerpt":{"rendered":"<p>Uuden sivun lis\u00e4\u00e4minen onnistuu helposti Zoner Kotisivukoneessa: 1. Valitse Lis\u00e4\u00e4 uusi sivu 2. Valitse asettelu Vinkki:\u00a0Voit my\u00f6s lis\u00e4t\u00e4 linkin sivulla olevaan osioon, toiselle sivulle, verkkotilassa olevaan tiedostoon tai ulkoiseen osoitteeseen. Valitse haluamasi vaihtoehto Lis\u00e4\u00e4 uusi sivu -ponnahdusikkunan vasemmanpuoleisilta v\u00e4lilehdilt\u00e4. 3. Kirjoita sivun nimi Anna sivulle nimi ja tallenna napsauttamalla\u00a0OK. Sivun nimi n\u00e4kyy sivuston valikossa. Sivu &#8230; <a title=\"Miten lis\u00e4\u00e4n uuden sivun Zoner Kotisivukoneessa?\" class=\"read-more\" href=\"https:\/\/www.zoner.fi\/tuki\/kotisivukone\/zoner\/miten-lisaan-uuden-sivun-zoner-kotisivukoneessa\/\" aria-label=\"Lue lis\u00e4\u00e4 aiheesta Miten lis\u00e4\u00e4n uuden sivun Zoner Kotisivukoneessa?\">Lue lis\u00e4\u00e4<\/a><\/p>\n","protected":false},"author":18,"featured_media":0,"parent":137385,"menu_order":0,"comment_status":"closed","ping_status":"closed","template":"","meta":{"_relevanssi_hide_post":"","_relevanssi_hide_content":"","_relevanssi_pin_for_all":"","_relevanssi_pin_keywords":"","_relevanssi_unpin_keywords":"","_relevanssi_related_keywords":"","_relevanssi_related_include_ids":"","_relevanssi_related_exclude_ids":"","_relevanssi_related_no_append":"","_relevanssi_related_not_related":"","_relevanssi_related_posts":"133233,130515,1076,132144,131535,132325","_relevanssi_noindex_reason":"","footnotes":""},"categories":[166],"tags":[159,158],"wf_page_folders":[],"class_list":{"0":"post-134333","1":"page","2":"type-page","3":"status-publish","5":"category-zoner-kotisivukone","6":"tag-sivut","7":"tag-yleiset"},"_links":{"self":[{"href":"https:\/\/www.zoner.fi\/tuki\/wp-json\/wp\/v2\/pages\/134333","targetHints":{"allow":["GET"]}}],"collection":[{"href":"https:\/\/www.zoner.fi\/tuki\/wp-json\/wp\/v2\/pages"}],"about":[{"href":"https:\/\/www.zoner.fi\/tuki\/wp-json\/wp\/v2\/types\/page"}],"author":[{"embeddable":true,"href":"https:\/\/www.zoner.fi\/tuki\/wp-json\/wp\/v2\/users\/18"}],"replies":[{"embeddable":true,"href":"https:\/\/www.zoner.fi\/tuki\/wp-json\/wp\/v2\/comments?post=134333"}],"version-history":[{"count":2,"href":"https:\/\/www.zoner.fi\/tuki\/wp-json\/wp\/v2\/pages\/134333\/revisions"}],"predecessor-version":[{"id":134368,"href":"https:\/\/www.zoner.fi\/tuki\/wp-json\/wp\/v2\/pages\/134333\/revisions\/134368"}],"up":[{"embeddable":true,"href":"https:\/\/www.zoner.fi\/tuki\/wp-json\/wp\/v2\/pages\/137385"}],"wp:attachment":[{"href":"https:\/\/www.zoner.fi\/tuki\/wp-json\/wp\/v2\/media?parent=134333"}],"wp:term":[{"taxonomy":"category","embeddable":true,"href":"https:\/\/www.zoner.fi\/tuki\/wp-json\/wp\/v2\/categories?post=134333"},{"taxonomy":"post_tag","embeddable":true,"href":"https:\/\/www.zoner.fi\/tuki\/wp-json\/wp\/v2\/tags?post=134333"},{"taxonomy":"wf_page_folders","embeddable":true,"href":"https:\/\/www.zoner.fi\/tuki\/wp-json\/wp\/v2\/wf_page_folders?post=134333"}],"curies":[{"name":"wp","href":"https:\/\/api.w.org\/{rel}","templated":true}]}}