{"id":134376,"date":"2024-11-12T17:22:39","date_gmt":"2024-11-12T15:22:39","guid":{"rendered":"https:\/\/www.zoner.fi\/tuki\/?page_id=134376"},"modified":"2025-09-25T16:42:43","modified_gmt":"2025-09-25T13:42:43","slug":"miten-avaan-sivuasetukset-zoner-kotisivukoneessa","status":"publish","type":"page","link":"https:\/\/www.zoner.fi\/tuki\/kotisivukone\/zoner\/miten-avaan-sivuasetukset-zoner-kotisivukoneessa\/","title":{"rendered":"Miten avaan sivuasetukset Zoner Kotisivukoneessa?"},"content":{"rendered":"\n<p>Sivuvalikon kautta voit hallita yksitt\u00e4isten sivujen asetuksia. T\u00e4ss\u00e4 ohjeessa kerromme, mist\u00e4 l\u00f6yd\u00e4t sen, ja miten voit k\u00e4ytt\u00e4\u00e4 sit\u00e4.<\/p>\n\n\n\n<h2 class=\"wp-block-heading\" id=\"step-1\">1. Avaa sivuvalikko<\/h2>\n\n\n\n<ol class=\"wp-block-list\">\n<li>Avaa Zoner Kotisivukone.<\/li>\n\n\n\n<li>Napsauta sinisell\u00e4 taustalla n\u00e4kyv\u00e4\u00e4\u00a0<strong>sivuvalikkoa<\/strong>\u00a0n\u00e4yt\u00f6n vasemmassa yl\u00e4reunassa.<\/li>\n<\/ol>\n\n\n\n<figure class=\"wp-block-image size-full\"><img loading=\"lazy\" decoding=\"async\" width=\"720\" height=\"475\" src=\"https:\/\/www.zoner.fi\/tuki\/wp-content\/uploads\/2024\/10\/kotisivukone-sivuasetukset-1.png\" alt=\"\" class=\"wp-image-134377\" srcset=\"https:\/\/www.zoner.fi\/tuki\/wp-content\/uploads\/2024\/10\/kotisivukone-sivuasetukset-1.png 720w, https:\/\/www.zoner.fi\/tuki\/wp-content\/uploads\/2024\/10\/kotisivukone-sivuasetukset-1-300x198.png 300w\" sizes=\"auto, (max-width: 720px) 100vw, 720px\" \/><\/figure>\n\n\n\n<h2 class=\"wp-block-heading\" id=\"step-2\">2. Avaa sivuasetukset<\/h2>\n\n\n\n<ol class=\"wp-block-list\">\n<li>Valitse sivu, jonka asetuksia haluat hallita.<\/li>\n\n\n\n<li>Napsauta sivua hiiren kakkospainikkeella tai napsauta ympyr\u00e4\u00e4, jonka sis\u00e4ll\u00e4 on kolme pistett\u00e4.<\/li>\n\n\n\n<li>Valitse\u00a0<strong>Asetukset<\/strong>.<\/li>\n<\/ol>\n\n\n\n<figure class=\"wp-block-image size-full\"><img loading=\"lazy\" decoding=\"async\" width=\"720\" height=\"434\" src=\"https:\/\/www.zoner.fi\/tuki\/wp-content\/uploads\/2024\/10\/kotisivukone-sivuasetukset-2.png\" alt=\"\" class=\"wp-image-134378\" srcset=\"https:\/\/www.zoner.fi\/tuki\/wp-content\/uploads\/2024\/10\/kotisivukone-sivuasetukset-2.png 720w, https:\/\/www.zoner.fi\/tuki\/wp-content\/uploads\/2024\/10\/kotisivukone-sivuasetukset-2-300x181.png 300w\" sizes=\"auto, (max-width: 720px) 100vw, 720px\" \/><\/figure>\n\n\n\n<p>Nyt n\u00e4et valitsemasi sivun asetukset.<\/p>\n\n\n\n<p>Sivun asetuksissa voit\u00a0<a href=\"https:\/\/www.zoner.fi\/tuki\/kotisivukone\/miten-muutan-sivun-nimea-zoner-kotisivukoneessa\/\">muokata sivun nimi\u00e4<\/a>,\u00a0lis\u00e4t\u00e4 <a href=\"https:\/\/www.zoner.fi\/tuki\/kotisivukone\/miten-lisaan-metakuvauksen-zoner-kotisivukoneessa\/\">metakuvauksen hakukoneoptimointia varten<\/a>, muokata\u00a0<a href=\"https:\/\/www.zoner.fi\/tuki\/kotisivukone\/some-jakamisen-asetukset-zoner-kotisivukoneessa\/\">sosiaalisen median jakojen yhteydess\u00e4 n\u00e4ytett\u00e4v\u00e4\u00e4\u00a0kuvaa<\/a>,\u00a0<a href=\"https:\/\/www.zoner.fi\/tuki\/kotisivukone\/kuinka-piilotan-sivun-zoner-kotisivukoneessa\/\">piilottaa sivun<\/a>\u00a0ja hallita sen mallia.<\/p>\n\n\n\n<figure class=\"wp-block-image size-full\"><img loading=\"lazy\" decoding=\"async\" width=\"720\" height=\"433\" src=\"https:\/\/www.zoner.fi\/tuki\/wp-content\/uploads\/2024\/10\/kotisivukone-sivuasetukset-3.png\" alt=\"\" class=\"wp-image-134379\" srcset=\"https:\/\/www.zoner.fi\/tuki\/wp-content\/uploads\/2024\/10\/kotisivukone-sivuasetukset-3.png 720w, https:\/\/www.zoner.fi\/tuki\/wp-content\/uploads\/2024\/10\/kotisivukone-sivuasetukset-3-300x180.png 300w\" sizes=\"auto, (max-width: 720px) 100vw, 720px\" \/><\/figure>\n","protected":false},"excerpt":{"rendered":"<p>Sivuvalikon kautta voit hallita yksitt\u00e4isten sivujen asetuksia. T\u00e4ss\u00e4 ohjeessa kerromme, mist\u00e4 l\u00f6yd\u00e4t sen, ja miten voit k\u00e4ytt\u00e4\u00e4 sit\u00e4. 1. Avaa sivuvalikko 2. Avaa sivuasetukset Nyt n\u00e4et valitsemasi sivun asetukset. Sivun asetuksissa voit\u00a0muokata sivun nimi\u00e4,\u00a0lis\u00e4t\u00e4 metakuvauksen hakukoneoptimointia varten, muokata\u00a0sosiaalisen median jakojen yhteydess\u00e4 n\u00e4ytett\u00e4v\u00e4\u00e4\u00a0kuvaa,\u00a0piilottaa sivun\u00a0ja hallita sen mallia.<\/p>\n","protected":false},"author":18,"featured_media":0,"parent":137385,"menu_order":0,"comment_status":"closed","ping_status":"closed","template":"","meta":{"_relevanssi_hide_post":"","_relevanssi_hide_content":"","_relevanssi_pin_for_all":"","_relevanssi_pin_keywords":"","_relevanssi_unpin_keywords":"","_relevanssi_related_keywords":"","_relevanssi_related_include_ids":"","_relevanssi_related_exclude_ids":"","_relevanssi_related_no_append":"","_relevanssi_related_not_related":"","_relevanssi_related_posts":"130779,132393,130819,130440,132301,132144","_relevanssi_noindex_reason":"","footnotes":""},"categories":[166],"tags":[159,158],"wf_page_folders":[],"class_list":{"0":"post-134376","1":"page","2":"type-page","3":"status-publish","5":"category-zoner-kotisivukone","6":"tag-sivut","7":"tag-yleiset"},"_links":{"self":[{"href":"https:\/\/www.zoner.fi\/tuki\/wp-json\/wp\/v2\/pages\/134376","targetHints":{"allow":["GET"]}}],"collection":[{"href":"https:\/\/www.zoner.fi\/tuki\/wp-json\/wp\/v2\/pages"}],"about":[{"href":"https:\/\/www.zoner.fi\/tuki\/wp-json\/wp\/v2\/types\/page"}],"author":[{"embeddable":true,"href":"https:\/\/www.zoner.fi\/tuki\/wp-json\/wp\/v2\/users\/18"}],"replies":[{"embeddable":true,"href":"https:\/\/www.zoner.fi\/tuki\/wp-json\/wp\/v2\/comments?post=134376"}],"version-history":[{"count":1,"href":"https:\/\/www.zoner.fi\/tuki\/wp-json\/wp\/v2\/pages\/134376\/revisions"}],"predecessor-version":[{"id":134382,"href":"https:\/\/www.zoner.fi\/tuki\/wp-json\/wp\/v2\/pages\/134376\/revisions\/134382"}],"up":[{"embeddable":true,"href":"https:\/\/www.zoner.fi\/tuki\/wp-json\/wp\/v2\/pages\/137385"}],"wp:attachment":[{"href":"https:\/\/www.zoner.fi\/tuki\/wp-json\/wp\/v2\/media?parent=134376"}],"wp:term":[{"taxonomy":"category","embeddable":true,"href":"https:\/\/www.zoner.fi\/tuki\/wp-json\/wp\/v2\/categories?post=134376"},{"taxonomy":"post_tag","embeddable":true,"href":"https:\/\/www.zoner.fi\/tuki\/wp-json\/wp\/v2\/tags?post=134376"},{"taxonomy":"wf_page_folders","embeddable":true,"href":"https:\/\/www.zoner.fi\/tuki\/wp-json\/wp\/v2\/wf_page_folders?post=134376"}],"curies":[{"name":"wp","href":"https:\/\/api.w.org\/{rel}","templated":true}]}}