{"id":134380,"date":"2024-11-12T17:22:18","date_gmt":"2024-11-12T15:22:18","guid":{"rendered":"https:\/\/www.zoner.fi\/tuki\/?page_id=134380"},"modified":"2025-09-25T16:42:34","modified_gmt":"2025-09-25T13:42:34","slug":"kuinka-piilotan-sivun-zoner-kotisivukoneessa","status":"publish","type":"page","link":"https:\/\/www.zoner.fi\/tuki\/kotisivukone\/zoner\/kuinka-piilotan-sivun-zoner-kotisivukoneessa\/","title":{"rendered":"Kuinka piilotan sivun Zoner Kotisivukoneessa?"},"content":{"rendered":"\n<p>T\u00e4ss\u00e4 oppaassa kerromme, miten voit piilottaa sivun Zoner kotisivukoneessa.<\/p>\n\n\n\n<p>Sivun voi piilottaa kahdella tavalla:<\/p>\n\n\n\n<ul class=\"wp-block-list\">\n<li>&nbsp;<strong>\u00c4l\u00e4 n\u00e4yt\u00e4 valikoissa<\/strong>&nbsp;&#8211; Sivu ei n\u00e4y valikoissa mutta se on silti julkaistu. Esimerkiksi&nbsp;mukautettu virhesivu kannattaa piilottaa n\u00e4in, ettei se n\u00e4y turhaan valikossa.<\/li>\n\n\n\n<li>&nbsp;<strong>\u00c4l\u00e4 julkaise t\u00e4t\u00e4 sivua<\/strong>&nbsp;&#8211; Sivua ei julkaista lainkaan. T\u00e4st\u00e4 on hy\u00f6ty\u00e4 esimerkiksi silloin, kun sivu on viel\u00e4 kesken.<\/li>\n<\/ul>\n\n\n\n<h2 class=\"wp-block-heading\" id=\"step-1\">1. Avaa sivuvalikko<\/h2>\n\n\n\n<p>Avaa Zoner Kotisivukoneen sivuvalikko n\u00e4yt\u00f6n yl\u00e4reunassa olevasta sinisest\u00e4 palkista:<\/p>\n\n\n\n<figure class=\"wp-block-image size-large\"><img loading=\"lazy\" decoding=\"async\" width=\"1024\" height=\"641\" src=\"https:\/\/www.zoner.fi\/tuki\/wp-content\/uploads\/2024\/10\/kotisivukone-sivun-piilotus-1-1024x641.png\" alt=\"\" class=\"wp-image-134384\" srcset=\"https:\/\/www.zoner.fi\/tuki\/wp-content\/uploads\/2024\/10\/kotisivukone-sivun-piilotus-1-1024x641.png 1024w, https:\/\/www.zoner.fi\/tuki\/wp-content\/uploads\/2024\/10\/kotisivukone-sivun-piilotus-1-300x188.png 300w, https:\/\/www.zoner.fi\/tuki\/wp-content\/uploads\/2024\/10\/kotisivukone-sivun-piilotus-1-768x481.png 768w, https:\/\/www.zoner.fi\/tuki\/wp-content\/uploads\/2024\/10\/kotisivukone-sivun-piilotus-1.png 1502w\" sizes=\"auto, (max-width: 1024px) 100vw, 1024px\" \/><\/figure>\n\n\n\n<h2 class=\"wp-block-heading\" id=\"step-2\">2. Siirry sivun asetuksiin<\/h2>\n\n\n\n<p>Siirr\u00e4 hiiri piilotettavan sivun p\u00e4\u00e4lle, kunnes n\u00e4et kuvakkeen, jossa on&nbsp;<strong>kolme pistett\u00e4.<\/strong> Napsauta kuvaketta ja valitse avautuneesta valikosta <strong>Asetukset<\/strong>.<\/p>\n\n\n\n<ol class=\"wp-block-list\">\n<li><\/li>\n<\/ol>\n\n\n\n<figure class=\"wp-block-image size-large\"><img loading=\"lazy\" decoding=\"async\" width=\"1024\" height=\"644\" src=\"https:\/\/www.zoner.fi\/tuki\/wp-content\/uploads\/2024\/10\/kotisivukone-sivun-piilotus-2-1024x644.png\" alt=\"\" class=\"wp-image-134385\" srcset=\"https:\/\/www.zoner.fi\/tuki\/wp-content\/uploads\/2024\/10\/kotisivukone-sivun-piilotus-2-1024x644.png 1024w, https:\/\/www.zoner.fi\/tuki\/wp-content\/uploads\/2024\/10\/kotisivukone-sivun-piilotus-2-300x189.png 300w, https:\/\/www.zoner.fi\/tuki\/wp-content\/uploads\/2024\/10\/kotisivukone-sivun-piilotus-2-768x483.png 768w, https:\/\/www.zoner.fi\/tuki\/wp-content\/uploads\/2024\/10\/kotisivukone-sivun-piilotus-2.png 1502w\" sizes=\"auto, (max-width: 1024px) 100vw, 1024px\" \/><\/figure>\n\n\n\n<h2 class=\"wp-block-heading\" id=\"step-3\">3. Piilota sivu<\/h2>\n\n\n\n<p>Napsauta vasemmalla olevasta valikosta&nbsp;<strong>Piilota sivu<\/strong>&nbsp;.<\/p>\n\n\n\n<figure class=\"wp-block-image size-large\"><img loading=\"lazy\" decoding=\"async\" width=\"1024\" height=\"642\" src=\"https:\/\/www.zoner.fi\/tuki\/wp-content\/uploads\/2024\/10\/kotisivukone-sivun-piilotus-3-1024x642.png\" alt=\"\" class=\"wp-image-134386\" srcset=\"https:\/\/www.zoner.fi\/tuki\/wp-content\/uploads\/2024\/10\/kotisivukone-sivun-piilotus-3-1024x642.png 1024w, https:\/\/www.zoner.fi\/tuki\/wp-content\/uploads\/2024\/10\/kotisivukone-sivun-piilotus-3-300x188.png 300w, https:\/\/www.zoner.fi\/tuki\/wp-content\/uploads\/2024\/10\/kotisivukone-sivun-piilotus-3-768x481.png 768w, https:\/\/www.zoner.fi\/tuki\/wp-content\/uploads\/2024\/10\/kotisivukone-sivun-piilotus-3.png 1502w\" sizes=\"auto, (max-width: 1024px) 100vw, 1024px\" \/><\/figure>\n\n\n\n<p>Valitse&nbsp;<strong>\u00c4l\u00e4 n\u00e4yt\u00e4 valikoissa<\/strong>&nbsp;&#8211; tai&nbsp;<strong>\u00c4l\u00e4 julkaise t\u00e4t\u00e4 sivua<\/strong>&nbsp;-valintaruutu ja valitse&nbsp;<strong>Tallenna<\/strong>.<\/p>\n\n\n\n<figure class=\"wp-block-image size-large\"><img loading=\"lazy\" decoding=\"async\" width=\"1024\" height=\"639\" src=\"https:\/\/www.zoner.fi\/tuki\/wp-content\/uploads\/2024\/10\/kotisivukone-sivun-piilotus-4-1024x639.png\" alt=\"\" class=\"wp-image-134387\" srcset=\"https:\/\/www.zoner.fi\/tuki\/wp-content\/uploads\/2024\/10\/kotisivukone-sivun-piilotus-4-1024x639.png 1024w, https:\/\/www.zoner.fi\/tuki\/wp-content\/uploads\/2024\/10\/kotisivukone-sivun-piilotus-4-300x187.png 300w, https:\/\/www.zoner.fi\/tuki\/wp-content\/uploads\/2024\/10\/kotisivukone-sivun-piilotus-4-768x479.png 768w, https:\/\/www.zoner.fi\/tuki\/wp-content\/uploads\/2024\/10\/kotisivukone-sivun-piilotus-4.png 1502w\" sizes=\"auto, (max-width: 1024px) 100vw, 1024px\" \/><\/figure>\n\n\n\n<p>Klikkaa&nbsp;<strong>Julkaise<\/strong>&nbsp;jos haluat, ett\u00e4 muutokset n\u00e4kyv\u00e4t verkossa.<\/p>\n\n\n\n<p>Voit tunnistaa piilotetun sivun sivun sivuvalikon kuvakkeista:<\/p>\n\n\n\n<ul class=\"wp-block-list\">\n<li><strong>Silm\u00e4kuvake<\/strong>&nbsp;ilmaisee, ett\u00e4 sivu ei n\u00e4y valikoissa.<\/li>\n\n\n\n<li><strong>Ympyr\u00e4 jossa on viiva<\/strong>&nbsp;osoittaa, ett\u00e4 sivua ei ole julkaistu ja se on k\u00e4ytett\u00e4viss\u00e4 vain Zoner Kotisivukoneessa.<\/li>\n<\/ul>\n\n\n\n<figure class=\"wp-block-image size-large\"><img loading=\"lazy\" decoding=\"async\" width=\"1024\" height=\"642\" src=\"https:\/\/www.zoner.fi\/tuki\/wp-content\/uploads\/2024\/10\/kotisivukone-sivun-piilotus-5-1024x642.png\" alt=\"\" class=\"wp-image-134388\" srcset=\"https:\/\/www.zoner.fi\/tuki\/wp-content\/uploads\/2024\/10\/kotisivukone-sivun-piilotus-5-1024x642.png 1024w, https:\/\/www.zoner.fi\/tuki\/wp-content\/uploads\/2024\/10\/kotisivukone-sivun-piilotus-5-300x188.png 300w, https:\/\/www.zoner.fi\/tuki\/wp-content\/uploads\/2024\/10\/kotisivukone-sivun-piilotus-5-768x481.png 768w, https:\/\/www.zoner.fi\/tuki\/wp-content\/uploads\/2024\/10\/kotisivukone-sivun-piilotus-5.png 1502w\" sizes=\"auto, (max-width: 1024px) 100vw, 1024px\" \/><\/figure>\n","protected":false},"excerpt":{"rendered":"<p>T\u00e4ss\u00e4 oppaassa kerromme, miten voit piilottaa sivun Zoner kotisivukoneessa. Sivun voi piilottaa kahdella tavalla: 1. Avaa sivuvalikko Avaa Zoner Kotisivukoneen sivuvalikko n\u00e4yt\u00f6n yl\u00e4reunassa olevasta sinisest\u00e4 palkista: 2. Siirry sivun asetuksiin Siirr\u00e4 hiiri piilotettavan sivun p\u00e4\u00e4lle, kunnes n\u00e4et kuvakkeen, jossa on&nbsp;kolme pistett\u00e4. Napsauta kuvaketta ja valitse avautuneesta valikosta Asetukset. 3. Piilota sivu Napsauta vasemmalla olevasta valikosta&nbsp;Piilota &#8230; <a title=\"Kuinka piilotan sivun Zoner Kotisivukoneessa?\" class=\"read-more\" href=\"https:\/\/www.zoner.fi\/tuki\/kotisivukone\/zoner\/kuinka-piilotan-sivun-zoner-kotisivukoneessa\/\" aria-label=\"Lue lis\u00e4\u00e4 aiheesta Kuinka piilotan sivun Zoner Kotisivukoneessa?\">Lue lis\u00e4\u00e4<\/a><\/p>\n","protected":false},"author":18,"featured_media":0,"parent":137385,"menu_order":0,"comment_status":"closed","ping_status":"closed","template":"","meta":{"_relevanssi_hide_post":"","_relevanssi_hide_content":"","_relevanssi_pin_for_all":"","_relevanssi_pin_keywords":"","_relevanssi_unpin_keywords":"","_relevanssi_related_keywords":"","_relevanssi_related_include_ids":"","_relevanssi_related_exclude_ids":"","_relevanssi_related_no_append":"","_relevanssi_related_not_related":"","_relevanssi_related_posts":"131550,130464,130498,130899,130515,130578","_relevanssi_noindex_reason":"","footnotes":""},"categories":[166],"tags":[159,158],"wf_page_folders":[],"class_list":{"0":"post-134380","1":"page","2":"type-page","3":"status-publish","5":"category-zoner-kotisivukone","6":"tag-sivut","7":"tag-yleiset"},"_links":{"self":[{"href":"https:\/\/www.zoner.fi\/tuki\/wp-json\/wp\/v2\/pages\/134380","targetHints":{"allow":["GET"]}}],"collection":[{"href":"https:\/\/www.zoner.fi\/tuki\/wp-json\/wp\/v2\/pages"}],"about":[{"href":"https:\/\/www.zoner.fi\/tuki\/wp-json\/wp\/v2\/types\/page"}],"author":[{"embeddable":true,"href":"https:\/\/www.zoner.fi\/tuki\/wp-json\/wp\/v2\/users\/18"}],"replies":[{"embeddable":true,"href":"https:\/\/www.zoner.fi\/tuki\/wp-json\/wp\/v2\/comments?post=134380"}],"version-history":[{"count":5,"href":"https:\/\/www.zoner.fi\/tuki\/wp-json\/wp\/v2\/pages\/134380\/revisions"}],"predecessor-version":[{"id":134642,"href":"https:\/\/www.zoner.fi\/tuki\/wp-json\/wp\/v2\/pages\/134380\/revisions\/134642"}],"up":[{"embeddable":true,"href":"https:\/\/www.zoner.fi\/tuki\/wp-json\/wp\/v2\/pages\/137385"}],"wp:attachment":[{"href":"https:\/\/www.zoner.fi\/tuki\/wp-json\/wp\/v2\/media?parent=134380"}],"wp:term":[{"taxonomy":"category","embeddable":true,"href":"https:\/\/www.zoner.fi\/tuki\/wp-json\/wp\/v2\/categories?post=134380"},{"taxonomy":"post_tag","embeddable":true,"href":"https:\/\/www.zoner.fi\/tuki\/wp-json\/wp\/v2\/tags?post=134380"},{"taxonomy":"wf_page_folders","embeddable":true,"href":"https:\/\/www.zoner.fi\/tuki\/wp-json\/wp\/v2\/wf_page_folders?post=134380"}],"curies":[{"name":"wp","href":"https:\/\/api.w.org\/{rel}","templated":true}]}}