{"id":134401,"date":"2025-03-03T08:17:57","date_gmt":"2025-03-03T06:17:57","guid":{"rendered":"https:\/\/www.zoner.fi\/tuki\/?page_id=134401"},"modified":"2025-09-25T16:43:14","modified_gmt":"2025-09-25T13:43:14","slug":"shipmondon-kayttaminen-verkkokaupassa","status":"publish","type":"page","link":"https:\/\/www.zoner.fi\/tuki\/kotisivukone\/zoner\/shipmondon-kayttaminen-verkkokaupassa\/","title":{"rendered":"Shipmondon k\u00e4ytt\u00e4minen verkkokaupassa"},"content":{"rendered":"\n<p>Integroimalla Shipmondon Zoner Kotisivukone -verkkokauppaasi voit hallita toimituksia nopeammin ja tehokkaammin. T\u00e4ss\u00e4 artikkelissa kerromme, mik\u00e4 Shipmondo on, mit\u00e4 etuja se tarjoaa, ja miten voit ottaa sen k\u00e4ytt\u00f6\u00f6n verkkokaupassasi.<\/p>\n\n\n\n<ul class=\"wp-block-list\">\n<li><a href=\"#1\">Mik\u00e4 on Shipmondo?<\/a><\/li>\n\n\n\n<li><a href=\"#2\">Mit\u00e4 etuja Shipmondo tarjoaa verkkokaupalle?<\/a><\/li>\n\n\n\n<li><a href=\"#3\">Mit\u00e4 Shipmondo maksaa ja miten laskutus toimii?<\/a><\/li>\n\n\n\n<li><a href=\"#4\">Voinko testata Shipmondoa ennen kuin p\u00e4\u00e4t\u00e4n k\u00e4ytt\u00e4\u00e4 sit\u00e4?<\/a><\/li>\n\n\n\n<li><a href=\"#5\">Kuinka aloitan Shipmondon k\u00e4yt\u00f6n verkkokaupassani?<\/a><\/li>\n\n\n\n<li><a href=\"#6\">Minulla on jo Shipmondo-tili &#8211; voinko k\u00e4ytt\u00e4\u00e4 sit\u00e4?<\/a><\/li>\n\n\n\n<li><a href=\"#7\">Miss\u00e4 n\u00e4en tilaukseni Shipmondossa?<\/a><\/li>\n<\/ul>\n\n\n\n<h2 class=\"wp-block-heading\" id=\"1\">Mik\u00e4 on Shipmondo?<\/h2>\n\n\n\n<p>Shipmondon avulla voit hallita verkkokauppasi toimituksia helposti aina tilausten vastaanottamisesta pakettien l\u00e4hett\u00e4miseen. Kun saat tilauksen Zoner Kotisivukone -verkkokauppaasi, Shipmondo-integrointi siirt\u00e4\u00e4 automaattisesti kaikki tilaustiedot Shipmondo-tilillesi, jossa voit tulostaa pakkauslistat sek\u00e4 ostaa ja tulostaa pakettitarrat.<\/p>\n\n\n\n<h2 class=\"wp-block-heading\" id=\"2\">Mit\u00e4 etuja Shipmondo tarjoaa verkkokaupalle?<\/h2>\n\n\n\n<p><strong>Nopeampi toimitusten hallinta<\/strong><\/p>\n\n\n\n<p>Shipmondo-integraatio siirt\u00e4\u00e4 tilausten tiedot automaattisesti verkkokaupastasi Shipmondo-tilillesi. Tilaustietoja ja asiakkaiden osoitteita ei siis tarvitse manuaalisesti kopioida ja liitt\u00e4\u00e4, kun vamistelet tuotteiden toimitusta. N\u00e4et kaikki tilaukset Shipmondo-tilill\u00e4si ja voit tulostaa pakkausluettelot ja toimitustarrat muutamalla klikkauksella.<\/p>\n\n\n\n<p><strong>Ennalta neuvotellut sopimukset kuljetusyritysten kanssa<\/strong><\/p>\n\n\n\n<p>Shipmondo tekee tilausten toimituksesta helppoa. Hintoja ja ehtoja ei tarvitse erikseen sopia eri kuljetusyritysten kanssa, sill\u00e4 Shipmondolla on ennalta sovitut sopimukset monien eri maissa sijaitsevien kuljetusyritysten kanssa. L\u00f6yd\u00e4t koko kuljetusyrityslistan Shipmondon kotisivuilta.<\/p>\n\n\n\n<ul class=\"wp-block-list\">\n<li><a href=\"https:\/\/shipmondo.com\/carriers\/\" target=\"_blank\" rel=\"noreferrer noopener\">Shipmondo-kuljetusyritysten luettelo<\/a><\/li>\n<\/ul>\n\n\n\n<p>Jos olet jo tehnyt hyv\u00e4n sopimuksen kuljetusyrityksen kanssa, voit my\u00f6s lis\u00e4t\u00e4 oman sopimuksesi Shipmondo-tilillesi.<\/p>\n\n\n\n<p><strong>Ei kiinte\u00e4\u00e4 kuukausimaksua<\/strong><\/p>\n\n\n\n<p>Shipmondossa maksat vain siit\u00e4, mit\u00e4 k\u00e4yt\u00e4t. Toisin kuin muut toimitusratkaisut, Shipmondo ei ole tilaus, eli et maksa kiinte\u00e4\u00e4 kuukausimaksua sen k\u00e4yt\u00f6st\u00e4. Sen sijaan maksat vain kustakin luomastasi toimitustarrasta. N\u00e4in voit pit\u00e4\u00e4 toimituskulut mahdollisimman alhaisina.<\/p>\n\n\n\n<p><strong>Lis\u00e4\u00e4 toimitusvaihtoehtoja<\/strong><\/p>\n\n\n\n<p>Shipmondo-integraatiolla voit toimittaa tilaukia noutopisteeseen kotiin toimituksen ja liikkeest\u00e4si noudon lis\u00e4ksi. Asiakkaat voivat noutaa tilauksensa heid\u00e4n alueellaan sijaitsevista kaupoista ja palvelupisteist\u00e4, mik\u00e4 helpottaa tilausten toimitusta, jos he eiv\u00e4t ole kotona.<\/p>\n\n\n\n<h2 class=\"wp-block-heading\" id=\"3\">Mit\u00e4 Shipmondo maksaa ja miten laskutus toimii?<\/h2>\n\n\n\n<p><strong>Ilmainen tili<\/strong><\/p>\n\n\n\n<p>Shipmondo-tilin luominen ja sen yhdist\u00e4minen verkkokauppaan ovat <strong>ilmaisia<\/strong>.<\/p>\n\n\n\n<p><strong>Toimituskulut<\/strong><\/p>\n\n\n\n<p>Kun olet avannut tilin, n\u00e4et Shipmondon koko hintaluettelon heid\u00e4n k\u00e4ytt\u00f6liittym\u00e4ss\u00e4\u00e4n. Voit p\u00e4\u00e4tt\u00e4\u00e4, mist\u00e4 maasta l\u00e4het\u00e4t ja mihin maahan l\u00e4het\u00e4t, ja tarkistaa sitten erilliskulut.<\/p>\n\n\n\n<p><strong>Shipmondo-laskut<\/strong><\/p>\n\n\n\n<p>Toimitustarrojen maksu k\u00e4sitell\u00e4\u00e4n suoraan Shipmondon kanssa. Saat itse valita, haluatko vastaanottaa laskun kustakin yksitt\u00e4isest\u00e4 tulostamastasi tarrasta vai haluatko saada yhden laskun kaikista tulostetuista tarroista kerran kuussa.<\/p>\n\n\n\n<p>Lue lis\u00e4\u00e4 kuukausilaskusta t\u00e4st\u00e4:<\/p>\n\n\n\n<ul class=\"wp-block-list\">\n<li><a href=\"https:\/\/help.shipmondo.com\/en\/articles\/2241053-balance-payments\" target=\"_blank\" rel=\"noreferrer noopener\">Shipmondo &#8211; Balance payments<\/a><\/li>\n<\/ul>\n\n\n\n<h2 class=\"wp-block-heading\" id=\"4\">Voinko testata Shipmondoa ennen p\u00e4\u00e4t\u00e4n k\u00e4ytt\u00e4\u00e4 sit\u00e4?<\/h2>\n\n\n\n<p>Kyll\u00e4, voit testata Shipmondoa selvitt\u00e4\u00e4ksesi, sopiiko se tarpeisiisi. Luo tili ilmaiseksi Zoner Kotisivukone -verkkokaupan hallintapaneelin kautta, ja luo sitten testitilaus ja testil\u00e4hetys.<\/p>\n\n\n\n<p>Lue lis\u00e4\u00e4 Shipmondon testaamisesta t\u00e4\u00e4lt\u00e4:<\/p>\n\n\n\n<ul class=\"wp-block-list\">\n<li><a href=\"https:\/\/help.shipmondo.com\/en\/articles\/5183320-test-the-order-process-between-your-webshop-and-shipmondo\" target=\"_blank\" rel=\"noreferrer noopener\">Test the order process between your webshop and Shipmondo<\/a><\/li>\n<\/ul>\n\n\n\n<h2 class=\"wp-block-heading\" id=\"5\">Miten voin aloittaa Shipmondon k\u00e4yt\u00f6n verkkokaupassani?<\/h2>\n\n\n\n<p>L\u00f6yd\u00e4t Shipmondo-integraation Zoner Kotisivukoneen verkkokauppa-hallintapaneelista.<\/p>\n\n\n\n<p><strong>Huomaa:<\/strong>&nbsp;Jotta voit rekister\u00f6id\u00e4 yrityksesi Shipmondoon, sill\u00e4 on oltava&nbsp;<a href=\"https:\/\/fi.wikipedia.org\/wiki\/Arvonlis%C3%A4veronumero\" target=\"_blank\" rel=\"noopener\">arvonlis\u00e4veronumero<\/a>.<\/p>\n\n\n\n<ol class=\"wp-block-list\">\n<li>Valitse vasemmalla olevasta valikosta&nbsp;<strong>Asetukset<\/strong>&nbsp;ja sitten&nbsp;<strong>ALV ja toimitus<\/strong>.<\/li>\n\n\n\n<li>Klikkaa <strong>Aloita<\/strong>&nbsp;osiossa nimelt\u00e4 &#8221;Tuo Shipmondosta&#8221;.<\/li>\n\n\n\n<li>Klikkaa&nbsp;ponnahdusikkunassa<strong> Hyv\u00e4ksy<\/strong>&nbsp;.<\/li>\n\n\n\n<li>Sinut ohjataan Shipmondon omalle rekister\u00f6itymissivulle. Klikkaa&nbsp;<strong>Luo tili<\/strong>&nbsp;ja t\u00e4yt\u00e4 rekister\u00f6intitiedot. Napsauta&nbsp;<strong>Luo tili&nbsp;<\/strong>uudelleen viimeistell\u00e4ksesi rekister\u00f6innin.<\/li>\n\n\n\n<li>Olet nyt yhdist\u00e4nyt verkkokauppasi Shipmondoon ja n\u00e4et Shipmondo-k\u00e4ytt\u00f6liittym\u00e4n.<\/li>\n<\/ol>\n\n\n\n<p><strong>Huomaa:<\/strong>&nbsp;Kun seuraavan kerran haluat n\u00e4hd\u00e4 Shipmondo-tilisi ja tilausten yleiskatsauksen, mene&nbsp;<a href=\"https:\/\/app.shipmondo.com\/account\/login\/\" target=\"_blank\" rel=\"noreferrer noopener\">Shipmondon kirjautumissivulle<\/a>&nbsp;ja kirjaudu s\u00e4hk\u00f6postiosoitteellasi ja salasanallasi.<\/p>\n\n\n\n<h2 class=\"wp-block-heading\" id=\"6\">Minulla on jo Shipmondo-tili. Voinko k\u00e4ytt\u00e4\u00e4 sit\u00e4?<\/h2>\n\n\n\n<p>Kyll\u00e4! Voit yhdist\u00e4\u00e4 olemassa olevan Shipmondo-tilisi Zoner Kotisivukone -verkkokauppaasi muutamalla helpolla vaiheella.<\/p>\n\n\n\n<ol class=\"wp-block-list\">\n<li><strong>Avaa verkkokaupan&nbsp;<\/strong>hallintapaneeli&nbsp;Zoner Kotisivukoneen hallintapaneelissa.<\/li>\n\n\n\n<li>Valitse vasemmalla olevasta valikosta&nbsp;<strong>Asetukset<\/strong>&nbsp;ja sitten&nbsp;<strong>ALV ja toimitus<\/strong>.<\/li>\n\n\n\n<li>Klikkaa&nbsp;<strong>Aloita<\/strong>.<\/li>\n\n\n\n<li>Kirjoita&nbsp;<strong>Shipmondo-s\u00e4hk\u00f6postiosoitteesi&nbsp;<\/strong>ja&nbsp;<strong>salasanasi<\/strong>&nbsp;kirjautumissivulle.<\/li>\n\n\n\n<li>Olet nyt yhdist\u00e4nyt verkkokauppasi Shipmondoon.<\/li>\n<\/ol>\n\n\n\n<h2 class=\"wp-block-heading\" id=\"7\">Mist\u00e4 n\u00e4en tilaukseni Shipmondossa?<\/h2>\n\n\n\n<p>Kun olet yhdist\u00e4nyt verkkokauppasi Shipmondoon ja luonut toimitusmallit, kaikki uudet tilaukset siirret\u00e4\u00e4n automaattisesti Shipmondo-tilillesi. Ne tallennetaan Luonnokset-kansioon.<\/p>\n\n\n\n<ol class=\"wp-block-list\">\n<li><a href=\"https:\/\/app.shipmondo.com\/account\/login\/\" target=\"_blank\" rel=\"noreferrer noopener\">Kirjaudu sis\u00e4\u00e4n Shipmondo-tilillesi<\/a>&nbsp;s\u00e4hk\u00f6postiosoitteellasi ja salasanallasi.<\/li>\n\n\n\n<li>Valitse vasemmalla olevasta paneelista&nbsp;<strong>Shipments<\/strong> laajentaaksesi valikkoa.<\/li>\n\n\n\n<li>Klikkaa&nbsp;<strong>Drafts<\/strong> n\u00e4hd\u00e4ksesi tilausten yleiskatsauksen. T\u00e4ss\u00e4 luettelossa n\u00e4et kaikki tilaukset, joille et ole viel\u00e4 tulostanut l\u00e4hetystarraa.<\/li>\n\n\n\n<li>Voit aloittaa tilausten l\u00e4hett\u00e4misen valitsemalla tilaukset, jotka haluat l\u00e4hett\u00e4\u00e4: rastita niiden vasemmalla puolella oleva pieni laatikko.<\/li>\n\n\n\n<li>Klikkaa&nbsp;<strong>Create shipments<\/strong>.<\/li>\n<\/ol>\n\n\n\n<p>Kun olet ostanut l\u00e4hetystarran, tilaus siirret\u00e4\u00e4n&nbsp;Luonnoksista <strong>Booked<\/strong>-tilaan.<\/p>\n\n\n\n<p><strong>Huomaa:<\/strong>&nbsp;Jotta voit k\u00e4ytt\u00e4\u00e4 t\u00e4t\u00e4 nopeaa prosessia l\u00e4hetysten luomiseen, Shipmondo-tilill\u00e4si on oltava rahaa. Lue lis\u00e4\u00e4 Shipmondon saldomaksuista t\u00e4st\u00e4 ohjeesta:<\/p>\n\n\n\n<ul class=\"wp-block-list\">\n<li><a href=\"https:\/\/help.shipmondo.com\/en\/articles\/2241053-balance-payments\" target=\"_blank\" rel=\"noreferrer noopener\">Shipmondo &#8211; Balance payments<\/a><\/li>\n<\/ul>\n","protected":false},"excerpt":{"rendered":"<p>Integroimalla Shipmondon Zoner Kotisivukone -verkkokauppaasi voit hallita toimituksia nopeammin ja tehokkaammin. T\u00e4ss\u00e4 artikkelissa kerromme, mik\u00e4 Shipmondo on, mit\u00e4 etuja se tarjoaa, ja miten voit ottaa sen k\u00e4ytt\u00f6\u00f6n verkkokaupassasi. Mik\u00e4 on Shipmondo? Shipmondon avulla voit hallita verkkokauppasi toimituksia helposti aina tilausten vastaanottamisesta pakettien l\u00e4hett\u00e4miseen. Kun saat tilauksen Zoner Kotisivukone -verkkokauppaasi, Shipmondo-integrointi siirt\u00e4\u00e4 automaattisesti kaikki tilaustiedot Shipmondo-tilillesi, &#8230; <a title=\"Shipmondon k\u00e4ytt\u00e4minen verkkokaupassa\" class=\"read-more\" href=\"https:\/\/www.zoner.fi\/tuki\/kotisivukone\/zoner\/shipmondon-kayttaminen-verkkokaupassa\/\" aria-label=\"Lue lis\u00e4\u00e4 aiheesta Shipmondon k\u00e4ytt\u00e4minen verkkokaupassa\">Lue lis\u00e4\u00e4<\/a><\/p>\n","protected":false},"author":18,"featured_media":0,"parent":137385,"menu_order":0,"comment_status":"closed","ping_status":"closed","template":"","meta":{"_relevanssi_hide_post":"","_relevanssi_hide_content":"","_relevanssi_pin_for_all":"","_relevanssi_pin_keywords":"","_relevanssi_unpin_keywords":"","_relevanssi_related_keywords":"","_relevanssi_related_include_ids":"","_relevanssi_related_exclude_ids":"","_relevanssi_related_no_append":"","_relevanssi_related_not_related":"","_relevanssi_related_posts":"130440,132826,130450,132254,130397,130819","_relevanssi_noindex_reason":"","footnotes":""},"categories":[166],"tags":[161,163],"wf_page_folders":[],"class_list":{"0":"post-134401","1":"page","2":"type-page","3":"status-publish","5":"category-zoner-kotisivukone","6":"tag-integraatiot","7":"tag-verkkokauppa"},"_links":{"self":[{"href":"https:\/\/www.zoner.fi\/tuki\/wp-json\/wp\/v2\/pages\/134401","targetHints":{"allow":["GET"]}}],"collection":[{"href":"https:\/\/www.zoner.fi\/tuki\/wp-json\/wp\/v2\/pages"}],"about":[{"href":"https:\/\/www.zoner.fi\/tuki\/wp-json\/wp\/v2\/types\/page"}],"author":[{"embeddable":true,"href":"https:\/\/www.zoner.fi\/tuki\/wp-json\/wp\/v2\/users\/18"}],"replies":[{"embeddable":true,"href":"https:\/\/www.zoner.fi\/tuki\/wp-json\/wp\/v2\/comments?post=134401"}],"version-history":[{"count":8,"href":"https:\/\/www.zoner.fi\/tuki\/wp-json\/wp\/v2\/pages\/134401\/revisions"}],"predecessor-version":[{"id":135490,"href":"https:\/\/www.zoner.fi\/tuki\/wp-json\/wp\/v2\/pages\/134401\/revisions\/135490"}],"up":[{"embeddable":true,"href":"https:\/\/www.zoner.fi\/tuki\/wp-json\/wp\/v2\/pages\/137385"}],"wp:attachment":[{"href":"https:\/\/www.zoner.fi\/tuki\/wp-json\/wp\/v2\/media?parent=134401"}],"wp:term":[{"taxonomy":"category","embeddable":true,"href":"https:\/\/www.zoner.fi\/tuki\/wp-json\/wp\/v2\/categories?post=134401"},{"taxonomy":"post_tag","embeddable":true,"href":"https:\/\/www.zoner.fi\/tuki\/wp-json\/wp\/v2\/tags?post=134401"},{"taxonomy":"wf_page_folders","embeddable":true,"href":"https:\/\/www.zoner.fi\/tuki\/wp-json\/wp\/v2\/wf_page_folders?post=134401"}],"curies":[{"name":"wp","href":"https:\/\/api.w.org\/{rel}","templated":true}]}}