{"id":134404,"date":"2024-11-12T17:19:19","date_gmt":"2024-11-12T15:19:19","guid":{"rendered":"https:\/\/www.zoner.fi\/tuki\/?page_id=134404"},"modified":"2025-09-25T16:42:37","modified_gmt":"2025-09-25T13:42:37","slug":"luottokorttimaksujen-manuaalinen-vastaanotto-verkkokaupassa","status":"publish","type":"page","link":"https:\/\/www.zoner.fi\/tuki\/kotisivukone\/zoner\/luottokorttimaksujen-manuaalinen-vastaanotto-verkkokaupassa\/","title":{"rendered":"Luottokorttimaksujen manuaalinen vastaanotto verkkokaupassa"},"content":{"rendered":"\n<p>Joissakin maissa voit vastaanottaa luottokorttimaksun vasta sitten, kun tilaus on l\u00e4hetetty. T\u00e4m\u00e4 onnistuu, jos otat&nbsp;<strong>Manuaalisen vastaanoton<\/strong>&nbsp;k\u00e4ytt\u00f6\u00f6n verkkokaupassasi. T\u00e4ll\u00f6in kaikki verkkokaupan luottokorttimaksut on hyv\u00e4ksytt\u00e4v\u00e4 manuaalisesti.<\/p>\n\n\n\n<p>Huomaa, ett\u00e4 luottokorttimaksujen manuaalinen vastaanotto on eri asia, kuin verkkokaupan varsinaiset manuaaliset maksutavat, joita ovat esimerkiksi tilisiirto ja postiennakko.<\/p>\n\n\n\n<p>N\u00e4in voit ottaa luottokorttimaksujen manuaalisen vastaanoton k\u00e4ytt\u00f6\u00f6n:<\/p>\n\n\n\n<h2 class=\"wp-block-heading\" id=\"step-2\">1. Siirry Maksuasetuksiin<\/h2>\n\n\n\n<ol class=\"wp-block-list\">\n<li>Avaa verkkokaupan&nbsp;hallintapaneeli.<\/li>\n\n\n\n<li>Valitse vasemmanpuoleisesta valikosta&nbsp;<strong>Asetukset<\/strong>&nbsp;ja sitten&nbsp;<strong>Maksu<\/strong>.<\/li>\n<\/ol>\n\n\n\n<figure class=\"wp-block-image size-large\"><img loading=\"lazy\" decoding=\"async\" width=\"1024\" height=\"682\" src=\"https:\/\/www.zoner.fi\/tuki\/wp-content\/uploads\/2024\/10\/verkkokauppa-luottokorttimaksut-manuaaliset-1-1024x682.png\" alt=\"\" class=\"wp-image-134424\" srcset=\"https:\/\/www.zoner.fi\/tuki\/wp-content\/uploads\/2024\/10\/verkkokauppa-luottokorttimaksut-manuaaliset-1-1024x682.png 1024w, https:\/\/www.zoner.fi\/tuki\/wp-content\/uploads\/2024\/10\/verkkokauppa-luottokorttimaksut-manuaaliset-1-300x200.png 300w, https:\/\/www.zoner.fi\/tuki\/wp-content\/uploads\/2024\/10\/verkkokauppa-luottokorttimaksut-manuaaliset-1-768x512.png 768w, https:\/\/www.zoner.fi\/tuki\/wp-content\/uploads\/2024\/10\/verkkokauppa-luottokorttimaksut-manuaaliset-1.png 1502w\" sizes=\"auto, (max-width: 1024px) 100vw, 1024px\" \/><\/figure>\n\n\n\n<h2 class=\"wp-block-heading\" id=\"step-3\">2. Valitse Luottokortin asetukset<\/h2>\n\n\n\n<p>Klikkaa&nbsp;<strong>Stripe<\/strong>-kohdassa&nbsp;<strong>Luottokortin asetukset<\/strong>&nbsp;-painiketta. N\u00e4et painikkeen vain, jos Stripe-tilisi on jo yhdistetty verkkokauppaasi.<\/p>\n\n\n\n<figure class=\"wp-block-image size-large\"><img loading=\"lazy\" decoding=\"async\" width=\"1024\" height=\"682\" src=\"https:\/\/www.zoner.fi\/tuki\/wp-content\/uploads\/2024\/10\/verkkokauppa-luottokorttimaksut-manuaaliset-2-1024x682.png\" alt=\"\" class=\"wp-image-134426\" srcset=\"https:\/\/www.zoner.fi\/tuki\/wp-content\/uploads\/2024\/10\/verkkokauppa-luottokorttimaksut-manuaaliset-2-1024x682.png 1024w, https:\/\/www.zoner.fi\/tuki\/wp-content\/uploads\/2024\/10\/verkkokauppa-luottokorttimaksut-manuaaliset-2-300x200.png 300w, https:\/\/www.zoner.fi\/tuki\/wp-content\/uploads\/2024\/10\/verkkokauppa-luottokorttimaksut-manuaaliset-2-768x512.png 768w, https:\/\/www.zoner.fi\/tuki\/wp-content\/uploads\/2024\/10\/verkkokauppa-luottokorttimaksut-manuaaliset-2.png 1502w\" sizes=\"auto, (max-width: 1024px) 100vw, 1024px\" \/><\/figure>\n\n\n\n<h2 class=\"wp-block-heading\" id=\"step-4\">3. Valitse Vastaanota maksut manuaalisesti<\/h2>\n\n\n\n<ol class=\"wp-block-list\">\n<li>Valitse avautuvasta n\u00e4yt\u00f6st\u00e4 vaihtoehto&nbsp;<strong>Vastaanota maksut manuaalisesti<\/strong>.<\/li>\n\n\n\n<li>Klikkaa&nbsp;<strong>Jatka<\/strong>.<\/li>\n<\/ol>\n\n\n\n<figure class=\"wp-block-image size-large\"><img loading=\"lazy\" decoding=\"async\" width=\"1024\" height=\"682\" src=\"https:\/\/www.zoner.fi\/tuki\/wp-content\/uploads\/2024\/10\/verkkokauppa-luottokorttimaksut-manuaaliset-3-1024x682.png\" alt=\"\" class=\"wp-image-134427\" srcset=\"https:\/\/www.zoner.fi\/tuki\/wp-content\/uploads\/2024\/10\/verkkokauppa-luottokorttimaksut-manuaaliset-3-1024x682.png 1024w, https:\/\/www.zoner.fi\/tuki\/wp-content\/uploads\/2024\/10\/verkkokauppa-luottokorttimaksut-manuaaliset-3-300x200.png 300w, https:\/\/www.zoner.fi\/tuki\/wp-content\/uploads\/2024\/10\/verkkokauppa-luottokorttimaksut-manuaaliset-3-768x512.png 768w, https:\/\/www.zoner.fi\/tuki\/wp-content\/uploads\/2024\/10\/verkkokauppa-luottokorttimaksut-manuaaliset-3.png 1502w\" sizes=\"auto, (max-width: 1024px) 100vw, 1024px\" \/><\/figure>\n\n\n\n<h2 class=\"wp-block-heading\" id=\"step-5\">4. Tallenna muutokset<\/h2>\n\n\n\n<p>Tallenna muutokset klikkaamalla&nbsp;<strong>Tallenna<\/strong>.&nbsp;<\/p>\n\n\n\n<p>T\u00e4st\u00e4 l\u00e4htien kaikki verkkokauppasi luottokorttimaksut on vastaanotettava manuaalisesti.<\/p>\n\n\n\n<h2 class=\"wp-block-heading\">Miten vastaanotan luottokorttimaksun manuaalisesti?<\/h2>\n\n\n\n<p>Jos luottokorttimaksujen manuaalinen vastaanotto on k\u00e4yt\u00f6ss\u00e4, kaikki verkkokaupan luottokorttimaksut on hyv\u00e4ksytt\u00e4v\u00e4 manuaalisesti. Useimmissa tapauksissa se tehd\u00e4\u00e4n tilauksen l\u00e4hett\u00e4misen j\u00e4lkeen.<\/p>\n\n\n\n<p><strong>T\u00e4rke\u00e4\u00e4:<\/strong>&nbsp;Luottokorttimaksut on vastaanotettava manuaalisesti&nbsp;<strong>7 p\u00e4iv\u00e4n sis\u00e4ll\u00e4<\/strong> siit\u00e4, kun tilaus on tehty. Muuten tilaus vanhenee automaattisesti ja asiakkaan on teht\u00e4v\u00e4 uusi tilaus.<\/p>\n\n\n\n<ol class=\"wp-block-list\">\n<li>Siirry&nbsp;<strong>verkkokaupan hallintapaneeliin<\/strong>&nbsp;ja klikkaa vasemmanpuoleisesta valikosta&nbsp;<strong>Tilaukset<\/strong>.<\/li>\n\n\n\n<li>Siirry kohtaan&nbsp;<strong>Nykyiset<\/strong>.<\/li>\n\n\n\n<li>Klikkaa tilausta, jonka maksun haluat vastaanottaa.<\/li>\n\n\n\n<li>Klikkaa&nbsp;<strong>Vastaanota maksu<\/strong>&nbsp;tilaustietojen alapuolella.<\/li>\n\n\n\n<li>Tarkista vastaanotettava summa. Voit muuttaa sit\u00e4 tarvittaessa, jos et esimerkiksi voi toimittaa kaikkia tuotteita.<\/li>\n\n\n\n<li>Klikkaa&nbsp;<strong>Hyv\u00e4ksy [summa]<\/strong>&nbsp;k\u00e4sitell\u00e4ksesi maksun.<\/li>\n<\/ol>\n\n\n\n<p><strong>Vinkki:&nbsp;<\/strong>Voit vastaanottaa maksun samalla, kun merkitset tilauksen toimitetuksi. Varmista vain, ett\u00e4&nbsp;<strong>Vastaanota maksu<\/strong> -ruutu on valittuna.<\/p>\n\n\n\n<figure class=\"wp-block-image\"><img decoding=\"async\" src=\"https:\/\/help.one.com\/hc\/article_attachments\/27923915057169\" alt=\"OS_manual-capture.png\"\/><\/figure>\n","protected":false},"excerpt":{"rendered":"<p>Joissakin maissa voit vastaanottaa luottokorttimaksun vasta sitten, kun tilaus on l\u00e4hetetty. T\u00e4m\u00e4 onnistuu, jos otat&nbsp;Manuaalisen vastaanoton&nbsp;k\u00e4ytt\u00f6\u00f6n verkkokaupassasi. T\u00e4ll\u00f6in kaikki verkkokaupan luottokorttimaksut on hyv\u00e4ksytt\u00e4v\u00e4 manuaalisesti. Huomaa, ett\u00e4 luottokorttimaksujen manuaalinen vastaanotto on eri asia, kuin verkkokaupan varsinaiset manuaaliset maksutavat, joita ovat esimerkiksi tilisiirto ja postiennakko. N\u00e4in voit ottaa luottokorttimaksujen manuaalisen vastaanoton k\u00e4ytt\u00f6\u00f6n: 1. Siirry Maksuasetuksiin 2. Valitse &#8230; <a title=\"Luottokorttimaksujen manuaalinen vastaanotto verkkokaupassa\" class=\"read-more\" href=\"https:\/\/www.zoner.fi\/tuki\/kotisivukone\/zoner\/luottokorttimaksujen-manuaalinen-vastaanotto-verkkokaupassa\/\" aria-label=\"Lue lis\u00e4\u00e4 aiheesta Luottokorttimaksujen manuaalinen vastaanotto verkkokaupassa\">Lue lis\u00e4\u00e4<\/a><\/p>\n","protected":false},"author":18,"featured_media":0,"parent":137385,"menu_order":0,"comment_status":"closed","ping_status":"closed","template":"","meta":{"_relevanssi_hide_post":"","_relevanssi_hide_content":"","_relevanssi_pin_for_all":"","_relevanssi_pin_keywords":"","_relevanssi_unpin_keywords":"","_relevanssi_related_keywords":"","_relevanssi_related_include_ids":"","_relevanssi_related_exclude_ids":"","_relevanssi_related_no_append":"","_relevanssi_related_not_related":"","_relevanssi_related_posts":"130616,131888,132894,1066,130578,132584","_relevanssi_noindex_reason":"","footnotes":""},"categories":[166],"tags":[163],"wf_page_folders":[],"class_list":{"0":"post-134404","1":"page","2":"type-page","3":"status-publish","5":"category-zoner-kotisivukone","6":"tag-verkkokauppa"},"_links":{"self":[{"href":"https:\/\/www.zoner.fi\/tuki\/wp-json\/wp\/v2\/pages\/134404","targetHints":{"allow":["GET"]}}],"collection":[{"href":"https:\/\/www.zoner.fi\/tuki\/wp-json\/wp\/v2\/pages"}],"about":[{"href":"https:\/\/www.zoner.fi\/tuki\/wp-json\/wp\/v2\/types\/page"}],"author":[{"embeddable":true,"href":"https:\/\/www.zoner.fi\/tuki\/wp-json\/wp\/v2\/users\/18"}],"replies":[{"embeddable":true,"href":"https:\/\/www.zoner.fi\/tuki\/wp-json\/wp\/v2\/comments?post=134404"}],"version-history":[{"count":5,"href":"https:\/\/www.zoner.fi\/tuki\/wp-json\/wp\/v2\/pages\/134404\/revisions"}],"predecessor-version":[{"id":134641,"href":"https:\/\/www.zoner.fi\/tuki\/wp-json\/wp\/v2\/pages\/134404\/revisions\/134641"}],"up":[{"embeddable":true,"href":"https:\/\/www.zoner.fi\/tuki\/wp-json\/wp\/v2\/pages\/137385"}],"wp:attachment":[{"href":"https:\/\/www.zoner.fi\/tuki\/wp-json\/wp\/v2\/media?parent=134404"}],"wp:term":[{"taxonomy":"category","embeddable":true,"href":"https:\/\/www.zoner.fi\/tuki\/wp-json\/wp\/v2\/categories?post=134404"},{"taxonomy":"post_tag","embeddable":true,"href":"https:\/\/www.zoner.fi\/tuki\/wp-json\/wp\/v2\/tags?post=134404"},{"taxonomy":"wf_page_folders","embeddable":true,"href":"https:\/\/www.zoner.fi\/tuki\/wp-json\/wp\/v2\/wf_page_folders?post=134404"}],"curies":[{"name":"wp","href":"https:\/\/api.w.org\/{rel}","templated":true}]}}