{"id":134406,"date":"2024-11-12T17:18:21","date_gmt":"2024-11-12T15:18:21","guid":{"rendered":"https:\/\/www.zoner.fi\/tuki\/?page_id=134406"},"modified":"2025-09-25T16:43:04","modified_gmt":"2025-09-25T13:43:04","slug":"miten-otan-klarnan-kayttoon-verkkokaupassani","status":"publish","type":"page","link":"https:\/\/www.zoner.fi\/tuki\/kotisivukone\/zoner\/miten-otan-klarnan-kayttoon-verkkokaupassani\/","title":{"rendered":"Miten otan Klarnan k\u00e4ytt\u00f6\u00f6n verkkokaupassani?"},"content":{"rendered":"\n<p>Klarnan avulla voit tarjota verkkokauppasi asiakkaille &#8221;osta nyt, maksa my\u00f6hemmin&#8221; -vaihtoehdon. Voit k\u00e4ytt\u00e4\u00e4 Klarnaa, jos kauppasi sijaitsee jossakin seuraavista maista: Suomi, It\u00e4valta, Belgia, Tanska, Ranska, Saksa, Kreikka, Irlanti, Italia, Alankomaat, Norja, Espanja, Ruotsi tai Iso-Britannia.<\/p>\n\n\n\n<p>Verkkokaupan on k\u00e4ytett\u00e4v\u00e4 paikallista valuuttaa, jotta se voi tarjota Klarna-maksutavan. Esimerkiksi Suomessa sijaitsevan kaupan valuutan t\u00e4ytyy olla euro, jotta Klarnaa voidaan k\u00e4ytt\u00e4\u00e4.<\/p>\n\n\n\n<p><strong>Huomaa:<\/strong>\u00a0Tarvitset Stripe-tilin, jotta voit k\u00e4ytt\u00e4\u00e4 Klarnaa verkkokaupassasi. Jos sinulla ei viel\u00e4 ole Stripe-tili\u00e4, voit lukea siit\u00e4 lis\u00e4\u00e4 oppaastamme\u00a0<a href=\"https:\/\/www.zoner.fi\/tuki\/kotisivukone\/miten-aloitan-stripen-kayttamisen\/\">Stripen k\u00e4yt\u00f6n aloittaminen<\/a>.<\/p>\n\n\n\n<h2 class=\"wp-block-heading\" id=\"step-1\">1. Aktivoi Klarna Stripe-hallintapaneelissa<\/h2>\n\n\n\n<ol class=\"wp-block-list\">\n<li>Kirjaudu sis\u00e4\u00e4n\u00a0<a href=\"https:\/\/dashboard.stripe.com\/dashboard\" target=\"_blank\" rel=\"noopener\">Stripe-hallintapaneeliin<\/a>\u00a0ja mene\u00a0<a href=\"https:\/\/dashboard.stripe.com\/settings\/payments\" target=\"_blank\" rel=\"noopener\">Maksutavat<\/a>-osioon\u00a0<strong>Asetuksissa<\/strong>.<\/li>\n\n\n\n<li>Etsi Klarna maksuvaihtoehtojen luettelosta ja klikkaa sen oikealta puolelta\u00a0<strong>Ota k\u00e4ytt\u00f6\u00f6n<\/strong>.<\/li>\n\n\n\n<li>Jos hyv\u00e4ksyt ehdot, klikkaa\u00a0<strong>Jatka<\/strong>.<\/li>\n<\/ol>\n\n\n\n<p><strong>Huomaa:<\/strong>\u00a0Sinun on ehk\u00e4 suoritettava lis\u00e4vahvistus, ennen kuin voit ottaa Klarnan k\u00e4ytt\u00f6\u00f6n. Jos n\u00e4in on, noudata Stripe-hallintapaneelissa annettuja ohjeita lis\u00e4vahvistuksen tekemiseksi.<\/p>\n\n\n\n<figure class=\"wp-block-image size-large\"><img loading=\"lazy\" decoding=\"async\" width=\"1024\" height=\"604\" src=\"https:\/\/www.zoner.fi\/tuki\/wp-content\/uploads\/2024\/10\/verkkokauppa-klarna-1-1024x604.png\" alt=\"\" class=\"wp-image-134433\" srcset=\"https:\/\/www.zoner.fi\/tuki\/wp-content\/uploads\/2024\/10\/verkkokauppa-klarna-1-1024x604.png 1024w, https:\/\/www.zoner.fi\/tuki\/wp-content\/uploads\/2024\/10\/verkkokauppa-klarna-1-300x177.png 300w, https:\/\/www.zoner.fi\/tuki\/wp-content\/uploads\/2024\/10\/verkkokauppa-klarna-1-768x453.png 768w, https:\/\/www.zoner.fi\/tuki\/wp-content\/uploads\/2024\/10\/verkkokauppa-klarna-1-1536x906.png 1536w, https:\/\/www.zoner.fi\/tuki\/wp-content\/uploads\/2024\/10\/verkkokauppa-klarna-1.png 1774w\" sizes=\"auto, (max-width: 1024px) 100vw, 1024px\" \/><\/figure>\n\n\n\n<h2 class=\"wp-block-heading\" id=\"step-2\">2. Ota Klarna k\u00e4ytt\u00f6\u00f6n verkkokaupan hallintapaneelissa<\/h2>\n\n\n\n<ol class=\"wp-block-list\">\n<li>Kun olet suorittanut m\u00e4\u00e4ritysprosessin Stripe-hallintapaneelissa, siirry\u00a0<strong>verkkokaupan hallintapaneeliin<\/strong>.<\/li>\n\n\n\n<li>Siirry\u00a0<strong>Asetukset<\/strong>-kohtaan vasemmanpuoleisessa valikossa.<\/li>\n\n\n\n<li>Klikkaa\u00a0<strong>Maksu<\/strong>.<\/li>\n\n\n\n<li>Rastita\u00a0<strong>Klarna<\/strong>\u00a0Stripe-kohdan vaihtoehdoista.<\/li>\n\n\n\n<li>Klikkaa\u00a0<strong>Tallenna<\/strong>-painiketta n\u00e4yt\u00f6n alareunassa.<\/li>\n<\/ol>\n\n\n\n<figure class=\"wp-block-image size-large\"><img loading=\"lazy\" decoding=\"async\" width=\"1024\" height=\"682\" src=\"https:\/\/www.zoner.fi\/tuki\/wp-content\/uploads\/2024\/10\/verkkokauppa-klarna-2-1024x682.png\" alt=\"\" class=\"wp-image-134434\" srcset=\"https:\/\/www.zoner.fi\/tuki\/wp-content\/uploads\/2024\/10\/verkkokauppa-klarna-2-1024x682.png 1024w, https:\/\/www.zoner.fi\/tuki\/wp-content\/uploads\/2024\/10\/verkkokauppa-klarna-2-300x200.png 300w, https:\/\/www.zoner.fi\/tuki\/wp-content\/uploads\/2024\/10\/verkkokauppa-klarna-2-768x512.png 768w, https:\/\/www.zoner.fi\/tuki\/wp-content\/uploads\/2024\/10\/verkkokauppa-klarna-2.png 1502w\" sizes=\"auto, (max-width: 1024px) 100vw, 1024px\" \/><\/figure>\n\n\n\n<p>Klarnan pit\u00e4isi nyt n\u00e4ky\u00e4 maksutapana verkkokauppasi kassalla.<\/p>\n","protected":false},"excerpt":{"rendered":"<p>Klarnan avulla voit tarjota verkkokauppasi asiakkaille &#8221;osta nyt, maksa my\u00f6hemmin&#8221; -vaihtoehdon. Voit k\u00e4ytt\u00e4\u00e4 Klarnaa, jos kauppasi sijaitsee jossakin seuraavista maista: Suomi, It\u00e4valta, Belgia, Tanska, Ranska, Saksa, Kreikka, Irlanti, Italia, Alankomaat, Norja, Espanja, Ruotsi tai Iso-Britannia. Verkkokaupan on k\u00e4ytett\u00e4v\u00e4 paikallista valuuttaa, jotta se voi tarjota Klarna-maksutavan. Esimerkiksi Suomessa sijaitsevan kaupan valuutan t\u00e4ytyy olla euro, jotta Klarnaa &#8230; <a title=\"Miten otan Klarnan k\u00e4ytt\u00f6\u00f6n verkkokaupassani?\" class=\"read-more\" href=\"https:\/\/www.zoner.fi\/tuki\/kotisivukone\/zoner\/miten-otan-klarnan-kayttoon-verkkokaupassani\/\" aria-label=\"Lue lis\u00e4\u00e4 aiheesta Miten otan Klarnan k\u00e4ytt\u00f6\u00f6n verkkokaupassani?\">Lue lis\u00e4\u00e4<\/a><\/p>\n","protected":false},"author":18,"featured_media":0,"parent":137385,"menu_order":0,"comment_status":"closed","ping_status":"closed","template":"","meta":{"_relevanssi_hide_post":"","_relevanssi_hide_content":"","_relevanssi_pin_for_all":"","_relevanssi_pin_keywords":"","_relevanssi_unpin_keywords":"","_relevanssi_related_keywords":"","_relevanssi_related_include_ids":"","_relevanssi_related_exclude_ids":"","_relevanssi_related_no_append":"","_relevanssi_related_not_related":"","_relevanssi_related_posts":"132301,131888,132244,130515,130935,132348","_relevanssi_noindex_reason":"","footnotes":""},"categories":[166],"tags":[163],"wf_page_folders":[],"class_list":{"0":"post-134406","1":"page","2":"type-page","3":"status-publish","5":"category-zoner-kotisivukone","6":"tag-verkkokauppa"},"_links":{"self":[{"href":"https:\/\/www.zoner.fi\/tuki\/wp-json\/wp\/v2\/pages\/134406","targetHints":{"allow":["GET"]}}],"collection":[{"href":"https:\/\/www.zoner.fi\/tuki\/wp-json\/wp\/v2\/pages"}],"about":[{"href":"https:\/\/www.zoner.fi\/tuki\/wp-json\/wp\/v2\/types\/page"}],"author":[{"embeddable":true,"href":"https:\/\/www.zoner.fi\/tuki\/wp-json\/wp\/v2\/users\/18"}],"replies":[{"embeddable":true,"href":"https:\/\/www.zoner.fi\/tuki\/wp-json\/wp\/v2\/comments?post=134406"}],"version-history":[{"count":3,"href":"https:\/\/www.zoner.fi\/tuki\/wp-json\/wp\/v2\/pages\/134406\/revisions"}],"predecessor-version":[{"id":134436,"href":"https:\/\/www.zoner.fi\/tuki\/wp-json\/wp\/v2\/pages\/134406\/revisions\/134436"}],"up":[{"embeddable":true,"href":"https:\/\/www.zoner.fi\/tuki\/wp-json\/wp\/v2\/pages\/137385"}],"wp:attachment":[{"href":"https:\/\/www.zoner.fi\/tuki\/wp-json\/wp\/v2\/media?parent=134406"}],"wp:term":[{"taxonomy":"category","embeddable":true,"href":"https:\/\/www.zoner.fi\/tuki\/wp-json\/wp\/v2\/categories?post=134406"},{"taxonomy":"post_tag","embeddable":true,"href":"https:\/\/www.zoner.fi\/tuki\/wp-json\/wp\/v2\/tags?post=134406"},{"taxonomy":"wf_page_folders","embeddable":true,"href":"https:\/\/www.zoner.fi\/tuki\/wp-json\/wp\/v2\/wf_page_folders?post=134406"}],"curies":[{"name":"wp","href":"https:\/\/api.w.org\/{rel}","templated":true}]}}