{"id":134409,"date":"2024-11-12T17:21:13","date_gmt":"2024-11-12T15:21:13","guid":{"rendered":"https:\/\/www.zoner.fi\/tuki\/?page_id=134409"},"modified":"2025-09-25T16:43:05","modified_gmt":"2025-09-25T13:43:05","slug":"miten-otan-nouto-myymalasta-vaihtoehdon-kayttoon-verkkokaupassa","status":"publish","type":"page","link":"https:\/\/www.zoner.fi\/tuki\/kotisivukone\/zoner\/miten-otan-nouto-myymalasta-vaihtoehdon-kayttoon-verkkokaupassa\/","title":{"rendered":"Miten otan Nouto myym\u00e4l\u00e4st\u00e4 -vaihtoehdon k\u00e4ytt\u00f6\u00f6n verkkokaupassa?"},"content":{"rendered":"\n<p>Zoner Kotisivukoneella luodussa verkkokaupassa voit tarjota toimitusvaihtoehtona my\u00f6s myym\u00e4l\u00e4noudon. Ota se k\u00e4ytt\u00f6\u00f6n n\u00e4in:<\/p>\n\n\n\n<ol class=\"wp-block-list\">\n<li>Avaa\u00a0<strong>verkkokaupan hallintapaneeli<\/strong>.<\/li>\n\n\n\n<li>Napsauta\u00a0<strong>Asetukset<\/strong>\u00a0>\u00a0<strong>ALV ja Toimitus<\/strong>.<\/li>\n\n\n\n<li>Vierit\u00e4 alas kohtaan\u00a0<strong>Paikallinen nouto<\/strong>\u00a0ja klikkaa\u00a0<strong>Salli paikallinen nouto<\/strong>.<\/li>\n\n\n\n<li>Kirjoita otsikko, esimerkiksi \u201dNouto myym\u00e4l\u00e4st\u00e4\u201d. Vaihtoehtoa kutsutaan verkkokaupassasi t\u00e4ll\u00e4 nimell\u00e4.<\/li>\n\n\n\n<li>Tarkista, ett\u00e4 myym\u00e4l\u00e4si osoite on varmasti se, josta asiakkaasi voivat noutaa tilauksensa.<\/li>\n\n\n\n<li>Anna lis\u00e4ohjeita tilauksen noudosta, esimerkiksi myym\u00e4l\u00e4si aukioloajat.<\/li>\n\n\n\n<li>Aktivoi kohta\u00a0<strong>Muuta tilaksi valmis noudettavaksi<\/strong>, jos asiakkaat voivat noutaa tilauksensa heti, kun maksu on rekister\u00f6ity. \u00c4l\u00e4 aktivoi sit\u00e4, jos haluat itse merkit\u00e4 tilauksen noudettavaksi, esimerkiksi jos sinun on ensin valmisteltava se.<\/li>\n\n\n\n<li>Klikkaa\u00a0<strong>Tallenna<\/strong>.<\/li>\n<\/ol>\n\n\n\n<p>Asiakkaasi voivat nyt valita t\u00e4m\u00e4n vaihtoehdon kassalla, jos he asuvat samassa maassa, kuin miss\u00e4 kauppasi sijaitsee.<\/p>\n\n\n\n<figure class=\"wp-block-image size-large\"><img loading=\"lazy\" decoding=\"async\" width=\"1024\" height=\"682\" src=\"https:\/\/www.zoner.fi\/tuki\/wp-content\/uploads\/2024\/10\/verkkokauppa-nouto-myymalasta-1-1024x682.png\" alt=\"\" class=\"wp-image-134412\" srcset=\"https:\/\/www.zoner.fi\/tuki\/wp-content\/uploads\/2024\/10\/verkkokauppa-nouto-myymalasta-1-1024x682.png 1024w, https:\/\/www.zoner.fi\/tuki\/wp-content\/uploads\/2024\/10\/verkkokauppa-nouto-myymalasta-1-300x200.png 300w, https:\/\/www.zoner.fi\/tuki\/wp-content\/uploads\/2024\/10\/verkkokauppa-nouto-myymalasta-1-768x512.png 768w, https:\/\/www.zoner.fi\/tuki\/wp-content\/uploads\/2024\/10\/verkkokauppa-nouto-myymalasta-1.png 1502w\" sizes=\"auto, (max-width: 1024px) 100vw, 1024px\" \/><\/figure>\n","protected":false},"excerpt":{"rendered":"<p>Zoner Kotisivukoneella luodussa verkkokaupassa voit tarjota toimitusvaihtoehtona my\u00f6s myym\u00e4l\u00e4noudon. Ota se k\u00e4ytt\u00f6\u00f6n n\u00e4in: Asiakkaasi voivat nyt valita t\u00e4m\u00e4n vaihtoehdon kassalla, jos he asuvat samassa maassa, kuin miss\u00e4 kauppasi sijaitsee.<\/p>\n","protected":false},"author":18,"featured_media":0,"parent":137385,"menu_order":0,"comment_status":"closed","ping_status":"closed","template":"","meta":{"_relevanssi_hide_post":"","_relevanssi_hide_content":"","_relevanssi_pin_for_all":"","_relevanssi_pin_keywords":"","_relevanssi_unpin_keywords":"","_relevanssi_related_keywords":"","_relevanssi_related_include_ids":"","_relevanssi_related_exclude_ids":"","_relevanssi_related_no_append":"","_relevanssi_related_not_related":"","_relevanssi_related_posts":"132894,132584,1076,130412,130865,130899","_relevanssi_noindex_reason":"","footnotes":""},"categories":[166],"tags":[163],"wf_page_folders":[],"class_list":{"0":"post-134409","1":"page","2":"type-page","3":"status-publish","5":"category-zoner-kotisivukone","6":"tag-verkkokauppa"},"_links":{"self":[{"href":"https:\/\/www.zoner.fi\/tuki\/wp-json\/wp\/v2\/pages\/134409","targetHints":{"allow":["GET"]}}],"collection":[{"href":"https:\/\/www.zoner.fi\/tuki\/wp-json\/wp\/v2\/pages"}],"about":[{"href":"https:\/\/www.zoner.fi\/tuki\/wp-json\/wp\/v2\/types\/page"}],"author":[{"embeddable":true,"href":"https:\/\/www.zoner.fi\/tuki\/wp-json\/wp\/v2\/users\/18"}],"replies":[{"embeddable":true,"href":"https:\/\/www.zoner.fi\/tuki\/wp-json\/wp\/v2\/comments?post=134409"}],"version-history":[{"count":3,"href":"https:\/\/www.zoner.fi\/tuki\/wp-json\/wp\/v2\/pages\/134409\/revisions"}],"predecessor-version":[{"id":134414,"href":"https:\/\/www.zoner.fi\/tuki\/wp-json\/wp\/v2\/pages\/134409\/revisions\/134414"}],"up":[{"embeddable":true,"href":"https:\/\/www.zoner.fi\/tuki\/wp-json\/wp\/v2\/pages\/137385"}],"wp:attachment":[{"href":"https:\/\/www.zoner.fi\/tuki\/wp-json\/wp\/v2\/media?parent=134409"}],"wp:term":[{"taxonomy":"category","embeddable":true,"href":"https:\/\/www.zoner.fi\/tuki\/wp-json\/wp\/v2\/categories?post=134409"},{"taxonomy":"post_tag","embeddable":true,"href":"https:\/\/www.zoner.fi\/tuki\/wp-json\/wp\/v2\/tags?post=134409"},{"taxonomy":"wf_page_folders","embeddable":true,"href":"https:\/\/www.zoner.fi\/tuki\/wp-json\/wp\/v2\/wf_page_folders?post=134409"}],"curies":[{"name":"wp","href":"https:\/\/api.w.org\/{rel}","templated":true}]}}