{"id":134415,"date":"2024-11-12T17:20:32","date_gmt":"2024-11-12T15:20:32","guid":{"rendered":"https:\/\/www.zoner.fi\/tuki\/?page_id=134415"},"modified":"2025-09-25T16:43:11","modified_gmt":"2025-09-25T13:43:11","slug":"nayta-aiheeseen-liittyvia-tuotteita-verkkokaupassa","status":"publish","type":"page","link":"https:\/\/www.zoner.fi\/tuki\/kotisivukone\/zoner\/nayta-aiheeseen-liittyvia-tuotteita-verkkokaupassa\/","title":{"rendered":"N\u00e4yt\u00e4 aiheeseen liittyvi\u00e4 tuotteita verkkokaupassa"},"content":{"rendered":"\n<p>Zoner Kotisivukone -verkkokaupassa voit helposti n\u00e4ytt\u00e4\u00e4 tuotesivuilla aiheeseen liittyvi\u00e4 tuotteita:<\/p>\n\n\n\n<h2 class=\"wp-block-heading\" id=\"step-1\">1. Ota aiheeseen liittyv\u00e4t tuotteet k\u00e4ytt\u00f6\u00f6n<\/h2>\n\n\n\n<p>Aloita ottamalla aiheeseen liittyv\u00e4t tuotteet k\u00e4ytt\u00f6\u00f6n verkkokaupassasi.<\/p>\n\n\n\n<ol class=\"wp-block-list\">\n<li>Avaa verkkokaupan hallintapaneeli.<\/li>\n\n\n\n<li>Napsauta\u00a0<strong>Asetukset<\/strong>\u00a0>\u00a0<strong>Liittyv\u00e4t tuotteet<\/strong>.<\/li>\n\n\n\n<li>Kirjoita\u00a0<strong>Valikoiman otsikko<\/strong>, joka tulee n\u00e4kym\u00e4\u00e4n aiheeseen liittyvien tuotteiden yl\u00e4puolella.<\/li>\n\n\n\n<li>Liu&#8217;uta\u00a0<strong>N\u00e4yt\u00e4<\/strong>-kytkin p\u00e4\u00e4lle.<\/li>\n\n\n\n<li>Valitse, miten aiheeseen liittyv\u00e4t tuotteet lajitellaan. Esimerkiksi lajittelutapa\u00a0<strong>Suurin m\u00e4\u00e4r\u00e4<\/strong>\u00a0n\u00e4ytt\u00e4\u00e4 tuotteet, joita on eniten varastossa.<\/li>\n\n\n\n<li>Napsauta\u00a0<strong>Tallenna<\/strong>-painiketta sivun alareunassa.<\/li>\n<\/ol>\n\n\n\n<figure class=\"wp-block-image size-large\"><img loading=\"lazy\" decoding=\"async\" width=\"1024\" height=\"645\" src=\"https:\/\/www.zoner.fi\/tuki\/wp-content\/uploads\/2024\/10\/verkkokauppa-aiheeseen-liittyvat-tuotteet-1-1-1024x645.png\" alt=\"\" class=\"wp-image-134420\" srcset=\"https:\/\/www.zoner.fi\/tuki\/wp-content\/uploads\/2024\/10\/verkkokauppa-aiheeseen-liittyvat-tuotteet-1-1-1024x645.png 1024w, https:\/\/www.zoner.fi\/tuki\/wp-content\/uploads\/2024\/10\/verkkokauppa-aiheeseen-liittyvat-tuotteet-1-1-300x189.png 300w, https:\/\/www.zoner.fi\/tuki\/wp-content\/uploads\/2024\/10\/verkkokauppa-aiheeseen-liittyvat-tuotteet-1-1-768x484.png 768w, https:\/\/www.zoner.fi\/tuki\/wp-content\/uploads\/2024\/10\/verkkokauppa-aiheeseen-liittyvat-tuotteet-1-1-1536x967.png 1536w, https:\/\/www.zoner.fi\/tuki\/wp-content\/uploads\/2024\/10\/verkkokauppa-aiheeseen-liittyvat-tuotteet-1-1.png 1874w\" sizes=\"auto, (max-width: 1024px) 100vw, 1024px\" \/><\/figure>\n\n\n\n<h2 class=\"wp-block-heading\" id=\"step-2\">2. M\u00e4\u00e4rit\u00e4 aiheeseen liittyv\u00e4t tuotteet yhdelle tuotteelle<\/h2>\n\n\n\n<p>Halutessasi voit itse valita aiheeseen liittyv\u00e4t tuotteet tietylle tuotteelle. N\u00e4m\u00e4 asetukset ovat ensisijaisia myym\u00e4l\u00e4si yleisiin asetuksiin n\u00e4hden.<\/p>\n\n\n\n<ol class=\"wp-block-list\">\n<li>Napsauta vasemmanpuoleisessa valikossa\u00a0<strong>Tuotteet<\/strong>\u00a0ja sitten\u00a0<strong>Tuoteluettelo<\/strong>.<\/li>\n\n\n\n<li>Napsauta tuotetta, jolle haluat m\u00e4\u00e4ritt\u00e4\u00e4 liittyv\u00e4t tuotteet.<\/li>\n\n\n\n<li>Vierit\u00e4 alas kohtaan\u00a0<strong>Liittyv\u00e4t tuotteet\u00a0<\/strong>ja napsauta\u00a0<strong>Lis\u00e4\u00e4 tuotteita<\/strong>.<\/li>\n\n\n\n<li>Kirjoita hakupalkkiin tuotteen nimi tai osa nimest\u00e4.<\/li>\n\n\n\n<li>Valitse enint\u00e4\u00e4n nelj\u00e4 tuotetta, jotka haluat n\u00e4ytt\u00e4\u00e4 tuotteen yhteydess\u00e4.<\/li>\n\n\n\n<li>Napsauta ikkunan alareunassa\u00a0<strong>Tallenna<\/strong>.<\/li>\n<\/ol>\n\n\n\n<figure class=\"wp-block-image size-large\"><img loading=\"lazy\" decoding=\"async\" width=\"1024\" height=\"645\" src=\"https:\/\/www.zoner.fi\/tuki\/wp-content\/uploads\/2024\/10\/verkkokauppa-aiheeseen-liittyvat-tuotteet-2-1-1024x645.png\" alt=\"\" class=\"wp-image-134421\" srcset=\"https:\/\/www.zoner.fi\/tuki\/wp-content\/uploads\/2024\/10\/verkkokauppa-aiheeseen-liittyvat-tuotteet-2-1-1024x645.png 1024w, https:\/\/www.zoner.fi\/tuki\/wp-content\/uploads\/2024\/10\/verkkokauppa-aiheeseen-liittyvat-tuotteet-2-1-300x189.png 300w, https:\/\/www.zoner.fi\/tuki\/wp-content\/uploads\/2024\/10\/verkkokauppa-aiheeseen-liittyvat-tuotteet-2-1-768x484.png 768w, https:\/\/www.zoner.fi\/tuki\/wp-content\/uploads\/2024\/10\/verkkokauppa-aiheeseen-liittyvat-tuotteet-2-1-1536x968.png 1536w, https:\/\/www.zoner.fi\/tuki\/wp-content\/uploads\/2024\/10\/verkkokauppa-aiheeseen-liittyvat-tuotteet-2-1.png 1874w\" sizes=\"auto, (max-width: 1024px) 100vw, 1024px\" \/><\/figure>\n\n\n\n<p>Kun liittyv\u00e4t tuotteet on otettu k\u00e4ytt\u00f6\u00f6n, ne n\u00e4kyv\u00e4t verkkokaupassa suoraan tuotteen alla sill\u00e4 otsikolla, jonka m\u00e4\u00e4ritit \u201dValikoiman otsikoksi\u201d.<\/p>\n\n\n\n<figure class=\"wp-block-image size-full\"><img loading=\"lazy\" decoding=\"async\" width=\"720\" height=\"487\" src=\"https:\/\/www.zoner.fi\/tuki\/wp-content\/uploads\/2024\/10\/verkkokauppa-aiheeseen-liittyvat-tuotteet-3-1.png\" alt=\"\" class=\"wp-image-134422\" srcset=\"https:\/\/www.zoner.fi\/tuki\/wp-content\/uploads\/2024\/10\/verkkokauppa-aiheeseen-liittyvat-tuotteet-3-1.png 720w, https:\/\/www.zoner.fi\/tuki\/wp-content\/uploads\/2024\/10\/verkkokauppa-aiheeseen-liittyvat-tuotteet-3-1-300x203.png 300w\" sizes=\"auto, (max-width: 720px) 100vw, 720px\" \/><\/figure>\n","protected":false},"excerpt":{"rendered":"<p>Zoner Kotisivukone -verkkokaupassa voit helposti n\u00e4ytt\u00e4\u00e4 tuotesivuilla aiheeseen liittyvi\u00e4 tuotteita: 1. Ota aiheeseen liittyv\u00e4t tuotteet k\u00e4ytt\u00f6\u00f6n Aloita ottamalla aiheeseen liittyv\u00e4t tuotteet k\u00e4ytt\u00f6\u00f6n verkkokaupassasi. 2. M\u00e4\u00e4rit\u00e4 aiheeseen liittyv\u00e4t tuotteet yhdelle tuotteelle Halutessasi voit itse valita aiheeseen liittyv\u00e4t tuotteet tietylle tuotteelle. N\u00e4m\u00e4 asetukset ovat ensisijaisia myym\u00e4l\u00e4si yleisiin asetuksiin n\u00e4hden. Kun liittyv\u00e4t tuotteet on otettu k\u00e4ytt\u00f6\u00f6n, ne n\u00e4kyv\u00e4t &#8230; <a title=\"N\u00e4yt\u00e4 aiheeseen liittyvi\u00e4 tuotteita verkkokaupassa\" class=\"read-more\" href=\"https:\/\/www.zoner.fi\/tuki\/kotisivukone\/zoner\/nayta-aiheeseen-liittyvia-tuotteita-verkkokaupassa\/\" aria-label=\"Lue lis\u00e4\u00e4 aiheesta N\u00e4yt\u00e4 aiheeseen liittyvi\u00e4 tuotteita verkkokaupassa\">Lue lis\u00e4\u00e4<\/a><\/p>\n","protected":false},"author":18,"featured_media":0,"parent":137385,"menu_order":0,"comment_status":"closed","ping_status":"closed","template":"","meta":{"_relevanssi_hide_post":"","_relevanssi_hide_content":"","_relevanssi_pin_for_all":"","_relevanssi_pin_keywords":"","_relevanssi_unpin_keywords":"","_relevanssi_related_keywords":"","_relevanssi_related_include_ids":"","_relevanssi_related_exclude_ids":"","_relevanssi_related_no_append":"","_relevanssi_related_not_related":"","_relevanssi_related_posts":"130667,132348,132325,130515,130819,130397","_relevanssi_noindex_reason":"","footnotes":""},"categories":[166],"tags":[163],"wf_page_folders":[],"class_list":{"0":"post-134415","1":"page","2":"type-page","3":"status-publish","5":"category-zoner-kotisivukone","6":"tag-verkkokauppa"},"_links":{"self":[{"href":"https:\/\/www.zoner.fi\/tuki\/wp-json\/wp\/v2\/pages\/134415","targetHints":{"allow":["GET"]}}],"collection":[{"href":"https:\/\/www.zoner.fi\/tuki\/wp-json\/wp\/v2\/pages"}],"about":[{"href":"https:\/\/www.zoner.fi\/tuki\/wp-json\/wp\/v2\/types\/page"}],"author":[{"embeddable":true,"href":"https:\/\/www.zoner.fi\/tuki\/wp-json\/wp\/v2\/users\/18"}],"replies":[{"embeddable":true,"href":"https:\/\/www.zoner.fi\/tuki\/wp-json\/wp\/v2\/comments?post=134415"}],"version-history":[{"count":1,"href":"https:\/\/www.zoner.fi\/tuki\/wp-json\/wp\/v2\/pages\/134415\/revisions"}],"predecessor-version":[{"id":134423,"href":"https:\/\/www.zoner.fi\/tuki\/wp-json\/wp\/v2\/pages\/134415\/revisions\/134423"}],"up":[{"embeddable":true,"href":"https:\/\/www.zoner.fi\/tuki\/wp-json\/wp\/v2\/pages\/137385"}],"wp:attachment":[{"href":"https:\/\/www.zoner.fi\/tuki\/wp-json\/wp\/v2\/media?parent=134415"}],"wp:term":[{"taxonomy":"category","embeddable":true,"href":"https:\/\/www.zoner.fi\/tuki\/wp-json\/wp\/v2\/categories?post=134415"},{"taxonomy":"post_tag","embeddable":true,"href":"https:\/\/www.zoner.fi\/tuki\/wp-json\/wp\/v2\/tags?post=134415"},{"taxonomy":"wf_page_folders","embeddable":true,"href":"https:\/\/www.zoner.fi\/tuki\/wp-json\/wp\/v2\/wf_page_folders?post=134415"}],"curies":[{"name":"wp","href":"https:\/\/api.w.org\/{rel}","templated":true}]}}