{"id":134450,"date":"2024-11-12T17:16:30","date_gmt":"2024-11-12T15:16:30","guid":{"rendered":"https:\/\/www.zoner.fi\/tuki\/?page_id=134450"},"modified":"2025-09-25T16:42:38","modified_gmt":"2025-09-25T13:42:38","slug":"mailchimp-integraation-kayttaminen-verkkokaupassa","status":"publish","type":"page","link":"https:\/\/www.zoner.fi\/tuki\/kotisivukone\/zoner\/mailchimp-integraation-kayttaminen-verkkokaupassa\/","title":{"rendered":"Mailchimp-integraation k\u00e4ytt\u00e4minen verkkokaupassa"},"content":{"rendered":"\n<p>Zoner verkkokaupan voi helposti inegroida Mailchimpin kanssa. Mailchimp on yksi johtavista s\u00e4hk\u00f6postimarkkinoinnin ja automaation ty\u00f6kaluista.<\/p>\n\n\n\n<p>Kun olet muodostanut yhteyden Mailchimp-tiliin verkkokaupan hallintapaneelissa ja synkronoinut tuotteesi Mailchimp-tilisi kanssa, voit helposti lis\u00e4t\u00e4 niit\u00e4 s\u00e4hk\u00f6postikampanjoihin. Jos vastaanottaja napsauttaa tuotetta s\u00e4hk\u00f6postissa, h\u00e4net ohjataan kauppaasi.<\/p>\n\n\n\n<p>M\u00e4\u00e4rit\u00e4 integraatio noudattamalla t\u00e4m\u00e4n oppaan ohjeita.<\/p>\n\n\n\n<p><strong>Huomaa:<\/strong>&nbsp;Tarvitset Mailchimp-tilin t\u00e4m\u00e4n integraation m\u00e4\u00e4ritt\u00e4miseen. Voit luoda sen <a href=\"https:\/\/login.mailchimp.com\/signup\/\" target=\"_blank\" rel=\"noopener\">Mailchimpin verkkosivuilla<\/a>.<\/p>\n\n\n\n<h2 class=\"wp-block-heading\" id=\"step-1\">1. Etsi Mailchimp-sovellus verkkokauppasi hallintapaneelista<\/h2>\n\n\n\n<p><strong>Vinkki:<\/strong>&nbsp;Ennen kuin aloitat, tarkista, ett\u00e4 olet ladannut kuvat kaikille verkkokauppasi tuotteille. Jos tuotteella ei ole kuvaa, se ei synkronoidu Mailchimp-tilisi kanssa.<\/p>\n\n\n\n<ol class=\"wp-block-list\">\n<li>Siirry&nbsp;<strong>Verkkokaupan hallintapaneeliin<\/strong>&nbsp;ja napsauta vasemmalla olevasta valikosta&nbsp;<strong>Integraatiot<\/strong>.<\/li>\n\n\n\n<li>Etsi&nbsp;<strong>Mailchimp<\/strong>&nbsp;ja napsauta&nbsp;<strong>Aloita<\/strong>.<\/li>\n\n\n\n<li>Hyv\u00e4ksy k\u00e4ytt\u00f6oikeustiedot valitsemalla&nbsp;<strong>Hyv\u00e4ksy<\/strong>.<\/li>\n<\/ol>\n\n\n\n<figure class=\"wp-block-image size-large\"><img loading=\"lazy\" decoding=\"async\" width=\"1024\" height=\"692\" src=\"https:\/\/www.zoner.fi\/tuki\/wp-content\/uploads\/2024\/10\/verkkokauppa-mailchim-integraation-kayttaminen-1-1024x692.png\" alt=\"\" class=\"wp-image-134454\" srcset=\"https:\/\/www.zoner.fi\/tuki\/wp-content\/uploads\/2024\/10\/verkkokauppa-mailchim-integraation-kayttaminen-1-1024x692.png 1024w, https:\/\/www.zoner.fi\/tuki\/wp-content\/uploads\/2024\/10\/verkkokauppa-mailchim-integraation-kayttaminen-1-300x203.png 300w, https:\/\/www.zoner.fi\/tuki\/wp-content\/uploads\/2024\/10\/verkkokauppa-mailchim-integraation-kayttaminen-1-768x519.png 768w, https:\/\/www.zoner.fi\/tuki\/wp-content\/uploads\/2024\/10\/verkkokauppa-mailchim-integraation-kayttaminen-1.png 1424w\" sizes=\"auto, (max-width: 1024px) 100vw, 1024px\" \/><\/figure>\n\n\n\n<h2 class=\"wp-block-heading\" id=\"step-2\">2. Kirjaudu Mailchimp-tilillesi<\/h2>\n\n\n\n<p>Anna Mailchimp-tilisi&nbsp;<strong>k\u00e4ytt\u00e4j\u00e4nimi\/s\u00e4hk\u00f6posti<\/strong>&nbsp;ja&nbsp;<strong>salasana<\/strong>. Klikkaa<strong>&nbsp;Log in<\/strong> (Kirjaudu sis\u00e4\u00e4n).<\/p>\n\n\n\n<figure class=\"wp-block-image size-large\"><img loading=\"lazy\" decoding=\"async\" width=\"1024\" height=\"693\" src=\"https:\/\/www.zoner.fi\/tuki\/wp-content\/uploads\/2024\/10\/verkkokauppa-mailchim-integraation-kayttaminen-2-1024x693.png\" alt=\"\" class=\"wp-image-134456\" srcset=\"https:\/\/www.zoner.fi\/tuki\/wp-content\/uploads\/2024\/10\/verkkokauppa-mailchim-integraation-kayttaminen-2-1024x693.png 1024w, https:\/\/www.zoner.fi\/tuki\/wp-content\/uploads\/2024\/10\/verkkokauppa-mailchim-integraation-kayttaminen-2-300x203.png 300w, https:\/\/www.zoner.fi\/tuki\/wp-content\/uploads\/2024\/10\/verkkokauppa-mailchim-integraation-kayttaminen-2-768x520.png 768w, https:\/\/www.zoner.fi\/tuki\/wp-content\/uploads\/2024\/10\/verkkokauppa-mailchim-integraation-kayttaminen-2.png 1424w\" sizes=\"auto, (max-width: 1024px) 100vw, 1024px\" \/><\/figure>\n\n\n\n<h2 class=\"wp-block-heading\" id=\"step-3\">3. Valitse yleis\u00f6luettelo ja kauppa<\/h2>\n\n\n\n<p>Yhteyden m\u00e4\u00e4ritt\u00e4miseksi sinun on valittava&nbsp;<strong>yleis\u00f6luettelo <\/strong>(audience list)&nbsp;ja&nbsp;<strong>kauppa<\/strong> (store). T\u00e4m\u00e4 vaihe voi vaihdella riippuen siit\u00e4, onko sinulla useita olemassa olevia yleis\u00f6luetteloita ja kauppoja, ja onko sinulla ilmainen vai maksullinen Mailchimp-tili.&nbsp;<\/p>\n\n\n\n<p>Jos sinulla on vain yksi yleis\u00f6luettelo ja yksi kauppa ilmaisella tilill\u00e4, t\u00e4m\u00e4 vaihe ohitetaan kokonaan, koska n\u00e4m\u00e4 kaksi vaihtoehtoa valitaan yhteyden oletusvaihtoehdoiksi.<\/p>\n\n\n\n<p><strong>Huomaa:<\/strong>&nbsp;Yhteytt\u00e4 ei voida luoda, jos Mailchimp-tilill\u00e4si ei ole kauppaa. Jos sinulla on ilmainen tili ilman kauppaa, sinulle tarjotaan mahdollisuutta p\u00e4ivitt\u00e4\u00e4 Mailchimp-suunnitelmasi. Kun olet tehnyt sen, voit palata verkkokauppaasi, luoda kaupan ja tehd\u00e4 m\u00e4\u00e4ritykset loppuun.<\/p>\n\n\n\n<ol class=\"wp-block-list\">\n<li>Valitse&nbsp;<strong>yleis\u00f6luettelo<\/strong>&nbsp;ensimm\u00e4isest\u00e4 avattavasta valikosta.<\/li>\n\n\n\n<li>Valitse&nbsp;<strong>myym\u00e4l\u00e4&nbsp;<\/strong>toisesta avattavasta valikosta. Jos sinulla on maksullinen tili, lis\u00e4\u00e4 uusi kauppa ja sy\u00f6t\u00e4 sen nimi alla olevaan kentt\u00e4\u00e4n.<\/li>\n\n\n\n<li>Napsauta&nbsp;<strong>Valmis<\/strong>.<\/li>\n<\/ol>\n\n\n\n<figure class=\"wp-block-image size-large\"><img loading=\"lazy\" decoding=\"async\" width=\"1024\" height=\"692\" src=\"https:\/\/www.zoner.fi\/tuki\/wp-content\/uploads\/2024\/10\/verkkokauppa-mailchim-integraation-kayttaminen-3-1024x692.png\" alt=\"\" class=\"wp-image-134457\" srcset=\"https:\/\/www.zoner.fi\/tuki\/wp-content\/uploads\/2024\/10\/verkkokauppa-mailchim-integraation-kayttaminen-3-1024x692.png 1024w, https:\/\/www.zoner.fi\/tuki\/wp-content\/uploads\/2024\/10\/verkkokauppa-mailchim-integraation-kayttaminen-3-300x203.png 300w, https:\/\/www.zoner.fi\/tuki\/wp-content\/uploads\/2024\/10\/verkkokauppa-mailchim-integraation-kayttaminen-3-768x519.png 768w, https:\/\/www.zoner.fi\/tuki\/wp-content\/uploads\/2024\/10\/verkkokauppa-mailchim-integraation-kayttaminen-3.png 1427w\" sizes=\"auto, (max-width: 1024px) 100vw, 1024px\" \/><\/figure>\n\n\n\n<h2 class=\"wp-block-heading\" id=\"step-4\">4. Muuta Mailchimp-valuuttaa (valinnainen)<\/h2>\n\n\n\n<p>Verkkokauppasi ja Mailchimp-kauppasi on k\u00e4ytett\u00e4v\u00e4 samaa valuuttaa, sill\u00e4 muuten integrointi ei toimi. Jos valuutat eiv\u00e4t ole samoja, saat siit\u00e4 ilmoituksen.<\/p>\n\n\n\n<ol class=\"wp-block-list\">\n<li>Napsauta&nbsp;<strong>Change to [currency]<\/strong> (Vaihda [valuuttaan]) &nbsp;-painiketta vaihtaaksesi Mailchimp-kaupassasi k\u00e4ytetty\u00e4 valuuttaa.<\/li>\n\n\n\n<li>Vahvista muutos napsauttamalla sivun alareunassa&nbsp;<strong>Valmis<\/strong>.<\/li>\n<\/ol>\n\n\n\n<p><strong>Huomaa:<\/strong>&nbsp;Jos haluat s\u00e4ilytt\u00e4\u00e4 Mailchimpin valuutan ja vaihtaa sen sijaan verkkokauppasi valuutan, voit muuttaa sit\u00e4 verkkokauppasi asetuksissa kohdassa&nbsp;<strong>Asetukset&nbsp;<\/strong>-&gt;&nbsp;<strong>Kaupan tiedot<\/strong>.<\/p>\n\n\n\n<figure class=\"wp-block-image size-large\"><img loading=\"lazy\" decoding=\"async\" width=\"1024\" height=\"692\" src=\"https:\/\/www.zoner.fi\/tuki\/wp-content\/uploads\/2024\/10\/verkkokauppa-mailchim-integraation-kayttaminen-4-1024x692.png\" alt=\"\" class=\"wp-image-134458\" srcset=\"https:\/\/www.zoner.fi\/tuki\/wp-content\/uploads\/2024\/10\/verkkokauppa-mailchim-integraation-kayttaminen-4-1024x692.png 1024w, https:\/\/www.zoner.fi\/tuki\/wp-content\/uploads\/2024\/10\/verkkokauppa-mailchim-integraation-kayttaminen-4-300x203.png 300w, https:\/\/www.zoner.fi\/tuki\/wp-content\/uploads\/2024\/10\/verkkokauppa-mailchim-integraation-kayttaminen-4-768x519.png 768w, https:\/\/www.zoner.fi\/tuki\/wp-content\/uploads\/2024\/10\/verkkokauppa-mailchim-integraation-kayttaminen-4.png 1427w\" sizes=\"auto, (max-width: 1024px) 100vw, 1024px\" \/><\/figure>\n\n\n\n<p>Verkkokauppasi pit\u00e4isi nyt olla yhdistetty Mailchimp-tiliisi. Yhteyden tila n\u00e4kyy Verkkokaupan hallintapaneelin&nbsp;<strong>Integraatiot<\/strong>-sivulla.<\/p>\n\n\n\n<figure class=\"wp-block-image size-large\"><img loading=\"lazy\" decoding=\"async\" width=\"1024\" height=\"692\" src=\"https:\/\/www.zoner.fi\/tuki\/wp-content\/uploads\/2024\/10\/verkkokauppa-mailchim-integraation-kayttaminen-5-1024x692.png\" alt=\"\" class=\"wp-image-134459\" srcset=\"https:\/\/www.zoner.fi\/tuki\/wp-content\/uploads\/2024\/10\/verkkokauppa-mailchim-integraation-kayttaminen-5-1024x692.png 1024w, https:\/\/www.zoner.fi\/tuki\/wp-content\/uploads\/2024\/10\/verkkokauppa-mailchim-integraation-kayttaminen-5-300x203.png 300w, https:\/\/www.zoner.fi\/tuki\/wp-content\/uploads\/2024\/10\/verkkokauppa-mailchim-integraation-kayttaminen-5-768x519.png 768w, https:\/\/www.zoner.fi\/tuki\/wp-content\/uploads\/2024\/10\/verkkokauppa-mailchim-integraation-kayttaminen-5.png 1424w\" sizes=\"auto, (max-width: 1024px) 100vw, 1024px\" \/><\/figure>\n\n\n\n<h2 class=\"wp-block-heading\" id=\"step-6\">5. Tuotteiden lis\u00e4\u00e4minen Mailchimp-kampanjoihin<\/h2>\n\n\n\n<p>Tuotteesi synkronoidaan nyt Mailchimp-tilisi kanssa, ja voit aloittaa niiden lis\u00e4\u00e4misen Mailchimp-kampanjoihisi. Lis\u00e4\u00e4 ohjeita l\u00f6yd\u00e4t <a href=\"https:\/\/mailchimp.com\/help\/\" target=\"_blank\" rel=\"noopener\">Mailchimpin omista oppaista<\/a>.<\/p>\n","protected":false},"excerpt":{"rendered":"<p>Zoner verkkokaupan voi helposti inegroida Mailchimpin kanssa. Mailchimp on yksi johtavista s\u00e4hk\u00f6postimarkkinoinnin ja automaation ty\u00f6kaluista. Kun olet muodostanut yhteyden Mailchimp-tiliin verkkokaupan hallintapaneelissa ja synkronoinut tuotteesi Mailchimp-tilisi kanssa, voit helposti lis\u00e4t\u00e4 niit\u00e4 s\u00e4hk\u00f6postikampanjoihin. Jos vastaanottaja napsauttaa tuotetta s\u00e4hk\u00f6postissa, h\u00e4net ohjataan kauppaasi. M\u00e4\u00e4rit\u00e4 integraatio noudattamalla t\u00e4m\u00e4n oppaan ohjeita. Huomaa:&nbsp;Tarvitset Mailchimp-tilin t\u00e4m\u00e4n integraation m\u00e4\u00e4ritt\u00e4miseen. Voit luoda sen Mailchimpin &#8230; <a title=\"Mailchimp-integraation k\u00e4ytt\u00e4minen verkkokaupassa\" class=\"read-more\" href=\"https:\/\/www.zoner.fi\/tuki\/kotisivukone\/zoner\/mailchimp-integraation-kayttaminen-verkkokaupassa\/\" aria-label=\"Lue lis\u00e4\u00e4 aiheesta Mailchimp-integraation k\u00e4ytt\u00e4minen verkkokaupassa\">Lue lis\u00e4\u00e4<\/a><\/p>\n","protected":false},"author":18,"featured_media":0,"parent":137385,"menu_order":0,"comment_status":"closed","ping_status":"closed","template":"","meta":{"_relevanssi_hide_post":"","_relevanssi_hide_content":"","_relevanssi_pin_for_all":"","_relevanssi_pin_keywords":"","_relevanssi_unpin_keywords":"","_relevanssi_related_keywords":"","_relevanssi_related_include_ids":"","_relevanssi_related_exclude_ids":"","_relevanssi_related_no_append":"","_relevanssi_related_not_related":"","_relevanssi_related_posts":"130819,130553,130813,130865,130397,132325","_relevanssi_noindex_reason":"","footnotes":""},"categories":[166],"tags":[161,163],"wf_page_folders":[],"class_list":{"0":"post-134450","1":"page","2":"type-page","3":"status-publish","5":"category-zoner-kotisivukone","6":"tag-integraatiot","7":"tag-verkkokauppa"},"_links":{"self":[{"href":"https:\/\/www.zoner.fi\/tuki\/wp-json\/wp\/v2\/pages\/134450","targetHints":{"allow":["GET"]}}],"collection":[{"href":"https:\/\/www.zoner.fi\/tuki\/wp-json\/wp\/v2\/pages"}],"about":[{"href":"https:\/\/www.zoner.fi\/tuki\/wp-json\/wp\/v2\/types\/page"}],"author":[{"embeddable":true,"href":"https:\/\/www.zoner.fi\/tuki\/wp-json\/wp\/v2\/users\/18"}],"replies":[{"embeddable":true,"href":"https:\/\/www.zoner.fi\/tuki\/wp-json\/wp\/v2\/comments?post=134450"}],"version-history":[{"count":6,"href":"https:\/\/www.zoner.fi\/tuki\/wp-json\/wp\/v2\/pages\/134450\/revisions"}],"predecessor-version":[{"id":134640,"href":"https:\/\/www.zoner.fi\/tuki\/wp-json\/wp\/v2\/pages\/134450\/revisions\/134640"}],"up":[{"embeddable":true,"href":"https:\/\/www.zoner.fi\/tuki\/wp-json\/wp\/v2\/pages\/137385"}],"wp:attachment":[{"href":"https:\/\/www.zoner.fi\/tuki\/wp-json\/wp\/v2\/media?parent=134450"}],"wp:term":[{"taxonomy":"category","embeddable":true,"href":"https:\/\/www.zoner.fi\/tuki\/wp-json\/wp\/v2\/categories?post=134450"},{"taxonomy":"post_tag","embeddable":true,"href":"https:\/\/www.zoner.fi\/tuki\/wp-json\/wp\/v2\/tags?post=134450"},{"taxonomy":"wf_page_folders","embeddable":true,"href":"https:\/\/www.zoner.fi\/tuki\/wp-json\/wp\/v2\/wf_page_folders?post=134450"}],"curies":[{"name":"wp","href":"https:\/\/api.w.org\/{rel}","templated":true}]}}