{"id":134464,"date":"2024-11-12T11:40:11","date_gmt":"2024-11-12T09:40:11","guid":{"rendered":"https:\/\/www.zoner.fi\/tuki\/?page_id=134464"},"modified":"2025-09-25T16:42:45","modified_gmt":"2025-09-25T13:42:45","slug":"miten-kaytan-google-fonts-fontteja-zoner-kotisivukoneessa","status":"publish","type":"page","link":"https:\/\/www.zoner.fi\/tuki\/kotisivukone\/zoner\/miten-kaytan-google-fonts-fontteja-zoner-kotisivukoneessa\/","title":{"rendered":"Miten k\u00e4yt\u00e4n Google Fonts -fontteja Zoner Kotisivukoneessa?"},"content":{"rendered":"\n<p>Google Fonts sis\u00e4lt\u00e4\u00e4 yli 800 ilmaista fonttia. Jos et l\u00f6yd\u00e4 sopivaa fonttia suoraan Zoner Kotisivukoneesta, voit helposti lis\u00e4t\u00e4 uuden fontin Google Fonts -palvelusta n\u00e4in:<\/p>\n\n\n\n<ol class=\"wp-block-list\">\n<li>Valitse&nbsp;<strong>tekstikomponentti<\/strong>&nbsp;Zoner Kotisivukoneen editorissa.<\/li>\n\n\n\n<li>Klikkaa&nbsp;<strong>Muokkaa teksti\u00e4<\/strong>&nbsp;-painiketta, joka ilmaantuu komponentin yl\u00e4- tai alapuolelle.<\/li>\n\n\n\n<li>Valitse ilmestyv\u00e4st\u00e4 liikkuvasta valikosta&nbsp;<strong>Lis\u00e4muotoilut<\/strong>.<\/li>\n\n\n\n<li>Klikkaa&nbsp;<strong>+-painiketta<\/strong>&nbsp;nykyisen fontin vieress\u00e4.<\/li>\n\n\n\n<li>Valitse fontti pudotusvalikosta tai k\u00e4yt\u00e4 nuolia listan selaamiseen. Esikatseluruudussa n\u00e4et, milt\u00e4 fontti tulee n\u00e4ytt\u00e4m\u00e4\u00e4n.<\/li>\n\n\n\n<li>Kun olet l\u00f6yt\u00e4nyt sopivan fontin, klikkaa&nbsp;<strong>Tallenna fontti<\/strong>&nbsp;lis\u00e4t\u00e4ksesi sen fontteihisi Zoner Kotisivukoneessa.<\/li>\n<\/ol>\n\n\n\n<p><strong>Vinkki:\u00a0<\/strong>Klikkaa\u00a0<strong>Avaa Google Fonts<\/strong>, jos haluat etsi\u00e4 ja suodattaa fontteja eri hakukriteereill\u00e4. Kun olet l\u00f6yt\u00e4nyt sopivan fontin, etsi sen nimi Zoner Kotisivukoneen pudotusvalikosta.<\/p>\n","protected":false},"excerpt":{"rendered":"<p>Google Fonts sis\u00e4lt\u00e4\u00e4 yli 800 ilmaista fonttia. Jos et l\u00f6yd\u00e4 sopivaa fonttia suoraan Zoner Kotisivukoneesta, voit helposti lis\u00e4t\u00e4 uuden fontin Google Fonts -palvelusta n\u00e4in: Vinkki:\u00a0Klikkaa\u00a0Avaa Google Fonts, jos haluat etsi\u00e4 ja suodattaa fontteja eri hakukriteereill\u00e4. Kun olet l\u00f6yt\u00e4nyt sopivan fontin, etsi sen nimi Zoner Kotisivukoneen pudotusvalikosta.<\/p>\n","protected":false},"author":18,"featured_media":0,"parent":137385,"menu_order":0,"comment_status":"closed","ping_status":"closed","template":"","meta":{"_relevanssi_hide_post":"","_relevanssi_hide_content":"","_relevanssi_pin_for_all":"","_relevanssi_pin_keywords":"","_relevanssi_unpin_keywords":"","_relevanssi_related_keywords":"","_relevanssi_related_include_ids":"","_relevanssi_related_exclude_ids":"","_relevanssi_related_no_append":"","_relevanssi_related_not_related":"","_relevanssi_related_posts":"130935,130964,131384,132336,130616,132072","_relevanssi_noindex_reason":"","footnotes":""},"categories":[166],"tags":[160,158],"wf_page_folders":[],"class_list":{"0":"post-134464","1":"page","2":"type-page","3":"status-publish","5":"category-zoner-kotisivukone","6":"tag-ulkoasu-ja-tyyli","7":"tag-yleiset"},"_links":{"self":[{"href":"https:\/\/www.zoner.fi\/tuki\/wp-json\/wp\/v2\/pages\/134464","targetHints":{"allow":["GET"]}}],"collection":[{"href":"https:\/\/www.zoner.fi\/tuki\/wp-json\/wp\/v2\/pages"}],"about":[{"href":"https:\/\/www.zoner.fi\/tuki\/wp-json\/wp\/v2\/types\/page"}],"author":[{"embeddable":true,"href":"https:\/\/www.zoner.fi\/tuki\/wp-json\/wp\/v2\/users\/18"}],"replies":[{"embeddable":true,"href":"https:\/\/www.zoner.fi\/tuki\/wp-json\/wp\/v2\/comments?post=134464"}],"version-history":[{"count":3,"href":"https:\/\/www.zoner.fi\/tuki\/wp-json\/wp\/v2\/pages\/134464\/revisions"}],"predecessor-version":[{"id":134577,"href":"https:\/\/www.zoner.fi\/tuki\/wp-json\/wp\/v2\/pages\/134464\/revisions\/134577"}],"up":[{"embeddable":true,"href":"https:\/\/www.zoner.fi\/tuki\/wp-json\/wp\/v2\/pages\/137385"}],"wp:attachment":[{"href":"https:\/\/www.zoner.fi\/tuki\/wp-json\/wp\/v2\/media?parent=134464"}],"wp:term":[{"taxonomy":"category","embeddable":true,"href":"https:\/\/www.zoner.fi\/tuki\/wp-json\/wp\/v2\/categories?post=134464"},{"taxonomy":"post_tag","embeddable":true,"href":"https:\/\/www.zoner.fi\/tuki\/wp-json\/wp\/v2\/tags?post=134464"},{"taxonomy":"wf_page_folders","embeddable":true,"href":"https:\/\/www.zoner.fi\/tuki\/wp-json\/wp\/v2\/wf_page_folders?post=134464"}],"curies":[{"name":"wp","href":"https:\/\/api.w.org\/{rel}","templated":true}]}}