{"id":134466,"date":"2024-11-12T11:41:05","date_gmt":"2024-11-12T09:41:05","guid":{"rendered":"https:\/\/www.zoner.fi\/tuki\/?page_id=134466"},"modified":"2025-09-25T16:43:06","modified_gmt":"2025-09-25T13:43:06","slug":"miten-poistan-sivun-zoner-kotisivukoneessa","status":"publish","type":"page","link":"https:\/\/www.zoner.fi\/tuki\/kotisivukone\/zoner\/miten-poistan-sivun-zoner-kotisivukoneessa\/","title":{"rendered":"Miten poistan sivun Zoner Kotisivukoneessa?"},"content":{"rendered":"\n<ol class=\"wp-block-list\">\n<li>Avaa Zoner Kotisivukoneen editorissa vasemmasta yl\u00e4reunasta l\u00f6ytyv\u00e4 sivuvalikko.<\/li>\n\n\n\n<li>Napsauta poistettavan sivun oikealla puolella olevia\u00a0<strong>kolmea pistett\u00e4<\/strong>\u00a0ja napsauta\u00a0<strong>Poista sivu<\/strong>.<\/li>\n\n\n\n<li>Klikkaa ponnahdusikkunassa\u00a0<strong>Poista <\/strong>vahvistaaksesi, ett\u00e4 haluat poistaa sivun pysyv\u00e4sti.<\/li>\n<\/ol>\n\n\n\n<p><strong>Vinkki:\u00a0<\/strong>Poistamisen sijaan voit my\u00f6s\u00a0<a href=\"https:\/\/www.zoner.fi\/tuki\/kotisivukone\/kuinka-piilotan-sivun-zoner-kotisivukoneessa\/\">piilottaa sivun<\/a>, jolloin se ei n\u00e4y kotisivujen valikossa ja\/tai verkossa.<\/p>\n\n\n\n<figure class=\"wp-block-image size-large\"><img loading=\"lazy\" decoding=\"async\" width=\"1024\" height=\"563\" src=\"https:\/\/www.zoner.fi\/tuki\/wp-content\/uploads\/2024\/10\/kotisivukone-sivun-poistaminen-1-1024x563.png\" alt=\"\" class=\"wp-image-134467\" srcset=\"https:\/\/www.zoner.fi\/tuki\/wp-content\/uploads\/2024\/10\/kotisivukone-sivun-poistaminen-1-1024x563.png 1024w, https:\/\/www.zoner.fi\/tuki\/wp-content\/uploads\/2024\/10\/kotisivukone-sivun-poistaminen-1-300x165.png 300w, https:\/\/www.zoner.fi\/tuki\/wp-content\/uploads\/2024\/10\/kotisivukone-sivun-poistaminen-1-768x422.png 768w, https:\/\/www.zoner.fi\/tuki\/wp-content\/uploads\/2024\/10\/kotisivukone-sivun-poistaminen-1-1536x845.png 1536w, https:\/\/www.zoner.fi\/tuki\/wp-content\/uploads\/2024\/10\/kotisivukone-sivun-poistaminen-1.png 2048w\" sizes=\"auto, (max-width: 1024px) 100vw, 1024px\" \/><\/figure>\n","protected":false},"excerpt":{"rendered":"<p>Vinkki:\u00a0Poistamisen sijaan voit my\u00f6s\u00a0piilottaa sivun, jolloin se ei n\u00e4y kotisivujen valikossa ja\/tai verkossa.<\/p>\n","protected":false},"author":18,"featured_media":0,"parent":137385,"menu_order":0,"comment_status":"closed","ping_status":"closed","template":"","meta":{"_relevanssi_hide_post":"","_relevanssi_hide_content":"","_relevanssi_pin_for_all":"","_relevanssi_pin_keywords":"","_relevanssi_unpin_keywords":"","_relevanssi_related_keywords":"","_relevanssi_related_include_ids":"","_relevanssi_related_exclude_ids":"","_relevanssi_related_no_append":"","_relevanssi_related_not_related":"","_relevanssi_related_posts":"132244,130526,130273,130515,130424,132144","_relevanssi_noindex_reason":"","footnotes":""},"categories":[166],"tags":[159],"wf_page_folders":[],"class_list":{"0":"post-134466","1":"page","2":"type-page","3":"status-publish","5":"category-zoner-kotisivukone","6":"tag-sivut"},"_links":{"self":[{"href":"https:\/\/www.zoner.fi\/tuki\/wp-json\/wp\/v2\/pages\/134466","targetHints":{"allow":["GET"]}}],"collection":[{"href":"https:\/\/www.zoner.fi\/tuki\/wp-json\/wp\/v2\/pages"}],"about":[{"href":"https:\/\/www.zoner.fi\/tuki\/wp-json\/wp\/v2\/types\/page"}],"author":[{"embeddable":true,"href":"https:\/\/www.zoner.fi\/tuki\/wp-json\/wp\/v2\/users\/18"}],"replies":[{"embeddable":true,"href":"https:\/\/www.zoner.fi\/tuki\/wp-json\/wp\/v2\/comments?post=134466"}],"version-history":[{"count":1,"href":"https:\/\/www.zoner.fi\/tuki\/wp-json\/wp\/v2\/pages\/134466\/revisions"}],"predecessor-version":[{"id":134468,"href":"https:\/\/www.zoner.fi\/tuki\/wp-json\/wp\/v2\/pages\/134466\/revisions\/134468"}],"up":[{"embeddable":true,"href":"https:\/\/www.zoner.fi\/tuki\/wp-json\/wp\/v2\/pages\/137385"}],"wp:attachment":[{"href":"https:\/\/www.zoner.fi\/tuki\/wp-json\/wp\/v2\/media?parent=134466"}],"wp:term":[{"taxonomy":"category","embeddable":true,"href":"https:\/\/www.zoner.fi\/tuki\/wp-json\/wp\/v2\/categories?post=134466"},{"taxonomy":"post_tag","embeddable":true,"href":"https:\/\/www.zoner.fi\/tuki\/wp-json\/wp\/v2\/tags?post=134466"},{"taxonomy":"wf_page_folders","embeddable":true,"href":"https:\/\/www.zoner.fi\/tuki\/wp-json\/wp\/v2\/wf_page_folders?post=134466"}],"curies":[{"name":"wp","href":"https:\/\/api.w.org\/{rel}","templated":true}]}}