{"id":134469,"date":"2024-11-12T11:52:23","date_gmt":"2024-11-12T09:52:23","guid":{"rendered":"https:\/\/www.zoner.fi\/tuki\/?page_id=134469"},"modified":"2025-11-12T14:45:17","modified_gmt":"2025-11-12T12:45:17","slug":"miten-luon-tai-poistan-linkin-zoner-kotisivukoneessa","status":"publish","type":"page","link":"https:\/\/www.zoner.fi\/tuki\/kotisivukone\/zoner\/miten-luon-tai-poistan-linkin-zoner-kotisivukoneessa\/","title":{"rendered":"Miten luon tai poistan linkin Zoner Kotisivukoneessa?"},"content":{"rendered":"\n<p>T\u00e4ss\u00e4 oppaassa kerromme, miten voit luoda ja poistaa linkkej\u00e4 Zoner Kotisivukoneessa.<\/p>\n\n\n\n<ul class=\"wp-block-list\">\n<li><a href=\"#miten-luon-linkin\">Miten luon linkin?<\/a><\/li>\n\n\n\n<li><a href=\"#miten-teen-kuvasta-linkin\">Miten teen kuvasta linkin?<\/a><\/li>\n\n\n\n<li><a href=\"#miten-poistan-linkin\">Miten poistan linkin?<\/a><\/li>\n<\/ul>\n\n\n\n<h2 class=\"wp-block-heading\" id=\"miten-luon-linkin\">Miten luon linkin?<\/h2>\n\n\n\n<ol class=\"wp-block-list\">\n<li>Valitse tekstikomponentti ja napsauta sitten&nbsp;<strong>Muokkaa teksti\u00e4<\/strong>&nbsp;-painiketta.<\/li>\n\n\n\n<li>Valitse teksti, josta haluat tehd\u00e4 linkin.<\/li>\n<\/ol>\n\n\n\n<figure class=\"wp-block-image size-large\"><img loading=\"lazy\" decoding=\"async\" width=\"1024\" height=\"621\" src=\"https:\/\/www.zoner.fi\/tuki\/wp-content\/uploads\/2024\/10\/kotisivukone-linkit-1-1024x621.png\" alt=\"\" class=\"wp-image-134470\" srcset=\"https:\/\/www.zoner.fi\/tuki\/wp-content\/uploads\/2024\/10\/kotisivukone-linkit-1-1024x621.png 1024w, https:\/\/www.zoner.fi\/tuki\/wp-content\/uploads\/2024\/10\/kotisivukone-linkit-1-300x182.png 300w, https:\/\/www.zoner.fi\/tuki\/wp-content\/uploads\/2024\/10\/kotisivukone-linkit-1-768x466.png 768w, https:\/\/www.zoner.fi\/tuki\/wp-content\/uploads\/2024\/10\/kotisivukone-linkit-1-1536x931.png 1536w, https:\/\/www.zoner.fi\/tuki\/wp-content\/uploads\/2024\/10\/kotisivukone-linkit-1.png 1874w\" sizes=\"auto, (max-width: 1024px) 100vw, 1024px\" \/><\/figure>\n\n\n\n<p>3. <strong>Napsauta ketjulta n\u00e4ytt\u00e4v\u00e4\u00e4 linkkikuvaketta<\/strong>&nbsp;tekstin yl\u00e4- tai alapuolella n\u00e4kyv\u00e4ss\u00e4 valikossa tai napsauta n\u00e4kyviin tulevassa kelluvassa valikossa&nbsp;<strong>Linkki<\/strong>.<\/p>\n\n\n\n<figure class=\"wp-block-image size-large\"><img loading=\"lazy\" decoding=\"async\" width=\"1024\" height=\"622\" src=\"https:\/\/www.zoner.fi\/tuki\/wp-content\/uploads\/2024\/10\/kotisivukone-linkit-2-1024x622.png\" alt=\"\" class=\"wp-image-134471\" srcset=\"https:\/\/www.zoner.fi\/tuki\/wp-content\/uploads\/2024\/10\/kotisivukone-linkit-2-1024x622.png 1024w, https:\/\/www.zoner.fi\/tuki\/wp-content\/uploads\/2024\/10\/kotisivukone-linkit-2-300x182.png 300w, https:\/\/www.zoner.fi\/tuki\/wp-content\/uploads\/2024\/10\/kotisivukone-linkit-2-768x466.png 768w, https:\/\/www.zoner.fi\/tuki\/wp-content\/uploads\/2024\/10\/kotisivukone-linkit-2-1536x933.png 1536w, https:\/\/www.zoner.fi\/tuki\/wp-content\/uploads\/2024\/10\/kotisivukone-linkit-2.png 1874w\" sizes=\"auto, (max-width: 1024px) 100vw, 1024px\" \/><\/figure>\n\n\n\n<p>4. Valitse, mihin linkki johtaa:<\/p>\n\n\n\n<ul class=\"wp-block-list\">\n<li>&nbsp;<strong>Sivu &#8211;&nbsp;<\/strong>Linkit\u00e4 kotisivujesi sivulle, esimerkiksi yhteystietosivulle.<\/li>\n\n\n\n<li>&nbsp;<strong>Osalinkki <\/strong>&#8211;&nbsp;Linkit\u00e4 kotisivujesi sivun tiettyyn osioon.<\/li>\n\n\n\n<li>&nbsp;<strong>Tiedosto<\/strong>&nbsp;&#8211; Linkit\u00e4 verkkotilaasi tallennettuun tiedostoon, esimerkiksi pdf-tiedostoon, joka sis\u00e4lt\u00e4\u00e4 k\u00e4ytt\u00f6ehdot.<\/li>\n\n\n\n<li>&nbsp;<strong>Ulkoinen URL-osoite<\/strong>&nbsp;&#8211; Toiselle verkkosivustolle johtava linkki.<\/li>\n\n\n\n<li>&nbsp;<strong>S\u00e4hk\u00f6postiosoite<\/strong>&nbsp;&#8211; Kirjoita s\u00e4hk\u00f6postiosoite, johon haluat linkitt\u00e4\u00e4. Uusi s\u00e4hk\u00f6posti avataan k\u00e4ytt\u00e4j\u00e4n oletuss\u00e4hk\u00f6postiohjelmassa, jos k\u00e4vij\u00e4 napsauttaa t\u00e4t\u00e4 linkki\u00e4.<\/li>\n\n\n\n<li>&nbsp;<strong>Puhelinnumero <\/strong>&#8211;&nbsp;Lis\u00e4\u00e4 sivustollesi soita napsauttamalla -linkki. Linkki\u00e4 napsauttamalla k\u00e4vij\u00e4 voi soittaa suoraan antamaasi numeroon, jos h\u00e4n k\u00e4ytt\u00e4\u00e4 sivustoasi puhelimen tai tabletin kautta.<\/li>\n\n\n\n<li>&nbsp;<strong>Sijainti &#8211;&nbsp;<\/strong>Luo karttalinkki tiettyyn sijaintiin. Linkki avaa sijainnin k\u00e4ytt\u00e4j\u00e4n oletuskarttasovelluksessa.<\/li>\n<\/ul>\n\n\n\n<figure class=\"wp-block-image size-large\"><img loading=\"lazy\" decoding=\"async\" width=\"1024\" height=\"620\" src=\"https:\/\/www.zoner.fi\/tuki\/wp-content\/uploads\/2024\/10\/kotisivukone-linkit-3-1024x620.png\" alt=\"\" class=\"wp-image-134472\" srcset=\"https:\/\/www.zoner.fi\/tuki\/wp-content\/uploads\/2024\/10\/kotisivukone-linkit-3-1024x620.png 1024w, https:\/\/www.zoner.fi\/tuki\/wp-content\/uploads\/2024\/10\/kotisivukone-linkit-3-300x182.png 300w, https:\/\/www.zoner.fi\/tuki\/wp-content\/uploads\/2024\/10\/kotisivukone-linkit-3-768x465.png 768w, https:\/\/www.zoner.fi\/tuki\/wp-content\/uploads\/2024\/10\/kotisivukone-linkit-3-1536x929.png 1536w, https:\/\/www.zoner.fi\/tuki\/wp-content\/uploads\/2024\/10\/kotisivukone-linkit-3.png 1874w\" sizes=\"auto, (max-width: 1024px) 100vw, 1024px\" \/><\/figure>\n\n\n\n<p>5. Valitse, avautuuko linkki uuteen ikkunaan. Uudessa ikkunassa avautuminen voi olla hyv\u00e4, jos linkit\u00e4t toiselle sivustolle:<\/p>\n\n\n\n<ol class=\"wp-block-list\">\n<li>Jos haluat linkin avautuvan uuteen v\u00e4lilehteen, valitse vasemmassa alakulmassa oleva valintaruutu.<\/li>\n\n\n\n<li>Napsauta&nbsp;<strong>Tallenna<\/strong>&nbsp;luodaksesi linkin.<\/li>\n<\/ol>\n\n\n\n<figure class=\"wp-block-image size-large\"><img loading=\"lazy\" decoding=\"async\" width=\"1024\" height=\"619\" src=\"https:\/\/www.zoner.fi\/tuki\/wp-content\/uploads\/2024\/10\/kotisivukone-linkit-4-1024x619.png\" alt=\"\" class=\"wp-image-134473\" srcset=\"https:\/\/www.zoner.fi\/tuki\/wp-content\/uploads\/2024\/10\/kotisivukone-linkit-4-1024x619.png 1024w, https:\/\/www.zoner.fi\/tuki\/wp-content\/uploads\/2024\/10\/kotisivukone-linkit-4-300x181.png 300w, https:\/\/www.zoner.fi\/tuki\/wp-content\/uploads\/2024\/10\/kotisivukone-linkit-4-768x464.png 768w, https:\/\/www.zoner.fi\/tuki\/wp-content\/uploads\/2024\/10\/kotisivukone-linkit-4-1536x929.png 1536w, https:\/\/www.zoner.fi\/tuki\/wp-content\/uploads\/2024\/10\/kotisivukone-linkit-4.png 1874w\" sizes=\"auto, (max-width: 1024px) 100vw, 1024px\" \/><\/figure>\n\n\n\n<p>6. Kun linkki on luotu, napsauta <strong>Julkaise<\/strong>,&nbsp;jotta muutokset n\u00e4kyv\u00e4t verkossa.<\/p>\n\n\n\n<p><strong>Huomaa:\u00a0<\/strong>Linkin ulkoasu- ja muokkausvaihtoehdot m\u00e4\u00e4r\u00e4ytyv\u00e4t valitsemasi mallin ja mahdollisesti my\u00f6s\u00a0<a href=\"https:\/\/www.zoner.fi\/tuki\/kotisivukone\/zoner\/variteeman-kayttaminen-zoner-kotisivukoneessa\/\">v\u00e4riteeman <\/a>mukaan.<\/p>\n\n\n\n<figure class=\"wp-block-image size-large\"><img loading=\"lazy\" decoding=\"async\" width=\"1024\" height=\"618\" src=\"https:\/\/www.zoner.fi\/tuki\/wp-content\/uploads\/2024\/10\/kotisivukone-linkit-5-1024x618.png\" alt=\"\" class=\"wp-image-134474\" srcset=\"https:\/\/www.zoner.fi\/tuki\/wp-content\/uploads\/2024\/10\/kotisivukone-linkit-5-1024x618.png 1024w, https:\/\/www.zoner.fi\/tuki\/wp-content\/uploads\/2024\/10\/kotisivukone-linkit-5-300x181.png 300w, https:\/\/www.zoner.fi\/tuki\/wp-content\/uploads\/2024\/10\/kotisivukone-linkit-5-768x464.png 768w, https:\/\/www.zoner.fi\/tuki\/wp-content\/uploads\/2024\/10\/kotisivukone-linkit-5-1536x927.png 1536w, https:\/\/www.zoner.fi\/tuki\/wp-content\/uploads\/2024\/10\/kotisivukone-linkit-5.png 1874w\" sizes=\"auto, (max-width: 1024px) 100vw, 1024px\" \/><\/figure>\n\n\n\n<h2 class=\"wp-block-heading\" id=\"miten-teen-kuvasta-linkin\">Miten teen kuvasta linkin?<\/h2>\n\n\n\n<p>My\u00f6s kuvasta voi tehd\u00e4 linkin:<\/p>\n\n\n\n<ol class=\"wp-block-list\">\n<li>Napsauta&nbsp;<strong>Zoner Kotisivukoneen editorissa<\/strong>&nbsp;kuvaa, josta haluat tehd\u00e4 linkin.<\/li>\n\n\n\n<li>Napsauta&nbsp;<strong>Muokkaa kuvaa<\/strong>&nbsp;-painiketta, joka ilmestyy kuvan yl\u00e4puolelle.<\/li>\n\n\n\n<li>Napsauta ketjulta n\u00e4ytt\u00e4v\u00e4\u00e4&nbsp;<strong>Linkki<\/strong>-painiketta&nbsp;n\u00e4yt\u00f6lle ilmestyv\u00e4ss\u00e4 valikossa.<\/li>\n\n\n\n<li>Valitse vasemmalla olevasta valikosta, mihin haluat luoda linkin: kotisivujen sivu, kotisivujen sivun osio, tiedosto, ulkoinen URL-osoite, s\u00e4hk\u00f6postiosoite, puhelinnumero tai maantieteellinen sijainti.<\/li>\n\n\n\n<li>Valitse haluamasi vaihtoehto, kirjoita tarvittavat tiedot ja napsauta&nbsp;<strong>Tallenna<\/strong>.<\/li>\n<\/ol>\n\n\n\n<p>Jos haluat poistaa linkin my\u00f6hemmin, voit tehd\u00e4 sen samassa valikossa. Poista linkki helposti&nbsp;<strong>Nykyinen linkki<\/strong>&nbsp;-vaihtoehdon vierest\u00e4 vasemmassa alakulmassa.<\/p>\n\n\n\n<p><strong>Vinkki:<\/strong>&nbsp;Voit m\u00e4\u00e4ritt\u00e4\u00e4 linkin avautumaan uudessa ikkunassa vierailijoiden napsautettaessa sit\u00e4: valitse vasemmassa alakulmassa oleva ruutu, jossa lukee&nbsp;<strong>avaa uudessa ikkunassa\/v\u00e4lilehdess\u00e4<\/strong>&nbsp;.<\/p>\n\n\n\n<h2 class=\"wp-block-heading\" id=\"miten-poistan-linkin\">Miten poistan linkin?<\/h2>\n\n\n\n<p>Linkin poistaminen on helppoa:<\/p>\n\n\n\n<ol class=\"wp-block-list\">\n<li>Valitse teksti tai kuva, josta haluat poistaa linkin.<\/li>\n\n\n\n<li>Klikkaa&nbsp;<strong>linkkikuvaketta<\/strong>&nbsp;komponentin yl\u00e4- tai alapuolella olevassa valikossa.<\/li>\n\n\n\n<li>N\u00e4et vasemmassa alakulmassa kohdan &#8221;<strong>T\u00e4m\u00e4nhetkinen linkki<\/strong>&#8221;. Napsauta <strong>rastia<\/strong> poistaaksesi sen.<\/li>\n\n\n\n<li>Klikkaa&nbsp;<strong>Tallenna<\/strong>&nbsp;tallentaaksesi tekem\u00e4si muutokset.<\/li>\n<\/ol>\n","protected":false},"excerpt":{"rendered":"<p>T\u00e4ss\u00e4 oppaassa kerromme, miten voit luoda ja poistaa linkkej\u00e4 Zoner Kotisivukoneessa. Miten luon linkin? 3. Napsauta ketjulta n\u00e4ytt\u00e4v\u00e4\u00e4 linkkikuvaketta&nbsp;tekstin yl\u00e4- tai alapuolella n\u00e4kyv\u00e4ss\u00e4 valikossa tai napsauta n\u00e4kyviin tulevassa kelluvassa valikossa&nbsp;Linkki. 4. Valitse, mihin linkki johtaa: 5. Valitse, avautuuko linkki uuteen ikkunaan. Uudessa ikkunassa avautuminen voi olla hyv\u00e4, jos linkit\u00e4t toiselle sivustolle: 6. Kun linkki on &#8230; <a title=\"Miten luon tai poistan linkin Zoner Kotisivukoneessa?\" class=\"read-more\" href=\"https:\/\/www.zoner.fi\/tuki\/kotisivukone\/zoner\/miten-luon-tai-poistan-linkin-zoner-kotisivukoneessa\/\" aria-label=\"Lue lis\u00e4\u00e4 aiheesta Miten luon tai poistan linkin Zoner Kotisivukoneessa?\">Lue lis\u00e4\u00e4<\/a><\/p>\n","protected":false},"author":18,"featured_media":0,"parent":137385,"menu_order":0,"comment_status":"closed","ping_status":"closed","template":"","meta":{"_relevanssi_hide_post":"","_relevanssi_hide_content":"","_relevanssi_pin_for_all":"","_relevanssi_pin_keywords":"","_relevanssi_unpin_keywords":"","_relevanssi_related_keywords":"","_relevanssi_related_include_ids":"","_relevanssi_related_exclude_ids":"","_relevanssi_related_no_append":"","_relevanssi_related_not_related":"","_relevanssi_related_posts":"131550,130412,132080,132938,132301,130641","_relevanssi_noindex_reason":"","footnotes":""},"categories":[166],"tags":[165],"wf_page_folders":[],"class_list":{"0":"post-134469","1":"page","2":"type-page","3":"status-publish","5":"category-zoner-kotisivukone","6":"tag-linkit"},"_links":{"self":[{"href":"https:\/\/www.zoner.fi\/tuki\/wp-json\/wp\/v2\/pages\/134469","targetHints":{"allow":["GET"]}}],"collection":[{"href":"https:\/\/www.zoner.fi\/tuki\/wp-json\/wp\/v2\/pages"}],"about":[{"href":"https:\/\/www.zoner.fi\/tuki\/wp-json\/wp\/v2\/types\/page"}],"author":[{"embeddable":true,"href":"https:\/\/www.zoner.fi\/tuki\/wp-json\/wp\/v2\/users\/18"}],"replies":[{"embeddable":true,"href":"https:\/\/www.zoner.fi\/tuki\/wp-json\/wp\/v2\/comments?post=134469"}],"version-history":[{"count":3,"href":"https:\/\/www.zoner.fi\/tuki\/wp-json\/wp\/v2\/pages\/134469\/revisions"}],"predecessor-version":[{"id":138027,"href":"https:\/\/www.zoner.fi\/tuki\/wp-json\/wp\/v2\/pages\/134469\/revisions\/138027"}],"up":[{"embeddable":true,"href":"https:\/\/www.zoner.fi\/tuki\/wp-json\/wp\/v2\/pages\/137385"}],"wp:attachment":[{"href":"https:\/\/www.zoner.fi\/tuki\/wp-json\/wp\/v2\/media?parent=134469"}],"wp:term":[{"taxonomy":"category","embeddable":true,"href":"https:\/\/www.zoner.fi\/tuki\/wp-json\/wp\/v2\/categories?post=134469"},{"taxonomy":"post_tag","embeddable":true,"href":"https:\/\/www.zoner.fi\/tuki\/wp-json\/wp\/v2\/tags?post=134469"},{"taxonomy":"wf_page_folders","embeddable":true,"href":"https:\/\/www.zoner.fi\/tuki\/wp-json\/wp\/v2\/wf_page_folders?post=134469"}],"curies":[{"name":"wp","href":"https:\/\/api.w.org\/{rel}","templated":true}]}}