{"id":134477,"date":"2024-11-12T11:41:30","date_gmt":"2024-11-12T09:41:30","guid":{"rendered":"https:\/\/www.zoner.fi\/tuki\/?page_id=134477"},"modified":"2025-09-25T16:42:55","modified_gmt":"2025-09-25T13:42:55","slug":"miten-lisaan-sivulle-videotaustan-zoner-kotisivukoneessa","status":"publish","type":"page","link":"https:\/\/www.zoner.fi\/tuki\/kotisivukone\/zoner\/miten-lisaan-sivulle-videotaustan-zoner-kotisivukoneessa\/","title":{"rendered":"Miten lis\u00e4\u00e4n sivulle videotaustan Zoner Kotisivukoneessa?"},"content":{"rendered":"\n<p>El\u00e4v\u00f6it\u00e4 kotisivuja videotaustalla! Zoner Kotisivukoneessa voit tehd\u00e4 videosta sivun taustakuvan helposti.<\/p>\n\n\n\n<p><strong>Huomaa:<\/strong>\u00a0T\u00e4m\u00e4 ominaisuus on k\u00e4ytett\u00e4viss\u00e4 Zoner Kotisivukoneen\u00a0Premium-\u00a0ja\u00a0Business-paketeissa.\u00a0<\/p>\n\n\n\n<h2 class=\"wp-block-heading\" id=\"step-1\">1. Valitse osio<\/h2>\n\n\n\n<ol class=\"wp-block-list\">\n<li>Avaa Zoner Kotisivukoneen editori.<\/li>\n\n\n\n<li>Valitse sivulta osio, johon haluat lis\u00e4t\u00e4 videotaustan.<\/li>\n\n\n\n<li>Napsauta\u00a0<strong>Muokkaa osiota<\/strong>\u00a0-v\u00e4lilehte\u00e4, joka n\u00e4kyy valitsemasi osion yl\u00e4- tai alapuolella.<\/li>\n<\/ol>\n\n\n\n<figure class=\"wp-block-image size-large\"><img loading=\"lazy\" decoding=\"async\" width=\"1024\" height=\"620\" src=\"https:\/\/www.zoner.fi\/tuki\/wp-content\/uploads\/2024\/10\/kotisivukone-videotausta-1-1024x620.png\" alt=\"\" class=\"wp-image-134478\" srcset=\"https:\/\/www.zoner.fi\/tuki\/wp-content\/uploads\/2024\/10\/kotisivukone-videotausta-1-1024x620.png 1024w, https:\/\/www.zoner.fi\/tuki\/wp-content\/uploads\/2024\/10\/kotisivukone-videotausta-1-300x182.png 300w, https:\/\/www.zoner.fi\/tuki\/wp-content\/uploads\/2024\/10\/kotisivukone-videotausta-1-768x465.png 768w, https:\/\/www.zoner.fi\/tuki\/wp-content\/uploads\/2024\/10\/kotisivukone-videotausta-1-1536x931.png 1536w, https:\/\/www.zoner.fi\/tuki\/wp-content\/uploads\/2024\/10\/kotisivukone-videotausta-1.png 1875w\" sizes=\"auto, (max-width: 1024px) 100vw, 1024px\" \/><\/figure>\n\n\n\n<h2 class=\"wp-block-heading\" id=\"step-2\">2. Lis\u00e4\u00e4 video<\/h2>\n\n\n\n<ol class=\"wp-block-list\">\n<li>Napsauta n\u00e4kyviin tulevassa kelluvassa valikossa\u00a0<strong>Tausta<\/strong>.<\/li>\n\n\n\n<li>Napsauta <strong>Lis\u00e4\u00e4 video<\/strong>.<\/li>\n\n\n\n<li>Valitse video, jota haluat k\u00e4ytt\u00e4\u00e4. Voit valita yhden kymmenest\u00e4 tarjoamastamme ilmaisesta videosta, jotka l\u00f6ytyv\u00e4t\u00a0Ilmaiset-v\u00e4lilehdelt\u00e4. Voit my\u00f6s ladata ja k\u00e4ytt\u00e4\u00e4 omaa videotasi napsauttamalla oikeassa yl\u00e4kulmassa olevaa\u00a0<strong>Lataa<\/strong>-painiketta. Jos lis\u00e4\u00e4t oman videosi, sen on oltava MP4-muodossa ja sen koko voi olla enint\u00e4\u00e4n 2 Gt.<\/li>\n\n\n\n<li>Klikkaa<strong>\u00a0Lis\u00e4\u00e4 sivulle<\/strong>\u00a0kun olet valinnut videon.<\/li>\n<\/ol>\n\n\n\n<p><strong>Vinkki:<\/strong>\u00a0Voit s\u00e4\u00e4t\u00e4\u00e4 videon peitt\u00e4vyytt\u00e4 ja v\u00e4ri\u00e4 sopimaan paremmin sivustosi muuhun sis\u00e4lt\u00f6\u00f6n.<\/p>\n\n\n\n<figure class=\"wp-block-image size-large\"><img loading=\"lazy\" decoding=\"async\" width=\"1024\" height=\"641\" src=\"https:\/\/www.zoner.fi\/tuki\/wp-content\/uploads\/2024\/10\/kotisivukone-videotausta-2-1024x641.png\" alt=\"\" class=\"wp-image-134479\" srcset=\"https:\/\/www.zoner.fi\/tuki\/wp-content\/uploads\/2024\/10\/kotisivukone-videotausta-2-1024x641.png 1024w, https:\/\/www.zoner.fi\/tuki\/wp-content\/uploads\/2024\/10\/kotisivukone-videotausta-2-300x188.png 300w, https:\/\/www.zoner.fi\/tuki\/wp-content\/uploads\/2024\/10\/kotisivukone-videotausta-2-768x480.png 768w, https:\/\/www.zoner.fi\/tuki\/wp-content\/uploads\/2024\/10\/kotisivukone-videotausta-2-1536x961.png 1536w, https:\/\/www.zoner.fi\/tuki\/wp-content\/uploads\/2024\/10\/kotisivukone-videotausta-2.png 1875w\" sizes=\"auto, (max-width: 1024px) 100vw, 1024px\" \/><\/figure>\n\n\n\n<p>Lopuksi\u00a0<strong>Tallenna<\/strong>\u00a0ja\u00a0<strong>julkaise<\/strong>\u00a0sivustosi, jotta muutokset n\u00e4kyv\u00e4t julkaistulla sivustollasi.<\/p>\n\n\n\n<p><strong>Huomaa:<\/strong>\u00a0Esikatselutilassa voit n\u00e4hd\u00e4, milt\u00e4 video n\u00e4ytt\u00e4\u00e4 sivustollasi.<\/p>\n","protected":false},"excerpt":{"rendered":"<p>El\u00e4v\u00f6it\u00e4 kotisivuja videotaustalla! Zoner Kotisivukoneessa voit tehd\u00e4 videosta sivun taustakuvan helposti. Huomaa:\u00a0T\u00e4m\u00e4 ominaisuus on k\u00e4ytett\u00e4viss\u00e4 Zoner Kotisivukoneen\u00a0Premium-\u00a0ja\u00a0Business-paketeissa.\u00a0 1. Valitse osio 2. Lis\u00e4\u00e4 video Vinkki:\u00a0Voit s\u00e4\u00e4t\u00e4\u00e4 videon peitt\u00e4vyytt\u00e4 ja v\u00e4ri\u00e4 sopimaan paremmin sivustosi muuhun sis\u00e4lt\u00f6\u00f6n. Lopuksi\u00a0Tallenna\u00a0ja\u00a0julkaise\u00a0sivustosi, jotta muutokset n\u00e4kyv\u00e4t julkaistulla sivustollasi. Huomaa:\u00a0Esikatselutilassa voit n\u00e4hd\u00e4, milt\u00e4 video n\u00e4ytt\u00e4\u00e4 sivustollasi.<\/p>\n","protected":false},"author":18,"featured_media":0,"parent":137385,"menu_order":0,"comment_status":"closed","ping_status":"closed","template":"","meta":{"_relevanssi_hide_post":"","_relevanssi_hide_content":"","_relevanssi_pin_for_all":"","_relevanssi_pin_keywords":"","_relevanssi_unpin_keywords":"","_relevanssi_related_keywords":"","_relevanssi_related_include_ids":"","_relevanssi_related_exclude_ids":"","_relevanssi_related_no_append":"","_relevanssi_related_not_related":"","_relevanssi_related_posts":"130515,130424,130412,132336,130684,132261","_relevanssi_noindex_reason":"","footnotes":""},"categories":[166],"tags":[160],"wf_page_folders":[],"class_list":{"0":"post-134477","1":"page","2":"type-page","3":"status-publish","5":"category-zoner-kotisivukone","6":"tag-ulkoasu-ja-tyyli"},"_links":{"self":[{"href":"https:\/\/www.zoner.fi\/tuki\/wp-json\/wp\/v2\/pages\/134477","targetHints":{"allow":["GET"]}}],"collection":[{"href":"https:\/\/www.zoner.fi\/tuki\/wp-json\/wp\/v2\/pages"}],"about":[{"href":"https:\/\/www.zoner.fi\/tuki\/wp-json\/wp\/v2\/types\/page"}],"author":[{"embeddable":true,"href":"https:\/\/www.zoner.fi\/tuki\/wp-json\/wp\/v2\/users\/18"}],"replies":[{"embeddable":true,"href":"https:\/\/www.zoner.fi\/tuki\/wp-json\/wp\/v2\/comments?post=134477"}],"version-history":[{"count":2,"href":"https:\/\/www.zoner.fi\/tuki\/wp-json\/wp\/v2\/pages\/134477\/revisions"}],"predecessor-version":[{"id":134481,"href":"https:\/\/www.zoner.fi\/tuki\/wp-json\/wp\/v2\/pages\/134477\/revisions\/134481"}],"up":[{"embeddable":true,"href":"https:\/\/www.zoner.fi\/tuki\/wp-json\/wp\/v2\/pages\/137385"}],"wp:attachment":[{"href":"https:\/\/www.zoner.fi\/tuki\/wp-json\/wp\/v2\/media?parent=134477"}],"wp:term":[{"taxonomy":"category","embeddable":true,"href":"https:\/\/www.zoner.fi\/tuki\/wp-json\/wp\/v2\/categories?post=134477"},{"taxonomy":"post_tag","embeddable":true,"href":"https:\/\/www.zoner.fi\/tuki\/wp-json\/wp\/v2\/tags?post=134477"},{"taxonomy":"wf_page_folders","embeddable":true,"href":"https:\/\/www.zoner.fi\/tuki\/wp-json\/wp\/v2\/wf_page_folders?post=134477"}],"curies":[{"name":"wp","href":"https:\/\/api.w.org\/{rel}","templated":true}]}}