{"id":134490,"date":"2024-11-12T11:42:28","date_gmt":"2024-11-12T09:42:28","guid":{"rendered":"https:\/\/www.zoner.fi\/tuki\/?page_id=134490"},"modified":"2025-09-25T16:42:52","modified_gmt":"2025-09-25T13:42:52","slug":"miten-lisaan-sivulle-kiinnitetyn-taustakuvan-zoner-kotisivukoneessa","status":"publish","type":"page","link":"https:\/\/www.zoner.fi\/tuki\/kotisivukone\/zoner\/miten-lisaan-sivulle-kiinnitetyn-taustakuvan-zoner-kotisivukoneessa\/","title":{"rendered":"Miten lis\u00e4\u00e4n sivulle kiinnitetyn taustakuvan Zoner Kotisivukoneessa?"},"content":{"rendered":"\n<p>Zoner Kotisivukoneessa taustakuvan voi helposti kiinnitt\u00e4\u00e4 sivuun, jolloin se ei liiku vieritt\u00e4ess\u00e4:<\/p>\n\n\n\n<ol class=\"wp-block-list\">\n<li>Avaa\u00a0Zoner Kotisivukoneen editori.<\/li>\n\n\n\n<li>Napsauta oikeassa alakulmassa\u00a0<strong>Malliasetukset<\/strong>.<\/li>\n\n\n\n<li>Jos et ole viel\u00e4 ladannut kuvaa, tee se kelluvan valikon\u00a0<strong>Tausta<\/strong>-kohdassa\u00a0ennen kuin jatkat seuraavaan vaiheeseen.<\/li>\n\n\n\n<li>Kun olet ladannut kuvan, valitse kelluvasta valikosta\u00a0<strong>Vieritystehosteet.<\/strong><\/li>\n\n\n\n<li>Valitse\u00a0<strong>Kiinte\u00e4<\/strong>.<\/li>\n\n\n\n<li>Klikkaa\u00a0<strong>Tallenna<\/strong>\u00a0ja\u00a0<strong>julkaise.<\/strong><\/li>\n<\/ol>\n\n\n\n<p><strong>Vinkki<\/strong>: Voit muuttaa\u00a0<strong>Tausta<\/strong>-kohdan\u00a0Toisto- ja Sovitus-asetuksia s\u00e4\u00e4t\u00e4\u00e4ksesi, miten kuva n\u00e4ytet\u00e4\u00e4n sivulla.<\/p>\n\n\n\n<figure class=\"wp-block-image size-large\"><img loading=\"lazy\" decoding=\"async\" width=\"1024\" height=\"622\" src=\"https:\/\/www.zoner.fi\/tuki\/wp-content\/uploads\/2024\/10\/kotisivukone-kiinnitetty-tausta-1024x622.png\" alt=\"\" class=\"wp-image-134491\" srcset=\"https:\/\/www.zoner.fi\/tuki\/wp-content\/uploads\/2024\/10\/kotisivukone-kiinnitetty-tausta-1024x622.png 1024w, https:\/\/www.zoner.fi\/tuki\/wp-content\/uploads\/2024\/10\/kotisivukone-kiinnitetty-tausta-300x182.png 300w, https:\/\/www.zoner.fi\/tuki\/wp-content\/uploads\/2024\/10\/kotisivukone-kiinnitetty-tausta-768x466.png 768w, https:\/\/www.zoner.fi\/tuki\/wp-content\/uploads\/2024\/10\/kotisivukone-kiinnitetty-tausta-1536x932.png 1536w, https:\/\/www.zoner.fi\/tuki\/wp-content\/uploads\/2024\/10\/kotisivukone-kiinnitetty-tausta.png 1873w\" sizes=\"auto, (max-width: 1024px) 100vw, 1024px\" \/><\/figure>\n","protected":false},"excerpt":{"rendered":"<p>Zoner Kotisivukoneessa taustakuvan voi helposti kiinnitt\u00e4\u00e4 sivuun, jolloin se ei liiku vieritt\u00e4ess\u00e4: Vinkki: Voit muuttaa\u00a0Tausta-kohdan\u00a0Toisto- ja Sovitus-asetuksia s\u00e4\u00e4t\u00e4\u00e4ksesi, miten kuva n\u00e4ytet\u00e4\u00e4n sivulla.<\/p>\n","protected":false},"author":18,"featured_media":0,"parent":137385,"menu_order":0,"comment_status":"closed","ping_status":"closed","template":"","meta":{"_relevanssi_hide_post":"","_relevanssi_hide_content":"","_relevanssi_pin_for_all":"","_relevanssi_pin_keywords":"","_relevanssi_unpin_keywords":"","_relevanssi_related_keywords":"","_relevanssi_related_include_ids":"","_relevanssi_related_exclude_ids":"","_relevanssi_related_no_append":"","_relevanssi_related_not_related":"","_relevanssi_related_posts":"130813,132080,130455,130684,130397,131892","_relevanssi_noindex_reason":"","footnotes":""},"categories":[166],"tags":[160],"wf_page_folders":[],"class_list":{"0":"post-134490","1":"page","2":"type-page","3":"status-publish","5":"category-zoner-kotisivukone","6":"tag-ulkoasu-ja-tyyli"},"_links":{"self":[{"href":"https:\/\/www.zoner.fi\/tuki\/wp-json\/wp\/v2\/pages\/134490","targetHints":{"allow":["GET"]}}],"collection":[{"href":"https:\/\/www.zoner.fi\/tuki\/wp-json\/wp\/v2\/pages"}],"about":[{"href":"https:\/\/www.zoner.fi\/tuki\/wp-json\/wp\/v2\/types\/page"}],"author":[{"embeddable":true,"href":"https:\/\/www.zoner.fi\/tuki\/wp-json\/wp\/v2\/users\/18"}],"replies":[{"embeddable":true,"href":"https:\/\/www.zoner.fi\/tuki\/wp-json\/wp\/v2\/comments?post=134490"}],"version-history":[{"count":2,"href":"https:\/\/www.zoner.fi\/tuki\/wp-json\/wp\/v2\/pages\/134490\/revisions"}],"predecessor-version":[{"id":134494,"href":"https:\/\/www.zoner.fi\/tuki\/wp-json\/wp\/v2\/pages\/134490\/revisions\/134494"}],"up":[{"embeddable":true,"href":"https:\/\/www.zoner.fi\/tuki\/wp-json\/wp\/v2\/pages\/137385"}],"wp:attachment":[{"href":"https:\/\/www.zoner.fi\/tuki\/wp-json\/wp\/v2\/media?parent=134490"}],"wp:term":[{"taxonomy":"category","embeddable":true,"href":"https:\/\/www.zoner.fi\/tuki\/wp-json\/wp\/v2\/categories?post=134490"},{"taxonomy":"post_tag","embeddable":true,"href":"https:\/\/www.zoner.fi\/tuki\/wp-json\/wp\/v2\/tags?post=134490"},{"taxonomy":"wf_page_folders","embeddable":true,"href":"https:\/\/www.zoner.fi\/tuki\/wp-json\/wp\/v2\/wf_page_folders?post=134490"}],"curies":[{"name":"wp","href":"https:\/\/api.w.org\/{rel}","templated":true}]}}