{"id":134495,"date":"2024-11-12T11:42:58","date_gmt":"2024-11-12T09:42:58","guid":{"rendered":"https:\/\/www.zoner.fi\/tuki\/?page_id=134495"},"modified":"2025-09-25T16:43:19","modified_gmt":"2025-09-25T13:43:19","slug":"verkkokaupan-alatunnisteen-hallinta","status":"publish","type":"page","link":"https:\/\/www.zoner.fi\/tuki\/kotisivukone\/zoner\/verkkokaupan-alatunnisteen-hallinta\/","title":{"rendered":"Verkkokaupan alatunnisteen hallinta"},"content":{"rendered":"\n<p>Zoner Kotisivukoneen verkkokauppaan liitet\u00e4\u00e4n aina automaattinen alatunniste. T\u00e4ss\u00e4 oppaassa kerromme, miten se toimii ja miten voit muokata sit\u00e4.<\/p>\n\n\n\n<h2 class=\"wp-block-heading\">Mik\u00e4 on verkkokaupan alatunniste?<\/h2>\n\n\n\n<p>Verkkokaupan alatunniste on pieni osio, joka lis\u00e4t\u00e4\u00e4n verkkokauppa-sivun alareunaan. Alatunniste sis\u00e4lt\u00e4\u00e4 t\u00e4rkeit\u00e4 verkkokauppaan liittyvi\u00e4 tietoja, joita voivat olla esimerkiksi  <strong>k\u00e4ytt\u00f6ehdot<\/strong>,\u00a0<strong>palautusk\u00e4yt\u00e4nt\u00f6<\/strong>\u00a0ja\u00a0<strong>tietosuojak\u00e4yt\u00e4nt\u00f6<\/strong>. Alatunnisteessa n\u00e4kyv\u00e4t pienin\u00e4 kuvakkeina my\u00f6s k\u00e4ytett\u00e4viss\u00e4 olevat\u00a0<strong>maksutavat<\/strong>.<\/p>\n\n\n\n<figure class=\"wp-block-image size-large\"><img loading=\"lazy\" decoding=\"async\" width=\"1024\" height=\"619\" src=\"https:\/\/www.zoner.fi\/tuki\/wp-content\/uploads\/2024\/10\/verkkokauppa-alatunniste-1-1024x619.png\" alt=\"\" class=\"wp-image-134496\" srcset=\"https:\/\/www.zoner.fi\/tuki\/wp-content\/uploads\/2024\/10\/verkkokauppa-alatunniste-1-1024x619.png 1024w, https:\/\/www.zoner.fi\/tuki\/wp-content\/uploads\/2024\/10\/verkkokauppa-alatunniste-1-300x181.png 300w, https:\/\/www.zoner.fi\/tuki\/wp-content\/uploads\/2024\/10\/verkkokauppa-alatunniste-1-768x464.png 768w, https:\/\/www.zoner.fi\/tuki\/wp-content\/uploads\/2024\/10\/verkkokauppa-alatunniste-1-1536x928.png 1536w, https:\/\/www.zoner.fi\/tuki\/wp-content\/uploads\/2024\/10\/verkkokauppa-alatunniste-1.png 1874w\" sizes=\"auto, (max-width: 1024px) 100vw, 1024px\" \/><\/figure>\n\n\n\n<p>Alatunniste n\u00e4ytt\u00e4\u00e4 automaattisesti edell\u00e4 mainitut asiat kauppasi maksu- ja k\u00e4yt\u00e4nt\u00f6asetusten perusteella. Alatunnistetta ei siis tarvitse itse muokata. Jos muutat maksutapoja tai k\u00e4yt\u00e4nt\u00f6j\u00e4 verkkokaupan asetuksissa, alatunniste mukautuu uusiin asetuksiin automaattisesti.<\/p>\n\n\n\n<h2 class=\"wp-block-heading\">Kuinka muutan verkkokaupan alatunnistetta?<\/h2>\n\n\n\n<p>Voit muuttaa alatunnisteen v\u00e4ri\u00e4 n\u00e4in:<\/p>\n\n\n\n<ul class=\"wp-block-list\">\n<li><strong>Alatunnisteen taustav\u00e4ri ja peitt\u00e4vyys<\/strong>: Valitse alatunniste ja napsauta sitten\u00a0<strong>Muokkaa nauhaa<\/strong>.\u00a0<\/li>\n\n\n\n<li><strong>Tekstin v\u00e4ri<\/strong>: Napsauta tekstielementti\u00e4 ja sen yl\u00e4- tai alapuolella olevaa v\u00e4lilehte\u00e4 p\u00e4\u00e4st\u00e4ksesi v\u00e4rivalitsimeen.<\/li>\n<\/ul>\n\n\n\n<p>Voit my\u00f6s piilottaa verkkokaupan alatunnisteen kokonaan:<\/p>\n\n\n\n<ol class=\"wp-block-list\">\n<li>Valitse alatunniste sivun alareunassa ja napsauta<strong>\u00a0Muokkaa alatunnistetta<\/strong>\u00a0-v\u00e4lilehte\u00e4.<\/li>\n\n\n\n<li>Valitse n\u00e4kyviin tulevasta kelluvasta valikosta\u00a0<strong>Kaupan alatunniste<\/strong>.<\/li>\n\n\n\n<li>Poista valinta ruudusta, jossa lukee\u00a0<strong>N\u00e4yt\u00e4 kaupan alatunniste<\/strong>.<\/li>\n\n\n\n<li>Tallenna ja julkaise sivustosi.<\/li>\n<\/ol>\n","protected":false},"excerpt":{"rendered":"<p>Zoner Kotisivukoneen verkkokauppaan liitet\u00e4\u00e4n aina automaattinen alatunniste. T\u00e4ss\u00e4 oppaassa kerromme, miten se toimii ja miten voit muokata sit\u00e4. Mik\u00e4 on verkkokaupan alatunniste? Verkkokaupan alatunniste on pieni osio, joka lis\u00e4t\u00e4\u00e4n verkkokauppa-sivun alareunaan. Alatunniste sis\u00e4lt\u00e4\u00e4 t\u00e4rkeit\u00e4 verkkokauppaan liittyvi\u00e4 tietoja, joita voivat olla esimerkiksi k\u00e4ytt\u00f6ehdot,\u00a0palautusk\u00e4yt\u00e4nt\u00f6\u00a0ja\u00a0tietosuojak\u00e4yt\u00e4nt\u00f6. Alatunnisteessa n\u00e4kyv\u00e4t pienin\u00e4 kuvakkeina my\u00f6s k\u00e4ytett\u00e4viss\u00e4 olevat\u00a0maksutavat. Alatunniste n\u00e4ytt\u00e4\u00e4 automaattisesti edell\u00e4 mainitut asiat &#8230; <a title=\"Verkkokaupan alatunnisteen hallinta\" class=\"read-more\" href=\"https:\/\/www.zoner.fi\/tuki\/kotisivukone\/zoner\/verkkokaupan-alatunnisteen-hallinta\/\" aria-label=\"Lue lis\u00e4\u00e4 aiheesta Verkkokaupan alatunnisteen hallinta\">Lue lis\u00e4\u00e4<\/a><\/p>\n","protected":false},"author":18,"featured_media":0,"parent":137385,"menu_order":0,"comment_status":"closed","ping_status":"closed","template":"","meta":{"_relevanssi_hide_post":"","_relevanssi_hide_content":"","_relevanssi_pin_for_all":"","_relevanssi_pin_keywords":"","_relevanssi_unpin_keywords":"","_relevanssi_related_keywords":"","_relevanssi_related_include_ids":"","_relevanssi_related_exclude_ids":"","_relevanssi_related_no_append":"","_relevanssi_related_not_related":"","_relevanssi_related_posts":"132938,130935,130526,130578,131535,130397","_relevanssi_noindex_reason":"","footnotes":""},"categories":[166],"tags":[163],"wf_page_folders":[],"class_list":{"0":"post-134495","1":"page","2":"type-page","3":"status-publish","5":"category-zoner-kotisivukone","6":"tag-verkkokauppa"},"_links":{"self":[{"href":"https:\/\/www.zoner.fi\/tuki\/wp-json\/wp\/v2\/pages\/134495","targetHints":{"allow":["GET"]}}],"collection":[{"href":"https:\/\/www.zoner.fi\/tuki\/wp-json\/wp\/v2\/pages"}],"about":[{"href":"https:\/\/www.zoner.fi\/tuki\/wp-json\/wp\/v2\/types\/page"}],"author":[{"embeddable":true,"href":"https:\/\/www.zoner.fi\/tuki\/wp-json\/wp\/v2\/users\/18"}],"replies":[{"embeddable":true,"href":"https:\/\/www.zoner.fi\/tuki\/wp-json\/wp\/v2\/comments?post=134495"}],"version-history":[{"count":1,"href":"https:\/\/www.zoner.fi\/tuki\/wp-json\/wp\/v2\/pages\/134495\/revisions"}],"predecessor-version":[{"id":134497,"href":"https:\/\/www.zoner.fi\/tuki\/wp-json\/wp\/v2\/pages\/134495\/revisions\/134497"}],"up":[{"embeddable":true,"href":"https:\/\/www.zoner.fi\/tuki\/wp-json\/wp\/v2\/pages\/137385"}],"wp:attachment":[{"href":"https:\/\/www.zoner.fi\/tuki\/wp-json\/wp\/v2\/media?parent=134495"}],"wp:term":[{"taxonomy":"category","embeddable":true,"href":"https:\/\/www.zoner.fi\/tuki\/wp-json\/wp\/v2\/categories?post=134495"},{"taxonomy":"post_tag","embeddable":true,"href":"https:\/\/www.zoner.fi\/tuki\/wp-json\/wp\/v2\/tags?post=134495"},{"taxonomy":"wf_page_folders","embeddable":true,"href":"https:\/\/www.zoner.fi\/tuki\/wp-json\/wp\/v2\/wf_page_folders?post=134495"}],"curies":[{"name":"wp","href":"https:\/\/api.w.org\/{rel}","templated":true}]}}