{"id":134501,"date":"2024-11-12T11:45:17","date_gmt":"2024-11-12T09:45:17","guid":{"rendered":"https:\/\/www.zoner.fi\/tuki\/?page_id=134501"},"modified":"2026-03-16T11:25:43","modified_gmt":"2026-03-16T09:25:43","slug":"miten-lisaan-taulukon-zoner-kotisivukoneessa","status":"publish","type":"page","link":"https:\/\/www.zoner.fi\/tuki\/kotisivukone\/zoner\/miten-lisaan-taulukon-zoner-kotisivukoneessa\/","title":{"rendered":"Miten lis\u00e4\u00e4n taulukon Zoner Kotisivukoneessa?"},"content":{"rendered":"\n<ol class=\"wp-block-list\">\n<li>Avaa Zoner Kotisivukoneen editori.<\/li>\n\n\n\n<li>Napsauta vasemmanpuoleisen valikon lopussa <strong>Lis\u00e4\u00e4<\/strong>. Ved\u00e4 <strong>Taulukko<\/strong>-komponentti ty\u00f6tilaasi.<\/li>\n\n\n\n<li>Napsauta <strong>Muokkaa taulukkoa<\/strong>&nbsp;s\u00e4\u00e4t\u00e4\u00e4ksesi taulukon&nbsp;ominaisuuksia, kuten fontteja, reunoja ja taustaa ja rivien ja sarakkeiden m\u00e4\u00e4r\u00e4\u00e4.<\/li>\n<\/ol>\n\n\n\n<p><strong>Vinkki:<\/strong>&nbsp;Voit tehd\u00e4 taulukon reunoista n\u00e4kym\u00e4tt\u00f6m\u00e4t taulukon asetuksissa valitsemalla <strong>Reunus<\/strong> -&gt; <strong>Ei reunaa<\/strong>.<\/p>\n\n\n\n<figure class=\"wp-block-image size-large\"><img loading=\"lazy\" decoding=\"async\" width=\"1024\" height=\"438\" src=\"https:\/\/www.zoner.fi\/tuki\/wp-content\/uploads\/2024\/10\/kotisivukone-taulukko-1-1024x438.png\" alt=\"\" class=\"wp-image-134502\" srcset=\"https:\/\/www.zoner.fi\/tuki\/wp-content\/uploads\/2024\/10\/kotisivukone-taulukko-1-1024x438.png 1024w, https:\/\/www.zoner.fi\/tuki\/wp-content\/uploads\/2024\/10\/kotisivukone-taulukko-1-300x128.png 300w, https:\/\/www.zoner.fi\/tuki\/wp-content\/uploads\/2024\/10\/kotisivukone-taulukko-1-768x328.png 768w, https:\/\/www.zoner.fi\/tuki\/wp-content\/uploads\/2024\/10\/kotisivukone-taulukko-1-1536x657.png 1536w, https:\/\/www.zoner.fi\/tuki\/wp-content\/uploads\/2024\/10\/kotisivukone-taulukko-1.png 1920w\" sizes=\"auto, (max-width: 1024px) 100vw, 1024px\" \/><\/figure>\n\n\n\n<h2 class=\"wp-block-heading\" id=\"step-1\">Taulukkokomponentin ominaisuudet<\/h2>\n\n\n\n<p>Voit s\u00e4\u00e4t\u00e4\u00e4 taulukkokomponentin asetuksia kelluvassa valikossa, joka ilmestyy joko taulukon ylle tai alle. Vaihtoehtoisesti vois kaksoisklikata kombonentti\u00e4, jolloin valikko avautuu sivun oikeaan reunaan.<\/p>\n\n\n\n<figure class=\"wp-block-image size-large\"><img loading=\"lazy\" decoding=\"async\" width=\"1024\" height=\"729\" src=\"https:\/\/www.zoner.fi\/tuki\/wp-content\/uploads\/2026\/03\/wsb_ohje_1-1024x729.png\" alt=\"\" class=\"wp-image-138681\" srcset=\"https:\/\/www.zoner.fi\/tuki\/wp-content\/uploads\/2026\/03\/wsb_ohje_1-1024x729.png 1024w, https:\/\/www.zoner.fi\/tuki\/wp-content\/uploads\/2026\/03\/wsb_ohje_1-300x214.png 300w, https:\/\/www.zoner.fi\/tuki\/wp-content\/uploads\/2026\/03\/wsb_ohje_1-768x547.png 768w, https:\/\/www.zoner.fi\/tuki\/wp-content\/uploads\/2026\/03\/wsb_ohje_1.png 1322w\" sizes=\"auto, (max-width: 1024px) 100vw, 1024px\" \/><\/figure>\n\n\n\n<p><strong>Yl\u00e4\/alaosan valikko<\/strong><\/p>\n\n\n\n<ul class=\"wp-block-list\">\n<li><strong>Alasvetovalikko<\/strong>&nbsp;&#8211; Valitse taulukon tekstille ennalta m\u00e4\u00e4ritetty muotoilu.<\/li>\n\n\n\n<li><strong>Tekstin tyylin muokkaaminen<\/strong>&nbsp;&#8211; Lihavoi, kursivoi, alleviivaa tai s\u00e4\u00e4d\u00e4 fontin kokoa ja v\u00e4ri\u00e4.<\/li>\n\n\n\n<li><strong>Linkki<\/strong>&nbsp;&#8211; Tee taulukon tekstist\u00e4 linkki. Napsauta&nbsp;<strong>ketjukuvaketta<\/strong>&nbsp;ja lis\u00e4\u00e4 sijainti, johon haluat linkitt\u00e4\u00e4. Jos valitset ruudun, vain siin\u00e4 oleva teksti linkitet\u00e4\u00e4n. Jos et valitse mit\u00e4\u00e4n, koko taulukko linkitet\u00e4\u00e4n.<\/li>\n\n\n\n<li><strong>Tasaus<\/strong>&nbsp;&#8211; Tasaa teksti vasemmalle, keskelle tai oikealle tai sovita se ruutuun.<\/li>\n\n\n\n<li><strong>Lis\u00e4\u00e4 tai poista rivej\u00e4 ja sarakkeita<\/strong>&nbsp;&#8211; K\u00e4yt\u00e4 n\u00e4it\u00e4 painikkeita lis\u00e4t\u00e4ksesi useampia rivej\u00e4 ja sarakkeita tai poistaaksesi niit\u00e4.<\/li>\n\n\n\n<li><strong>Korvaa kuva<\/strong>&nbsp;&#8211; Napsauta t\u00e4t\u00e4 painiketta valitaksesi toisen kuvan.<\/li>\n<\/ul>\n\n\n\n<p><strong>Kelluva valikko<\/strong><\/p>\n\n\n\n<ul class=\"wp-block-list\">\n<li><strong>Koko ja riviv\u00e4li<\/strong>&nbsp;&#8211; Aseta solun leveys, joka muuttuu automaattisesti koko sarakkeessa. Solun korkeuden muuttaminen vaikuttaa koko riviin. Riviv\u00e4li m\u00e4\u00e4r\u00e4\u00e4, kuinka paljon tilaa j\u00e4\u00e4 solun molemmille puolille.<\/li>\n\n\n\n<li><strong>Reunus<\/strong>&nbsp;&#8211; Valitse reunojen tyyliksi katkoviiva, pisteviiva tai tasainen, tai voit poistaa reunat kokonaan. Voit my\u00f6s s\u00e4\u00e4t\u00e4\u00e4 reunuksen v\u00e4ri\u00e4, l\u00e4pikuultavuutta ja leveytt\u00e4.<\/li>\n\n\n\n<li><strong>Tausta<\/strong>&nbsp;&#8211; Lis\u00e4\u00e4 taustaksi v\u00e4ri tai kuva. Jos valitset tietyn ruudun, tausta asetetaan vain t\u00e4h\u00e4n ruutuun. Jos et valitse mit\u00e4\u00e4n, tausta lis\u00e4t\u00e4\u00e4n koko taulukkoon.<\/li>\n\n\n\n<li><strong>Tekstin tyyli<\/strong>&nbsp;&#8211; Muokkaa taulukon tekstin tyyli\u00e4. Voit muokata tekstin fonttia, v\u00e4ri\u00e4, kokoa, tasausta ja tekstin sijaintia solussa. Voit my\u00f6s lis\u00e4t\u00e4 tekstiin korostuksen tai varjon. Jos valitset vain yhden solun, muutokset koskevat vain sit\u00e4. Jos et valitse solua, voit muuttaa koko taulukon tyyli\u00e4 kerralla.<\/li>\n\n\n\n<li><strong>Mobiilin\u00e4kym\u00e4<\/strong>&nbsp;&#8211; Voit piilottaa taulukon mobiilin\u00e4kym\u00e4st\u00e4, tai, jos taulukko on osa mallia, siirt\u00e4\u00e4 sen sivun loppuun.<\/li>\n<\/ul>\n","protected":false},"excerpt":{"rendered":"<p>Vinkki:&nbsp;Voit tehd\u00e4 taulukon reunoista n\u00e4kym\u00e4tt\u00f6m\u00e4t taulukon asetuksissa valitsemalla Reunus -&gt; Ei reunaa. Taulukkokomponentin ominaisuudet Voit s\u00e4\u00e4t\u00e4\u00e4 taulukkokomponentin asetuksia kelluvassa valikossa, joka ilmestyy joko taulukon ylle tai alle. Vaihtoehtoisesti vois kaksoisklikata kombonentti\u00e4, jolloin valikko avautuu sivun oikeaan reunaan. Yl\u00e4\/alaosan valikko Kelluva valikko<\/p>\n","protected":false},"author":18,"featured_media":0,"parent":137385,"menu_order":0,"comment_status":"closed","ping_status":"closed","template":"","meta":{"_relevanssi_hide_post":"","_relevanssi_hide_content":"","_relevanssi_pin_for_all":"","_relevanssi_pin_keywords":"","_relevanssi_unpin_keywords":"","_relevanssi_related_keywords":"","_relevanssi_related_include_ids":"","_relevanssi_related_exclude_ids":"","_relevanssi_related_no_append":"","_relevanssi_related_not_related":"","_relevanssi_related_posts":"130440,130684,132301,134215,132080,130899","_relevanssi_noindex_reason":"","footnotes":""},"categories":[166],"tags":[158],"wf_page_folders":[],"class_list":{"0":"post-134501","1":"page","2":"type-page","3":"status-publish","5":"category-zoner-kotisivukone","6":"tag-yleiset"},"_links":{"self":[{"href":"https:\/\/www.zoner.fi\/tuki\/wp-json\/wp\/v2\/pages\/134501","targetHints":{"allow":["GET"]}}],"collection":[{"href":"https:\/\/www.zoner.fi\/tuki\/wp-json\/wp\/v2\/pages"}],"about":[{"href":"https:\/\/www.zoner.fi\/tuki\/wp-json\/wp\/v2\/types\/page"}],"author":[{"embeddable":true,"href":"https:\/\/www.zoner.fi\/tuki\/wp-json\/wp\/v2\/users\/18"}],"replies":[{"embeddable":true,"href":"https:\/\/www.zoner.fi\/tuki\/wp-json\/wp\/v2\/comments?post=134501"}],"version-history":[{"count":3,"href":"https:\/\/www.zoner.fi\/tuki\/wp-json\/wp\/v2\/pages\/134501\/revisions"}],"predecessor-version":[{"id":138683,"href":"https:\/\/www.zoner.fi\/tuki\/wp-json\/wp\/v2\/pages\/134501\/revisions\/138683"}],"up":[{"embeddable":true,"href":"https:\/\/www.zoner.fi\/tuki\/wp-json\/wp\/v2\/pages\/137385"}],"wp:attachment":[{"href":"https:\/\/www.zoner.fi\/tuki\/wp-json\/wp\/v2\/media?parent=134501"}],"wp:term":[{"taxonomy":"category","embeddable":true,"href":"https:\/\/www.zoner.fi\/tuki\/wp-json\/wp\/v2\/categories?post=134501"},{"taxonomy":"post_tag","embeddable":true,"href":"https:\/\/www.zoner.fi\/tuki\/wp-json\/wp\/v2\/tags?post=134501"},{"taxonomy":"wf_page_folders","embeddable":true,"href":"https:\/\/www.zoner.fi\/tuki\/wp-json\/wp\/v2\/wf_page_folders?post=134501"}],"curies":[{"name":"wp","href":"https:\/\/api.w.org\/{rel}","templated":true}]}}