{"id":134635,"date":"2024-11-13T08:20:29","date_gmt":"2024-11-13T06:20:29","guid":{"rendered":"https:\/\/www.zoner.fi\/tuki\/?page_id=134635"},"modified":"2025-09-25T16:42:33","modified_gmt":"2025-09-25T13:42:33","slug":"kuinka-paivitan-zoner-kotisivukone-paketin-suurempaan-zoner-homessa","status":"publish","type":"page","link":"https:\/\/www.zoner.fi\/tuki\/kotisivukone\/zoner\/kuinka-paivitan-zoner-kotisivukone-paketin-suurempaan-zoner-homessa\/","title":{"rendered":"Kuinka p\u00e4ivit\u00e4n Zoner Kotisivukone -paketin suurempaan Zoner Homessa?"},"content":{"rendered":"\n<p>Zoner Kotisivukone -paketin voi helposti p\u00e4ivitt\u00e4\u00e4 suurempaan Zoner Home -hallintapaneelissa.<\/p>\n\n\n\n<p>1. Kirjaudu Zoner Home -hallintapaneeliin.<\/p>\n\n\n\n<p>2. Valitse <strong>Omat tuotteet<\/strong> -v\u00e4lilehti ja napsauta Zoner Kotisivukone -pakettia, jonka haluat p\u00e4ivitt\u00e4\u00e4 suurempaan:<\/p>\n\n\n\n<figure class=\"wp-block-image size-large\"><img loading=\"lazy\" decoding=\"async\" width=\"1024\" height=\"660\" src=\"https:\/\/www.zoner.fi\/tuki\/wp-content\/uploads\/2024\/11\/paketin-paivittaminen-suurempaan-1-1024x660.png\" alt=\"\" class=\"wp-image-134703\" srcset=\"https:\/\/www.zoner.fi\/tuki\/wp-content\/uploads\/2024\/11\/paketin-paivittaminen-suurempaan-1-1024x660.png 1024w, https:\/\/www.zoner.fi\/tuki\/wp-content\/uploads\/2024\/11\/paketin-paivittaminen-suurempaan-1-300x193.png 300w, https:\/\/www.zoner.fi\/tuki\/wp-content\/uploads\/2024\/11\/paketin-paivittaminen-suurempaan-1-768x495.png 768w, https:\/\/www.zoner.fi\/tuki\/wp-content\/uploads\/2024\/11\/paketin-paivittaminen-suurempaan-1.png 1364w\" sizes=\"auto, (max-width: 1024px) 100vw, 1024px\" \/><\/figure>\n\n\n\n<p>3. Napsauta seuraavalla sivulla <strong>P\u00e4ivit\u00e4 paketti suurempaan<\/strong> -painiketta:<\/p>\n\n\n\n<figure class=\"wp-block-image size-large\"><img loading=\"lazy\" decoding=\"async\" width=\"1024\" height=\"692\" src=\"https:\/\/www.zoner.fi\/tuki\/wp-content\/uploads\/2024\/11\/paketin-paivittaminen-suurempaan-2-1-1024x692.png\" alt=\"\" class=\"wp-image-134701\" srcset=\"https:\/\/www.zoner.fi\/tuki\/wp-content\/uploads\/2024\/11\/paketin-paivittaminen-suurempaan-2-1-1024x692.png 1024w, https:\/\/www.zoner.fi\/tuki\/wp-content\/uploads\/2024\/11\/paketin-paivittaminen-suurempaan-2-1-300x203.png 300w, https:\/\/www.zoner.fi\/tuki\/wp-content\/uploads\/2024\/11\/paketin-paivittaminen-suurempaan-2-1-768x519.png 768w, https:\/\/www.zoner.fi\/tuki\/wp-content\/uploads\/2024\/11\/paketin-paivittaminen-suurempaan-2-1.png 1362w\" sizes=\"auto, (max-width: 1024px) 100vw, 1024px\" \/><\/figure>\n\n\n\n<p>4. Napsauta <strong>Valitse <\/strong>sen paketin kohdalla, johon haluat vaihtaa.<\/p>\n\n\n\n<figure class=\"wp-block-image size-large\"><img loading=\"lazy\" decoding=\"async\" width=\"1024\" height=\"786\" src=\"https:\/\/www.zoner.fi\/tuki\/wp-content\/uploads\/2024\/11\/paketin-paivittaminen-suurempaan-3-1024x786.png\" alt=\"\" class=\"wp-image-134706\" srcset=\"https:\/\/www.zoner.fi\/tuki\/wp-content\/uploads\/2024\/11\/paketin-paivittaminen-suurempaan-3-1024x786.png 1024w, https:\/\/www.zoner.fi\/tuki\/wp-content\/uploads\/2024\/11\/paketin-paivittaminen-suurempaan-3-300x230.png 300w, https:\/\/www.zoner.fi\/tuki\/wp-content\/uploads\/2024\/11\/paketin-paivittaminen-suurempaan-3-768x590.png 768w, https:\/\/www.zoner.fi\/tuki\/wp-content\/uploads\/2024\/11\/paketin-paivittaminen-suurempaan-3.png 1361w\" sizes=\"auto, (max-width: 1024px) 100vw, 1024px\" \/><\/figure>\n\n\n\n<p>5. Vahvista ostos rastittamalla avautuneessa ikkunassa valintaruutu &#8221;<strong>Ymm\u00e4rr\u00e4n, ett\u00e4 klikkaamalla &#8221;Osta nyt&#8221; -painiketta teen tilauksen<\/strong>&#8221; ja napsauttamalla <strong>Osta nyt<\/strong>:<\/p>\n\n\n\n<figure class=\"wp-block-image size-large\"><img loading=\"lazy\" decoding=\"async\" width=\"1024\" height=\"788\" src=\"https:\/\/www.zoner.fi\/tuki\/wp-content\/uploads\/2024\/11\/paketin-paivittaminen-suurempaan-4-1024x788.png\" alt=\"\" class=\"wp-image-134707\" srcset=\"https:\/\/www.zoner.fi\/tuki\/wp-content\/uploads\/2024\/11\/paketin-paivittaminen-suurempaan-4-1024x788.png 1024w, https:\/\/www.zoner.fi\/tuki\/wp-content\/uploads\/2024\/11\/paketin-paivittaminen-suurempaan-4-300x231.png 300w, https:\/\/www.zoner.fi\/tuki\/wp-content\/uploads\/2024\/11\/paketin-paivittaminen-suurempaan-4-768x591.png 768w, https:\/\/www.zoner.fi\/tuki\/wp-content\/uploads\/2024\/11\/paketin-paivittaminen-suurempaan-4.png 1360w\" sizes=\"auto, (max-width: 1024px) 100vw, 1024px\" \/><\/figure>\n","protected":false},"excerpt":{"rendered":"<p>Zoner Kotisivukone -paketin voi helposti p\u00e4ivitt\u00e4\u00e4 suurempaan Zoner Home -hallintapaneelissa. 1. Kirjaudu Zoner Home -hallintapaneeliin. 2. Valitse Omat tuotteet -v\u00e4lilehti ja napsauta Zoner Kotisivukone -pakettia, jonka haluat p\u00e4ivitt\u00e4\u00e4 suurempaan: 3. Napsauta seuraavalla sivulla P\u00e4ivit\u00e4 paketti suurempaan -painiketta: 4. Napsauta Valitse sen paketin kohdalla, johon haluat vaihtaa. 5. Vahvista ostos rastittamalla avautuneessa ikkunassa valintaruutu &#8221;Ymm\u00e4rr\u00e4n, ett\u00e4 &#8230; <a title=\"Kuinka p\u00e4ivit\u00e4n Zoner Kotisivukone -paketin suurempaan Zoner Homessa?\" class=\"read-more\" href=\"https:\/\/www.zoner.fi\/tuki\/kotisivukone\/zoner\/kuinka-paivitan-zoner-kotisivukone-paketin-suurempaan-zoner-homessa\/\" aria-label=\"Lue lis\u00e4\u00e4 aiheesta Kuinka p\u00e4ivit\u00e4n Zoner Kotisivukone -paketin suurempaan Zoner Homessa?\">Lue lis\u00e4\u00e4<\/a><\/p>\n","protected":false},"author":18,"featured_media":0,"parent":137385,"menu_order":0,"comment_status":"closed","ping_status":"closed","template":"","meta":{"_relevanssi_hide_post":"","_relevanssi_hide_content":"","_relevanssi_pin_for_all":"","_relevanssi_pin_keywords":"","_relevanssi_unpin_keywords":"","_relevanssi_related_keywords":"","_relevanssi_related_include_ids":"","_relevanssi_related_exclude_ids":"","_relevanssi_related_no_append":"","_relevanssi_related_not_related":"","_relevanssi_related_posts":"130424,132072,132325,132938,130397,131506","_relevanssi_noindex_reason":"","footnotes":""},"categories":[166],"tags":[158],"wf_page_folders":[],"class_list":{"0":"post-134635","1":"page","2":"type-page","3":"status-publish","5":"category-zoner-kotisivukone","6":"tag-yleiset"},"_links":{"self":[{"href":"https:\/\/www.zoner.fi\/tuki\/wp-json\/wp\/v2\/pages\/134635","targetHints":{"allow":["GET"]}}],"collection":[{"href":"https:\/\/www.zoner.fi\/tuki\/wp-json\/wp\/v2\/pages"}],"about":[{"href":"https:\/\/www.zoner.fi\/tuki\/wp-json\/wp\/v2\/types\/page"}],"author":[{"embeddable":true,"href":"https:\/\/www.zoner.fi\/tuki\/wp-json\/wp\/v2\/users\/18"}],"replies":[{"embeddable":true,"href":"https:\/\/www.zoner.fi\/tuki\/wp-json\/wp\/v2\/comments?post=134635"}],"version-history":[{"count":2,"href":"https:\/\/www.zoner.fi\/tuki\/wp-json\/wp\/v2\/pages\/134635\/revisions"}],"predecessor-version":[{"id":134708,"href":"https:\/\/www.zoner.fi\/tuki\/wp-json\/wp\/v2\/pages\/134635\/revisions\/134708"}],"up":[{"embeddable":true,"href":"https:\/\/www.zoner.fi\/tuki\/wp-json\/wp\/v2\/pages\/137385"}],"wp:attachment":[{"href":"https:\/\/www.zoner.fi\/tuki\/wp-json\/wp\/v2\/media?parent=134635"}],"wp:term":[{"taxonomy":"category","embeddable":true,"href":"https:\/\/www.zoner.fi\/tuki\/wp-json\/wp\/v2\/categories?post=134635"},{"taxonomy":"post_tag","embeddable":true,"href":"https:\/\/www.zoner.fi\/tuki\/wp-json\/wp\/v2\/tags?post=134635"},{"taxonomy":"wf_page_folders","embeddable":true,"href":"https:\/\/www.zoner.fi\/tuki\/wp-json\/wp\/v2\/wf_page_folders?post=134635"}],"curies":[{"name":"wp","href":"https:\/\/api.w.org\/{rel}","templated":true}]}}