{"id":134763,"date":"2024-11-26T09:42:26","date_gmt":"2024-11-26T07:42:26","guid":{"rendered":"https:\/\/www.zoner.fi\/tuki\/?page_id=134763"},"modified":"2025-09-25T12:19:32","modified_gmt":"2025-09-25T09:19:32","slug":"usein-kysyttya-laskutus","status":"publish","type":"page","link":"https:\/\/www.zoner.fi\/tuki\/usein-kysyttya-laskutus\/","title":{"rendered":"Usein kysytty\u00e4 &#8211; Laskutus"},"content":{"rendered":"\n<p><strong>Miss\u00e4 hallitsen tilauksiani?<\/strong>&nbsp;<\/p>\n\n\n\n<p>Voit hallita tilauksia kirjautumalla <a href=\"https:\/\/home.zoner.fi\/login\" target=\"_blank\" rel=\"noreferrer noopener\">Zoner Home<\/a> \u2013hallintapaneeliin. L\u00f6yd\u00e4t kaikki tilaukset kohdasta <strong>Tili&nbsp;<\/strong>\u2192&nbsp;<strong>Sopimukset<\/strong>. Sopimukset-sivulla voit tarkastella tilauksiasi ja <a href=\"https:\/\/www.zoner.fi\/tuki\/zoner-home\/miten-irtisanon-palveluni\/\" target=\"_blank\" rel=\"noreferrer noopener\">irtisanoa sopimuksen<\/a>.&nbsp;<\/p>\n\n\n\n<p><strong>Mist\u00e4 saan Zoner Home \u2013tunnukset?<\/strong>&nbsp;<\/p>\n\n\n\n<p>Palveluiden p\u00e4\u00e4yhteyshenkil\u00f6 saa Zoner Home \u2013tunnuksensa s\u00e4hk\u00f6postilla. P\u00e4\u00e4yhteyshenkil\u00f6 voi tarvittaessa luoda Zoner Home -tilej\u00e4 muille k\u00e4ytt\u00e4jille.&nbsp;<\/p>\n\n\n\n<p><strong>Miten kirjaudun Zoner Home \u2013hallintapaneeliin?<\/strong>&nbsp;<\/p>\n\n\n\n<p>P\u00e4\u00e4set kirjautumaan Zoner Home \u2013hallintapaneeliin osoitteessa <a href=\"https:\/\/home.zoner.fi\/login\" target=\"_blank\" rel=\"noreferrer noopener\">https:\/\/home.zoner.fi\/login<\/a>. K\u00e4ytt\u00e4j\u00e4nimi on asiakasnumerosi. Palveluiden p\u00e4\u00e4yhteishenkil\u00f6 on saanut s\u00e4hk\u00f6postiinsa linkin salasanan luomista varten.&nbsp;<\/p>\n\n\n\n<p><strong>Mist\u00e4 n\u00e4en kaikki tilaukseni? <\/strong>&nbsp;<\/p>\n\n\n\n<p>N\u00e4et kaikki tilauksesi <a href=\"https:\/\/home.zoner.fi\/login\" target=\"_blank\" rel=\"noreferrer noopener\">Zoner Home \u2013hallintapaneelin<\/a> kohdassa <strong>Tili&nbsp;<\/strong>\u2192&nbsp;<strong>Sopimukset.<\/strong>&nbsp;<\/p>\n\n\n\n<p><strong>Miten muutan laskun toimitustapaa?<\/strong>&nbsp;<\/p>\n\n\n\n<p>Voit muuttaa laskun toimitustapaa <a href=\"https:\/\/home.zoner.fi\/login\" target=\"_blank\" rel=\"noreferrer noopener\">Zoner Home \u2013hallintapaneelin<\/a> sivulla <strong>Tili&nbsp;<\/strong>\u2192&nbsp;<strong>Yleiskatsaus <\/strong>\u2192 <strong>Muuta tietoja<\/strong>. Huomaa, ett\u00e4 postitse l\u00e4hetett\u00e4viin laskuihin lis\u00e4t\u00e4\u00e4n 5&nbsp;\u20ac&nbsp;lis\u00e4maksu.&nbsp;<\/p>\n\n\n\n<p><strong>Mist\u00e4 tied\u00e4n, onko lasku oikea? <\/strong>&nbsp;<\/p>\n\n\n\n<p>Voit tarkistaa s\u00e4hk\u00f6postiin saamasi laskun aitouden <a href=\"https:\/\/home.zoner.fi\/login\" target=\"_blank\" rel=\"noreferrer noopener\">Zoner Homen \u2013hallintapaneelissa<\/a>, jonka Laskut-v\u00e4lilehdell\u00e4 n\u00e4et kaikki Zonerilta saamasi laskut.&nbsp;<\/p>\n\n\n\n<p><strong>Miksi saan nyt laskun takautuvalta ajanjaksolta? <\/strong>&nbsp;<\/p>\n\n\n\n<p>Zonerille 1.8.2024 liiketoimintakaupassa siirtyneiden palveluiden (Nebula, Sigmatic, verkkotunnukset.fi&nbsp;ja&nbsp;webhotellit.fi) laskutus oli&nbsp;hetkellisesti tauolla. Laskutus on nyt aloitettu uudestaan ja tauosta johtuen saatat saada takautuvasti useampia laskuja.<\/p>\n\n\n\n<p><strong>Miten p\u00e4\u00e4sen k\u00e4ytt\u00e4m\u00e4\u00e4n Zonerille siirtyneit\u00e4 (Nebula, Sigmatic, verkkotunnukset.fi tai webhotellit.fi) palveluitani?<\/strong>&nbsp;<\/p>\n\n\n\n<p>Voit kirjautua Zonerille siirtyneihin webhotelli-, verkkotunnus- ja s\u00e4hk\u00f6postipalveluihisi samasta paikasta kuin ennenkin.\u00a0Toistaiseksi vasta asiakastietosi ja laskutuksesi on siirretty Zoner Home -hallintapaneeliin. Viel\u00e4 et siis voi kirjautua palveluusi Zoner Home -hallintapaneelin kautta.\u00a0 <\/p>\n\n\n\n<p><strong>Miksen saa laskua kuluttajaverkkolaskuna?<\/strong><\/p>\n\n\n\n<p>K\u00e4ytt\u00e4m\u00e4mme palveluntarjoaja ei valitettavasti t\u00e4ll\u00e4 hetkell\u00e4 tue kuluttajaverkkolaskuja. Jos olet aiemmin saanut meilt\u00e4 kuluttajaverkkolaskun, toimitamme laskusi l\u00e4ht\u00f6kohtaisesti s\u00e4hk\u00f6postitse.\u00a0<\/p>\n","protected":false},"excerpt":{"rendered":"<p>Miss\u00e4 hallitsen tilauksiani?&nbsp; Voit hallita tilauksia kirjautumalla Zoner Home \u2013hallintapaneeliin. L\u00f6yd\u00e4t kaikki tilaukset kohdasta Tili&nbsp;\u2192&nbsp;Sopimukset. Sopimukset-sivulla voit tarkastella tilauksiasi ja irtisanoa sopimuksen.&nbsp; Mist\u00e4 saan Zoner Home \u2013tunnukset?&nbsp; Palveluiden p\u00e4\u00e4yhteyshenkil\u00f6 saa Zoner Home \u2013tunnuksensa s\u00e4hk\u00f6postilla. P\u00e4\u00e4yhteyshenkil\u00f6 voi tarvittaessa luoda Zoner Home -tilej\u00e4 muille k\u00e4ytt\u00e4jille.&nbsp; Miten kirjaudun Zoner Home \u2013hallintapaneeliin?&nbsp; P\u00e4\u00e4set kirjautumaan Zoner Home \u2013hallintapaneeliin osoitteessa https:\/\/home.zoner.fi\/login. &#8230; <a title=\"Usein kysytty\u00e4 &#8211; Laskutus\" class=\"read-more\" href=\"https:\/\/www.zoner.fi\/tuki\/usein-kysyttya-laskutus\/\" aria-label=\"Lue lis\u00e4\u00e4 aiheesta Usein kysytty\u00e4 &#8211; Laskutus\">Lue lis\u00e4\u00e4<\/a><\/p>\n","protected":false},"author":18,"featured_media":0,"parent":0,"menu_order":0,"comment_status":"closed","ping_status":"closed","template":"","meta":{"_relevanssi_hide_post":"","_relevanssi_hide_content":"","_relevanssi_pin_for_all":"","_relevanssi_pin_keywords":"","_relevanssi_unpin_keywords":"","_relevanssi_related_keywords":"","_relevanssi_related_include_ids":"","_relevanssi_related_exclude_ids":"","_relevanssi_related_no_append":"","_relevanssi_related_not_related":"","_relevanssi_related_posts":"130515,1066,132938,134215,132301,132140","_relevanssi_noindex_reason":"","footnotes":""},"categories":[115],"tags":[206],"wf_page_folders":[],"class_list":{"0":"post-134763","1":"page","2":"type-page","3":"status-publish","5":"category-oma-tili-ja-tilaukset","6":"tag-laskut"},"_links":{"self":[{"href":"https:\/\/www.zoner.fi\/tuki\/wp-json\/wp\/v2\/pages\/134763","targetHints":{"allow":["GET"]}}],"collection":[{"href":"https:\/\/www.zoner.fi\/tuki\/wp-json\/wp\/v2\/pages"}],"about":[{"href":"https:\/\/www.zoner.fi\/tuki\/wp-json\/wp\/v2\/types\/page"}],"author":[{"embeddable":true,"href":"https:\/\/www.zoner.fi\/tuki\/wp-json\/wp\/v2\/users\/18"}],"replies":[{"embeddable":true,"href":"https:\/\/www.zoner.fi\/tuki\/wp-json\/wp\/v2\/comments?post=134763"}],"version-history":[{"count":3,"href":"https:\/\/www.zoner.fi\/tuki\/wp-json\/wp\/v2\/pages\/134763\/revisions"}],"predecessor-version":[{"id":137680,"href":"https:\/\/www.zoner.fi\/tuki\/wp-json\/wp\/v2\/pages\/134763\/revisions\/137680"}],"wp:attachment":[{"href":"https:\/\/www.zoner.fi\/tuki\/wp-json\/wp\/v2\/media?parent=134763"}],"wp:term":[{"taxonomy":"category","embeddable":true,"href":"https:\/\/www.zoner.fi\/tuki\/wp-json\/wp\/v2\/categories?post=134763"},{"taxonomy":"post_tag","embeddable":true,"href":"https:\/\/www.zoner.fi\/tuki\/wp-json\/wp\/v2\/tags?post=134763"},{"taxonomy":"wf_page_folders","embeddable":true,"href":"https:\/\/www.zoner.fi\/tuki\/wp-json\/wp\/v2\/wf_page_folders?post=134763"}],"curies":[{"name":"wp","href":"https:\/\/api.w.org\/{rel}","templated":true}]}}