{"id":134923,"date":"2024-12-17T11:15:53","date_gmt":"2024-12-17T09:15:53","guid":{"rendered":"https:\/\/www.zoner.fi\/tuki\/?page_id=134923"},"modified":"2025-12-16T16:38:35","modified_gmt":"2025-12-16T14:38:35","slug":"miten-siirran-sahkopostit","status":"publish","type":"page","link":"https:\/\/www.zoner.fi\/tuki\/sahkopostiohjeet\/zoner-sahkoposti\/miten-siirran-sahkopostit\/","title":{"rendered":"Miten siirr\u00e4n s\u00e4hk\u00f6postit?"},"content":{"rendered":"\n<p><strong><em><u>S\u00e4hk\u00f6postien Siirto vanhalta s\u00e4hk\u00f6postialustalta uudelle (Outlook)<\/u><\/em><\/strong><\/p>\n\n\n\n<p><strong>S\u00e4hk\u00f6postien siirt\u00e4minen s\u00e4hk\u00f6postiohjelman avulla.<\/strong><\/p>\n\n\n\n<p>Ohje mukailtu Microsoftin ohjeiden pohjalta: <a href=\"https:\/\/support.microsoft.com\/en-us\/office\/import-and-export-outlook-email-contacts-and-calendar-92577192-3881-4502-b79d-c3bbada6c8ef\" data-type=\"link\" data-id=\"https:\/\/support.microsoft.com\/en-us\/office\/import-and-export-outlook-email-contacts-and-calendar-92577192-3881-4502-b79d-c3bbada6c8ef\" target=\"_blank\" rel=\"noopener\">Microsoftin ohje<\/a><\/p>\n\n\n\n<p>Jotta s\u00e4hk\u00f6postit voidaan siirt\u00e4\u00e4, sek\u00e4 uuden ett\u00e4 vanhan s\u00e4hk\u00f6postipalvelun tulee olla k\u00e4ytett\u00e4viss\u00e4.<\/p>\n\n\n\n<p>T\u00e4m\u00e4n menetelm\u00e4n p\u00e4\u00e4ideana on m\u00e4\u00e4ritt\u00e4\u00e4 kaksi s\u00e4hk\u00f6postitili\u00e4 s\u00e4hk\u00f6postiohjelmaan &#8211; vanhalla ja uudella s\u00e4hk\u00f6postialustalla olevat &#8211; ja sitten kopioida olemassa olevat s\u00e4hk\u00f6postit uudelle s\u00e4hk\u00f6postipalvelimelle.<\/p>\n\n\n\n<p>T\u00e4m\u00e4 opas sis\u00e4lt\u00e4\u00e4 vaiheittaiset ohjeet prosessista&nbsp;<strong>Outlook<\/strong>-s\u00e4hk\u00f6postiohjelman avulla.<\/p>\n\n\n\n<p>Lis\u00e4\u00e4&nbsp; kumpikin tili IMAP-tilin\u00e4:<\/p>\n\n\n\n<p>(Mik\u00e4li sinulla on jo lis\u00e4ttyn\u00e4 vanhaa palvelinta k\u00e4ytt\u00e4v\u00e4 tili Outlookissa, riitt\u00e4\u00e4, kun lis\u00e4\u00e4t tilin vain uuden palvelimen tiedoilla)<\/p>\n\n\n\n<ol class=\"wp-block-list\">\n<li>Mene Ohjauspaneeliin.<\/li>\n<\/ol>\n\n\n\n<figure class=\"wp-block-image size-full\"><img loading=\"lazy\" decoding=\"async\" width=\"749\" height=\"298\" src=\"https:\/\/www.zoner.fi\/tuki\/wp-content\/uploads\/2024\/12\/ohjauspaneeli.png\" alt=\"\" class=\"wp-image-134927\" srcset=\"https:\/\/www.zoner.fi\/tuki\/wp-content\/uploads\/2024\/12\/ohjauspaneeli.png 749w, https:\/\/www.zoner.fi\/tuki\/wp-content\/uploads\/2024\/12\/ohjauspaneeli-300x119.png 300w\" sizes=\"auto, (max-width: 749px) 100vw, 749px\" \/><\/figure>\n\n\n\n<p>2. Valitse n\u00e4kym\u00e4ksi pienet kuvakkeet.<\/p>\n\n\n\n<figure class=\"wp-block-image size-full\"><img loading=\"lazy\" decoding=\"async\" width=\"609\" height=\"237\" src=\"https:\/\/www.zoner.fi\/tuki\/wp-content\/uploads\/2024\/12\/pienetkuvakkeet.jpg\" alt=\"\" class=\"wp-image-134928\" srcset=\"https:\/\/www.zoner.fi\/tuki\/wp-content\/uploads\/2024\/12\/pienetkuvakkeet.jpg 609w, https:\/\/www.zoner.fi\/tuki\/wp-content\/uploads\/2024\/12\/pienetkuvakkeet-300x117.jpg 300w\" sizes=\"auto, (max-width: 609px) 100vw, 609px\" \/><\/figure>\n\n\n\n<p>3. Valitse Mail (Microsoft Outlook 32-bittinen).<\/p>\n\n\n\n<figure class=\"wp-block-image size-full\"><img loading=\"lazy\" decoding=\"async\" width=\"745\" height=\"441\" src=\"https:\/\/www.zoner.fi\/tuki\/wp-content\/uploads\/2024\/12\/mail.jpg\" alt=\"\" class=\"wp-image-134929\" srcset=\"https:\/\/www.zoner.fi\/tuki\/wp-content\/uploads\/2024\/12\/mail.jpg 745w, https:\/\/www.zoner.fi\/tuki\/wp-content\/uploads\/2024\/12\/mail-300x178.jpg 300w\" sizes=\"auto, (max-width: 745px) 100vw, 745px\" \/><\/figure>\n\n\n\n<p>4. Valitse S\u00e4hk\u00f6postitilit.<\/p>\n\n\n\n<figure class=\"wp-block-image size-full\"><img loading=\"lazy\" decoding=\"async\" width=\"403\" height=\"288\" src=\"https:\/\/www.zoner.fi\/tuki\/wp-content\/uploads\/2024\/12\/sahkopostitilit.jpg\" alt=\"\" class=\"wp-image-134930\" srcset=\"https:\/\/www.zoner.fi\/tuki\/wp-content\/uploads\/2024\/12\/sahkopostitilit.jpg 403w, https:\/\/www.zoner.fi\/tuki\/wp-content\/uploads\/2024\/12\/sahkopostitilit-300x214.jpg 300w\" sizes=\"auto, (max-width: 403px) 100vw, 403px\" \/><\/figure>\n\n\n\n<p>5. Valitse Uusi.<\/p>\n\n\n\n<figure class=\"wp-block-image size-full\"><img loading=\"lazy\" decoding=\"async\" width=\"187\" height=\"157\" src=\"https:\/\/www.zoner.fi\/tuki\/wp-content\/uploads\/2024\/12\/uusi.jpg\" alt=\"\" class=\"wp-image-134931\"\/><\/figure>\n\n\n\n<p>6.&nbsp; Valitse M\u00e4\u00e4rit\u00e4 tili manualisesti tai lis\u00e4\u00e4 palvelintyyppej\u00e4.<\/p>\n\n\n\n<figure class=\"wp-block-image size-full\"><img loading=\"lazy\" decoding=\"async\" width=\"627\" height=\"492\" src=\"https:\/\/www.zoner.fi\/tuki\/wp-content\/uploads\/2024\/12\/maaritamanuaalisesti.jpg\" alt=\"\" class=\"wp-image-134932\" srcset=\"https:\/\/www.zoner.fi\/tuki\/wp-content\/uploads\/2024\/12\/maaritamanuaalisesti.jpg 627w, https:\/\/www.zoner.fi\/tuki\/wp-content\/uploads\/2024\/12\/maaritamanuaalisesti-300x235.jpg 300w\" sizes=\"auto, (max-width: 627px) 100vw, 627px\" \/><\/figure>\n\n\n\n<p>7.&nbsp;Valitse tyypiksi POP tai IMAP.<\/p>\n\n\n\n<figure class=\"wp-block-image size-full\"><img loading=\"lazy\" decoding=\"async\" width=\"627\" height=\"490\" src=\"https:\/\/www.zoner.fi\/tuki\/wp-content\/uploads\/2024\/12\/poptaiimap.jpg\" alt=\"\" class=\"wp-image-134933\" srcset=\"https:\/\/www.zoner.fi\/tuki\/wp-content\/uploads\/2024\/12\/poptaiimap.jpg 627w, https:\/\/www.zoner.fi\/tuki\/wp-content\/uploads\/2024\/12\/poptaiimap-300x234.jpg 300w\" sizes=\"auto, (max-width: 627px) 100vw, 627px\" \/><\/figure>\n\n\n\n<p>8.&nbsp;M\u00e4\u00e4rit\u00e4 tilin tiedot ja vaihda tilin tyypiksi IMAP. Tarkista Lis\u00e4\u00e4 asetuksia -kohdasta palvelimen oikeat porttitiedot lis\u00e4asetukset-v\u00e4lilehdelt\u00e4.<\/p>\n\n\n\n<figure class=\"wp-block-image size-full\"><img loading=\"lazy\" decoding=\"async\" width=\"1015\" height=\"745\" src=\"https:\/\/www.zoner.fi\/tuki\/wp-content\/uploads\/2024\/12\/8kuvaposti-1.png\" alt=\"\" class=\"wp-image-134924\" srcset=\"https:\/\/www.zoner.fi\/tuki\/wp-content\/uploads\/2024\/12\/8kuvaposti-1.png 1015w, https:\/\/www.zoner.fi\/tuki\/wp-content\/uploads\/2024\/12\/8kuvaposti-1-300x220.png 300w, https:\/\/www.zoner.fi\/tuki\/wp-content\/uploads\/2024\/12\/8kuvaposti-1-768x564.png 768w\" sizes=\"auto, (max-width: 1015px) 100vw, 1015px\" \/><\/figure>\n\n\n\n<p>Vanhan s\u00e4hk\u00f6postipalvelun kirjautumistiedot saat edelliselt\u00e4 palveluntarjoajalta.<\/p>\n\n\n\n<p>Uuden s\u00e4hk\u00f6postipalvelimen kirjautumistiedot l\u00f6yd\u00e4t uuden palvelun tilitiedot-viestist\u00e4.<\/p>\n\n\n\n<p>9. Tili on nyt lis\u00e4tty Outlookkiin onnistuneesti.<\/p>\n\n\n\n<figure class=\"wp-block-image size-full\"><img loading=\"lazy\" decoding=\"async\" width=\"627\" height=\"489\" src=\"https:\/\/www.zoner.fi\/tuki\/wp-content\/uploads\/2024\/12\/onnistunut.png\" alt=\"\" class=\"wp-image-134934\" srcset=\"https:\/\/www.zoner.fi\/tuki\/wp-content\/uploads\/2024\/12\/onnistunut.png 627w, https:\/\/www.zoner.fi\/tuki\/wp-content\/uploads\/2024\/12\/onnistunut-300x234.png 300w\" sizes=\"auto, (max-width: 627px) 100vw, 627px\" \/><\/figure>\n\n\n\n<p>10.&nbsp; Kun kumpikin tili on lis\u00e4tty Outlookiin, valitse hiirell\u00e4 s\u00e4hk\u00f6postit vanhalla tilill\u00e4. Valitut s\u00e4hk\u00f6postit voi raahata hiirell\u00e4 uuteen tilikansioon.<\/p>\n\n\n\n<figure class=\"wp-block-image size-full\"><img loading=\"lazy\" decoding=\"async\" width=\"410\" height=\"526\" src=\"https:\/\/www.zoner.fi\/tuki\/wp-content\/uploads\/2024\/12\/10kuvapostinsiirto.jpg\" alt=\"\" class=\"wp-image-134925\" srcset=\"https:\/\/www.zoner.fi\/tuki\/wp-content\/uploads\/2024\/12\/10kuvapostinsiirto.jpg 410w, https:\/\/www.zoner.fi\/tuki\/wp-content\/uploads\/2024\/12\/10kuvapostinsiirto-234x300.jpg 234w\" sizes=\"auto, (max-width: 410px) 100vw, 410px\" \/><\/figure>\n","protected":false},"excerpt":{"rendered":"<p>S\u00e4hk\u00f6postien Siirto vanhalta s\u00e4hk\u00f6postialustalta uudelle (Outlook) S\u00e4hk\u00f6postien siirt\u00e4minen s\u00e4hk\u00f6postiohjelman avulla. Ohje mukailtu Microsoftin ohjeiden pohjalta: Microsoftin ohje Jotta s\u00e4hk\u00f6postit voidaan siirt\u00e4\u00e4, sek\u00e4 uuden ett\u00e4 vanhan s\u00e4hk\u00f6postipalvelun tulee olla k\u00e4ytett\u00e4viss\u00e4. T\u00e4m\u00e4n menetelm\u00e4n p\u00e4\u00e4ideana on m\u00e4\u00e4ritt\u00e4\u00e4 kaksi s\u00e4hk\u00f6postitili\u00e4 s\u00e4hk\u00f6postiohjelmaan &#8211; vanhalla ja uudella s\u00e4hk\u00f6postialustalla olevat &#8211; ja sitten kopioida olemassa olevat s\u00e4hk\u00f6postit uudelle s\u00e4hk\u00f6postipalvelimelle. T\u00e4m\u00e4 opas sis\u00e4lt\u00e4\u00e4 &#8230; <a title=\"Miten siirr\u00e4n s\u00e4hk\u00f6postit?\" class=\"read-more\" href=\"https:\/\/www.zoner.fi\/tuki\/sahkopostiohjeet\/zoner-sahkoposti\/miten-siirran-sahkopostit\/\" aria-label=\"Lue lis\u00e4\u00e4 aiheesta Miten siirr\u00e4n s\u00e4hk\u00f6postit?\">Lue lis\u00e4\u00e4<\/a><\/p>\n","protected":false},"author":35,"featured_media":0,"parent":137091,"menu_order":0,"comment_status":"closed","ping_status":"closed","template":"","meta":{"_relevanssi_hide_post":"","_relevanssi_hide_content":"","_relevanssi_pin_for_all":"","_relevanssi_pin_keywords":"","_relevanssi_unpin_keywords":"","_relevanssi_related_keywords":"","_relevanssi_related_include_ids":"","_relevanssi_related_exclude_ids":"","_relevanssi_related_no_append":"","_relevanssi_related_not_related":"","_relevanssi_related_posts":"130779,130964,132244,134846,134877,130865","_relevanssi_noindex_reason":"","footnotes":""},"categories":[213,195,193,198,197,194,196],"tags":[214,215],"wf_page_folders":[],"class_list":{"0":"post-134923","1":"page","2":"type-page","3":"status-publish","5":"category-cpanel-webhotelli-fi-sahkoposti","6":"category-cpanel-wepardi-sahkoposti","7":"category-directadmin-sahkoposti","8":"category-google-workspace","9":"category-microsoft-365","10":"category-zoner-home","11":"category-zoner-sahkoposti","12":"tag-sahkopostin-hallinta","13":"tag-sahkopostiohjelmat"},"_links":{"self":[{"href":"https:\/\/www.zoner.fi\/tuki\/wp-json\/wp\/v2\/pages\/134923","targetHints":{"allow":["GET"]}}],"collection":[{"href":"https:\/\/www.zoner.fi\/tuki\/wp-json\/wp\/v2\/pages"}],"about":[{"href":"https:\/\/www.zoner.fi\/tuki\/wp-json\/wp\/v2\/types\/page"}],"author":[{"embeddable":true,"href":"https:\/\/www.zoner.fi\/tuki\/wp-json\/wp\/v2\/users\/35"}],"replies":[{"embeddable":true,"href":"https:\/\/www.zoner.fi\/tuki\/wp-json\/wp\/v2\/comments?post=134923"}],"version-history":[{"count":6,"href":"https:\/\/www.zoner.fi\/tuki\/wp-json\/wp\/v2\/pages\/134923\/revisions"}],"predecessor-version":[{"id":137679,"href":"https:\/\/www.zoner.fi\/tuki\/wp-json\/wp\/v2\/pages\/134923\/revisions\/137679"}],"up":[{"embeddable":true,"href":"https:\/\/www.zoner.fi\/tuki\/wp-json\/wp\/v2\/pages\/137091"}],"wp:attachment":[{"href":"https:\/\/www.zoner.fi\/tuki\/wp-json\/wp\/v2\/media?parent=134923"}],"wp:term":[{"taxonomy":"category","embeddable":true,"href":"https:\/\/www.zoner.fi\/tuki\/wp-json\/wp\/v2\/categories?post=134923"},{"taxonomy":"post_tag","embeddable":true,"href":"https:\/\/www.zoner.fi\/tuki\/wp-json\/wp\/v2\/tags?post=134923"},{"taxonomy":"wf_page_folders","embeddable":true,"href":"https:\/\/www.zoner.fi\/tuki\/wp-json\/wp\/v2\/wf_page_folders?post=134923"}],"curies":[{"name":"wp","href":"https:\/\/api.w.org\/{rel}","templated":true}]}}