{"id":134987,"date":"2025-03-03T13:13:58","date_gmt":"2025-03-03T11:13:58","guid":{"rendered":"https:\/\/www.zoner.fi\/tuki\/?page_id=134987"},"modified":"2025-06-03T10:10:45","modified_gmt":"2025-06-03T07:10:45","slug":"kuinka-vaihdan-vps-salasanan","status":"publish","type":"page","link":"https:\/\/www.zoner.fi\/tuki\/virtuaalipalvelimet\/kuinka-vaihdan-vps-salasanan\/","title":{"rendered":"Kuinka vaihdan virtuaalipalvelimen salasanan?"},"content":{"rendered":"\n<p>Suosittelemme, ett\u00e4 m\u00e4\u00e4rit\u00e4t Cloud Serverillesi uuden salasanan ennen kuin alat k\u00e4ytt\u00e4\u00e4 sit\u00e4.<\/p>\n\n\n\n<p>Virtuaalipalvelimen p\u00e4\u00e4k\u00e4ytt\u00e4j\u00e4 voi vaihtaa salasanan suoraan sen hallintapaneelissa.<\/p>\n\n\n\n<p>Salasanan voi vaihtaa my\u00f6s asentamalla Cloud Serverin uudelleen VPS-hallintapaneelissa, mutta t\u00e4ll\u00f6in<strong> <\/strong>virtuaalipalvelin asennetaan uudelleen ja<strong> <\/strong>kaikki sen tiedot poistetaan. T\u00e4t\u00e4 toimintoa ei voi kumota.<\/p>\n\n\n\n<h2 class=\"wp-block-heading\">Salasanan vaihto hallintapaneelissa<\/h2>\n\n\n\n<p>Jos olet virtuaalipalvelimen p\u00e4\u00e4k\u00e4ytt\u00e4j\u00e4, voit vaihtaa sen salasanan helposti Zoner Home -hallintapaneelissa:<\/p>\n\n\n\n<ol class=\"wp-block-list\">\n<li>Kirjaudu <a href=\"https:\/\/home.zoner.fi\/\" target=\"_blank\" rel=\"noopener\">Zoner Homeen<\/a>.<\/li>\n\n\n\n<li>Klikkaa Omat tuotteet -sivulla sen Cloud Serverin nime\u00e4, jonka salasanan haluat vaihtaa.<\/li>\n\n\n\n<li>Klikkaa vasemmassa valikossa <strong>Asetukset<\/strong>.<\/li>\n\n\n\n<li>Klikkaa <strong>Vaihda salasana.<\/strong><\/li>\n\n\n\n<li>Kirjoita uusi salasana kumpaankin kentt\u00e4\u00e4n ja klikkaa <strong>Tallenna<\/strong>.<\/li>\n<\/ol>\n\n\n\n<figure class=\"wp-block-image size-large\"><img loading=\"lazy\" decoding=\"async\" width=\"1024\" height=\"432\" src=\"https:\/\/www.zoner.fi\/tuki\/wp-content\/uploads\/2025\/03\/VPS-salasana-1-1024x432.png\" alt=\"\" class=\"wp-image-135495\" srcset=\"https:\/\/www.zoner.fi\/tuki\/wp-content\/uploads\/2025\/03\/VPS-salasana-1-1024x432.png 1024w, https:\/\/www.zoner.fi\/tuki\/wp-content\/uploads\/2025\/03\/VPS-salasana-1-300x127.png 300w, https:\/\/www.zoner.fi\/tuki\/wp-content\/uploads\/2025\/03\/VPS-salasana-1-768x324.png 768w, https:\/\/www.zoner.fi\/tuki\/wp-content\/uploads\/2025\/03\/VPS-salasana-1.png 1150w\" sizes=\"auto, (max-width: 1024px) 100vw, 1024px\" \/><\/figure>\n\n\n\n<h2 class=\"wp-block-heading\" id=\"step-1\">Salasanan vaihto asentamalla Cloud Server uudelleen<\/h2>\n\n\n\n<p>Salasanan voi vaihtaa my\u00f6s asentamalla Cloud Serverin uudelleen, mutta<strong> t\u00e4ll\u00f6in menet\u00e4t kaikki sen tiedot, eik\u00e4 niit\u00e4 voi palauttaa.<\/strong><\/p>\n\n\n\n<ol class=\"wp-block-list\">\n<li>Kirjaudu Zoner Home -hallintapaneeliin ja klikkaa siell\u00e4 sen Cloud Serverin nime\u00e4, jonka haluat asentaa uudelleen.<\/li>\n\n\n\n<li>Vierit\u00e4 alas&nbsp;<strong>Asenna palvelin uudelleen<\/strong>&nbsp;-osioon ja klikkaa sit\u00e4.<\/li>\n\n\n\n<li>Vierit\u00e4 alasp\u00e4in, kunnes n\u00e4et&nbsp;<strong>Anna salasana<\/strong>&nbsp;-kent\u00e4n, ja kirjoita uusi salasanasi. Kirjoita se my\u00f6s alempaan&nbsp;<strong>Kirjoita salasana uudelleen<\/strong>&nbsp;-kentt\u00e4\u00e4n.<\/li>\n\n\n\n<li>Rastita ruutu, jossa sanotaan:&nbsp;<strong>Ymm\u00e4rr\u00e4n, ett\u00e4 tietoni poistetaan, ja ett\u00e4 t\u00e4t\u00e4 toimintoa ei voi kumota.<\/strong><\/li>\n\n\n\n<li>Klikkaa <strong>Vahvista.<\/strong><\/li>\n<\/ol>\n\n\n\n<figure class=\"wp-block-image size-large\"><img loading=\"lazy\" decoding=\"async\" width=\"1024\" height=\"658\" src=\"https:\/\/www.zoner.fi\/tuki\/wp-content\/uploads\/2025\/03\/VPS-salasana-2-1024x658.png\" alt=\"\" class=\"wp-image-135497\" srcset=\"https:\/\/www.zoner.fi\/tuki\/wp-content\/uploads\/2025\/03\/VPS-salasana-2-1024x658.png 1024w, https:\/\/www.zoner.fi\/tuki\/wp-content\/uploads\/2025\/03\/VPS-salasana-2-300x193.png 300w, https:\/\/www.zoner.fi\/tuki\/wp-content\/uploads\/2025\/03\/VPS-salasana-2-768x493.png 768w, https:\/\/www.zoner.fi\/tuki\/wp-content\/uploads\/2025\/03\/VPS-salasana-2.png 1426w\" sizes=\"auto, (max-width: 1024px) 100vw, 1024px\" \/><\/figure>\n\n\n\n<p><\/p>\n","protected":false},"excerpt":{"rendered":"<p>Suosittelemme, ett\u00e4 m\u00e4\u00e4rit\u00e4t Cloud Serverillesi uuden salasanan ennen kuin alat k\u00e4ytt\u00e4\u00e4 sit\u00e4. Virtuaalipalvelimen p\u00e4\u00e4k\u00e4ytt\u00e4j\u00e4 voi vaihtaa salasanan suoraan sen hallintapaneelissa. Salasanan voi vaihtaa my\u00f6s asentamalla Cloud Serverin uudelleen VPS-hallintapaneelissa, mutta t\u00e4ll\u00f6in virtuaalipalvelin asennetaan uudelleen ja kaikki sen tiedot poistetaan. T\u00e4t\u00e4 toimintoa ei voi kumota. Salasanan vaihto hallintapaneelissa Jos olet virtuaalipalvelimen p\u00e4\u00e4k\u00e4ytt\u00e4j\u00e4, voit vaihtaa sen salasanan &#8230; <a title=\"Kuinka vaihdan virtuaalipalvelimen salasanan?\" class=\"read-more\" href=\"https:\/\/www.zoner.fi\/tuki\/virtuaalipalvelimet\/kuinka-vaihdan-vps-salasanan\/\" aria-label=\"Lue lis\u00e4\u00e4 aiheesta Kuinka vaihdan virtuaalipalvelimen salasanan?\">Lue lis\u00e4\u00e4<\/a><\/p>\n","protected":false},"author":18,"featured_media":0,"parent":659,"menu_order":0,"comment_status":"closed","ping_status":"closed","template":"","meta":{"_relevanssi_hide_post":"","_relevanssi_hide_content":"","_relevanssi_pin_for_all":"","_relevanssi_pin_keywords":"","_relevanssi_unpin_keywords":"","_relevanssi_related_keywords":"","_relevanssi_related_include_ids":"","_relevanssi_related_exclude_ids":"","_relevanssi_related_no_append":"","_relevanssi_related_not_related":"","_relevanssi_related_posts":"134291,130779,134215,130935,133233,130657","_relevanssi_noindex_reason":"","footnotes":""},"categories":[70],"tags":[92],"wf_page_folders":[],"class_list":{"0":"post-134987","1":"page","2":"type-page","3":"status-publish","5":"category-cloudserver-virtuaalipalvelin","6":"tag-virtuaalipalvelin"},"_links":{"self":[{"href":"https:\/\/www.zoner.fi\/tuki\/wp-json\/wp\/v2\/pages\/134987","targetHints":{"allow":["GET"]}}],"collection":[{"href":"https:\/\/www.zoner.fi\/tuki\/wp-json\/wp\/v2\/pages"}],"about":[{"href":"https:\/\/www.zoner.fi\/tuki\/wp-json\/wp\/v2\/types\/page"}],"author":[{"embeddable":true,"href":"https:\/\/www.zoner.fi\/tuki\/wp-json\/wp\/v2\/users\/18"}],"replies":[{"embeddable":true,"href":"https:\/\/www.zoner.fi\/tuki\/wp-json\/wp\/v2\/comments?post=134987"}],"version-history":[{"count":5,"href":"https:\/\/www.zoner.fi\/tuki\/wp-json\/wp\/v2\/pages\/134987\/revisions"}],"predecessor-version":[{"id":135701,"href":"https:\/\/www.zoner.fi\/tuki\/wp-json\/wp\/v2\/pages\/134987\/revisions\/135701"}],"up":[{"embeddable":true,"href":"https:\/\/www.zoner.fi\/tuki\/wp-json\/wp\/v2\/pages\/659"}],"wp:attachment":[{"href":"https:\/\/www.zoner.fi\/tuki\/wp-json\/wp\/v2\/media?parent=134987"}],"wp:term":[{"taxonomy":"category","embeddable":true,"href":"https:\/\/www.zoner.fi\/tuki\/wp-json\/wp\/v2\/categories?post=134987"},{"taxonomy":"post_tag","embeddable":true,"href":"https:\/\/www.zoner.fi\/tuki\/wp-json\/wp\/v2\/tags?post=134987"},{"taxonomy":"wf_page_folders","embeddable":true,"href":"https:\/\/www.zoner.fi\/tuki\/wp-json\/wp\/v2\/wf_page_folders?post=134987"}],"curies":[{"name":"wp","href":"https:\/\/api.w.org\/{rel}","templated":true}]}}