{"id":134989,"date":"2025-03-03T14:05:09","date_gmt":"2025-03-03T12:05:09","guid":{"rendered":"https:\/\/www.zoner.fi\/tuki\/?page_id=134989"},"modified":"2025-10-15T12:06:03","modified_gmt":"2025-10-15T09:06:03","slug":"vps-kirjautuminen-palvelimen-tiedot-ja-etakaytto","status":"publish","type":"page","link":"https:\/\/www.zoner.fi\/tuki\/virtuaalipalvelimet\/vps-kirjautuminen-palvelimen-tiedot-ja-etakaytto\/","title":{"rendered":"Virtuaalipalvelin &#8211; Kirjautuminen, palvelimen tiedot ja et\u00e4k\u00e4ytt\u00f6"},"content":{"rendered":"\n<p>T\u00e4ss\u00e4 oppaassa n\u00e4yt\u00e4mme, miten l\u00f6yd\u00e4t virtuaalipalvelimen tekniset tiedot, tunnukset ja et\u00e4k\u00e4yt\u00f6n Zoner Home -hallintapaneelista.<\/p>\n\n\n\n<ul class=\"wp-block-list\">\n<li><a href=\"#mista-loydan-VPS-hallintapaneelin\">Mist\u00e4 l\u00f6yd\u00e4n virtuaalipalvelimen hallintapaneelin?<\/a><\/li>\n\n\n\n<li><a href=\"#Mista-loydan-VPS-tunnukseni\">Mist\u00e4 l\u00f6yd\u00e4n VPS-tunnukseni?<\/a><\/li>\n\n\n\n<li><a href=\"#etakaytto\">Et\u00e4k\u00e4ytt\u00f6<\/a><\/li>\n<\/ul>\n\n\n\n<h2 class=\"wp-block-heading\" id=\"mista-loydan-VPS-hallintapaneelin\">Mist\u00e4 l\u00f6yd\u00e4n virtuaalipalvelimen hallintapaneelin?<\/h2>\n\n\n\n<p>Voit hallita virtuaalipalvelinta Zoner Home -hallintapaneelissa:<\/p>\n\n\n\n<ol class=\"wp-block-list\">\n<li>Kirjaudu Zoner Home -hallintapaneeliin osoitteessa <a href=\"https:\/\/home.zoner.fi\" target=\"_blank\" rel=\"noopener\">https:\/\/home.zoner.fi<\/a> .<br>Ohje: <a href=\"https:\/\/www.zoner.fi\/tuki\/zoner-home\/miten-kirjaudun-zoner-home-hallintapaneeliin\/\">Miten kirjaudun Zoner Home -hallintapaneeliin?<\/a><\/li>\n\n\n\n<li>Klikkaa yl\u00e4reunassa <strong>Omat tuotteet<\/strong>. Vierit\u00e4 avautuneella sivulla alemmas Cloud Serverit -osioon ja klikkaa Cloud Serverin nime\u00e4, niin sen hallintapaneeli avautuu.<\/li>\n<\/ol>\n\n\n\n<figure class=\"wp-block-image size-full\"><img loading=\"lazy\" decoding=\"async\" width=\"1757\" height=\"1132\" src=\"https:\/\/www.zoner.fi\/tuki\/wp-content\/uploads\/2025\/06\/zoner-home-vps-gif.gif\" alt=\"\" class=\"wp-image-136379\"\/><\/figure>\n\n\n\n<h2 class=\"wp-block-heading\" id=\"Mista-loydan-VPS-tunnukseni\">Mist\u00e4 l\u00f6yd\u00e4n virtuaalipalvelimen tunnukset?<\/h2>\n\n\n\n<p>Tilattuasi virtuaalipalvelimen saat s\u00e4hk\u00f6postiviestin, joka sis\u00e4lt\u00e4\u00e4 Cloud serverin Hostnamen ja IP-osoitteet. Salasanan voit m\u00e4\u00e4ritt\u00e4\u00e4 klikkaamalla s\u00e4hk\u00f6postissa olevaa <strong>Viimeistele asennus<\/strong> -linkki\u00e4.<\/p>\n\n\n\n<p>Cloud Serverin hallintapaneelissa n\u00e4et yleiskatsauksen sen tiedoista:<\/p>\n\n\n\n<figure class=\"wp-block-image size-large\"><img loading=\"lazy\" decoding=\"async\" width=\"1024\" height=\"657\" src=\"https:\/\/www.zoner.fi\/tuki\/wp-content\/uploads\/2025\/03\/vps-yleiskatsaus-1024x657.png\" alt=\"\" class=\"wp-image-135507\" srcset=\"https:\/\/www.zoner.fi\/tuki\/wp-content\/uploads\/2025\/03\/vps-yleiskatsaus-1024x657.png 1024w, https:\/\/www.zoner.fi\/tuki\/wp-content\/uploads\/2025\/03\/vps-yleiskatsaus-300x193.png 300w, https:\/\/www.zoner.fi\/tuki\/wp-content\/uploads\/2025\/03\/vps-yleiskatsaus-768x493.png 768w, https:\/\/www.zoner.fi\/tuki\/wp-content\/uploads\/2025\/03\/vps-yleiskatsaus.png 1418w\" sizes=\"auto, (max-width: 1024px) 100vw, 1024px\" \/><\/figure>\n\n\n\n<h2 class=\"wp-block-heading\" id=\"etakaytto\">Et\u00e4k\u00e4ytt\u00f6<\/h2>\n\n\n\n<p>Kaikki Linux-pohjaiset Cloud SSD -palvelimemme mahdollistavat yhteyden muodostamisen suoraan komentotulkkiin <strong>SSH-ohjelman <\/strong>avulla. SSH (Secure Shell) on sek\u00e4 verkkoprotokolla ett\u00e4 joukko ohjelmia, joilla voit muodostaa suojatun, salatun et\u00e4yhteyden laitteeseen.<\/p>\n\n\n\n<p>SSH-ohjelmia on saatavilla kaikille yleisimmille k\u00e4ytt\u00f6j\u00e4rjestelmille. Linux- ja Mac-k\u00e4ytt\u00f6j\u00e4rjestelmist\u00e4 l\u00f6ytyy SSH-ohjelma oletuksena. Windowsille suosittelemme PuTTY-ohjelman k\u00e4ytt\u00f6\u00e4.<\/p>\n\n\n\n<p>Kun olet ladannut ja asentanut PuTTY:n, voit muodostaa SSH-yhteyden palvelimeesi sy\u00f6tt\u00e4m\u00e4ll\u00e4 n\u00e4m\u00e4 tiedot:<\/p>\n\n\n\n<figure class=\"wp-block-table\"><table class=\"has-fixed-layout\"><tbody><tr><td><strong>Kentt\u00e4<\/strong><\/td><td><strong>Sy\u00f6tett\u00e4v\u00e4 tieto<\/strong><\/td><\/tr><tr><td>Hostname tai IP-osoite<\/td><td>Palvelimen IP-osoite tai hostname. L\u00f6yd\u00e4t n\u00e4m\u00e4 tiedot Zoner Home -hallintapaneelista virtuaalipalvelimen yleiskatsauksesta.<\/td><\/tr><tr><td>Portti<\/td><td>22<\/td><\/tr><tr><td>K\u00e4ytt\u00e4j\u00e4tunnus<\/td><td>administrator<\/td><\/tr><tr><td>Salasana<\/td><td>VPS-salasanasi<\/td><\/tr><\/tbody><\/table><\/figure>\n\n\n\n<p>Kun olet sy\u00f6tt\u00e4nyt kaikki tiedot, muodosta yhteys palvelimeesi ja m\u00e4\u00e4rit\u00e4 sen k\u00e4ytt\u00e4j\u00e4nimi ja salasana seuraavassa vaiheessa.<\/p>\n","protected":false},"excerpt":{"rendered":"<p>T\u00e4ss\u00e4 oppaassa n\u00e4yt\u00e4mme, miten l\u00f6yd\u00e4t virtuaalipalvelimen tekniset tiedot, tunnukset ja et\u00e4k\u00e4yt\u00f6n Zoner Home -hallintapaneelista. Mist\u00e4 l\u00f6yd\u00e4n virtuaalipalvelimen hallintapaneelin? Voit hallita virtuaalipalvelinta Zoner Home -hallintapaneelissa: Mist\u00e4 l\u00f6yd\u00e4n virtuaalipalvelimen tunnukset? Tilattuasi virtuaalipalvelimen saat s\u00e4hk\u00f6postiviestin, joka sis\u00e4lt\u00e4\u00e4 Cloud serverin Hostnamen ja IP-osoitteet. Salasanan voit m\u00e4\u00e4ritt\u00e4\u00e4 klikkaamalla s\u00e4hk\u00f6postissa olevaa Viimeistele asennus -linkki\u00e4. Cloud Serverin hallintapaneelissa n\u00e4et yleiskatsauksen sen tiedoista: &#8230; <a title=\"Virtuaalipalvelin &#8211; Kirjautuminen, palvelimen tiedot ja et\u00e4k\u00e4ytt\u00f6\" class=\"read-more\" href=\"https:\/\/www.zoner.fi\/tuki\/virtuaalipalvelimet\/vps-kirjautuminen-palvelimen-tiedot-ja-etakaytto\/\" aria-label=\"Lue lis\u00e4\u00e4 aiheesta Virtuaalipalvelin &#8211; Kirjautuminen, palvelimen tiedot ja et\u00e4k\u00e4ytt\u00f6\">Lue lis\u00e4\u00e4<\/a><\/p>\n","protected":false},"author":18,"featured_media":0,"parent":659,"menu_order":0,"comment_status":"closed","ping_status":"closed","template":"","meta":{"_relevanssi_hide_post":"","_relevanssi_hide_content":"","_relevanssi_pin_for_all":"","_relevanssi_pin_keywords":"","_relevanssi_unpin_keywords":"","_relevanssi_related_keywords":"","_relevanssi_related_include_ids":"","_relevanssi_related_exclude_ids":"","_relevanssi_related_no_append":"","_relevanssi_related_not_related":"","_relevanssi_related_posts":"132938,130657,130899,131892,132080,132244","_relevanssi_noindex_reason":"","footnotes":""},"categories":[70],"tags":[92],"wf_page_folders":[],"class_list":{"0":"post-134989","1":"page","2":"type-page","3":"status-publish","5":"category-cloudserver-virtuaalipalvelin","6":"tag-virtuaalipalvelin"},"_links":{"self":[{"href":"https:\/\/www.zoner.fi\/tuki\/wp-json\/wp\/v2\/pages\/134989","targetHints":{"allow":["GET"]}}],"collection":[{"href":"https:\/\/www.zoner.fi\/tuki\/wp-json\/wp\/v2\/pages"}],"about":[{"href":"https:\/\/www.zoner.fi\/tuki\/wp-json\/wp\/v2\/types\/page"}],"author":[{"embeddable":true,"href":"https:\/\/www.zoner.fi\/tuki\/wp-json\/wp\/v2\/users\/18"}],"replies":[{"embeddable":true,"href":"https:\/\/www.zoner.fi\/tuki\/wp-json\/wp\/v2\/comments?post=134989"}],"version-history":[{"count":8,"href":"https:\/\/www.zoner.fi\/tuki\/wp-json\/wp\/v2\/pages\/134989\/revisions"}],"predecessor-version":[{"id":137866,"href":"https:\/\/www.zoner.fi\/tuki\/wp-json\/wp\/v2\/pages\/134989\/revisions\/137866"}],"up":[{"embeddable":true,"href":"https:\/\/www.zoner.fi\/tuki\/wp-json\/wp\/v2\/pages\/659"}],"wp:attachment":[{"href":"https:\/\/www.zoner.fi\/tuki\/wp-json\/wp\/v2\/media?parent=134989"}],"wp:term":[{"taxonomy":"category","embeddable":true,"href":"https:\/\/www.zoner.fi\/tuki\/wp-json\/wp\/v2\/categories?post=134989"},{"taxonomy":"post_tag","embeddable":true,"href":"https:\/\/www.zoner.fi\/tuki\/wp-json\/wp\/v2\/tags?post=134989"},{"taxonomy":"wf_page_folders","embeddable":true,"href":"https:\/\/www.zoner.fi\/tuki\/wp-json\/wp\/v2\/wf_page_folders?post=134989"}],"curies":[{"name":"wp","href":"https:\/\/api.w.org\/{rel}","templated":true}]}}