{"id":134996,"date":"2025-03-03T13:56:34","date_gmt":"2025-03-03T11:56:34","guid":{"rendered":"https:\/\/www.zoner.fi\/tuki\/?page_id=134996"},"modified":"2025-06-03T10:10:33","modified_gmt":"2025-06-03T07:10:33","slug":"luo-vps-varmuuskopio-tilannekuvan-avulla","status":"publish","type":"page","link":"https:\/\/www.zoner.fi\/tuki\/virtuaalipalvelimet\/luo-vps-varmuuskopio-tilannekuvan-avulla\/","title":{"rendered":"Luo snapshot virtuaalipalvelimestasi"},"content":{"rendered":"\n<p>Virtuaalipalvelimen snapshot-toiminnolla voit nopeasti luoda varmuuskopion palvelimen tilasta. Snapshot kannattaa tehd\u00e4 aina ennen merkitt\u00e4vi\u00e4 toimenpiteit\u00e4, kuten p\u00e4ivityksi\u00e4, jotta voit korjata niiden mahdollisesti aiheuttamat ongelmat palauttamalla snapshotin.<\/p>\n\n\n\n<p>Alla kerromme, miten voit luoda, palauttaa tai poistaa snapshotin.<\/p>\n\n\n\n<p><strong>Huomaa:&nbsp;<\/strong>T\u00e4ll\u00e4 hetkell\u00e4 voit luoda vain yhden snapshotin. Luotu snapshot on k\u00e4ytett\u00e4viss\u00e4 24 tuntia.<\/p>\n\n\n\n<ul class=\"wp-block-list\">\n<li><a href=\"#mika-on-tilannekuva\">Mik\u00e4 on snapshot?<\/a><\/li>\n\n\n\n<li><a href=\"#tilannekuvan-luominen\">Luo snapshot<\/a><\/li>\n\n\n\n<li><a href=\"#tilannekuvan-palauttaminen\">Palauta snapshot<\/a><\/li>\n\n\n\n<li><a href=\"#tilannekuvan-poistaminen\">Poista snapshot<\/a><\/li>\n<\/ul>\n\n\n\n<h2 class=\"wp-block-heading\" id=\"mika-on-tilannekuva\">Mik\u00e4 on snapshot?<\/h2>\n\n\n\n<ul class=\"wp-block-list\">\n<li>Snapshot tallentaa virtuaalipalvelimen nykyisen tilan, johon kuuluvat muun muassa j\u00e4rjestelm\u00e4n m\u00e4\u00e4ritykset, asennetut sovellukset ja tallennetut tiedot kyseisen\u00e4 ajankohtana.<\/li>\n\n\n\n<li>Snapshot on kopio j\u00e4rjestelm\u00e4n tilasta. J\u00e4rjestelm\u00e4n voi tarvittaessa palauttaa nopeasti snapshottiin tallennettuun tilaan, esimerkiksi virheen tai toimintah\u00e4iri\u00f6n sattuessa.<\/li>\n\n\n\n<li>Snapshot varmuuskopioi koko palvelimen, ja sen voi luoda vain muutamassa sekunnissa.<\/li>\n\n\n\n<li>Luotu snapshot on k\u00e4ytett\u00e4viss\u00e4 24 tuntia, jonka j\u00e4lkeen se poistetaan.<\/li>\n<\/ul>\n\n\n\n<h2 class=\"wp-block-heading\" id=\"tilannekuvan-luominen\">Luo snapshot<\/h2>\n\n\n\n<p>Luo snapshot virtuaalipalvelimen nykyisest\u00e4 tilasta n\u00e4in:<\/p>\n\n\n\n<ol class=\"wp-block-list\">\n<li>Kirjaudu <a href=\"https:\/\/home.zoner.fi\" target=\"_blank\" rel=\"noopener\">Zoner Home -hallintapaneeliin<\/a> ja avaa&nbsp;VPS-sivu.<\/li>\n\n\n\n<li>Napsauta sen virtuaalipalvelimen nime\u00e4, josta haluat luoda snapshotin.<\/li>\n\n\n\n<li>Klikkaa <strong>Snapshots<\/strong>-ruutua.<\/li>\n<\/ol>\n\n\n\n<figure class=\"wp-block-image size-large\"><img loading=\"lazy\" decoding=\"async\" width=\"1024\" height=\"771\" src=\"https:\/\/www.zoner.fi\/tuki\/wp-content\/uploads\/2025\/04\/snapshots-1024x771.png\" alt=\"\" class=\"wp-image-135729\" srcset=\"https:\/\/www.zoner.fi\/tuki\/wp-content\/uploads\/2025\/04\/snapshots-1024x771.png 1024w, https:\/\/www.zoner.fi\/tuki\/wp-content\/uploads\/2025\/04\/snapshots-300x226.png 300w, https:\/\/www.zoner.fi\/tuki\/wp-content\/uploads\/2025\/04\/snapshots-768x579.png 768w, https:\/\/www.zoner.fi\/tuki\/wp-content\/uploads\/2025\/04\/snapshots.png 1301w\" sizes=\"auto, (max-width: 1024px) 100vw, 1024px\" \/><\/figure>\n\n\n\n<p>4. Klikkaa&nbsp;<strong>Luo snapshot<\/strong> -painiketta.<\/p>\n\n\n\n<figure class=\"wp-block-image size-large\"><img loading=\"lazy\" decoding=\"async\" width=\"1024\" height=\"464\" src=\"https:\/\/www.zoner.fi\/tuki\/wp-content\/uploads\/2025\/04\/snapshots-2-1024x464.png\" alt=\"\" class=\"wp-image-135731\" srcset=\"https:\/\/www.zoner.fi\/tuki\/wp-content\/uploads\/2025\/04\/snapshots-2-1024x464.png 1024w, https:\/\/www.zoner.fi\/tuki\/wp-content\/uploads\/2025\/04\/snapshots-2-300x136.png 300w, https:\/\/www.zoner.fi\/tuki\/wp-content\/uploads\/2025\/04\/snapshots-2-768x348.png 768w, https:\/\/www.zoner.fi\/tuki\/wp-content\/uploads\/2025\/04\/snapshots-2-1536x696.png 1536w, https:\/\/www.zoner.fi\/tuki\/wp-content\/uploads\/2025\/04\/snapshots-2.png 1588w\" sizes=\"auto, (max-width: 1024px) 100vw, 1024px\" \/><\/figure>\n\n\n\n<p>7. Snapshot luodaan muutamassa sekunnissa. N\u00e4et hallintapaneelissa ilmoituksen, kun se on valmis.<\/p>\n\n\n\n<p><strong>Huomaa:<\/strong>&nbsp;Voit k\u00e4ytt\u00e4\u00e4 palvelinta snapshotin luomisen aikana, mutta et voi pys\u00e4ytt\u00e4\u00e4 sit\u00e4 tai k\u00e4ynnist\u00e4\u00e4 sit\u00e4 uudelleen.<\/p>\n\n\n\n<h2 class=\"wp-block-heading\" id=\"tilannekuvan-palauttaminen\">Palauta snapshot<\/h2>\n\n\n\n<p>Snapshotin palauttaminen ottaa sen uudelleen k\u00e4ytt\u00f6\u00f6n Cloud Serverill\u00e4si. T\u00e4m\u00e4 toiminto korvaa kaikki palvelimen nykyiset tiedot, eik\u00e4 sit\u00e4 voi kumota. Huomaa, ett\u00e4 snapshotteja s\u00e4ilytet\u00e4\u00e4n vain 24 tuntia, eli sit\u00e4 vanhempia snapshotteja ei voi palauttaa.<\/p>\n\n\n\n<p>1. Kirjaudu <a href=\"https:\/\/home.zoner.fi\" target=\"_blank\" rel=\"noopener\">Zoner Home -hallintapaneeliin<\/a> ja avaa&nbsp;VPS-sivu.<\/p>\n\n\n\n<p>2. Napsauta sen virtuaalipalvelimen nime\u00e4, jolle haluat palauttaa snapshotin.<\/p>\n\n\n\n<p>3. Klikkaa <strong>Snapshots<\/strong>-ruutua.<\/p>\n\n\n\n<p>4. Klikkaa snapshotin oikeassa reunassa <strong>palautuskuvaketta<\/strong>&nbsp;roskakorikuvakkeen vasemmalla puolella.<\/p>\n\n\n\n<figure class=\"wp-block-image size-large\"><img loading=\"lazy\" decoding=\"async\" width=\"1024\" height=\"430\" src=\"https:\/\/www.zoner.fi\/tuki\/wp-content\/uploads\/2025\/04\/snapshots-3-1024x430.png\" alt=\"\" class=\"wp-image-135732\" srcset=\"https:\/\/www.zoner.fi\/tuki\/wp-content\/uploads\/2025\/04\/snapshots-3-1024x430.png 1024w, https:\/\/www.zoner.fi\/tuki\/wp-content\/uploads\/2025\/04\/snapshots-3-300x126.png 300w, https:\/\/www.zoner.fi\/tuki\/wp-content\/uploads\/2025\/04\/snapshots-3-768x322.png 768w, https:\/\/www.zoner.fi\/tuki\/wp-content\/uploads\/2025\/04\/snapshots-3-1536x645.png 1536w, https:\/\/www.zoner.fi\/tuki\/wp-content\/uploads\/2025\/04\/snapshots-3.png 1570w\" sizes=\"auto, (max-width: 1024px) 100vw, 1024px\" \/><\/figure>\n\n\n\n<p>5. Valitse avautuneessa ponnahdusikkunassa&nbsp;<strong>valintaruutu<\/strong>&nbsp;hyv\u00e4ksy\u00e4ksesi sen, ett\u00e4 nykyiset tietosi korvataan, ja ett\u00e4 t\u00e4t\u00e4 toimintoa ei voi kumota. Klikkaa sitten <strong>Palauta snapshot<\/strong>-painiketta.&nbsp;<\/p>\n\n\n\n<figure class=\"wp-block-image size-full\"><img loading=\"lazy\" decoding=\"async\" width=\"1187\" height=\"547\" src=\"https:\/\/www.zoner.fi\/tuki\/wp-content\/uploads\/2025\/04\/snapshots-4.png\" alt=\"\" class=\"wp-image-135733\" srcset=\"https:\/\/www.zoner.fi\/tuki\/wp-content\/uploads\/2025\/04\/snapshots-4.png 1187w, https:\/\/www.zoner.fi\/tuki\/wp-content\/uploads\/2025\/04\/snapshots-4-300x138.png 300w, https:\/\/www.zoner.fi\/tuki\/wp-content\/uploads\/2025\/04\/snapshots-4-1024x472.png 1024w, https:\/\/www.zoner.fi\/tuki\/wp-content\/uploads\/2025\/04\/snapshots-4-768x354.png 768w\" sizes=\"auto, (max-width: 1187px) 100vw, 1187px\" \/><\/figure>\n\n\n\n<p>6. N\u00e4et hallintapaneelissa vahvistusviestin, kun snapshot on palautettu.<\/p>\n\n\n\n<h2 class=\"wp-block-heading\" id=\"tilannekuvan-poistaminen\">Poista snapshot<\/h2>\n\n\n\n<p>Voit poistaa snapshotin pysyv\u00e4sti n\u00e4in:<\/p>\n\n\n\n<p>1. Kirjaudu <a href=\"https:\/\/home.zoner.fi\" target=\"_blank\" rel=\"noopener\">Zoner Home -hallintapaneeliin<\/a> ja avaa&nbsp;VPS-sivu<\/p>\n\n\n\n<p>2. Klikkaa sen virtuaalipalvelimen nime\u00e4, jonka snapshotin haluat poistaa.<\/p>\n\n\n\n<p>3. Klikkaa <strong>Snapshots<\/strong>-ruutua.<\/p>\n\n\n\n<p>4. Klikkaa <strong>Roskakori-<\/strong>kuvaketta&nbsp;snapshotin oikeassa reunassa.<\/p>\n\n\n\n<figure class=\"wp-block-image size-large\"><img loading=\"lazy\" decoding=\"async\" width=\"1024\" height=\"430\" src=\"https:\/\/www.zoner.fi\/tuki\/wp-content\/uploads\/2025\/04\/snapshots-5-1024x430.png\" alt=\"\" class=\"wp-image-135734\" srcset=\"https:\/\/www.zoner.fi\/tuki\/wp-content\/uploads\/2025\/04\/snapshots-5-1024x430.png 1024w, https:\/\/www.zoner.fi\/tuki\/wp-content\/uploads\/2025\/04\/snapshots-5-300x126.png 300w, https:\/\/www.zoner.fi\/tuki\/wp-content\/uploads\/2025\/04\/snapshots-5-768x322.png 768w, https:\/\/www.zoner.fi\/tuki\/wp-content\/uploads\/2025\/04\/snapshots-5-1536x645.png 1536w, https:\/\/www.zoner.fi\/tuki\/wp-content\/uploads\/2025\/04\/snapshots-5.png 1570w\" sizes=\"auto, (max-width: 1024px) 100vw, 1024px\" \/><\/figure>\n\n\n\n<p>5. Vahvista klikkaamalla <strong>Poista<\/strong>-painiketta.<\/p>\n\n\n\n<p>6. Hallintapaneeliin ilmestyy vahvistusviesti snapshotin poistamisesta.&nbsp;<\/p>\n","protected":false},"excerpt":{"rendered":"<p>Virtuaalipalvelimen snapshot-toiminnolla voit nopeasti luoda varmuuskopion palvelimen tilasta. Snapshot kannattaa tehd\u00e4 aina ennen merkitt\u00e4vi\u00e4 toimenpiteit\u00e4, kuten p\u00e4ivityksi\u00e4, jotta voit korjata niiden mahdollisesti aiheuttamat ongelmat palauttamalla snapshotin. Alla kerromme, miten voit luoda, palauttaa tai poistaa snapshotin. Huomaa:&nbsp;T\u00e4ll\u00e4 hetkell\u00e4 voit luoda vain yhden snapshotin. Luotu snapshot on k\u00e4ytett\u00e4viss\u00e4 24 tuntia. Mik\u00e4 on snapshot? Luo snapshot Luo snapshot &#8230; <a title=\"Luo snapshot virtuaalipalvelimestasi\" class=\"read-more\" href=\"https:\/\/www.zoner.fi\/tuki\/virtuaalipalvelimet\/luo-vps-varmuuskopio-tilannekuvan-avulla\/\" aria-label=\"Lue lis\u00e4\u00e4 aiheesta Luo snapshot virtuaalipalvelimestasi\">Lue lis\u00e4\u00e4<\/a><\/p>\n","protected":false},"author":18,"featured_media":0,"parent":659,"menu_order":0,"comment_status":"closed","ping_status":"closed","template":"","meta":{"_relevanssi_hide_post":"","_relevanssi_hide_content":"","_relevanssi_pin_for_all":"","_relevanssi_pin_keywords":"","_relevanssi_unpin_keywords":"","_relevanssi_related_keywords":"","_relevanssi_related_include_ids":"","_relevanssi_related_exclude_ids":"","_relevanssi_related_no_append":"","_relevanssi_related_not_related":"","_relevanssi_related_posts":"134717,131892,130269,130515,130526,130578","_relevanssi_noindex_reason":"","footnotes":""},"categories":[70],"tags":[92],"wf_page_folders":[],"class_list":{"0":"post-134996","1":"page","2":"type-page","3":"status-publish","5":"category-cloudserver-virtuaalipalvelin","6":"tag-virtuaalipalvelin"},"_links":{"self":[{"href":"https:\/\/www.zoner.fi\/tuki\/wp-json\/wp\/v2\/pages\/134996","targetHints":{"allow":["GET"]}}],"collection":[{"href":"https:\/\/www.zoner.fi\/tuki\/wp-json\/wp\/v2\/pages"}],"about":[{"href":"https:\/\/www.zoner.fi\/tuki\/wp-json\/wp\/v2\/types\/page"}],"author":[{"embeddable":true,"href":"https:\/\/www.zoner.fi\/tuki\/wp-json\/wp\/v2\/users\/18"}],"replies":[{"embeddable":true,"href":"https:\/\/www.zoner.fi\/tuki\/wp-json\/wp\/v2\/comments?post=134996"}],"version-history":[{"count":12,"href":"https:\/\/www.zoner.fi\/tuki\/wp-json\/wp\/v2\/pages\/134996\/revisions"}],"predecessor-version":[{"id":135735,"href":"https:\/\/www.zoner.fi\/tuki\/wp-json\/wp\/v2\/pages\/134996\/revisions\/135735"}],"up":[{"embeddable":true,"href":"https:\/\/www.zoner.fi\/tuki\/wp-json\/wp\/v2\/pages\/659"}],"wp:attachment":[{"href":"https:\/\/www.zoner.fi\/tuki\/wp-json\/wp\/v2\/media?parent=134996"}],"wp:term":[{"taxonomy":"category","embeddable":true,"href":"https:\/\/www.zoner.fi\/tuki\/wp-json\/wp\/v2\/categories?post=134996"},{"taxonomy":"post_tag","embeddable":true,"href":"https:\/\/www.zoner.fi\/tuki\/wp-json\/wp\/v2\/tags?post=134996"},{"taxonomy":"wf_page_folders","embeddable":true,"href":"https:\/\/www.zoner.fi\/tuki\/wp-json\/wp\/v2\/wf_page_folders?post=134996"}],"curies":[{"name":"wp","href":"https:\/\/api.w.org\/{rel}","templated":true}]}}